{"id":929,"date":"2025-03-28T02:10:14","date_gmt":"2025-03-28T02:10:14","guid":{"rendered":"https:\/\/demo.dartproject.eu\/contact\/"},"modified":"2025-04-29T21:16:27","modified_gmt":"2025-04-29T21:16:27","slug":"contact","status":"publish","type":"page","link":"https:\/\/dartproject.eu\/el\/contact\/","title":{"rendered":"\u0395\u03c0\u03b9\u03ba\u03bf\u03b9\u03bd\u03c9\u03bd\u03af\u03b1"},"content":{"rendered":"<div class=\"wp-block-cover has-parallax\"><div class=\"wp-block-cover__image-background wp-image-1769 has-parallax\" style=\"background-position:50% 50%;background-image:url(https:\/\/dartproject.eu\/wp-content\/uploads\/2025\/04\/f3e96d_d43d9dfb378f4b4fa8285a440acefcb7mv2.avif)\"><\/div><span aria-hidden=\"true\" class=\"wp-block-cover__background has-background-dim-0 has-background-dim\" style=\"background-color:#40535d\"><\/span><div class=\"wp-block-cover__inner-container is-layout-constrained wp-block-cover-is-layout-constrained\"><p class=\"has-text-align-center has-large-font-size\"><\/p><\/div><\/div><p class=\"has-primary-color has-text-color has-link-color wp-elements-47314175bfb9a6e47539ff40dd246553\"><strong>\u0399\u03a3\u03a0\u0391\u039d\u0399\u0391: Fundaci\u00f3n Universidad Cat\u00f3lica de Valencia San Vicente M\u00e1rtir (Catholic University of Valencia-UCV)<\/strong><\/p><p><strong>Calle Quevedo 2<\/strong><\/p><p><strong>46001 Valencia<\/strong><\/p><p><strong>\u0399\u03c3\u03c4\u03cc\u03c4\u03bf\u03c0\u03bf\u03c2:\u00a0<a href=\"http:\/\/www.ucv.es\" target=\"_blank\" rel=\"noreferrer noopener\">www.ucv.es<\/a><\/strong><\/p><hr class=\"wp-block-separator has-alpha-channel-opacity\"\/><p class=\"has-primary-color has-text-color has-link-color wp-elements-b8cb47a2cfb45277c732293635a9e151\">\u0395\u039b\u039b\u0391\u0394\u0391:&nbsp;\u039c\u0391\u0399\u0391\u039d\u0394\u03a1\u039f\u03a3 \u0395\u03a0\u0395<\/p><p>\u0391\u03c1\u03c4\u03ad\u03bc\u03b9\u03b4\u03bf\u03c2 7, \u0395\u03ba\u03ac\u03bb\u03b7<\/p><p>14578 \u0391\u03c4\u03c4\u03b9\u03ba\u03ae<\/p><p>\u0399\u03c3\u03c4\u03cc\u03c4\u03bf\u03c0\u03bf\u03c2:&nbsp;<a href=\"https:\/\/meandrosltd.gr\/\" target=\"_blank\" rel=\"noreferrer noopener\">https:\/\/meandrosltd.gr\/<\/a><\/p><hr class=\"wp-block-separator has-alpha-channel-opacity\"\/><p class=\"has-primary-color has-text-color has-link-color wp-elements-c5d913f8392487728d8c5cd3377dcae0\">\u0399\u03a4\u0391\u039b\u0399\u0391:&nbsp;CENTRO UNIVERSITARIO SPORTIVO \u2013 CUS PADOVA<\/p><p>Via Giordano Bruno 27,<\/p><p>35124 Padova<\/p><p>\u0399\u03c3\u03c4\u03cc\u03c4\u03bf\u03c0\u03bf\u03c2:&nbsp;<a href=\"https:\/\/www.cuspadova.it\/\" target=\"_blank\" rel=\"noreferrer noopener\">https:\/\/www.cuspadova.it\/<\/a><\/p><hr class=\"wp-block-separator has-alpha-channel-opacity\"\/><p class=\"has-primary-color has-text-color has-link-color wp-elements-23a25e9825bb20c90c19098db0bf9a74\">\u03a0\u039f\u03a1\u03a4\u039f\u0393\u0391\u039b\u0399\u0391:&nbsp;ASSOCIA\u00c7\u00c3O DE FUTEBOL DE BRAGAN\u00c7A<\/p><p>Bairro da Coxa Fundo de Fomento de Habita\u00e7\u00e3o,<\/p><p>Bloco C&nbsp; Entrada 1,<\/p><p>5300 \u2013 098 Bragan\u00e7a<\/p><p>\u0399\u03c3\u03c4\u03cc\u03c4\u03bf\u03c0\u03bf\u03c2:&nbsp;<a href=\"https:\/\/afbraganca.fpf.pt\/\" target=\"_blank\" rel=\"noreferrer noopener\">https:\/\/afbraganca.fpf.pt\/<\/a><\/p><hr class=\"wp-block-separator has-alpha-channel-opacity\"\/><p class=\"has-primary-color has-text-color has-link-color wp-elements-2b5d40b41bb1e706310c49b5d7ab7c4f\">\u039a\u03a1\u039f\u0391\u03a4\u0399\u0391: Zajednica Sportskih Udruga Grada Rijeke \u201cRije\u010dki Sportski Savez<\/p><p>Verdijeva 11 iii<\/p><p>51000 Rijeka<\/p><p>\u0399\u03c3\u03c4\u03cc\u03c4\u03bf\u03c0\u03bf\u03c2:\u00a0<a href=\"http:\/\/www.rss.hr\/\" target=\"_blank\" rel=\"noreferrer noopener\">www.rss.hr<\/a><\/p><hr class=\"wp-block-separator has-alpha-channel-opacity\"\/><p class=\"has-primary-color has-text-color has-link-color wp-elements-9985dd2e30ba8cabc68da2f4cfee7299\">\u03a1\u039f\u03a5\u039c\u0391\u039d\u0399\u0391: ASCOTID<\/p><p>Bd. &#8220;1 Decembrie 1918&#8221; nr. 162, ap.15<\/p><p>540525 Tirgu Mures<\/p><p>\u0399\u03c3\u03c4\u03cc\u03c4\u03bf\u03c0\u03bf\u03c2: <a href=\"https:\/\/www.ascotid.ro\/\" target=\"_blank\" rel=\"noreferrer noopener\">https:\/\/www.ascotid.ro\/<\/a><\/p><hr class=\"wp-block-separator has-alpha-channel-opacity\"\/><p class=\"has-primary-color has-text-color has-link-color wp-elements-3b7b42e2c8cbc2c031ac8cdf648f26a8\">\u0395\u039b\u039b\u0391\u0394\u0391: TOOL LTD.<\/p><p>\u039a\u03cc\u03bd\u03c9\u03bd\u03bf\u03c2 132, <\/p><p>162 31 A\u03b8\u03ae\u03bd\u03b1- \u0392\u03cd\u03c1\u03c9\u03bd\u03b1\u03c2<\/p><p>\u0399\u03c3\u03c4\u03cc\u03c4\u03bf\u03c0\u03bf\u03c2: <a href=\"https:\/\/www.tool.gr\/\" target=\"_blank\" rel=\"noreferrer noopener\">https:\/\/www.tool.gr\/<\/a><\/p><p><\/p>","protected":false},"excerpt":{"rendered":"<p>\u0399\u03a3\u03a0\u0391\u039d\u0399\u0391: Fundaci\u00f3n Universidad Cat\u00f3lica de Valencia San Vicente M\u00e1rtir (Catholic University of Valencia-UCV) Calle Quevedo 2 46001 Valencia \u0399\u03c3\u03c4\u03cc\u03c4\u03bf\u03c0\u03bf\u03c2:\u00a0www.ucv.es \u0395\u039b\u039b\u0391\u0394\u0391:&nbsp;\u039c\u0391\u0399\u0391\u039d\u0394\u03a1\u039f\u03a3 \u0395\u03a0\u0395 \u0391\u03c1\u03c4\u03ad\u03bc\u03b9\u03b4\u03bf\u03c2 7, \u0395\u03ba\u03ac\u03bb\u03b7 14578 \u0391\u03c4\u03c4\u03b9\u03ba\u03ae \u0399\u03c3\u03c4\u03cc\u03c4\u03bf\u03c0\u03bf\u03c2:&nbsp;https:\/\/meandrosltd.gr\/ \u0399\u03a4\u0391\u039b\u0399\u0391:&nbsp;CENTRO UNIVERSITARIO SPORTIVO \u2013 CUS PADOVA Via Giordano Bruno 27, 35124 Padova \u0399\u03c3\u03c4\u03cc\u03c4\u03bf\u03c0\u03bf\u03c2:&nbsp;https:\/\/www.cuspadova.it\/ \u03a0\u039f\u03a1\u03a4\u039f\u0393\u0391\u039b\u0399\u0391:&nbsp;ASSOCIA\u00c7\u00c3O DE FUTEBOL DE BRAGAN\u00c7A Bairro da Coxa Fundo de Fomento de Habita\u00e7\u00e3o, Bloco C&nbsp;&#8230;<\/p>\n","protected":false},"author":1,"featured_media":0,"parent":0,"menu_order":0,"comment_status":"closed","ping_status":"closed","template":"","meta":{"footnotes":""},"class_list":["post-929","page","type-page","status-publish","hentry"],"_links":{"self":[{"href":"https:\/\/dartproject.eu\/el\/wp-json\/wp\/v2\/pages\/929","targetHints":{"allow":["GET"]}}],"collection":[{"href":"https:\/\/dartproject.eu\/el\/wp-json\/wp\/v2\/pages"}],"about":[{"href":"https:\/\/dartproject.eu\/el\/wp-json\/wp\/v2\/types\/page"}],"author":[{"embeddable":true,"href":"https:\/\/dartproject.eu\/el\/wp-json\/wp\/v2\/users\/1"}],"replies":[{"embeddable":true,"href":"https:\/\/dartproject.eu\/el\/wp-json\/wp\/v2\/comments?post=929"}],"version-history":[{"count":8,"href":"https:\/\/dartproject.eu\/el\/wp-json\/wp\/v2\/pages\/929\/revisions"}],"predecessor-version":[{"id":3091,"href":"https:\/\/dartproject.eu\/el\/wp-json\/wp\/v2\/pages\/929\/revisions\/3091"}],"wp:attachment":[{"href":"https:\/\/dartproject.eu\/el\/wp-json\/wp\/v2\/media?parent=929"}],"curies":[{"name":"wp","href":"https:\/\/api.w.org\/{rel}","templated":true}]}}