{"id":1050,"date":"2025-03-28T14:50:50","date_gmt":"2025-03-28T14:50:50","guid":{"rendered":"https:\/\/demo.dartproject.eu\/dart-app\/"},"modified":"2025-04-29T21:47:55","modified_gmt":"2025-04-29T21:47:55","slug":"dart-app","status":"publish","type":"page","link":"https:\/\/dartproject.eu\/es\/dart-app\/","title":{"rendered":"Dart App"},"content":{"rendered":"<p><\/p><figure class=\"wp-block-video\"><video height=\"1080\" style=\"aspect-ratio: 2064 \/ 1080;\" width=\"2064\" autoplay controls loop muted src=\"https:\/\/dartproject.eu\/wp-content\/uploads\/2025\/04\/VIDEO-FINAL.mp4\"><\/video><\/figure><figure class=\"wp-block-image alignleft size-large is-resized\"><img loading=\"lazy\" decoding=\"async\" width=\"473\" height=\"1024\" src=\"https:\/\/dartproject.eu\/wp-content\/uploads\/2025\/04\/Screenshot_20250430_004421_DART-473x1024.jpg\" alt=\"\" class=\"wp-image-3105\" style=\"width:175px;height:auto\" srcset=\"https:\/\/dartproject.eu\/wp-content\/uploads\/2025\/04\/Screenshot_20250430_004421_DART-473x1024.jpg 473w, https:\/\/dartproject.eu\/wp-content\/uploads\/2025\/04\/Screenshot_20250430_004421_DART-138x300.jpg 138w, https:\/\/dartproject.eu\/wp-content\/uploads\/2025\/04\/Screenshot_20250430_004421_DART-768x1664.jpg 768w, https:\/\/dartproject.eu\/wp-content\/uploads\/2025\/04\/Screenshot_20250430_004421_DART-709x1536.jpg 709w, https:\/\/dartproject.eu\/wp-content\/uploads\/2025\/04\/Screenshot_20250430_004421_DART-945x2048.jpg 945w, https:\/\/dartproject.eu\/wp-content\/uploads\/2025\/04\/Screenshot_20250430_004421_DART-600x1300.jpg 600w, https:\/\/dartproject.eu\/wp-content\/uploads\/2025\/04\/Screenshot_20250430_004421_DART.jpg 1080w\" sizes=\"auto, (max-width: 473px) 100vw, 473px\" \/><\/figure><p class=\"has-primary-color has-text-color has-link-color wp-elements-82148d276e7884f37815bd0c35b36b9f\"><strong>An\u00e1lisis del proyecto DART.<\/strong><\/p><p>El proyecto DART tiene como objetivo ofrecer \u00abalgo m\u00e1s\u00bb a los pacientes con diabetes de tipo I y II siguiendo las olas de la tecnolog\u00eda m\u00f3vil para 2025: Un entrenador personal de realidad aumentada que pueda estar presente a diario en sus vidas, en cualquier lugar y en cualquier momento, en su casa, oficina, escuela a trav\u00e9s de una innovadora aplicaci\u00f3n m\u00f3vil para Android e IOS en 7 versiones ling\u00fc\u00edsticas que utiliza la tecnolog\u00eda de realidad aumentada y la tecnolog\u00eda de geolocalizaci\u00f3n.<\/p><p>La aplicaci\u00f3n est\u00e1 dividida en dos secciones separadas, relativas a la diabetes TIPO 1 y TIPO 2.<\/p><p>Cada secci\u00f3n de la aplicaci\u00f3n incluye las mismas funciones, pero se centra en el TIPO de diabetes seleccionado por el usuario.<\/p><p class=\"has-primary-color has-text-color has-link-color wp-elements-64acf2ac0ba0184460f145f2ff1b18f4\"><br><br><strong>PARTE 1: CALENDARIO PERSONALIZADO PARA LA DIABETES.<\/strong><\/p><p>Calendario m\u00e9dico diario personalizado en el que el usuario puede incluir sus mediciones, medicamentos, citas con el m\u00e9dico, etc.. Tambi\u00e9n incluye un recordatorio sonoro de la Dosis de Insulina.<\/p><figure class=\"wp-block-image alignright size-large is-resized\"><img loading=\"lazy\" decoding=\"async\" width=\"473\" height=\"1024\" src=\"https:\/\/dartproject.eu\/wp-content\/uploads\/2025\/04\/Screenshot_20241227_150452_DART-473x1024.jpg\" alt=\"\" class=\"wp-image-1443\" style=\"width:214px;height:auto\" srcset=\"https:\/\/dartproject.eu\/wp-content\/uploads\/2025\/04\/Screenshot_20241227_150452_DART-473x1024.jpg 473w, https:\/\/dartproject.eu\/wp-content\/uploads\/2025\/04\/Screenshot_20241227_150452_DART-138x300.jpg 138w, https:\/\/dartproject.eu\/wp-content\/uploads\/2025\/04\/Screenshot_20241227_150452_DART-768x1664.jpg 768w, https:\/\/dartproject.eu\/wp-content\/uploads\/2025\/04\/Screenshot_20241227_150452_DART-709x1536.jpg 709w, https:\/\/dartproject.eu\/wp-content\/uploads\/2025\/04\/Screenshot_20241227_150452_DART-945x2048.jpg 945w, https:\/\/dartproject.eu\/wp-content\/uploads\/2025\/04\/Screenshot_20241227_150452_DART-600x1300.jpg 600w, https:\/\/dartproject.eu\/wp-content\/uploads\/2025\/04\/Screenshot_20241227_150452_DART.jpg 1080w\" sizes=\"auto, (max-width: 473px) 100vw, 473px\" \/><\/figure><p class=\"has-primary-color has-text-color has-link-color wp-elements-750f9658794bca34d4e109813004d4d0\"><br><br><strong>PARTE 2: CULTIVAR EL \u00ab\u00c1RBOL DE LA VIDA\u00bb: Programas diarios de entrenamiento con un entrenador de realidad Aumentada<\/strong><\/p><p>Un entrenador personal (holograma), aparece a trav\u00e9s de la tecnolog\u00eda de realidad aumentada en la habitaci\u00f3n, oficina, escuela, etc. del usuario y puede mostrarle c\u00f3mo realizar su programa diario de ejercicios f\u00edsicos recomendados para su estado de salud.<\/p><p>El holograma tambi\u00e9n da instrucciones de voz y explicaciones sobre la naturaleza de los ejercicios f\u00edsicos y la forma en que estos ejercicios pueden ayudar a reducir la presi\u00f3n arterial, disminuir los niveles de grasas en la sangre, mantener el coraz\u00f3n sano y ayudar a mejorar los niveles de az\u00facar en sangre y prevenir el aumento excesivo de peso. Para cada ejercicio, hemos incluido una secci\u00f3n especial para las Precauciones que deben adoptar antes, durante y despu\u00e9s del ejercicio.<br><br>El programa de entrenamiento se presenta como un juego desafiante y ecol\u00f3gico.<br><br>El usuario de la aplicaci\u00f3n puede hacer crecer digitalmente el \u00ab\u00c1rbol de la vida\u00bb siguiendo un programa de ejercicios f\u00edsicos de 30 d\u00edas. Cada d\u00eda, tras completar una serie de ejercicios propuestos por el entrenador de realidad aumentada, el usuario puede a\u00f1adir una rama a su \u00ab\u00c1rbol de la vida\u00bb digital simbolizando su progreso diario.<\/p><p>El programa diario incluye 5 ejercicios f\u00edsico (m\u00e1ximo 30 min de ejercicio diario) que se prolonga durante 30 sesiones (8 semanas). Hemos dise\u00f1ado 50 ejercicios en total, pero algunos de ellos se repiten durante este programa de entrenamiento de 30 sesiones. El nivel de dificultad y la complejidad aumentan d\u00eda a d\u00eda. No hay necesidad de equipamiento atl\u00e9tico especial, ya que el entrenador de realidad aumentada propone formas alternativas de entrenamiento utilizando objetos cotidianos, como sillas, botellas de agua, botes de alimentos, etc.<\/p><p>V\u00cdDEOS: Adem\u00e1s, para cada nuevo ejercicio a\u00f1adido, el usuario tiene la oportunidad de ver v\u00eddeos de personas reales -voluntarios (ni\u00f1os y adultos, pacientes diab\u00e9ticos o personas de la poblaci\u00f3n general)- realizando estos ejercicios espec\u00edficos, con el objetivo de demostrar que todos estamos juntos en esto, \u00a1y que nadie puede quedar excluido del maravilloso mundo del ejercicio f\u00edsico!<\/p><p>Una vez completado con \u00e9xito el programa de 30 sesiones, se puede completar el \u00ab\u00c1rbol de la Vida\u00bb digital y el usuario puede pasar a la parte 3 de la aplicaci\u00f3n.<\/p><p>Por supuesto, el usuario puede repetir el programa de ejercicios tantas veces como desee.<\/p><p>El usuario puede compartir sus progresos con nuestra asociaci\u00f3n, y por cada \u00ab\u00c1rbol de la Vida\u00bb digital que complete, la asociaci\u00f3n plantar\u00e1 un \u00e1rbol real en la naturaleza, contribuyendo as\u00ed a los esfuerzos de \u00abSalvar la Tierra\u00bb.<\/p><p><\/p><p class=\"has-primary-color has-text-color has-link-color wp-elements-1fdc45592604e3b048ef88873f8628ce\"><strong>PARTE 3- EJERCICIO EN LA NATURALEZA<\/strong><\/p><p>La tercera parte de la APP motiva al usuario a iniciar una actividad f\u00edsica al aire libre. La aplicaci\u00f3n ofrece mapas al usuario a trav\u00e9s de la tecnolog\u00eda de geolocalizaci\u00f3n, que le indican los parques cercanos a su ubicaci\u00f3n, donde puede dar largos paseos. El usuario tambi\u00e9n puede fijar un parque que sugiere en su zona y todos los dem\u00e1s usuarios pueden ver su sugerencia.<br><\/p><figure class=\"wp-block-image alignleft size-full is-resized\"><a href=\"https:\/\/play.google.com\/store\/apps\/details?id=com.envysoftworks.dart&amp;pcampaignid=web_share\" target=\"_blank\" rel=\" noreferrer noopener\"><img loading=\"lazy\" decoding=\"async\" width=\"490\" height=\"490\" src=\"https:\/\/dartproject.eu\/wp-content\/uploads\/2025\/04\/DART-APP-GOOGLE-PLAY.png?wsr\" alt=\"\" class=\"wp-image-2930\" style=\"width:140px;height:auto\" srcset=\"https:\/\/dartproject.eu\/wp-content\/uploads\/2025\/04\/DART-APP-GOOGLE-PLAY.png 490w, https:\/\/dartproject.eu\/wp-content\/uploads\/2025\/04\/DART-APP-GOOGLE-PLAY-300x300.png 300w, https:\/\/dartproject.eu\/wp-content\/uploads\/2025\/04\/DART-APP-GOOGLE-PLAY-150x150.png 150w, https:\/\/dartproject.eu\/wp-content\/uploads\/2025\/04\/DART-APP-GOOGLE-PLAY-100x100.png 100w\" sizes=\"auto, (max-width: 490px) 100vw, 490px\" \/><\/a><figcaption class=\"wp-element-caption\">GOOGLE PLAY STORE<\/figcaption><\/figure><figure class=\"wp-block-image alignleft size-full is-resized\"><a href=\"https:\/\/apps.apple.com\/gr\/app\/dart-diabetes-ar-training\/id6740289408?l=en\" target=\"_blank\" rel=\" noreferrer noopener\"><img loading=\"lazy\" decoding=\"async\" width=\"450\" height=\"450\" src=\"https:\/\/dartproject.eu\/wp-content\/uploads\/2025\/04\/DART-APP-APPLE-STORE.png?wsr\" alt=\"\" class=\"wp-image-2937\" style=\"width:143px;height:auto\" srcset=\"https:\/\/dartproject.eu\/wp-content\/uploads\/2025\/04\/DART-APP-APPLE-STORE.png 450w, https:\/\/dartproject.eu\/wp-content\/uploads\/2025\/04\/DART-APP-APPLE-STORE-300x300.png 300w, https:\/\/dartproject.eu\/wp-content\/uploads\/2025\/04\/DART-APP-APPLE-STORE-150x150.png 150w, https:\/\/dartproject.eu\/wp-content\/uploads\/2025\/04\/DART-APP-APPLE-STORE-100x100.png 100w\" sizes=\"auto, (max-width: 450px) 100vw, 450px\" \/><\/a><figcaption class=\"wp-element-caption\">APPLE STORE<\/figcaption><\/figure>","protected":false},"excerpt":{"rendered":"<p>An\u00e1lisis del proyecto DART. El proyecto DART tiene como objetivo ofrecer \u00abalgo m\u00e1s\u00bb a los pacientes con diabetes de tipo I y II siguiendo las olas de la tecnolog\u00eda m\u00f3vil para 2025: Un entrenador personal de realidad aumentada que pueda estar presente a diario en sus vidas, en cualquier lugar y en cualquier momento, en&#8230;<\/p>\n","protected":false},"author":1,"featured_media":0,"parent":0,"menu_order":0,"comment_status":"closed","ping_status":"closed","template":"","meta":{"footnotes":""},"class_list":["post-1050","page","type-page","status-publish","hentry"],"_links":{"self":[{"href":"https:\/\/dartproject.eu\/es\/wp-json\/wp\/v2\/pages\/1050","targetHints":{"allow":["GET"]}}],"collection":[{"href":"https:\/\/dartproject.eu\/es\/wp-json\/wp\/v2\/pages"}],"about":[{"href":"https:\/\/dartproject.eu\/es\/wp-json\/wp\/v2\/types\/page"}],"author":[{"embeddable":true,"href":"https:\/\/dartproject.eu\/es\/wp-json\/wp\/v2\/users\/1"}],"replies":[{"embeddable":true,"href":"https:\/\/dartproject.eu\/es\/wp-json\/wp\/v2\/comments?post=1050"}],"version-history":[{"count":9,"href":"https:\/\/dartproject.eu\/es\/wp-json\/wp\/v2\/pages\/1050\/revisions"}],"predecessor-version":[{"id":3109,"href":"https:\/\/dartproject.eu\/es\/wp-json\/wp\/v2\/pages\/1050\/revisions\/3109"}],"wp:attachment":[{"href":"https:\/\/dartproject.eu\/es\/wp-json\/wp\/v2\/media?parent=1050"}],"curies":[{"name":"wp","href":"https:\/\/api.w.org\/{rel}","templated":true}]}}