{"id":1087,"date":"2025-03-28T14:53:58","date_gmt":"2025-03-28T14:53:58","guid":{"rendered":"https:\/\/demo.dartproject.eu\/instructions-for-the-app\/"},"modified":"2025-04-29T21:56:53","modified_gmt":"2025-04-29T21:56:53","slug":"instructions-for-the-app","status":"publish","type":"page","link":"https:\/\/dartproject.eu\/es\/instructions-for-the-app\/","title":{"rendered":"Instrucciones de la app"},"content":{"rendered":"<div class=\"wp-block-cover is-light has-parallax\"><div class=\"wp-block-cover__image-background wp-image-1279 has-parallax\" style=\"background-position:50% 50%;background-image:url(https:\/\/dartproject.eu\/wp-content\/uploads\/2025\/04\/NEW-LOGO2.png)\"><\/div><span aria-hidden=\"true\" class=\"wp-block-cover__background has-background-dim-0 has-background-dim\" style=\"background-color:#9aece9\"><\/span><div class=\"wp-block-cover__inner-container is-layout-constrained wp-block-cover-is-layout-constrained\"><p class=\"has-text-align-center has-large-font-size\"><\/p><\/div><\/div><figure class=\"wp-block-table has-x-large-font-size\"><table class=\"has-light-color-color has-luminous-vivid-orange-background-color has-text-color has-background has-link-color has-fixed-layout\"><tbody><tr><td><img loading=\"lazy\" decoding=\"async\" width=\"150\" height=\"325\" class=\"wp-image-3105\" style=\"width: 150px;\" src=\"https:\/\/dartproject.eu\/wp-content\/uploads\/2025\/04\/Screenshot_20250430_004421_DART.jpg\" alt=\"\" srcset=\"https:\/\/dartproject.eu\/wp-content\/uploads\/2025\/04\/Screenshot_20250430_004421_DART.jpg 1080w, https:\/\/dartproject.eu\/wp-content\/uploads\/2025\/04\/Screenshot_20250430_004421_DART-138x300.jpg 138w, https:\/\/dartproject.eu\/wp-content\/uploads\/2025\/04\/Screenshot_20250430_004421_DART-473x1024.jpg 473w, https:\/\/dartproject.eu\/wp-content\/uploads\/2025\/04\/Screenshot_20250430_004421_DART-768x1664.jpg 768w, https:\/\/dartproject.eu\/wp-content\/uploads\/2025\/04\/Screenshot_20250430_004421_DART-709x1536.jpg 709w, https:\/\/dartproject.eu\/wp-content\/uploads\/2025\/04\/Screenshot_20250430_004421_DART-945x2048.jpg 945w, https:\/\/dartproject.eu\/wp-content\/uploads\/2025\/04\/Screenshot_20250430_004421_DART-600x1300.jpg 600w\" sizes=\"auto, (max-width: 150px) 100vw, 150px\" \/><\/td><td><br><br>\u00a1Bienvenido al proyecto DART!<br><br><br><br><br><\/td><\/tr><tr><td><img loading=\"lazy\" decoding=\"async\" width=\"150\" height=\"325\" class=\"wp-image-1551\" style=\"width: 150px;\" src=\"https:\/\/dartproject.eu\/wp-content\/uploads\/2025\/04\/Screenshot_20241227_150430_DART.jpg\" alt=\"\" srcset=\"https:\/\/dartproject.eu\/wp-content\/uploads\/2025\/04\/Screenshot_20241227_150430_DART.jpg 1080w, https:\/\/dartproject.eu\/wp-content\/uploads\/2025\/04\/Screenshot_20241227_150430_DART-138x300.jpg 138w, https:\/\/dartproject.eu\/wp-content\/uploads\/2025\/04\/Screenshot_20241227_150430_DART-473x1024.jpg 473w, https:\/\/dartproject.eu\/wp-content\/uploads\/2025\/04\/Screenshot_20241227_150430_DART-768x1664.jpg 768w, https:\/\/dartproject.eu\/wp-content\/uploads\/2025\/04\/Screenshot_20241227_150430_DART-709x1536.jpg 709w, https:\/\/dartproject.eu\/wp-content\/uploads\/2025\/04\/Screenshot_20241227_150430_DART-945x2048.jpg 945w, https:\/\/dartproject.eu\/wp-content\/uploads\/2025\/04\/Screenshot_20241227_150430_DART-600x1300.jpg 600w\" sizes=\"auto, (max-width: 150px) 100vw, 150px\" \/><\/td><td>\u00a1Puedes seleccionar tu versi\u00f3n de idioma!<\/td><\/tr><tr><td><img loading=\"lazy\" decoding=\"async\" width=\"150\" height=\"325\" class=\"wp-image-1558\" style=\"width: 150px;\" src=\"https:\/\/dartproject.eu\/wp-content\/uploads\/2025\/04\/Screenshot_20241227_150440_DART.jpg\" alt=\"\" srcset=\"https:\/\/dartproject.eu\/wp-content\/uploads\/2025\/04\/Screenshot_20241227_150440_DART.jpg 1080w, https:\/\/dartproject.eu\/wp-content\/uploads\/2025\/04\/Screenshot_20241227_150440_DART-138x300.jpg 138w, https:\/\/dartproject.eu\/wp-content\/uploads\/2025\/04\/Screenshot_20241227_150440_DART-473x1024.jpg 473w, https:\/\/dartproject.eu\/wp-content\/uploads\/2025\/04\/Screenshot_20241227_150440_DART-768x1664.jpg 768w, https:\/\/dartproject.eu\/wp-content\/uploads\/2025\/04\/Screenshot_20241227_150440_DART-709x1536.jpg 709w, https:\/\/dartproject.eu\/wp-content\/uploads\/2025\/04\/Screenshot_20241227_150440_DART-945x2048.jpg 945w, https:\/\/dartproject.eu\/wp-content\/uploads\/2025\/04\/Screenshot_20241227_150440_DART-600x1300.jpg 600w\" sizes=\"auto, (max-width: 150px) 100vw, 150px\" \/><\/td><td>\u00a1Selecciona tu tipo de diabetes!<\/td><\/tr><tr><td><img loading=\"lazy\" decoding=\"async\" width=\"150\" height=\"325\" class=\"wp-image-1565\" style=\"width: 150px;\" src=\"https:\/\/dartproject.eu\/wp-content\/uploads\/2025\/04\/Screenshot_20241227_150452_DART-1.jpg\" alt=\"\" srcset=\"https:\/\/dartproject.eu\/wp-content\/uploads\/2025\/04\/Screenshot_20241227_150452_DART-1.jpg 1080w, https:\/\/dartproject.eu\/wp-content\/uploads\/2025\/04\/Screenshot_20241227_150452_DART-1-138x300.jpg 138w, https:\/\/dartproject.eu\/wp-content\/uploads\/2025\/04\/Screenshot_20241227_150452_DART-1-473x1024.jpg 473w, https:\/\/dartproject.eu\/wp-content\/uploads\/2025\/04\/Screenshot_20241227_150452_DART-1-768x1664.jpg 768w, https:\/\/dartproject.eu\/wp-content\/uploads\/2025\/04\/Screenshot_20241227_150452_DART-1-709x1536.jpg 709w, https:\/\/dartproject.eu\/wp-content\/uploads\/2025\/04\/Screenshot_20241227_150452_DART-1-945x2048.jpg 945w, https:\/\/dartproject.eu\/wp-content\/uploads\/2025\/04\/Screenshot_20241227_150452_DART-1-600x1300.jpg 600w\" sizes=\"auto, (max-width: 150px) 100vw, 150px\" \/><\/td><td>Ahora puedes comenzar el programa de ejercicios.<\/td><\/tr><tr><td><img loading=\"lazy\" decoding=\"async\" width=\"150\" height=\"325\" class=\"wp-image-1572\" style=\"width: 150px;\" src=\"https:\/\/dartproject.eu\/wp-content\/uploads\/2025\/04\/Screenshot_20250413_022650_DART.jpg\" alt=\"\" srcset=\"https:\/\/dartproject.eu\/wp-content\/uploads\/2025\/04\/Screenshot_20250413_022650_DART.jpg 1080w, https:\/\/dartproject.eu\/wp-content\/uploads\/2025\/04\/Screenshot_20250413_022650_DART-138x300.jpg 138w, https:\/\/dartproject.eu\/wp-content\/uploads\/2025\/04\/Screenshot_20250413_022650_DART-473x1024.jpg 473w, https:\/\/dartproject.eu\/wp-content\/uploads\/2025\/04\/Screenshot_20250413_022650_DART-768x1664.jpg 768w, https:\/\/dartproject.eu\/wp-content\/uploads\/2025\/04\/Screenshot_20250413_022650_DART-709x1536.jpg 709w, https:\/\/dartproject.eu\/wp-content\/uploads\/2025\/04\/Screenshot_20250413_022650_DART-945x2048.jpg 945w, https:\/\/dartproject.eu\/wp-content\/uploads\/2025\/04\/Screenshot_20250413_022650_DART-600x1300.jpg 600w\" sizes=\"auto, (max-width: 150px) 100vw, 150px\" \/><\/td><td>Comienza con el nivel bajo y el ejercicio 1.<\/td><\/tr><tr><td><img loading=\"lazy\" decoding=\"async\" width=\"150\" height=\"323\" class=\"wp-image-1579\" style=\"width: 150px;\" src=\"https:\/\/dartproject.eu\/wp-content\/uploads\/2025\/04\/XFCHX.jpg\" alt=\"\" srcset=\"https:\/\/dartproject.eu\/wp-content\/uploads\/2025\/04\/XFCHX.jpg 219w, https:\/\/dartproject.eu\/wp-content\/uploads\/2025\/04\/XFCHX-139x300.jpg 139w\" sizes=\"auto, (max-width: 150px) 100vw, 150px\" \/><\/td><td>Aqu\u00ed est\u00e1 tu entrenador de Realidad Aumentada que te ayudar\u00e1 a realizar el ejercicio. \u00a1Es f\u00e1cil!<br>Puedes ver al entrenador de Realidad Aumentada realizar el ejercicio desde todos los \u00e1ngulos.<br>\u00a1No olvides leer primero las precauciones!<\/td><\/tr><tr><td><img loading=\"lazy\" decoding=\"async\" width=\"150\" height=\"321\" class=\"wp-image-1586\" style=\"width: 150px;\" src=\"https:\/\/dartproject.eu\/wp-content\/uploads\/2025\/04\/ZXVZSE.jpg\" alt=\"\" srcset=\"https:\/\/dartproject.eu\/wp-content\/uploads\/2025\/04\/ZXVZSE.jpg 214w, https:\/\/dartproject.eu\/wp-content\/uploads\/2025\/04\/ZXVZSE-140x300.jpg 140w\" sizes=\"auto, (max-width: 150px) 100vw, 150px\" \/><\/td><td>Ahora ver\u00e1s el video de los voluntarios que realizar\u00e1n el mismo ejercicio.<\/td><\/tr><tr><td><img loading=\"lazy\" decoding=\"async\" width=\"150\" height=\"70\" class=\"wp-image-1593\" style=\"width: 150px;\" src=\"https:\/\/dartproject.eu\/wp-content\/uploads\/2025\/04\/BXCRGZSR.jpg\" alt=\"\" srcset=\"https:\/\/dartproject.eu\/wp-content\/uploads\/2025\/04\/BXCRGZSR.jpg 513w, https:\/\/dartproject.eu\/wp-content\/uploads\/2025\/04\/BXCRGZSR-300x140.jpg 300w\" sizes=\"auto, (max-width: 150px) 100vw, 150px\" \/><\/td><td>Puedes ver el ejercicio tanto en vertical como en horizontal.<\/td><\/tr><tr><td><img loading=\"lazy\" decoding=\"async\" width=\"150\" height=\"321\" class=\"wp-image-1600\" style=\"width: 150px;\" src=\"https:\/\/dartproject.eu\/wp-content\/uploads\/2025\/04\/BXCRXRXCHYR.jpg\" alt=\"\" srcset=\"https:\/\/dartproject.eu\/wp-content\/uploads\/2025\/04\/BXCRXRXCHYR.jpg 224w, https:\/\/dartproject.eu\/wp-content\/uploads\/2025\/04\/BXCRXRXCHYR-140x300.jpg 140w\" sizes=\"auto, (max-width: 150px) 100vw, 150px\" \/><\/td><td>\u00a1Veamos c\u00f3mo puedes organizar tus medicamentos y tus citas m\u00e9dicas!<br><\/td><\/tr><tr><td><img loading=\"lazy\" decoding=\"async\" width=\"150\" height=\"321\" class=\"wp-image-1607\" style=\"width: 150px;\" src=\"https:\/\/dartproject.eu\/wp-content\/uploads\/2025\/04\/CVGJTXCVHGFH.jpg\" alt=\"\" srcset=\"https:\/\/dartproject.eu\/wp-content\/uploads\/2025\/04\/CVGJTXCVHGFH.jpg 224w, https:\/\/dartproject.eu\/wp-content\/uploads\/2025\/04\/CVGJTXCVHGFH-140x300.jpg 140w\" sizes=\"auto, (max-width: 150px) 100vw, 150px\" \/><\/td><td>Tienes varias opciones que te ayudar\u00e1n con tus citas y dosis diarias.<\/td><\/tr><tr><td><img loading=\"lazy\" decoding=\"async\" width=\"150\" height=\"322\" class=\"wp-image-1614\" style=\"width: 150px;\" src=\"https:\/\/dartproject.eu\/wp-content\/uploads\/2025\/04\/KCGYICGHJTY.jpg\" alt=\"\" srcset=\"https:\/\/dartproject.eu\/wp-content\/uploads\/2025\/04\/KCGYICGHJTY.jpg 218w, https:\/\/dartproject.eu\/wp-content\/uploads\/2025\/04\/KCGYICGHJTY-140x300.jpg 140w\" sizes=\"auto, (max-width: 150px) 100vw, 150px\" \/><\/td><td>\u00a1Ahora es momento de hacer ejercicio en la naturaleza!<br>Puedes activar los parques cercanos.<\/td><\/tr><tr><td><img loading=\"lazy\" decoding=\"async\" width=\"150\" height=\"321\" class=\"wp-image-1621\" style=\"width: 150px;\" src=\"https:\/\/dartproject.eu\/wp-content\/uploads\/2025\/04\/MCTCTUZZ.jpg\" alt=\"\" srcset=\"https:\/\/dartproject.eu\/wp-content\/uploads\/2025\/04\/MCTCTUZZ.jpg 218w, https:\/\/dartproject.eu\/wp-content\/uploads\/2025\/04\/MCTCTUZZ-140x300.jpg 140w\" sizes=\"auto, (max-width: 150px) 100vw, 150px\" \/><\/td><td>Echa un vistazo a la informaci\u00f3n del proyecto.<\/td><\/tr><tr><td><img loading=\"lazy\" decoding=\"async\" width=\"150\" height=\"323\" class=\"wp-image-1628\" style=\"width: 150px;\" src=\"https:\/\/dartproject.eu\/wp-content\/uploads\/2025\/04\/JKLVUVHJCGY.jpg\" alt=\"\" srcset=\"https:\/\/dartproject.eu\/wp-content\/uploads\/2025\/04\/JKLVUVHJCGY.jpg 226w, https:\/\/dartproject.eu\/wp-content\/uploads\/2025\/04\/JKLVUVHJCGY-140x300.jpg 140w\" sizes=\"auto, (max-width: 150px) 100vw, 150px\" \/><\/td><td>Y no olvides consultar las precauciones para ambos tipos de diabetes.<\/td><\/tr><tr><td><img loading=\"lazy\" decoding=\"async\" width=\"150\" height=\"323\" class=\"wp-image-1635\" style=\"width: 150px;\" src=\"https:\/\/dartproject.eu\/wp-content\/uploads\/2025\/04\/BUVYIVGBHKCFT.jpg\" alt=\"\" srcset=\"https:\/\/dartproject.eu\/wp-content\/uploads\/2025\/04\/BUVYIVGBHKCFT.jpg 226w, https:\/\/dartproject.eu\/wp-content\/uploads\/2025\/04\/BUVYIVGBHKCFT-140x300.jpg 140w\" sizes=\"auto, (max-width: 150px) 100vw, 150px\" \/><\/td><td>Y este es nuestro equipo.<br>\u00a1Empecemos!<\/td><\/tr><\/tbody><\/table><\/figure>","protected":false},"excerpt":{"rendered":"<p>\u00a1Bienvenido al proyecto DART! \u00a1Puedes seleccionar tu versi\u00f3n de idioma! \u00a1Selecciona tu tipo de diabetes! Ahora puedes comenzar el programa de ejercicios. Comienza con el nivel bajo y el ejercicio 1. Aqu\u00ed est\u00e1 tu entrenador de Realidad Aumentada que te ayudar\u00e1 a realizar el ejercicio. \u00a1Es f\u00e1cil!Puedes ver al entrenador de Realidad Aumentada realizar el&#8230;<\/p>\n","protected":false},"author":1,"featured_media":0,"parent":0,"menu_order":0,"comment_status":"closed","ping_status":"closed","template":"","meta":{"footnotes":""},"class_list":["post-1087","page","type-page","status-publish","hentry"],"_links":{"self":[{"href":"https:\/\/dartproject.eu\/es\/wp-json\/wp\/v2\/pages\/1087","targetHints":{"allow":["GET"]}}],"collection":[{"href":"https:\/\/dartproject.eu\/es\/wp-json\/wp\/v2\/pages"}],"about":[{"href":"https:\/\/dartproject.eu\/es\/wp-json\/wp\/v2\/types\/page"}],"author":[{"embeddable":true,"href":"https:\/\/dartproject.eu\/es\/wp-json\/wp\/v2\/users\/1"}],"replies":[{"embeddable":true,"href":"https:\/\/dartproject.eu\/es\/wp-json\/wp\/v2\/comments?post=1087"}],"version-history":[{"count":4,"href":"https:\/\/dartproject.eu\/es\/wp-json\/wp\/v2\/pages\/1087\/revisions"}],"predecessor-version":[{"id":3121,"href":"https:\/\/dartproject.eu\/es\/wp-json\/wp\/v2\/pages\/1087\/revisions\/3121"}],"wp:attachment":[{"href":"https:\/\/dartproject.eu\/es\/wp-json\/wp\/v2\/media?parent=1087"}],"curies":[{"name":"wp","href":"https:\/\/api.w.org\/{rel}","templated":true}]}}