{"id":1111,"date":"2025-03-28T14:51:50","date_gmt":"2025-03-28T14:51:50","guid":{"rendered":"https:\/\/demo.dartproject.eu\/moodle-platform\/"},"modified":"2025-04-13T15:11:31","modified_gmt":"2025-04-13T15:11:31","slug":"moodle-platform","status":"publish","type":"page","link":"https:\/\/dartproject.eu\/es\/moodle-platform\/","title":{"rendered":"PLATAFORMA Moodle"},"content":{"rendered":"<div class=\"wp-block-cover is-light has-parallax\"><span aria-hidden=\"true\" class=\"wp-block-cover__background has-background-dim-0 has-background-dim\" style=\"background-color:#9baaac\"><\/span><div class=\"wp-block-cover__image-background wp-image-1500 has-parallax\" style=\"background-position:50% 50%;background-image:url(https:\/\/dartproject.eu\/wp-content\/uploads\/2025\/04\/platform-photo-scaled.jpg)\"><\/div><div class=\"wp-block-cover__inner-container is-layout-constrained wp-block-cover-is-layout-constrained\"><p class=\"has-text-align-center has-large-font-size\"><\/p><\/div><\/div><p class=\"has-primary-color has-text-color has-link-color wp-elements-3d4637f2ed26bf0ffe6c9fd8610c4d49\"><strong>PRODUCTO INTELECTUAL 2: PLATAFORMA ONLINE<\/strong><\/p><p>Hemos desarrollado una plataforma educativa online basada en Moodle para proporcionar a los profesores de educaci\u00f3n f\u00edsica valiosos recursos formativos relacionados con las necesidades de sus atletas diab\u00e9ticos.<br><br>Nuestra plataforma electr\u00f3nica consta de dos partes:<br><br><strong>A) P\u00c1GINA WEB PROMOCIONAL<\/strong>\u00a0en 7 idiomas: Este sitio web promocional incluye informaci\u00f3n anal\u00edtica sobre los fines y objetivos de nuestro proyecto, las actividades y resultados del mismo, los grupos destinatarios, la asociaci\u00f3n, enlaces \u00fatiles, etc.<\/p><figure class=\"wp-block-image alignright size-large is-resized\"><img loading=\"lazy\" decoding=\"async\" width=\"1024\" height=\"816\" src=\"https:\/\/dartproject.eu\/wp-content\/uploads\/2025\/04\/LIHIY-1024x816.jpg\" alt=\"\" class=\"wp-image-1507\" style=\"width:437px;height:auto\" srcset=\"https:\/\/dartproject.eu\/wp-content\/uploads\/2025\/04\/LIHIY-1024x816.jpg 1024w, https:\/\/dartproject.eu\/wp-content\/uploads\/2025\/04\/LIHIY-300x239.jpg 300w, https:\/\/dartproject.eu\/wp-content\/uploads\/2025\/04\/LIHIY-768x612.jpg 768w, https:\/\/dartproject.eu\/wp-content\/uploads\/2025\/04\/LIHIY-600x478.jpg 600w, https:\/\/dartproject.eu\/wp-content\/uploads\/2025\/04\/LIHIY.jpg 1100w\" sizes=\"auto, (max-width: 1024px) 100vw, 1024px\" \/><\/figure><p><br><br><strong>B) PLATAFORMA ONLINE MOODLE <\/strong>con acceso abierto a todo el mundo que incluye:<\/p><p>1) <strong>30 m\u00f3dulos electr\u00f3nicos <\/strong>para profesores y entrenadores de educaci\u00f3n f\u00edsica con el objetivo de proporcionarles habilidades para que sean capaces de manejar cualquier situaci\u00f3n m\u00e9dica de emergencia de sus atletas diab\u00e9ticos y educar sobre c\u00f3mo pueden animar y apoyar a sus atletas diab\u00e9ticos para que contin\u00faen esforz\u00e1ndose.<\/p><p>Los m\u00f3dulos tambi\u00e9n incluyen, entre otros:<br>a) Informaci\u00f3n cient\u00edfica relativa a los beneficios para la salud relacionados con ejercicios f\u00edsicos espec\u00edficos.<\/p><p>b) Estrategias para apoyar psicol\u00f3gicamente a j\u00f3venes y adultos que padecen diabetes de tipo I y II con el fin de animarles a participar en clases de educaci\u00f3n f\u00edsica. c) Estudios, opiniones, \u00faltimos hallazgos relacionados con la diabetes y la actividad f\u00edsica, entrevistas con profesionales de la salud y casos de \u00e9xito de pacientes diab\u00e9ticos.<br><br><strong>SECCI\u00d3N PARA PADRES<\/strong>: Una secci\u00f3n especial de la plataforma electr\u00f3nica est\u00e1 dedicada a concienciar sobre la importancia del ejercicio f\u00edsico para las personas con diabetes de tipo I y II. Nuestro objetivo es convencer a los padres y familiares de las personas que padecen diabetes de tipo I y II de que la actividad f\u00edsica es beneficiosa para la salud, por lo que deben apoyar a sus parientes para que practiquen ejercicio f\u00edsico o deporte.<\/p><div class=\"wp-block-media-text is-stacked-on-mobile\" style=\"grid-template-columns:23% auto\"><figure class=\"wp-block-media-text__media\"><img loading=\"lazy\" decoding=\"async\" width=\"450\" height=\"450\" src=\"https:\/\/dartproject.eu\/wp-content\/uploads\/2025\/04\/MOODLE-QR-CODE.png\" alt=\"\" class=\"wp-image-1508 size-full\" srcset=\"https:\/\/dartproject.eu\/wp-content\/uploads\/2025\/04\/MOODLE-QR-CODE.png 450w, https:\/\/dartproject.eu\/wp-content\/uploads\/2025\/04\/MOODLE-QR-CODE-300x300.png 300w, https:\/\/dartproject.eu\/wp-content\/uploads\/2025\/04\/MOODLE-QR-CODE-150x150.png 150w, https:\/\/dartproject.eu\/wp-content\/uploads\/2025\/04\/MOODLE-QR-CODE-100x100.png 100w\" sizes=\"auto, (max-width: 450px) 100vw, 450px\" \/><\/figure><div class=\"wp-block-media-text__content\"><p class=\"has-large-font-size\"><a href=\"http:\/\/moodle.dartproject.eu\" data-type=\"link\" data-id=\"moodle.dartproject.eu\"><strong>moodle.dartproject.eu<\/strong><\/a><\/p><\/div><\/div>","protected":false},"excerpt":{"rendered":"<p>PRODUCTO INTELECTUAL 2: PLATAFORMA ONLINE Hemos desarrollado una plataforma educativa online basada en Moodle para proporcionar a los profesores de educaci\u00f3n f\u00edsica valiosos recursos formativos relacionados con las necesidades de sus atletas diab\u00e9ticos. Nuestra plataforma electr\u00f3nica consta de dos partes: A) P\u00c1GINA WEB PROMOCIONAL\u00a0en 7 idiomas: Este sitio web promocional incluye informaci\u00f3n anal\u00edtica sobre los&#8230;<\/p>\n","protected":false},"author":1,"featured_media":0,"parent":0,"menu_order":0,"comment_status":"closed","ping_status":"closed","template":"","meta":{"footnotes":""},"class_list":["post-1111","page","type-page","status-publish","hentry"],"_links":{"self":[{"href":"https:\/\/dartproject.eu\/es\/wp-json\/wp\/v2\/pages\/1111","targetHints":{"allow":["GET"]}}],"collection":[{"href":"https:\/\/dartproject.eu\/es\/wp-json\/wp\/v2\/pages"}],"about":[{"href":"https:\/\/dartproject.eu\/es\/wp-json\/wp\/v2\/types\/page"}],"author":[{"embeddable":true,"href":"https:\/\/dartproject.eu\/es\/wp-json\/wp\/v2\/users\/1"}],"replies":[{"embeddable":true,"href":"https:\/\/dartproject.eu\/es\/wp-json\/wp\/v2\/comments?post=1111"}],"version-history":[{"count":3,"href":"https:\/\/dartproject.eu\/es\/wp-json\/wp\/v2\/pages\/1111\/revisions"}],"predecessor-version":[{"id":1840,"href":"https:\/\/dartproject.eu\/es\/wp-json\/wp\/v2\/pages\/1111\/revisions\/1840"}],"wp:attachment":[{"href":"https:\/\/dartproject.eu\/es\/wp-json\/wp\/v2\/media?parent=1111"}],"curies":[{"name":"wp","href":"https:\/\/api.w.org\/{rel}","templated":true}]}}