{"id":1142,"date":"2025-03-28T16:20:49","date_gmt":"2025-03-28T16:20:49","guid":{"rendered":"https:\/\/demo.dartproject.eu\/podcast-series\/"},"modified":"2025-04-28T21:07:30","modified_gmt":"2025-04-28T21:07:30","slug":"podcast-series","status":"publish","type":"page","link":"https:\/\/dartproject.eu\/es\/podcast-series\/","title":{"rendered":"Serie de PODCAST"},"content":{"rendered":"<div class=\"wp-block-cover is-light has-parallax\"><div class=\"wp-block-cover__image-background wp-image-1539 has-parallax\" style=\"background-position:50% 50%;background-image:url(https:\/\/dartproject.eu\/wp-content\/uploads\/2025\/04\/podcasts-photos.jpg)\"><\/div><span aria-hidden=\"true\" class=\"wp-block-cover__background has-background-dim-0 has-background-dim\" style=\"background-color:#c2d9d7\"><\/span><div class=\"wp-block-cover__inner-container is-layout-constrained wp-block-cover-is-layout-constrained\"><p class=\"has-text-align-center has-large-font-size\"><\/p><\/div><\/div><p class=\"has-primary-color has-text-color has-link-color wp-elements-0a2468d8f3cf4f59222063665328f480\"><strong>Serie de PODCAST<\/strong>: Esta es otra innovaci\u00f3n de nuestro proyecto. Incluye una serie de 15 podcasts que contienen interesantes debates con expertos en los campos de la diabetes y la actividad f\u00edsica o historias de \u00e9xito de pacientes diab\u00e9ticos.<\/p><figure class=\"wp-block-table\"><table class=\"has-light-color-color has-secondary-shade-1-background-color has-text-color has-background has-link-color has-fixed-layout\"><tbody><tr><td><strong>&nbsp;<\/strong><\/td><td><strong>PODCASTS<\/strong><\/td><td><strong>T\u00cdTULO<\/strong><\/td><td><strong>ENLACE DE YOUTUBE<\/strong> <strong>&nbsp;<\/strong><\/td><td><strong>ENLACE A LA PLATAFORMA MOODLE<\/strong><\/td><\/tr><tr><td>1.<img loading=\"lazy\" decoding=\"async\" width=\"150\" height=\"83\" class=\"wp-image-1669\" style=\"width: 150px;\" src=\"https:\/\/dartproject.eu\/wp-content\/uploads\/2025\/04\/podcast-modified.png\" alt=\"\" srcset=\"https:\/\/dartproject.eu\/wp-content\/uploads\/2025\/04\/podcast-modified.png 561w, https:\/\/dartproject.eu\/wp-content\/uploads\/2025\/04\/podcast-modified-300x165.png 300w\" sizes=\"auto, (max-width: 150px) 100vw, 150px\" \/><\/td><td>VIVIR CON DIABETES TIPO 1 <\/td><td>CONSEJOS Y SABER C\u00d3MO Entrevista con el Dr.Cristina Ferrer Abero e Isabel Beltr\u00e1n Gil (paciente)<\/td><td><a href=\"https:\/\/youtu.be\/sWAv-o4IwIE\">https:\/\/youtu.be\/sWAv-o4IwIE<\/a> <strong>\u00a0<\/strong><\/td><td>\u00a0<a href=\"https:\/\/moodle.dartproject.eu\/course\/section.php?id=347\">https:\/\/moodle.dartproject.eu\/course\/section.php?id=347<\/a><\/td><\/tr><tr><td>2.<img loading=\"lazy\" decoding=\"async\" width=\"150\" height=\"83\" class=\"wp-image-1669\" style=\"width: 150px;\" src=\"https:\/\/dartproject.eu\/wp-content\/uploads\/2025\/04\/podcast-modified.png\" alt=\"\" srcset=\"https:\/\/dartproject.eu\/wp-content\/uploads\/2025\/04\/podcast-modified.png 561w, https:\/\/dartproject.eu\/wp-content\/uploads\/2025\/04\/podcast-modified-300x165.png 300w\" sizes=\"auto, (max-width: 150px) 100vw, 150px\" \/><\/td><td>VIVIR CON DIABETES TIPO 2<\/td><td>CONSEJOS Y SABER C\u00d3MO Entrevista con la Dra. Angeliki Gouli, endocrin\u00f3loga<\/td><td><a href=\"https:\/\/youtu.be\/zoxQAgB4GzU\">https:\/\/youtu.be\/zoxQAgB4GzU<\/a> &nbsp;<\/td><td>&nbsp;<a href=\"https:\/\/moodle.dartproject.eu\/course\/section.php?id=347\">https:\/\/moodle.dartproject.eu\/course\/section.php?id=347<\/a><\/td><\/tr><tr><td>3.<img loading=\"lazy\" decoding=\"async\" width=\"150\" height=\"83\" class=\"wp-image-1669\" style=\"width: 150px;\" src=\"https:\/\/dartproject.eu\/wp-content\/uploads\/2025\/04\/podcast-modified.png\" alt=\"\" srcset=\"https:\/\/dartproject.eu\/wp-content\/uploads\/2025\/04\/podcast-modified.png 561w, https:\/\/dartproject.eu\/wp-content\/uploads\/2025\/04\/podcast-modified-300x165.png 300w\" sizes=\"auto, (max-width: 150px) 100vw, 150px\" \/><\/td><td>VIVIR CON DIABETES TIPO 1 <\/td><td>OPINI\u00d3N DEL EXPERTO <br>Entrevista con la Dr. Sanja Pavi\u0107, MD<\/td><td>&nbsp;<a href=\"https:\/\/youtu.be\/E6AqpC0P6r0\">https:\/\/youtu.be\/E6AqpC0P6r0<\/a><\/td><td>&nbsp;<a href=\"https:\/\/moodle.dartproject.eu\/course\/section.php?id=334\">https:\/\/moodle.dartproject.eu\/course\/section.php?id=334<\/a><\/td><\/tr><tr><td>4.<img loading=\"lazy\" decoding=\"async\" width=\"150\" height=\"83\" class=\"wp-image-1669\" style=\"width: 150px;\" src=\"https:\/\/dartproject.eu\/wp-content\/uploads\/2025\/04\/podcast-modified.png\" alt=\"\" srcset=\"https:\/\/dartproject.eu\/wp-content\/uploads\/2025\/04\/podcast-modified.png 561w, https:\/\/dartproject.eu\/wp-content\/uploads\/2025\/04\/podcast-modified-300x165.png 300w\" sizes=\"auto, (max-width: 150px) 100vw, 150px\" \/><\/td><td>VIVIR CON DIABETES TIPO 2 <\/td><td>OPINI\u00d3N DEL EXPERTO Entrevista con el  Dr Rui Ramos<\/td><td>&nbsp;<a href=\"https:\/\/youtu.be\/WCtyoplZVZM\">https:\/\/youtu.be\/WCtyoplZVZM<\/a><\/td><td>&nbsp;<a href=\"https:\/\/moodle.dartproject.eu\/course\/section.php?id=33\">https:\/\/moodle.dartproject.eu\/course\/section.php?id=33<\/a><\/td><\/tr><tr><td>5.<img loading=\"lazy\" decoding=\"async\" width=\"150\" height=\"83\" class=\"wp-image-1669\" style=\"width: 150px;\" src=\"https:\/\/dartproject.eu\/wp-content\/uploads\/2025\/04\/podcast-modified.png\" alt=\"\" srcset=\"https:\/\/dartproject.eu\/wp-content\/uploads\/2025\/04\/podcast-modified.png 561w, https:\/\/dartproject.eu\/wp-content\/uploads\/2025\/04\/podcast-modified-300x165.png 300w\" sizes=\"auto, (max-width: 150px) 100vw, 150px\" \/><\/td><td>VIVIENDO CON DIABETES TIPO 1 Y 2 <\/td><td>CONSEJOS DEL M\u00c9DICO Entrevista al Dr. Riccardo Maria Pollis, diabet\u00f3logo<\/td><td><a href=\"https:\/\/youtu.be\/D8dvCYsWDcY\">https:\/\/youtu.be\/D8dvCYsWDcY<\/a> &nbsp;<\/td><td>&nbsp;<a href=\"https:\/\/moodle.dartproject.eu\/course\/section.php?id=336\">https:\/\/moodle.dartproject.eu\/course\/section.php?id=336<\/a><\/td><\/tr><tr><td>6.<img loading=\"lazy\" decoding=\"async\" width=\"150\" height=\"83\" class=\"wp-image-1669\" style=\"width: 150px;\" src=\"https:\/\/dartproject.eu\/wp-content\/uploads\/2025\/04\/podcast-modified.png\" alt=\"\" srcset=\"https:\/\/dartproject.eu\/wp-content\/uploads\/2025\/04\/podcast-modified.png 561w, https:\/\/dartproject.eu\/wp-content\/uploads\/2025\/04\/podcast-modified-300x165.png 300w\" sizes=\"auto, (max-width: 150px) 100vw, 150px\" \/><\/td><td>DIABETES TIPO 1 Y EDUCACI\u00d3N F\u00cdSICA <\/td><td>IMPACTO DEL EJERCICIO EN LOS RESULTADOS DE LA DIABETES Entrevista a la Dra. Laura Elvira Macagno (Catedr\u00e1tica de Ciencias de la Actividad F\u00edsica y del Deporte) y Marina Conesa Molina (paciente)&nbsp;<\/td><td><a href=\"https:\/\/youtu.be\/DlK8Qx3bO7Q\">https:\/\/youtu.be\/DlK8Qx3bO7Q<\/a> &nbsp;<\/td><td>&nbsp;<a href=\"https:\/\/moodle.dartproject.eu\/course\/section.php?id=337\">https:\/\/moodle.dartproject.eu\/course\/section.php?id=337<\/a><\/td><\/tr><tr><td>7.<img loading=\"lazy\" decoding=\"async\" width=\"150\" height=\"83\" class=\"wp-image-1669\" style=\"width: 150px;\" src=\"https:\/\/dartproject.eu\/wp-content\/uploads\/2025\/04\/podcast-modified.png\" alt=\"\" srcset=\"https:\/\/dartproject.eu\/wp-content\/uploads\/2025\/04\/podcast-modified.png 561w, https:\/\/dartproject.eu\/wp-content\/uploads\/2025\/04\/podcast-modified-300x165.png 300w\" sizes=\"auto, (max-width: 150px) 100vw, 150px\" \/><\/td><td>DIABETES TIPO 2 Y EDUCACI\u00d3N F\u00cdSICA <\/td><td>EL VALOR DEL EJERCICIO EN LA PREVENCI\u00d3N Entrevista conDr. Marco Vecchiato, M\u00e9dico especialista en Medicina del Deporte y el Ejercicio<\/td><td><a href=\"https:\/\/youtu.be\/T67bBUnsAJ0\">https:\/\/youtu.be\/T67bBUnsAJ0<\/a> &nbsp;<\/td><td>&nbsp;<a href=\"https:\/\/moodle.dartproject.eu\/course\/section.php?id=338\">https:\/\/moodle.dartproject.eu\/course\/section.php?id=338<\/a><\/td><\/tr><tr><td>8.<img loading=\"lazy\" decoding=\"async\" width=\"150\" height=\"83\" class=\"wp-image-1669\" style=\"width: 150px;\" src=\"https:\/\/dartproject.eu\/wp-content\/uploads\/2025\/04\/podcast-modified.png\" alt=\"\" srcset=\"https:\/\/dartproject.eu\/wp-content\/uploads\/2025\/04\/podcast-modified.png 561w, https:\/\/dartproject.eu\/wp-content\/uploads\/2025\/04\/podcast-modified-300x165.png 300w\" sizes=\"auto, (max-width: 150px) 100vw, 150px\" \/><\/td><td>DIABETES TIPO 1 Y EDUCACI\u00d3N F\u00cdSICA <\/td><td>PRECAUCIONES<br>Entrevista con el  Jorge Daniel Martins Branquinho<\/td><td>&nbsp;<a href=\"https:\/\/youtu.be\/NeLEv_83zCc\">https:\/\/youtu.be\/NeLEv_83zCc<\/a><\/td><td>&nbsp;<a href=\"https:\/\/moodle.dartproject.eu\/course\/section.php?id=339\">https:\/\/moodle.dartproject.eu\/course\/section.php?id=339<\/a><\/td><\/tr><tr><td>9<img loading=\"lazy\" decoding=\"async\" width=\"150\" height=\"83\" class=\"wp-image-1669\" style=\"width: 150px;\" src=\"https:\/\/dartproject.eu\/wp-content\/uploads\/2025\/04\/podcast-modified.png\" alt=\"\" srcset=\"https:\/\/dartproject.eu\/wp-content\/uploads\/2025\/04\/podcast-modified.png 561w, https:\/\/dartproject.eu\/wp-content\/uploads\/2025\/04\/podcast-modified-300x165.png 300w\" sizes=\"auto, (max-width: 150px) 100vw, 150px\" \/><\/td><td>DIABETES TIPO 2 Y EDUCACI\u00d3N F\u00cdSICA <\/td><td>PRECAUCIONES<br>Entrevista con la Dr. Sanja Pavi\u0107, MD<\/td><td>&nbsp;<a href=\"https:\/\/youtu.be\/gA-2Khi0QHY\">https:\/\/youtu.be\/gA-2Khi0QHY<\/a><\/td><td>&nbsp;<a href=\"https:\/\/moodle.dartproject.eu\/course\/section.php?id=340\">https:\/\/moodle.dartproject.eu\/course\/section.php?id=340<\/a><\/td><\/tr><tr><td>10.<img loading=\"lazy\" decoding=\"async\" width=\"150\" height=\"83\" class=\"wp-image-1669\" style=\"width: 150px;\" src=\"https:\/\/dartproject.eu\/wp-content\/uploads\/2025\/04\/podcast-modified.png\" alt=\"\" srcset=\"https:\/\/dartproject.eu\/wp-content\/uploads\/2025\/04\/podcast-modified.png 561w, https:\/\/dartproject.eu\/wp-content\/uploads\/2025\/04\/podcast-modified-300x165.png 300w\" sizes=\"auto, (max-width: 150px) 100vw, 150px\" \/><\/td><td>ALIMENTOS PARA DIAB\u00c9TICOS <\/td><td>PARA LA DIABETES TIPO 1 Entrevista con la Dra. Angeliki Gouli, endocrin\u00f3loga<\/td><td><a href=\"https:\/\/youtu.be\/KlxyCHPbqn0\">https:\/\/youtu.be\/KlxyCHPbqn0<\/a> &nbsp;<\/td><td>&nbsp;<a href=\"https:\/\/moodle.dartproject.eu\/course\/section.php?id=341\">https:\/\/moodle.dartproject.eu\/course\/section.php?id=341<\/a><\/td><\/tr><tr><td>11.<img loading=\"lazy\" decoding=\"async\" width=\"150\" height=\"83\" class=\"wp-image-1669\" style=\"width: 150px;\" src=\"https:\/\/dartproject.eu\/wp-content\/uploads\/2025\/04\/podcast-modified.png\" alt=\"\" srcset=\"https:\/\/dartproject.eu\/wp-content\/uploads\/2025\/04\/podcast-modified.png 561w, https:\/\/dartproject.eu\/wp-content\/uploads\/2025\/04\/podcast-modified-300x165.png 300w\" sizes=\"auto, (max-width: 150px) 100vw, 150px\" \/><\/td><td>ALIMENTOS PARA DIAB\u00c9TICOS <\/td><td>PARA LA DIABETES TIPO 2, Entrevista con la Dra. Angeliki Gouli, endocrin\u00f3loga<\/td><td><a href=\"https:\/\/youtu.be\/iNmt_ikXYPY\">https:\/\/youtu.be\/iNmt_ikXYPY<\/a> &nbsp;<\/td><td>&nbsp;<a href=\"https:\/\/youtu.be\/iNmt_ikXYPY\">https:\/\/youtu.be\/iNmt_ikXYPY<\/a><\/td><\/tr><tr><td>12.<img loading=\"lazy\" decoding=\"async\" width=\"150\" height=\"83\" class=\"wp-image-1669\" style=\"width: 150px;\" src=\"https:\/\/dartproject.eu\/wp-content\/uploads\/2025\/04\/podcast-modified.png\" alt=\"\" srcset=\"https:\/\/dartproject.eu\/wp-content\/uploads\/2025\/04\/podcast-modified.png 561w, https:\/\/dartproject.eu\/wp-content\/uploads\/2025\/04\/podcast-modified-300x165.png 300w\" sizes=\"auto, (max-width: 150px) 100vw, 150px\" \/><\/td><td>HISTORIAS DE \u00c9XITO <\/td><td>PACIENTE 1 Entrevista conIonu\u021b B\u00e2rsan (paciente)<\/td><td><a href=\"https:\/\/youtu.be\/EfiXaUcHzwQ\">https:\/\/youtu.be\/EfiXaUcHzwQ<\/a> &nbsp;<\/td><td>&nbsp;<a href=\"https:\/\/youtu.be\/EfiXaUcHzwQ\">https:\/\/youtu.be\/EfiXaUcHzwQ<\/a><\/td><\/tr><tr><td>13.<img loading=\"lazy\" decoding=\"async\" width=\"150\" height=\"83\" class=\"wp-image-1669\" style=\"width: 150px;\" src=\"https:\/\/dartproject.eu\/wp-content\/uploads\/2025\/04\/podcast-modified.png\" alt=\"\" srcset=\"https:\/\/dartproject.eu\/wp-content\/uploads\/2025\/04\/podcast-modified.png 561w, https:\/\/dartproject.eu\/wp-content\/uploads\/2025\/04\/podcast-modified-300x165.png 300w\" sizes=\"auto, (max-width: 150px) 100vw, 150px\" \/><\/td><td>HISTORIAS DE \u00c9XITO <\/td><td>PACIENTE 2 Entrevista con Dalea Medve Mihaela (paciente)<\/td><td><a href=\"https:\/\/youtu.be\/42WzJUR4l1A\">https:\/\/youtu.be\/42WzJUR4l1A<\/a> &nbsp;<\/td><td>&nbsp;<a href=\"https:\/\/youtu.be\/42WzJUR4l1A\">https:\/\/youtu.be\/42WzJUR4l1A<\/a><\/td><\/tr><tr><td>14.<img loading=\"lazy\" decoding=\"async\" width=\"150\" height=\"83\" class=\"wp-image-1669\" style=\"width: 150px;\" src=\"https:\/\/dartproject.eu\/wp-content\/uploads\/2025\/04\/podcast-modified.png\" alt=\"\" srcset=\"https:\/\/dartproject.eu\/wp-content\/uploads\/2025\/04\/podcast-modified.png 561w, https:\/\/dartproject.eu\/wp-content\/uploads\/2025\/04\/podcast-modified-300x165.png 300w\" sizes=\"auto, (max-width: 150px) 100vw, 150px\" \/><\/td><td>HISTORIAS DE \u00c9XITO <\/td><td>PACIENTE 3 Entrevista con David Petrisor(paciente)<\/td><td><a href=\"https:\/\/youtu.be\/0yTAuG--jiE\">https:\/\/youtu.be\/0yTAuG&#8211;jiE<\/a> &nbsp;<\/td><td>&nbsp;<a href=\"https:\/\/youtu.be\/0yTAuG--jiE\">https:\/\/youtu.be\/0yTAuG&#8211;jiE<\/a><\/td><\/tr><tr><td>15.<img loading=\"lazy\" decoding=\"async\" width=\"150\" height=\"83\" class=\"wp-image-1669\" style=\"width: 150px;\" src=\"https:\/\/dartproject.eu\/wp-content\/uploads\/2025\/04\/podcast-modified.png\" alt=\"\" srcset=\"https:\/\/dartproject.eu\/wp-content\/uploads\/2025\/04\/podcast-modified.png 561w, https:\/\/dartproject.eu\/wp-content\/uploads\/2025\/04\/podcast-modified-300x165.png 300w\" sizes=\"auto, (max-width: 150px) 100vw, 150px\" \/><\/td><td>HISTORIAS DE \u00c9XITO <\/td><td>PACIENTE 4 Entrevista con Daboczi Matyas(paciente)<strong><\/strong><\/td><td><a href=\"https:\/\/youtu.be\/xCXLBLDQgP4\">https:\/\/youtu.be\/xCXLBLDQgP4<\/a> &nbsp;<\/td><td>&nbsp;<a href=\"https:\/\/youtu.be\/xCXLBLDQgP4\">https:\/\/youtu.be\/xCXLBLDQgP4<\/a><\/td><\/tr><\/tbody><\/table><\/figure><p><\/p>","protected":false},"excerpt":{"rendered":"<p>Serie de PODCAST: Esta es otra innovaci\u00f3n de nuestro proyecto. Incluye una serie de 15 podcasts que contienen interesantes debates con expertos en los campos de la diabetes y la actividad f\u00edsica o historias de \u00e9xito de pacientes diab\u00e9ticos. &nbsp; PODCASTS T\u00cdTULO ENLACE DE YOUTUBE &nbsp; ENLACE A LA PLATAFORMA MOODLE 1. VIVIR CON DIABETES&#8230;<\/p>\n","protected":false},"author":1,"featured_media":0,"parent":0,"menu_order":0,"comment_status":"closed","ping_status":"closed","template":"","meta":{"footnotes":""},"class_list":["post-1142","page","type-page","status-publish","hentry"],"_links":{"self":[{"href":"https:\/\/dartproject.eu\/es\/wp-json\/wp\/v2\/pages\/1142","targetHints":{"allow":["GET"]}}],"collection":[{"href":"https:\/\/dartproject.eu\/es\/wp-json\/wp\/v2\/pages"}],"about":[{"href":"https:\/\/dartproject.eu\/es\/wp-json\/wp\/v2\/types\/page"}],"author":[{"embeddable":true,"href":"https:\/\/dartproject.eu\/es\/wp-json\/wp\/v2\/users\/1"}],"replies":[{"embeddable":true,"href":"https:\/\/dartproject.eu\/es\/wp-json\/wp\/v2\/comments?post=1142"}],"version-history":[{"count":10,"href":"https:\/\/dartproject.eu\/es\/wp-json\/wp\/v2\/pages\/1142\/revisions"}],"predecessor-version":[{"id":3073,"href":"https:\/\/dartproject.eu\/es\/wp-json\/wp\/v2\/pages\/1142\/revisions\/3073"}],"wp:attachment":[{"href":"https:\/\/dartproject.eu\/es\/wp-json\/wp\/v2\/media?parent=1142"}],"curies":[{"name":"wp","href":"https:\/\/api.w.org\/{rel}","templated":true}]}}