{"id":1156,"date":"2025-03-28T14:53:11","date_gmt":"2025-03-28T14:53:11","guid":{"rendered":"https:\/\/demo.dartproject.eu\/reports\/"},"modified":"2025-04-13T15:24:04","modified_gmt":"2025-04-13T15:24:04","slug":"reports","status":"publish","type":"page","link":"https:\/\/dartproject.eu\/es\/reports\/","title":{"rendered":"Informes"},"content":{"rendered":"<div class=\"wp-block-cover is-light has-parallax\"><span aria-hidden=\"true\" class=\"wp-block-cover__background has-background-dim-0 has-background-dim\" style=\"background-color:#32bfcb\"><\/span><div class=\"wp-block-cover__image-background wp-image-1723 has-parallax\" style=\"background-position:50% 50%;background-image:url(https:\/\/dartproject.eu\/wp-content\/uploads\/2025\/04\/composition-medical-objects-with-copyspace-copy.jpg)\"><\/div><div class=\"wp-block-cover__inner-container is-layout-constrained wp-block-cover-is-layout-constrained\"><p class=\"has-text-align-center has-large-font-size\"><\/p><\/div><\/div><p class=\"has-primary-color has-text-color has-link-color wp-elements-a89e8c9d44cdfbad1b61364b457330fe\"><strong>PRODUCTO INTELECTUAL 3: CUESTIONARIOS<\/strong><\/p><p>Hemos dise\u00f1ado y desarrollado cuestionarios en 7 versiones ling\u00fc\u00edsticas para los formularios de evaluaci\u00f3n de materiales que se distribuyen a los participantes antes y despu\u00e9s de que finalice el periodo de aplicaci\u00f3n del piloto.<\/p><p>Las pruebas recopiladas se consideran en su conjunto para puntuar el indicador en una escala de cinco puntos, en la que el nivel 1 se asocia con el nivel m\u00e1s bajo de preocupaci\u00f3n y el nivel 5 con el m\u00e1s alto.<\/p><p>Los resultados se obtienen de nuestros productos intelectuales digitales: Software de aplicaci\u00f3n m\u00f3vil y plataforma electr\u00f3nica, as\u00ed como de los eventos multiplicadores y de retransmisi\u00f3n en directo.<\/p><p class=\"has-primary-color has-text-color has-link-color wp-elements-80efc60dbcf247a7123a0ccac9681c7d\"><br><br><strong>PRODUCTO INTELECTUAL 4: INFORMES<\/strong><\/p><p>DART elabor\u00f3 seis informes de todos los pa\u00edses participantes que inclu\u00edan los resultados de la aplicaci\u00f3n piloto de los productos de DART a nuestros grupos destinatarios.<\/p><p>Los informes contienen los resultados de la evaluaci\u00f3n de la aplicaci\u00f3n piloto de nuestros Productos Intelectuales digitales:<br><br><strong>a) Aplicaci\u00f3n m\u00f3vil (Programas de entrenamiento para pacientes diab\u00e9ticos de tipo I y II).<\/strong><\/p><p>A partir del n\u00famero de \u00ab\u00e1rboles de la vida\u00bb digitales que se completan, recibimos informaci\u00f3n sobre cu\u00e1ntas personas han completado el programa de entrenamiento, cu\u00e1ntas lo han abandonado y en qu\u00e9 fase, el tipo de diabetes que padecen, la edad y el sexo.<br><\/p><p><br><strong>b) Estad\u00edsticas de la plataforma electr\u00f3nica<\/strong><\/p><p>&#8211; Resultados del an\u00e1lisis estad\u00edstico de la plataforma electr\u00f3nica (n\u00famero de usuarios que se han registrado en los m\u00f3dulos, n\u00famero de visitas, etc.).<br>&#8211; Recogida de datos de evaluaci\u00f3n de las personas que han participado en eventos en l\u00ednea.<\/p><p><strong>c)<\/strong> Los resultados de los <strong>formularios de evaluaci\u00f3n de Materiales<\/strong> que se distribuyen a los atletas diab\u00e9ticos, padres y profesores\/entrenadores despu\u00e9s de los eventos de difusi\u00f3n.<br><\/p><p class=\"has-primary-color has-text-color has-link-color wp-elements-da1bdc1108d5212701c416f4c69ae3b4\"><strong>AN\u00c1LISIS DE LOS RESULTADOS<\/strong><\/p><p>&#8211; An\u00e1lisis de los resultados recogidos seg\u00fan los indicadores.<\/p><p>&#8211; Elaboraci\u00f3n de 6 Informes (en ingl\u00e9s), uno por cada pa\u00eds participante<\/p><p class=\"has-primary-color has-text-color has-link-color wp-elements-982c251d93d9b3fa6ae8573cb95b9c8c\"><br><br><strong>\u200b<\/strong> <strong>INFORME FINAL y an\u00e1lisis estad\u00edstico<\/strong><\/p><p>El INFORME FINAL incluye el an\u00e1lisis de los resultados recibidos de los Informes de todas las instituciones participantes seg\u00fan los indicadores analizados en la secci\u00f3n de Metodolog\u00eda.<\/p><ul class=\"wp-block-list\"><li>AN\u00c1LISIS ESTAD\u00cdSTICO: DART tambi\u00e9n incluye un an\u00e1lisis estad\u00edstico de los resultados \u00fatil para futuras investigaciones en este campo y,<\/li><\/ul><ul class=\"wp-block-list\"><li>RECOMENDACIONES para la inclusi\u00f3n de los grupos desfavorecidos \u00fatiles para los responsables de la pol\u00edtica deportiva.<\/li><\/ul><p>Los informes elaborados a partir de los resultados de nuestro proyecto son muy \u00fatiles para el an\u00e1lisis de las estrategias de inclusi\u00f3n de los grupos desfavorecidos y podr\u00edan ayudar a los responsables de las pol\u00edticas deportivas de toda Europa a recopilar datos valiosos para sus estudios.<\/p>","protected":false},"excerpt":{"rendered":"<p>PRODUCTO INTELECTUAL 3: CUESTIONARIOS Hemos dise\u00f1ado y desarrollado cuestionarios en 7 versiones ling\u00fc\u00edsticas para los formularios de evaluaci\u00f3n de materiales que se distribuyen a los participantes antes y despu\u00e9s de que finalice el periodo de aplicaci\u00f3n del piloto. Las pruebas recopiladas se consideran en su conjunto para puntuar el indicador en una escala de cinco&#8230;<\/p>\n","protected":false},"author":1,"featured_media":0,"parent":0,"menu_order":0,"comment_status":"closed","ping_status":"closed","template":"","meta":{"footnotes":""},"class_list":["post-1156","page","type-page","status-publish","hentry"],"_links":{"self":[{"href":"https:\/\/dartproject.eu\/es\/wp-json\/wp\/v2\/pages\/1156","targetHints":{"allow":["GET"]}}],"collection":[{"href":"https:\/\/dartproject.eu\/es\/wp-json\/wp\/v2\/pages"}],"about":[{"href":"https:\/\/dartproject.eu\/es\/wp-json\/wp\/v2\/types\/page"}],"author":[{"embeddable":true,"href":"https:\/\/dartproject.eu\/es\/wp-json\/wp\/v2\/users\/1"}],"replies":[{"embeddable":true,"href":"https:\/\/dartproject.eu\/es\/wp-json\/wp\/v2\/comments?post=1156"}],"version-history":[{"count":3,"href":"https:\/\/dartproject.eu\/es\/wp-json\/wp\/v2\/pages\/1156\/revisions"}],"predecessor-version":[{"id":1848,"href":"https:\/\/dartproject.eu\/es\/wp-json\/wp\/v2\/pages\/1156\/revisions\/1848"}],"wp:attachment":[{"href":"https:\/\/dartproject.eu\/es\/wp-json\/wp\/v2\/media?parent=1156"}],"curies":[{"name":"wp","href":"https:\/\/api.w.org\/{rel}","templated":true}]}}