{"id":1190,"date":"2025-03-30T02:05:16","date_gmt":"2025-03-30T02:05:16","guid":{"rendered":"https:\/\/demo.dartproject.eu\/dart-activities-2\/"},"modified":"2025-12-17T22:01:34","modified_gmt":"2025-12-17T22:01:34","slug":"dart-activities-2","status":"publish","type":"page","link":"https:\/\/dartproject.eu\/es\/dart-activities-2\/","title":{"rendered":"Actividades DART"},"content":{"rendered":"<h2 class=\"wp-block-heading has-light-color-color has-text-color has-link-color wp-elements-eeddb166e572b529ac4ef1c8076c19d2\">Libro de investigaci\u00f3n que incluye el proyecto DART<\/h2><div class=\"_3d-flip-book  fb3d-fullscreen-mode full-size\" data-id=\"3233\" data-mode=\"fullscreen\" data-title=\"false\" data-template=\"short-white-book-view\" data-lightbox=\"dark-shadow\" data-urlparam=\"fb3d-page\" data-page-n=\"0\" data-pdf=\"\" data-tax=\"null\" data-thumbnail=\"\" data-cols=\"3\" data-book-template=\"default\" data-trigger=\"\"><\/div><script type=\"text\/javascript\">window.FB3D_CLIENT_DATA = window.FB3D_CLIENT_DATA || [];FB3D_CLIENT_DATA.push('eyJwb3N0cyI6eyIzMjMzIjp7IklEIjozMjMzLCJ0aXRsZSI6IkRBUlQgRElTU0VNSU5BVElPTiIsInR5cGUiOiJwZGYiLCJyZWFkeV9mdW5jdGlvbiI6IiIsImJvb2tfc3R5bGUiOiJmbGF0IiwiYm9va190ZW1wbGF0ZSI6Im5vbmUiLCJvdXRsaW5lIjpbXSwiZGF0YSI6eyJwb3N0X0lEIjoiMzIzNCIsImd1aWQiOiJodHRwczpcL1wvZGFydHByb2plY3QuZXVcL3dwLWNvbnRlbnRcL3VwbG9hZHNcLzIwMjVcLzA5XC9EQVJULVJPTUFOSUFOLUJPT0syX2NvbXByZXNzZWQtMS5wZGYiLCJwZGZfcGFnZXMiOiIyMzEiLCJwYWdlc19jdXN0b21pemF0aW9uIjoibm9uZSJ9LCJ0aHVtYm5haWwiOnsiZGF0YSI6eyJwb3N0X0lEIjoiMCJ9LCJ0eXBlIjoiYXV0byJ9LCJwcm9wcyI6eyJiYWNrZ3JvdW5kQ29sb3IiOiJhdXRvIiwiYmFja2dyb3VuZEltYWdlIjoiYXV0byIsImJhY2tncm91bmRTdHlsZSI6ImF1dG8iLCJoaWdobGlnaHRMaW5rcyI6ImF1dG8iLCJsaWdodGluZyI6ImF1dG8iLCJzaW5nbGVQYWdlTW9kZSI6ImF1dG8iLCJjYWNoZWRQYWdlcyI6ImF1dG8iLCJyZW5kZXJJbmFjdGl2ZVBhZ2VzIjoiYXV0byIsInJlbmRlckluYWN0aXZlUGFnZXNPbk1vYmlsZSI6ImF1dG8iLCJyZW5kZXJXaGlsZUZsaXBwaW5nIjoiYXV0byIsInByZWxvYWRQYWdlcyI6ImF1dG8iLCJhdXRvUGxheUR1cmF0aW9uIjoiYXV0byIsInJ0bCI6ImF1dG8iLCJpbnRlcmFjdGl2ZUNvcm5lcnMiOiJhdXRvIiwibWF4RGVwdGgiOiJhdXRvIiwic2hlZXQiOnsic3RhcnRWZWxvY2l0eSI6ImF1dG8iLCJ3YXZlIjoiYXV0byIsInNoYXBlIjoiYXV0byIsIndpZHRoVGV4ZWxzIjoiYXV0byIsImNvbG9yIjoiYXV0byIsInNpZGUiOiJhdXRvIiwic3RyZXRjaEltYWdlcyI6ImF1dG8iLCJjb3JuZXJEZXZpYXRpb24iOiJhdXRvIiwiZmxleGliaWxpdHkiOiJhdXRvIiwiZmxleGlibGVDb3JuZXIiOiJhdXRvIiwiYmVuZGluZyI6ImF1dG8iLCJoZWlnaHRUZXhlbHMiOiJhdXRvIn0sImNvdmVyIjp7IndhdmUiOiJhdXRvIiwiY29sb3IiOiJhdXRvIiwic2lkZSI6ImF1dG8iLCJzdHJldGNoSW1hZ2VzIjoiYXV0byIsImJpbmRlclRleHR1cmUiOiJhdXRvIiwiZGVwdGgiOiJhdXRvIiwicGFkZGluZyI6ImF1dG8iLCJzdGFydFZlbG9jaXR5IjoiYXV0byIsImZsZXhpYmlsaXR5IjoiYXV0byIsImZsZXhpYmxlQ29ybmVyIjoiYXV0byIsImJlbmRpbmciOiJhdXRvIiwid2lkdGhUZXhlbHMiOiJhdXRvIiwiaGVpZ2h0VGV4ZWxzIjoiYXV0byIsIm1hc3MiOiJhdXRvIiwic2hhcGUiOiJhdXRvIn0sInBhZ2UiOnsid2F2ZSI6ImF1dG8iLCJjb2xvciI6ImF1dG8iLCJzaWRlIjoiYXV0byIsInN0cmV0Y2hJbWFnZXMiOiJhdXRvIiwiZGVwdGgiOiJhdXRvIiwic3RhcnRWZWxvY2l0eSI6ImF1dG8iLCJmbGV4aWJpbGl0eSI6ImF1dG8iLCJmbGV4aWJsZUNvcm5lciI6ImF1dG8iLCJiZW5kaW5nIjoiYXV0byIsIndpZHRoVGV4ZWxzIjoiYXV0byIsImhlaWdodFRleGVscyI6ImF1dG8iLCJtYXNzIjoiYXV0byIsInNoYXBlIjoiYXV0byJ9LCJoZWlnaHQiOiJhdXRvIiwid2lkdGgiOiJhdXRvIiwiZ3Jhdml0eSI6ImF1dG8iLCJwYWdlc0ZvclByZWRpY3RpbmciOiJhdXRvIn0sImNvbnRyb2xQcm9wcyI6eyJhY3Rpb25zIjp7ImNtZFRvYyI6eyJlbmFibGVkIjoiYXV0byIsImVuYWJsZWRJbk5hcnJvdyI6ImF1dG8iLCJhY3RpdmUiOiJhdXRvIiwiZGVmYXVsdFRhYiI6ImF1dG8ifSwiY21kQXV0b1BsYXkiOnsiZW5hYmxlZCI6ImF1dG8iLCJlbmFibGVkSW5OYXJyb3ciOiJhdXRvIiwiYWN0aXZlIjoiYXV0byJ9LCJjbWRTYXZlIjp7ImVuYWJsZWQiOiJhdXRvIiwiZW5hYmxlZEluTmFycm93IjoiYXV0byJ9LCJjbWRQcmludCI6eyJlbmFibGVkIjoiYXV0byIsImVuYWJsZWRJbk5hcnJvdyI6ImF1dG8ifSwiY21kU2luZ2xlUGFnZSI6eyJlbmFibGVkIjoiYXV0byIsImVuYWJsZWRJbk5hcnJvdyI6ImF1dG8iLCJhY3RpdmUiOiJhdXRvIiwiYWN0aXZlRm9yTW9iaWxlIjoiYXV0byJ9LCJ3aWRUb29sYmFyIjp7ImVuYWJsZWQiOiJhdXRvIiwiZW5hYmxlZEluTmFycm93IjoiYXV0byJ9fX0sImF1dG9UaHVtYm5haWwiOiJodHRwczpcL1wvZGFydHByb2plY3QuZXVcL3dwLWNvbnRlbnRcL3VwbG9hZHNcLzNkLWZsaXAtYm9va1wvYXV0by10aHVtYm5haWxzXC8zMjMzLnBuZyIsInBvc3RfbmFtZSI6ImRhcnQtZGlzc2VtaW5hdGlvbiIsInBvc3RfdHlwZSI6IjNkLWZsaXAtYm9vayJ9fSwicGFnZXMiOltdLCJmaXJzdFBhZ2VzIjpbXX0=');window.FB3D_CLIENT_LOCALE && FB3D_CLIENT_LOCALE.render && FB3D_CLIENT_LOCALE.render();<\/script><h2 class=\"wp-block-heading has-light-color-color has-text-color has-link-color wp-elements-4f9347080645aefee08030f1b6feabcb\">ENTREVISTAS<\/h2><figure class=\"wp-block-embed is-type-video is-provider-youtube wp-block-embed-youtube wp-embed-aspect-16-9 wp-has-aspect-ratio\"><div class=\"wp-block-embed__wrapper\">\n<iframe loading=\"lazy\"  id=\"_ytid_69617\"  width=\"800\" height=\"450\"  data-origwidth=\"800\" data-origheight=\"450\" src=\"https:\/\/www.youtube.com\/embed\/s-BGAXf3XFo?enablejsapi=1&#038;autoplay=0&#038;cc_load_policy=0&#038;iv_load_policy=1&#038;loop=0&#038;fs=1&#038;playsinline=0&#038;controls=1&#038;color=red&#038;cc_lang_pref=&#038;rel=0&#038;autohide=2&#038;theme=dark&#038;\" class=\"__youtube_prefs__  epyt-is-override  no-lazyload\" title=\"YouTube player\"  allow=\"fullscreen; accelerometer; autoplay; clipboard-write; encrypted-media; gyroscope; picture-in-picture; web-share\" referrerpolicy=\"strict-origin-when-cross-origin\" allowfullscreen data-no-lazy=\"1\" data-skipgform_ajax_framebjll=\"\"><\/iframe>\n<\/div><\/figure><h2 class=\"wp-block-heading has-light-color-color has-text-color has-link-color wp-elements-3b6ca4b575307ebe6f6c5caefe31adfd\">LIVE STREAMING- UCV, VALENCIA- ESPA\u00d1A<\/h2><figure class=\"wp-block-embed is-type-video is-provider-youtube wp-block-embed-youtube wp-embed-aspect-16-9 wp-has-aspect-ratio\"><div class=\"wp-block-embed__wrapper\">\n<iframe loading=\"lazy\"  id=\"_ytid_87330\"  width=\"800\" height=\"450\"  data-origwidth=\"800\" data-origheight=\"450\" src=\"https:\/\/www.youtube.com\/embed\/4DMyctxoRbs?enablejsapi=1&#038;autoplay=0&#038;cc_load_policy=0&#038;iv_load_policy=1&#038;loop=0&#038;fs=1&#038;playsinline=0&#038;controls=1&#038;color=red&#038;cc_lang_pref=&#038;rel=0&#038;autohide=2&#038;theme=dark&#038;\" class=\"__youtube_prefs__  epyt-is-override  no-lazyload\" title=\"YouTube player\"  allow=\"fullscreen; accelerometer; autoplay; clipboard-write; encrypted-media; gyroscope; picture-in-picture; web-share\" referrerpolicy=\"strict-origin-when-cross-origin\" allowfullscreen data-no-lazy=\"1\" data-skipgform_ajax_framebjll=\"\"><\/iframe>\n<\/div><\/figure><p><\/p><h2 class=\"wp-block-heading has-light-color-color has-text-color has-link-color wp-elements-21847fcc74d7e086048a40dffed1f240\"><strong>EU-CONEXUS Conference<\/strong><\/h2><p class=\"has-big-font-size\"><strong>Transformative&nbsp; Research for Urban Coastal Sustainability<\/strong><\/p><p class=\"has-big-font-size\"><strong>Catholic University of Valencia21-23 October 2025<\/strong><\/p><p class=\"has-big-font-size\"><strong>Title: \u201cDART Project: Enhancing Equitable Access to Diabetes Education Through Augmented Reality Training\u201d<\/strong><\/p><p><strong>Florentino Huertas, Consuelo Moratal, Rafael Ballester, Carlos Sanchis, Esther Navarro, Cristina Ferrer, Claudia Sanchis, &amp; Ana Pablos.<\/strong><\/p><p><strong>Catholic University of Valencia, Valencia (Spain)<\/strong><\/p><p><strong>Abstract:<\/strong><\/p><p>The DART Project (Diabetes Augmented Reality Training) addresses the pressing need for equitable, accessible, and engaging diabetes education, particularly in the promotion of healthy lifestyle habits through physical activity. In response to rising global diabetes rates and the uneven access to quality self-management resources, DART aims to empower individuals with Type I and Type II diabetes by leveraging innovative digital tools.<\/p><p>The project\u2019s core objectives include improving knowledge about diabetes, promoting sustained physical activity, reducing sedentary behavior, and enhancing digital literacy among people with diabetes and their support networks.<\/p><p>To achieve these aims, an interdisciplinary committee of experts in medicine, sport sciences, nursing, and nutrition collaboratively designed an augmented reality (AR) application. This tool features a virtual trainer that guides users through individualized exercise programs adapted to their needs and clinical profiles.<\/p><p>The DART methodology integrates user-centered design principles and evidence-based practices to ensure both safety and effectiveness.<\/p><p class=\"has-big-font-size\">Key outcomes of the project include: (1) the development of a mobile AR app for diabetes-related exercise interventions; (2) the launch of an educational Moodle platform targeting patients, families, teachers, and coaches; and (3) a podcast series featuring interviews with healthcare professionals and patients on the role of physical activity in diabetes management. In conclusion, DART demonstrates how digital innovation can enhance equitable access to diabetes education and empower individuals across diverse contexts to take active roles in their health and well-being.<\/p><figure class=\"wp-block-embed is-type-video is-provider-youtube wp-block-embed-youtube wp-embed-aspect-16-9 wp-has-aspect-ratio\"><div class=\"wp-block-embed__wrapper\">\n<iframe loading=\"lazy\"  id=\"_ytid_76148\"  width=\"800\" height=\"450\"  data-origwidth=\"800\" data-origheight=\"450\" src=\"https:\/\/www.youtube.com\/embed\/PtxizNTuwx8?enablejsapi=1&#038;autoplay=0&#038;cc_load_policy=0&#038;iv_load_policy=1&#038;loop=0&#038;fs=1&#038;playsinline=0&#038;controls=1&#038;color=red&#038;cc_lang_pref=&#038;rel=0&#038;autohide=2&#038;theme=dark&#038;\" class=\"__youtube_prefs__  epyt-is-override  no-lazyload\" title=\"YouTube player\"  allow=\"fullscreen; accelerometer; autoplay; clipboard-write; encrypted-media; gyroscope; picture-in-picture; web-share\" referrerpolicy=\"strict-origin-when-cross-origin\" allowfullscreen data-no-lazy=\"1\" data-skipgform_ajax_framebjll=\"\"><\/iframe>\n<\/div><\/figure><h2 class=\"wp-block-heading has-light-color-color has-text-color has-link-color wp-elements-dd4a1fc5e540a7ea44c6c750f742e009\"><strong>Certificado de P\u00f3ster para la Conferencia EU-CONEXUS 2025<\/strong><\/h2><figure class=\"wp-block-image size-large\"><img loading=\"lazy\" decoding=\"async\" width=\"1024\" height=\"698\" src=\"https:\/\/dartproject.eu\/wp-content\/uploads\/2025\/11\/certificate-of-poster-1024x698.jpg\" alt=\"\" class=\"wp-image-3480\" srcset=\"https:\/\/dartproject.eu\/wp-content\/uploads\/2025\/11\/certificate-of-poster-1024x698.jpg 1024w, https:\/\/dartproject.eu\/wp-content\/uploads\/2025\/11\/certificate-of-poster-300x204.jpg 300w, https:\/\/dartproject.eu\/wp-content\/uploads\/2025\/11\/certificate-of-poster-768x523.jpg 768w, https:\/\/dartproject.eu\/wp-content\/uploads\/2025\/11\/certificate-of-poster-600x409.jpg 600w, https:\/\/dartproject.eu\/wp-content\/uploads\/2025\/11\/certificate-of-poster.jpg 1203w\" sizes=\"auto, (max-width: 1024px) 100vw, 1024px\" \/><\/figure><p>Nos complace presentarle el certificado de presentaci\u00f3n del v\u00eddeo-p\u00f3ster del proyecto DART en la Conferencia EUConexus.<\/p><p><strong>AUTORES<\/strong>: Huertas, F.; Pablos, A.; Moratal, C.; Ballester, R.; Sanchis, C.; Navarro, E.; Ferrer, C.; Sanchis, C.E.<\/p><p><strong>T\u00cdTULO<\/strong>: Proyecto DART: Mejorando el acceso equitativo a la educaci\u00f3n sobre la diabetes mediante formaci\u00f3n en realidad aumentada<\/p><p><strong>CONFERENCIA<\/strong>: Conferencia EU-CONEXUS 2025 \u201cInvestigaci\u00f3n Transformadora para la Sostenibilidad de las Zonas Costeras Urbanas\u201d<\/p><p><strong>LUGAR<\/strong>: Valencia (Espa\u00f1a)<\/p><p><strong>A\u00d1O<\/strong>: 2025<\/p><figure class=\"wp-block-embed is-type-video is-provider-youtube wp-block-embed-youtube wp-embed-aspect-16-9 wp-has-aspect-ratio\"><div class=\"wp-block-embed__wrapper\">\n<iframe loading=\"lazy\"  id=\"_ytid_43260\"  width=\"800\" height=\"450\"  data-origwidth=\"800\" data-origheight=\"450\" src=\"https:\/\/www.youtube.com\/embed\/?enablejsapi=1&#038;list=PLxSHWASWZEVXnpyluZHv8oeKU6v-ixTyO&#038;autoplay=0&#038;cc_load_policy=0&#038;iv_load_policy=1&#038;loop=0&#038;fs=1&#038;playsinline=0&#038;controls=1&#038;color=red&#038;cc_lang_pref=&#038;rel=0&#038;autohide=2&#038;theme=dark&#038;\" class=\"__youtube_prefs__  epyt-is-override  no-lazyload\" title=\"YouTube player\"  allow=\"fullscreen; accelerometer; autoplay; clipboard-write; encrypted-media; gyroscope; picture-in-picture; web-share\" referrerpolicy=\"strict-origin-when-cross-origin\" allowfullscreen data-no-lazy=\"1\" data-skipgform_ajax_framebjll=\"\"><\/iframe>\n<\/div><\/figure><h2 class=\"wp-block-heading has-light-color-color has-text-color has-link-color wp-elements-4bcbb0637665f56bdf7ce9f12995d771\">LIVE STREAMING EVENT IN GREECE &#8211; 12\/11\/2025<\/h2><figure class=\"wp-block-embed wp-block-embed-youtube is-type-video is-provider-youtube epyt-figure\"><div class=\"wp-block-embed__wrapper\"><iframe loading=\"lazy\"  id=\"_ytid_83452\"  width=\"800\" height=\"450\"  data-origwidth=\"800\" data-origheight=\"450\" src=\"https:\/\/www.youtube.com\/embed\/?enablejsapi=1&#038;listType=playlist&#038;list=PLzg2o7lJwoCA1K0KBn5ynMQjQVYj1jRRr&#038;autoplay=0&#038;cc_load_policy=0&#038;iv_load_policy=1&#038;loop=0&#038;fs=1&#038;playsinline=0&#038;controls=1&#038;color=red&#038;cc_lang_pref=&#038;rel=0&#038;autohide=2&#038;theme=dark&#038;\" class=\"__youtube_prefs__  no-lazyload\" title=\"YouTube player\"  allow=\"fullscreen; accelerometer; autoplay; clipboard-write; encrypted-media; gyroscope; picture-in-picture; web-share\" referrerpolicy=\"strict-origin-when-cross-origin\" allowfullscreen data-no-lazy=\"1\" data-skipgform_ajax_framebjll=\"\"><\/iframe><\/div><\/figure><h2 class=\"wp-block-heading has-light-color-color has-text-color has-link-color wp-elements-65baf8af656a8d421ec9497444f4b86b\">LIVE STREAMING EVENT IN ITALY &#8211; 1\/12\/2025<\/h2><figure class=\"wp-block-embed is-type-video is-provider-youtube wp-block-embed-youtube wp-embed-aspect-16-9 wp-has-aspect-ratio\"><div class=\"wp-block-embed__wrapper\">\n<iframe loading=\"lazy\"  id=\"_ytid_51279\"  width=\"800\" height=\"450\"  data-origwidth=\"800\" data-origheight=\"450\" src=\"https:\/\/www.youtube.com\/embed\/keZHYJ8arrw?enablejsapi=1&#038;autoplay=0&#038;cc_load_policy=0&#038;iv_load_policy=1&#038;loop=0&#038;fs=1&#038;playsinline=0&#038;controls=1&#038;color=red&#038;cc_lang_pref=&#038;rel=0&#038;autohide=2&#038;theme=dark&#038;\" class=\"__youtube_prefs__  epyt-is-override  no-lazyload\" title=\"YouTube player\"  allow=\"fullscreen; accelerometer; autoplay; clipboard-write; encrypted-media; gyroscope; picture-in-picture; web-share\" referrerpolicy=\"strict-origin-when-cross-origin\" allowfullscreen data-no-lazy=\"1\" data-skipgform_ajax_framebjll=\"\"><\/iframe>\n<\/div><\/figure><h2 class=\"wp-block-heading has-light-color-color has-text-color has-link-color wp-elements-f5b378c8b849f145bc10334617dc4aef\">LIVE STREAMING EVENT IN CROATIA &#8211; 10\/11\/2025<\/h2><figure class=\"wp-block-embed is-type-video is-provider-youtube wp-block-embed-youtube wp-embed-aspect-4-3 wp-has-aspect-ratio\"><div class=\"wp-block-embed__wrapper\">\n<iframe loading=\"lazy\"  id=\"_ytid_30173\"  width=\"800\" height=\"450\"  data-origwidth=\"800\" data-origheight=\"450\" src=\"https:\/\/www.youtube.com\/embed\/oml20gEED1I?enablejsapi=1&#038;autoplay=0&#038;cc_load_policy=0&#038;iv_load_policy=1&#038;loop=0&#038;fs=1&#038;playsinline=0&#038;controls=1&#038;color=red&#038;cc_lang_pref=&#038;rel=0&#038;autohide=2&#038;theme=dark&#038;\" class=\"__youtube_prefs__  epyt-is-override  no-lazyload\" title=\"YouTube player\"  allow=\"fullscreen; accelerometer; autoplay; clipboard-write; encrypted-media; gyroscope; picture-in-picture; web-share\" referrerpolicy=\"strict-origin-when-cross-origin\" allowfullscreen data-no-lazy=\"1\" data-skipgform_ajax_framebjll=\"\"><\/iframe>\n<\/div><\/figure><h2 class=\"wp-block-heading has-light-color-color has-text-color has-link-color wp-elements-78bc3c94eeec29c5f9ba939b8fc63524\">LIVE STREAMING EVENT IN PORTUGAL<\/h2>","protected":false},"excerpt":{"rendered":"<p>Libro de investigaci\u00f3n que incluye el proyecto DART ENTREVISTAS LIVE STREAMING- UCV, VALENCIA- ESPA\u00d1A EU-CONEXUS Conference Transformative&nbsp; Research for Urban Coastal Sustainability Catholic University of Valencia21-23 October 2025 Title: \u201cDART Project: Enhancing Equitable Access to Diabetes Education Through Augmented Reality Training\u201d Florentino Huertas, Consuelo Moratal, Rafael Ballester, Carlos Sanchis, Esther Navarro, Cristina Ferrer, Claudia Sanchis,&#8230;<\/p>\n","protected":false},"author":1,"featured_media":3170,"parent":0,"menu_order":0,"comment_status":"closed","ping_status":"closed","template":"","meta":{"footnotes":""},"class_list":["post-1190","page","type-page","status-publish","has-post-thumbnail","hentry"],"_links":{"self":[{"href":"https:\/\/dartproject.eu\/es\/wp-json\/wp\/v2\/pages\/1190","targetHints":{"allow":["GET"]}}],"collection":[{"href":"https:\/\/dartproject.eu\/es\/wp-json\/wp\/v2\/pages"}],"about":[{"href":"https:\/\/dartproject.eu\/es\/wp-json\/wp\/v2\/types\/page"}],"author":[{"embeddable":true,"href":"https:\/\/dartproject.eu\/es\/wp-json\/wp\/v2\/users\/1"}],"replies":[{"embeddable":true,"href":"https:\/\/dartproject.eu\/es\/wp-json\/wp\/v2\/comments?post=1190"}],"version-history":[{"count":13,"href":"https:\/\/dartproject.eu\/es\/wp-json\/wp\/v2\/pages\/1190\/revisions"}],"predecessor-version":[{"id":3711,"href":"https:\/\/dartproject.eu\/es\/wp-json\/wp\/v2\/pages\/1190\/revisions\/3711"}],"wp:featuredmedia":[{"embeddable":true,"href":"https:\/\/dartproject.eu\/es\/wp-json\/wp\/v2\/media\/3170"}],"wp:attachment":[{"href":"https:\/\/dartproject.eu\/es\/wp-json\/wp\/v2\/media?parent=1190"}],"curies":[{"name":"wp","href":"https:\/\/api.w.org\/{rel}","templated":true}]}}