{"id":861,"date":"2025-03-28T02:07:26","date_gmt":"2025-03-28T02:07:26","guid":{"rendered":"https:\/\/demo.dartproject.eu\/goals\/"},"modified":"2025-04-13T01:28:10","modified_gmt":"2025-04-13T01:28:10","slug":"goals","status":"publish","type":"page","link":"https:\/\/dartproject.eu\/es\/goals\/","title":{"rendered":"Objetivos"},"content":{"rendered":"<div class=\"wp-block-cover is-light has-parallax\"><span aria-hidden=\"true\" class=\"wp-block-cover__background has-background-dim-0 has-background-dim\" style=\"background-color:#6191a4\"><\/span><div class=\"wp-block-cover__image-background wp-image-1345 has-parallax\" style=\"background-position:50% 50%;background-image:url(https:\/\/dartproject.eu\/wp-content\/uploads\/2025\/04\/woman-sitting-playground-with-phone-her-hands-1.jpg)\"><\/div><div class=\"wp-block-cover__inner-container is-layout-constrained wp-block-cover-is-layout-constrained\"><p class=\"has-text-align-center has-large-font-size\"><\/p><\/div><\/div><p class=\"has-primary-color has-text-color has-link-color has-big-font-size wp-elements-fd33066a1168710931086f100460483b\"><strong>El Proyecto<\/strong><\/p><p>El proyecto DART tiene como objetivo promover las sinergias entre deporte y salud, fomentar la inclusi\u00f3n en el deporte, promover la actividad f\u00edsica beneficiosa para la salud de las personas con diabetes de tipo I y II, fomentar un estilo de vida saludable y concienciar sobre el valor a\u00f1adido del deporte y la actividad f\u00edsica.<\/p><p>Los objetivos de DART se logran mediante el dise\u00f1o y la aplicaci\u00f3n de herramientas digitales innovadoras y m\u00f3dulos electr\u00f3nicos de formaci\u00f3n.<br><\/p><p>En concreto, el proyecto DART ha desarrollado e implantado:<br><\/p><p>a) <strong>APP<\/strong>: una aplicaci\u00f3n m\u00f3vil innovadora, divertida y ecol\u00f3gica en 7 versiones ling\u00fc\u00edsticas que utiliza un entrenador personal de realidad aumentada que ense\u00f1a a los pacientes diab\u00e9ticos ejercicios f\u00edsicos espec\u00edficos que ayudan a:<\/p><p>&#8211; Reducir la presi\u00f3n arterial.<\/p><p>&#8211; Reducir los niveles de grasas en la sangre.<\/p><p>&#8211; Mantener sano el coraz\u00f3n.<br>&#8211; Mejorar los niveles de az\u00facar en sangre y prevenir el sobrepeso.<\/p><p>Adem\u00e1s, la aplicaci\u00f3n incluye tecnolog\u00eda de geolocalizaci\u00f3n para realizar actividades al aire libre, un calendario personalizado para introducir medicamentos, citas con el m\u00e9dico, etc., as\u00ed como un recordatorio de la dosis de insulina.<\/p><p>b) <strong>PLATAFORMA MOODLE<\/strong>: 30 m\u00f3dulos electr\u00f3nicos interactivos basados en Moodle dirigidos a profesores de Educaci\u00f3n F\u00edsica, incluida una serie de Podcasts.<\/p><p>c) <strong>Eventos de sensibilizaci\u00f3n (divulgativos y retransmisiones en directo)<\/strong> dirigidos a un p\u00fablico m\u00e1s amplio de pacientes diab\u00e9ticos (tipo I y II) y sus familias de todos los pa\u00edses implicados y mencionados anteriormente.<\/p><p>Los objetivos del proyecto DART relacionados con la acci\u00f3n SPORT de la UE son:<br><br>1) fomentar un estilo de vida saludable para todos y<br>2) promover la participaci\u00f3n en el deporte y la actividad f\u00edsica beneficiosa para la salud (prioridad 2021-2024 del PLAN DE TRABAJO DE LA UE PARA EL DEPORTE).<br><br>En concreto, el proyecto DART pretende:<br>a) Promover sinergias entre deporte y salud.<br>b) Promover la inclusi\u00f3n en el deporte.<br>c) Promover la actividad f\u00edsica beneficiosa para la salud de las personas con diabetes de tipo I y II.<br>d) Fomentar un estilo de vida saludable.<br>e) Sensibilizar a los pacientes diab\u00e9ticos y sus familias sobre el valor del deporte y la actividad f\u00edsica.<br>f) Educar a los profesores y entrenadores de actividad f\u00edsica y deportiva sobre cuestiones relacionadas con la actividad f\u00edsica y la diabetes.<br>g) Utilizar la tecnolog\u00eda digital y, m\u00e1s concretamente, la innovadora tecnolog\u00eda m\u00f3vil de realidad aumentada, para alcanzar nuestros objetivos y darles una dimensi\u00f3n digital.<br><br>El proyecto promueve la cooperaci\u00f3n transnacional e intersectorial mediante la participaci\u00f3n de 7 instituciones de 6 pa\u00edses europeos (Espa\u00f1a, Grecia, Italia, Portugal, Croacia y Rumania) con experiencia en todos los \u00e1mbitos relevantes del proyecto: deporte, educaci\u00f3n, medicina y tecnolog\u00eda. Adem\u00e1s, DART sigue un enfoque ecol\u00f3gico durante todas las fases del proyecto.<\/p>","protected":false},"excerpt":{"rendered":"<p>El Proyecto El proyecto DART tiene como objetivo promover las sinergias entre deporte y salud, fomentar la inclusi\u00f3n en el deporte, promover la actividad f\u00edsica beneficiosa para la salud de las personas con diabetes de tipo I y II, fomentar un estilo de vida saludable y concienciar sobre el valor a\u00f1adido del deporte y la&#8230;<\/p>\n","protected":false},"author":1,"featured_media":0,"parent":0,"menu_order":0,"comment_status":"closed","ping_status":"closed","template":"","meta":{"footnotes":""},"class_list":["post-861","page","type-page","status-publish","hentry"],"_links":{"self":[{"href":"https:\/\/dartproject.eu\/es\/wp-json\/wp\/v2\/pages\/861","targetHints":{"allow":["GET"]}}],"collection":[{"href":"https:\/\/dartproject.eu\/es\/wp-json\/wp\/v2\/pages"}],"about":[{"href":"https:\/\/dartproject.eu\/es\/wp-json\/wp\/v2\/types\/page"}],"author":[{"embeddable":true,"href":"https:\/\/dartproject.eu\/es\/wp-json\/wp\/v2\/users\/1"}],"replies":[{"embeddable":true,"href":"https:\/\/dartproject.eu\/es\/wp-json\/wp\/v2\/comments?post=861"}],"version-history":[{"count":8,"href":"https:\/\/dartproject.eu\/es\/wp-json\/wp\/v2\/pages\/861\/revisions"}],"predecessor-version":[{"id":1683,"href":"https:\/\/dartproject.eu\/es\/wp-json\/wp\/v2\/pages\/861\/revisions\/1683"}],"wp:attachment":[{"href":"https:\/\/dartproject.eu\/es\/wp-json\/wp\/v2\/media?parent=861"}],"curies":[{"name":"wp","href":"https:\/\/api.w.org\/{rel}","templated":true}]}}