{"id":921,"date":"2025-03-28T02:09:43","date_gmt":"2025-03-28T02:09:43","guid":{"rendered":"https:\/\/demo.dartproject.eu\/policy\/"},"modified":"2025-04-13T13:00:16","modified_gmt":"2025-04-13T13:00:16","slug":"policy","status":"publish","type":"page","link":"https:\/\/dartproject.eu\/es\/policy\/","title":{"rendered":"Pol\u00edtica"},"content":{"rendered":"<div class=\"wp-block-cover is-light has-parallax\"><span aria-hidden=\"true\" class=\"wp-block-cover__background has-background-dim-0 has-background-dim\" style=\"background-color:#9aece9\"><\/span><div class=\"wp-block-cover__image-background wp-image-1273 has-parallax\" style=\"background-position:50% 50%;background-image:url(https:\/\/dartproject.eu\/wp-content\/uploads\/2025\/04\/NEW-LOGO2.png)\"><\/div><div class=\"wp-block-cover__inner-container is-layout-constrained wp-block-cover-is-layout-constrained\"><p class=\"has-text-align-center has-large-font-size\"><\/p><\/div><\/div><p class=\"has-primary-color has-text-color has-link-color wp-elements-3d51c72b796a7595cd9fed662effe211\"><strong>POL\u00cdTICA<\/strong><\/p><p class=\"has-primary-color has-text-color has-link-color wp-elements-128fa0bd1c8a95e613409402739de85a\">\u200b<strong> Condiciones de Uso: Aplicaci\u00f3n DART<\/strong><strong>.<\/strong><br><br><strong>\u200b1. Introducci\u00f3n.<\/strong><\/p><p class=\"has-primary-color has-text-color has-link-color wp-elements-862386b9551f70767bddfafe9b156557\"><br>Con el presente aviso, deseamos informarle de los t\u00e9rminos y condiciones relativos a la recogida y tratamiento de sus datos personales, llevados a cabo por DART PARTNERSHIP formado por las siguientes instituciones: FUNDACION UNIVERSIDAD CATOLICA DE VALENCIA SAN VICENTE, MAIANDROS EPE, CENTRO UNIVERSITARIO SPORTIVO \u2013 CUSPADOVA, ASSOCIA\u00c7\u00c3O DE FUTEBOL DE BRAGAN\u00c7A, ZAJEDNICA SPORTSKIH UDRUGA GRADA RIJEKE \u201cRIJE\u010cKI SPORTSKI SAVEZ\u201d , ASOCIA\u0162IA COPIILOR SI TINERILOR DIABETICI MURE\u015e y TOOL LTD. propietarios de la aplicaci\u00f3n DART (versiones en espa\u00f1ol, griego, italiano, portugu\u00e9s, croata, rumano e ingl\u00e9s) y responsables del tratamiento de los datos personales recogidos a trav\u00e9s de esta aplicaci\u00f3n (en lo sucesivo, \u201cDART\u00bb).<br>DART ha tomado todas las medidas necesarias para garantizar un alto nivel de protecci\u00f3n y seguridad de la aplicaci\u00f3n DART, de conformidad con las mejores pr\u00e1cticas empresariales reconocidas.<br>El acceso y la navegaci\u00f3n en la aplicaci\u00f3n DART son gratuitos. Queda terminantemente prohibida la copia o reproducci\u00f3n de cualquier tipo, publicaci\u00f3n, modificaci\u00f3n, alteraci\u00f3n o cualquier otra forma de utilizaci\u00f3n de las fotograf\u00edas, v\u00eddeos, im\u00e1genes y logotipos incluidos en la aplicaci\u00f3n DART.<br>DART se reserva el derecho a modificar esta Pol\u00edtica en cualquier momento sin previo aviso a los usuarios. Por lo tanto, se aconseja revisarla regularmente cuando utilice la aplicaci\u00f3n.<br><br><strong>2. \u00bfQu\u00e9 datos personales recogemos?<\/strong><br>Al utilizar esta aplicaci\u00f3n, no es necesario registrar ning\u00fan dato personal.<br><br><strong><u>Cumplimos la Ley de Protecci\u00f3n de la Privacidad Infantil en Internet<\/u><\/strong><br><strong>Nuestro sitio web y nuestras aplicaciones m\u00f3viles cumplen la Ley de Protecci\u00f3n de la Privacidad Infantil en Internet (\u00abCOPPA\u00bb) y el Reglamento General de Protecci\u00f3n de Datos de la UE (GDPR). No recopilamos conscientemente informaci\u00f3n personal de ni\u00f1os menores de 13 a\u00f1os en violaci\u00f3n de la COPPA, y si en el caso de que un usuario se identifique como un ni\u00f1o menor de 13 a\u00f1os a trav\u00e9s de una solicitud de soporte, no recopilaremos, almacenaremos o utilizaremos, y eliminaremos de forma segura, cualquier informaci\u00f3n personal de dicho usuario.<\/strong><br><br><strong>3. \u00bfCu\u00e1les son sus derechos?<\/strong><br>Si considera que estamos incumpliendo la legislaci\u00f3n aplicable para la protecci\u00f3n de sus datos personales, tiene derecho a presentar una reclamaci\u00f3n ante la Autoridad de Protecci\u00f3n de Datos Personales, con domicilio en CALLE QUEVEDO 2, VALENCIA 46001, ESPA\u00d1A.<br><br><strong>4. Limitaci\u00f3n de responsabilidad.<\/strong><br>La aplicaci\u00f3n DART puede incluir enlaces a otros sitios web no controlados por DART partnership, sino por otros propietarios (personas f\u00edsicas o jur\u00eddicas) a los que pertenecen los sitios web mencionados. En ning\u00fan caso la asociaci\u00f3n DART ser\u00e1 responsable de los da\u00f1os que pueda sufrir el usuario por su visita a otros sitios, incluido cualquier tratamiento il\u00edcito de sus datos personales por raz\u00f3n de la visita a los sitios mencionados.<br><br><strong>5. Cookies.<\/strong><br>Las cookies son peque\u00f1os archivos de texto que contienen informaci\u00f3n enviada por el sitio web dartproject.eu y que se descargan en el ordenador personal o dispositivo inteligente del usuario-visitante. Estos archivos pueden contener informaci\u00f3n sobre el tipo de navegador web utilizado por cada usuario-visitante, el tipo de ordenador, sistema operativo, proveedor de Internet y otra informaci\u00f3n t\u00e9cnica.<\/p><p class=\"has-primary-color has-text-color has-link-color wp-elements-862b51ca26371450a63ef7a9644ad548\">Las cookies no da\u00f1an su ordenador o dispositivo m\u00f3vil, ni los archivos almacenados en ellos, y no intervienen en modo alguno en los documentos o archivos almacenados en su ordenador cuando visita el sitio web dartproject.eu. El uso de cookies no revela su identidad, pero puede conducir a la identificaci\u00f3n de su ordenador.<\/p><p class=\"has-primary-color has-text-color has-link-color wp-elements-a2815896920b5c2c7c51c2dae08cc5f6\"><br>El sitio web dartproject.eu puede utilizar cookies para los siguientes fines:<br><strong>(a) Google Analytics.<\/strong><br>Realizar encuestas con fines estad\u00edsticos y\/o para mejorar el contenido y los servicios de dartproject.eu y\/o medir su eficacia.<\/p><p class=\"has-primary-color has-text-color has-link-color wp-elements-6b70d36ad29280948911783a50401a50\"><br><strong>(b) Redes sociales.<\/strong><br>Los proveedores de sitios de redes sociales colocan cookies para que el visitante pueda compartir f\u00e1cilmente el contenido de dartproject.eu a trav\u00e9s de estos sitios. La mayor\u00eda de los navegadores web aceptan el uso de cookies por defecto, pero es posible configurar el navegador para denegar la recepci\u00f3n o aceptar selectivamente determinadas cookies. Si desactiva la recepci\u00f3n de cookies, es posible que algunas funciones de nuestro sitio web no est\u00e9n disponibles y que algunas p\u00e1ginas no se muestren correctamente.<br>El sitio web www.allaboutcookies.org ofrece buenas y sencillas instrucciones sobre c\u00f3mo gestionar las cookies, utilizando diferentes tipos de navegadores web.<br><br><br><br><br><br><\/p>","protected":false},"excerpt":{"rendered":"<p>POL\u00cdTICA \u200b Condiciones de Uso: Aplicaci\u00f3n DART. \u200b1. Introducci\u00f3n. Con el presente aviso, deseamos informarle de los t\u00e9rminos y condiciones relativos a la recogida y tratamiento de sus datos personales, llevados a cabo por DART PARTNERSHIP formado por las siguientes instituciones: FUNDACION UNIVERSIDAD CATOLICA DE VALENCIA SAN VICENTE, MAIANDROS EPE, CENTRO UNIVERSITARIO SPORTIVO \u2013 CUSPADOVA,&#8230;<\/p>\n","protected":false},"author":1,"featured_media":0,"parent":0,"menu_order":0,"comment_status":"closed","ping_status":"closed","template":"","meta":{"footnotes":""},"class_list":["post-921","page","type-page","status-publish","hentry"],"_links":{"self":[{"href":"https:\/\/dartproject.eu\/es\/wp-json\/wp\/v2\/pages\/921","targetHints":{"allow":["GET"]}}],"collection":[{"href":"https:\/\/dartproject.eu\/es\/wp-json\/wp\/v2\/pages"}],"about":[{"href":"https:\/\/dartproject.eu\/es\/wp-json\/wp\/v2\/types\/page"}],"author":[{"embeddable":true,"href":"https:\/\/dartproject.eu\/es\/wp-json\/wp\/v2\/users\/1"}],"replies":[{"embeddable":true,"href":"https:\/\/dartproject.eu\/es\/wp-json\/wp\/v2\/comments?post=921"}],"version-history":[{"count":4,"href":"https:\/\/dartproject.eu\/es\/wp-json\/wp\/v2\/pages\/921\/revisions"}],"predecessor-version":[{"id":1749,"href":"https:\/\/dartproject.eu\/es\/wp-json\/wp\/v2\/pages\/921\/revisions\/1749"}],"wp:attachment":[{"href":"https:\/\/dartproject.eu\/es\/wp-json\/wp\/v2\/media?parent=921"}],"curies":[{"name":"wp","href":"https:\/\/api.w.org\/{rel}","templated":true}]}}