{"id":933,"date":"2025-03-28T02:10:14","date_gmt":"2025-03-28T02:10:14","guid":{"rendered":"https:\/\/demo.dartproject.eu\/contact\/"},"modified":"2025-04-29T21:11:45","modified_gmt":"2025-04-29T21:11:45","slug":"contact","status":"publish","type":"page","link":"https:\/\/dartproject.eu\/es\/contact\/","title":{"rendered":"Contacto"},"content":{"rendered":"<div class=\"wp-block-cover has-parallax\"><div class=\"wp-block-cover__image-background wp-image-1767 has-parallax\" style=\"background-position:50% 50%;background-image:url(https:\/\/dartproject.eu\/wp-content\/uploads\/2025\/04\/f3e96d_d43d9dfb378f4b4fa8285a440acefcb7mv2.avif)\"><\/div><span aria-hidden=\"true\" class=\"wp-block-cover__background has-background-dim-0 has-background-dim\" style=\"background-color:#40535d\"><\/span><div class=\"wp-block-cover__inner-container is-layout-constrained wp-block-cover-is-layout-constrained\"><p class=\"has-text-align-center has-large-font-size\"><\/p><\/div><\/div><p class=\"has-primary-color has-text-color has-link-color wp-elements-a201c04c933890499bf8ceafeb16227b\"><strong><strong>ESPA\u00d1A<\/strong>: Fundaci\u00f3n Universidad Cat\u00f3lica de Valencia San Vicente M\u00e1rtir (Catholic University of Valencia-UCV)<\/strong><\/p><p><strong>Calle Quevedo 2<\/strong><\/p><p><strong>46001 Valencia<\/strong><\/p><p><strong>Sitio web:\u00a0<a href=\"http:\/\/www.ucv.es\" target=\"_blank\" rel=\"noreferrer noopener\">www.ucv.es<\/a><\/strong><\/p><hr class=\"wp-block-separator has-alpha-channel-opacity\"\/><p class=\"has-primary-color has-text-color has-link-color wp-elements-9f22ca976ad4477ed48d5a30fed59d45\"><strong>GRECIA<\/strong>:&nbsp;MAIANDROS EPE<\/p><p>7 Artemidos st. Ekali<\/p><p>14578 Athens<\/p><p>Sitio web:&nbsp;<a href=\"https:\/\/meandrosltd.gr\/\" target=\"_blank\" rel=\"noreferrer noopener\">https:\/\/meandrosltd.gr\/<\/a><\/p><hr class=\"wp-block-separator has-alpha-channel-opacity\"\/><p class=\"has-primary-color has-text-color has-link-color wp-elements-d4076e72f556706c4b2dc23d55957df2\">I<strong>ITALIA<\/strong>:&nbsp;CENTRO UNIVERSITARIO SPORTIVO \u2013 CUS PADOVA<\/p><p>Via Giordano Bruno 27,<\/p><p>35124 Padova<\/p><p>Sitio web:&nbsp;<a href=\"https:\/\/www.cuspadova.it\/\" target=\"_blank\" rel=\"noreferrer noopener\">https:\/\/www.cuspadova.it\/<\/a><\/p><hr class=\"wp-block-separator has-alpha-channel-opacity\"\/><p class=\"has-primary-color has-text-color has-link-color wp-elements-c95cd12aa3479750549c05bb1500767c\"><strong>PORTUGAL:<\/strong>&nbsp;ASSOCIA\u00c7\u00c3O DE FUTEBOL DE BRAGAN\u00c7A<\/p><p>Bairro da Coxa Fundo de Fomento de Habita\u00e7\u00e3o,<\/p><p>Bloco C&nbsp; Entrada 1,<\/p><p>5300 \u2013 098 Bragan\u00e7a<\/p><p>Sitio web:&nbsp;<a href=\"https:\/\/afbraganca.fpf.pt\/\" target=\"_blank\" rel=\"noreferrer noopener\">https:\/\/afbraganca.fpf.pt\/<\/a><\/p><hr class=\"wp-block-separator has-alpha-channel-opacity\"\/><p class=\"has-primary-color has-text-color has-link-color wp-elements-261598b507cefcec66d137b9ed70b56e\"><strong>CROACIA:<\/strong>Zajednica Sportskih Udruga Grada Rijeke \u201cRije\u010dki Sportski Savez<\/p><p>Verdijeva 11 iii<\/p><p>51000 Rijeka<\/p><p>Sitio web:\u00a0<a href=\"http:\/\/www.rss.hr\/\" target=\"_blank\" rel=\"noreferrer noopener\">www.rss.hr<\/a><\/p><hr class=\"wp-block-separator has-alpha-channel-opacity\"\/><p class=\"has-primary-color has-text-color has-link-color wp-elements-4669d26da822b08ad3668eac915e64ff\"><strong>RUMANIA:<\/strong> ASCOTID<\/p><p>Bd. \u00ab1 Decembrie 1918\u00bb nr. 162, ap.15<\/p><p>540525 Tirgu Mures<\/p><p>Sitio web: <a href=\"https:\/\/www.ascotid.ro\/\" target=\"_blank\" rel=\"noreferrer noopener\">https:\/\/www.ascotid.ro\/<\/a><\/p><hr class=\"wp-block-separator has-alpha-channel-opacity\"\/><p class=\"has-primary-color has-text-color has-link-color wp-elements-cf071776ae3ee8ba6cb248cbeb337324\"><strong>GRECIA<\/strong>: TOOL LTD.<\/p><p>132, Kononos<\/p><p>162 31 Athens \u2013 Byronas<\/p><p>Sitio web: <a href=\"https:\/\/www.tool.gr\/\" target=\"_blank\" rel=\"noreferrer noopener\">https:\/\/www.tool.gr\/<\/a><\/p>","protected":false},"excerpt":{"rendered":"<p>ESPA\u00d1A: Fundaci\u00f3n Universidad Cat\u00f3lica de Valencia San Vicente M\u00e1rtir (Catholic University of Valencia-UCV) Calle Quevedo 2 46001 Valencia Sitio web:\u00a0www.ucv.es GRECIA:&nbsp;MAIANDROS EPE 7 Artemidos st. Ekali 14578 Athens Sitio web:&nbsp;https:\/\/meandrosltd.gr\/ IITALIA:&nbsp;CENTRO UNIVERSITARIO SPORTIVO \u2013 CUS PADOVA Via Giordano Bruno 27, 35124 Padova Sitio web:&nbsp;https:\/\/www.cuspadova.it\/ PORTUGAL:&nbsp;ASSOCIA\u00c7\u00c3O DE FUTEBOL DE BRAGAN\u00c7A Bairro da Coxa Fundo de Fomento&#8230;<\/p>\n","protected":false},"author":1,"featured_media":0,"parent":0,"menu_order":0,"comment_status":"closed","ping_status":"closed","template":"","meta":{"footnotes":""},"class_list":["post-933","page","type-page","status-publish","hentry"],"_links":{"self":[{"href":"https:\/\/dartproject.eu\/es\/wp-json\/wp\/v2\/pages\/933","targetHints":{"allow":["GET"]}}],"collection":[{"href":"https:\/\/dartproject.eu\/es\/wp-json\/wp\/v2\/pages"}],"about":[{"href":"https:\/\/dartproject.eu\/es\/wp-json\/wp\/v2\/types\/page"}],"author":[{"embeddable":true,"href":"https:\/\/dartproject.eu\/es\/wp-json\/wp\/v2\/users\/1"}],"replies":[{"embeddable":true,"href":"https:\/\/dartproject.eu\/es\/wp-json\/wp\/v2\/comments?post=933"}],"version-history":[{"count":9,"href":"https:\/\/dartproject.eu\/es\/wp-json\/wp\/v2\/pages\/933\/revisions"}],"predecessor-version":[{"id":3087,"href":"https:\/\/dartproject.eu\/es\/wp-json\/wp\/v2\/pages\/933\/revisions\/3087"}],"wp:attachment":[{"href":"https:\/\/dartproject.eu\/es\/wp-json\/wp\/v2\/media?parent=933"}],"curies":[{"name":"wp","href":"https:\/\/api.w.org\/{rel}","templated":true}]}}