{"id":1045,"date":"2025-03-28T14:50:50","date_gmt":"2025-03-28T14:50:50","guid":{"rendered":"https:\/\/demo.dartproject.eu\/dart-app\/"},"modified":"2025-04-29T21:50:52","modified_gmt":"2025-04-29T21:50:52","slug":"dart-app","status":"publish","type":"page","link":"https:\/\/dartproject.eu\/hr\/dart-app\/","title":{"rendered":"Dart App"},"content":{"rendered":"<figure class=\"wp-block-video\"><video height=\"1080\" style=\"aspect-ratio: 2064 \/ 1080;\" width=\"2064\" autoplay controls loop muted src=\"https:\/\/dartproject.eu\/wp-content\/uploads\/2025\/04\/VIDEO-FINAL.mp4\"><\/video><\/figure><figure class=\"wp-block-image alignleft size-large is-resized\"><img loading=\"lazy\" decoding=\"async\" width=\"473\" height=\"1024\" src=\"https:\/\/dartproject.eu\/wp-content\/uploads\/2025\/04\/Screenshot_20250430_004421_DART-473x1024.jpg\" alt=\"\" class=\"wp-image-3100\" style=\"width:198px;height:auto\" srcset=\"https:\/\/dartproject.eu\/wp-content\/uploads\/2025\/04\/Screenshot_20250430_004421_DART-473x1024.jpg 473w, https:\/\/dartproject.eu\/wp-content\/uploads\/2025\/04\/Screenshot_20250430_004421_DART-138x300.jpg 138w, https:\/\/dartproject.eu\/wp-content\/uploads\/2025\/04\/Screenshot_20250430_004421_DART-768x1664.jpg 768w, https:\/\/dartproject.eu\/wp-content\/uploads\/2025\/04\/Screenshot_20250430_004421_DART-709x1536.jpg 709w, https:\/\/dartproject.eu\/wp-content\/uploads\/2025\/04\/Screenshot_20250430_004421_DART-945x2048.jpg 945w, https:\/\/dartproject.eu\/wp-content\/uploads\/2025\/04\/Screenshot_20250430_004421_DART-600x1300.jpg 600w, https:\/\/dartproject.eu\/wp-content\/uploads\/2025\/04\/Screenshot_20250430_004421_DART.jpg 1080w\" sizes=\"auto, (max-width: 473px) 100vw, 473px\" \/><\/figure><p class=\"has-primary-color has-text-color has-link-color wp-elements-f5adcdc3364fa100ea78c940c687e061\"><strong>Analiza projekta DART<\/strong><\/p><p>Projekt DART ima za cilj ponuditi &#8220;ne\u0161to vi\u0161e&#8221; pacijentima s dijabetesom tipa I i II prate\u0107i valove mobilne tehnologije za 2025.: osobnog trenera pro\u0161irene stvarnosti koji mo\u017ee biti prisutan svakodnevno u njihovim \u017eivotima, bilo gdje i bilo kada, u njihovom domu, uredu, \u0161koli putem inovativne mobilne aplikacije za Android i IOS u 7 jezi\u010dnih verzija koja koristi tehnologiju pro\u0161irene stvarnosti i tehnologiju geo lokacijskog pra\u0107enja.<br>Aplikacija je podijeljena u dva odvojena odjeljka: o dijabetesu TIP 1 i TIP 2.<br>Svaki odjeljak aplikacije uklju\u010duje iste zna\u010dajke, ali se fokusira na tip dijabetesa koji je odabrao korisnik.<br><\/p><p class=\"has-primary-color has-text-color has-link-color wp-elements-8d4fce5b830df1f5af8b137e6bc1fc9c\"><br><strong>1. DIO: PRILAGO\u0110ENI KALENDAR ZA DIJABETES<\/strong><\/p><p>Dnevni prilago\u0111eni medicinski kalendar u koji korisnik mo\u017ee uklju\u010diti svoje mjere, lijekove, preglede lije\u010dnika itd. Tako\u0111er uklju\u010duje zvu\u010dni podsjetnik za dozu inzulina.<br><br><\/p><p class=\"has-primary-color has-text-color has-link-color wp-elements-95bda8e65934681c88bd941a33d680be\"><strong>2. DIO: UZGOJ &#8220;DRVO \u017dIVOTA&#8221;: dnevni programi vje\u017ebanja pomo\u0107u trenera pro\u0161irene stvarnosti<\/strong><\/p><p>Osobni trener (hologram), pojavljuje se kroz tehnologiju pro\u0161irene stvarnosti u sobi korisnika, uredu, \u0161koli itd. i mo\u017ee mu pokazati kako izvoditi svoj dnevni program tjelesnih vje\u017ebi koje se preporu\u010duju za njegovo zdravstveno stanje.<br>Hologram tako\u0111er daje glasovne upute i obja\u0161njenja o prirodi tjelesnih vje\u017ebi i na\u010dinu na koji te vje\u017ebe mogu smanjiti krvni tlak, sniziti razinu masno\u0107a u krvi, odr\u017eati srce zdravim i pomo\u0107i u pobolj\u0161anju razine \u0161e\u0107era u krvi te sprije\u010diti prekomjerno debljanje. Za svaku vje\u017ebu uklju\u010dili smo poseban odjeljak za mjere opreza koje je potrebno &nbsp;poduzeti prije, tijekom i nakon vje\u017ebe.<br><br>Program vje\u017ebanja predstavljen je kao izazovna, ekolo\u0161ki prihvatljiva igra:<\/p><figure class=\"wp-block-image alignright size-large is-resized\"><img loading=\"lazy\" decoding=\"async\" width=\"473\" height=\"1024\" src=\"https:\/\/dartproject.eu\/wp-content\/uploads\/2025\/04\/Screenshot_20241227_150452_DART-473x1024.jpg\" alt=\"\" class=\"wp-image-1438\" style=\"width:213px;height:auto\" srcset=\"https:\/\/dartproject.eu\/wp-content\/uploads\/2025\/04\/Screenshot_20241227_150452_DART-473x1024.jpg 473w, https:\/\/dartproject.eu\/wp-content\/uploads\/2025\/04\/Screenshot_20241227_150452_DART-138x300.jpg 138w, https:\/\/dartproject.eu\/wp-content\/uploads\/2025\/04\/Screenshot_20241227_150452_DART-768x1664.jpg 768w, https:\/\/dartproject.eu\/wp-content\/uploads\/2025\/04\/Screenshot_20241227_150452_DART-709x1536.jpg 709w, https:\/\/dartproject.eu\/wp-content\/uploads\/2025\/04\/Screenshot_20241227_150452_DART-945x2048.jpg 945w, https:\/\/dartproject.eu\/wp-content\/uploads\/2025\/04\/Screenshot_20241227_150452_DART-600x1300.jpg 600w, https:\/\/dartproject.eu\/wp-content\/uploads\/2025\/04\/Screenshot_20241227_150452_DART.jpg 1080w\" sizes=\"auto, (max-width: 473px) 100vw, 473px\" \/><\/figure><p><br>Korisnik aplikacije mo\u017ee digitalno uzgojiti &#8220;Drvo \u017eivota&#8221; prate\u0107i 30-dnevni program fizi\u010dkih vje\u017ebi. Svaki dan, nakon zavr\u0161etka skupa vje\u017ebi koje je predlo\u017eio trener pro\u0161irene stvarnosti, korisnik mo\u017ee dodati granu svom digitalnom &#8220;Drvu \u017eivota&#8221; koja simbolizira njegov svakodnevni napredak.<br>Dnevni program uklju\u010duje 5 tjelesnih vje\u017ebi X 30 dana (max 30 min vje\u017ebanja dnevno). Osmislili smo ukupno 50 vje\u017ebi, ali neke od njih se ponavljaju tijekom ovog 30-dnevnog programa vje\u017ebanja. Razina te\u017eine i slo\u017eenosti raste iz dana u dan. Nema potrebe za posebnom sportskom opremom, budu\u0107i da trener pro\u0161irene stvarnosti predla\u017ee alternativne na\u010dine vje\u017ebanja koriste\u0107i svakodnevne predmete, npr. stolice, boce s vodom, limenke itd.<br><br>VIDEO ZAPISI: Osim toga, za svaku novu dodanu vje\u017ebu, korisnik ima priliku vidjeti video snimke stvarnih ljudi-volontera (djece i odraslih, dijabeti\u010dara ili ljudi iz op\u0107e populacije) koji izvode ove specifi\u010dne vje\u017ebe, s ciljem da poka\u017eu da smo svi zajedno u ovome, i nitko ne mo\u017ee biti isklju\u010den iz prekrasnog svijeta tjelesnog vje\u017ebanja!<br>Nakon uspje\u0161nog zavr\u0161etka 30-dnevnog programa, digitalno &#8220;Drvo \u017eivota&#8221; mo\u017ee biti dovr\u0161eno i korisnik mo\u017ee prije\u0107i na 3. dio aplikacije. Naravno, korisnik mo\u017ee ponoviti program vje\u017ebanja koliko god puta \u017eeli.<br>Korisnik mo\u017ee podijeliti svoj napredak s na\u0161im partnerstvom, a za svako digitalno &#8216;Drvo \u017eivota&#8217; koje se dovr\u0161i, partnerstvo \u0107e posaditi pravo drvo u prirodi, pridonose\u0107i akciji \u201cspa\u0161avanje planeta\u201d.<\/p><p><\/p><p class=\"has-primary-color has-text-color has-link-color wp-elements-7602aa43411df3bd5e32d350c08158ad\"><strong>3. DIO- VJE\u017dBANJE U PRIRODI<\/strong><\/p><p>Tre\u0107i dio APLIKACIJE motivira korisnika da zapo\u010dne s tjelesnom aktivno\u0161\u0107u na otvorenom. Aplikacija korisniku nudi karte putem geo lokacijske tehnologije pra\u0107enja usmjeravaju\u0107i &nbsp;na parkove u njegovoj blizini, gdje mo\u017ee obavljati duge \u0161etnje. Korisnik tako\u0111er mo\u017ee ozna\u010diti park koji predla\u017ee u svom podru\u010dju, a svi ostali korisnici mogu vidjeti njegov prijedlog.<br><\/p><figure class=\"wp-block-image alignleft size-full is-resized\"><a href=\"https:\/\/play.google.com\/store\/apps\/details?id=com.envysoftworks.dart&amp;pcampaignid=web_share\" target=\"_blank\" rel=\" noreferrer noopener\"><img loading=\"lazy\" decoding=\"async\" width=\"490\" height=\"490\" src=\"https:\/\/dartproject.eu\/wp-content\/uploads\/2025\/04\/DART-APP-GOOGLE-PLAY.png?wsr\" alt=\"\" class=\"wp-image-2930\" style=\"width:140px;height:auto\" srcset=\"https:\/\/dartproject.eu\/wp-content\/uploads\/2025\/04\/DART-APP-GOOGLE-PLAY.png 490w, https:\/\/dartproject.eu\/wp-content\/uploads\/2025\/04\/DART-APP-GOOGLE-PLAY-300x300.png 300w, https:\/\/dartproject.eu\/wp-content\/uploads\/2025\/04\/DART-APP-GOOGLE-PLAY-150x150.png 150w, https:\/\/dartproject.eu\/wp-content\/uploads\/2025\/04\/DART-APP-GOOGLE-PLAY-100x100.png 100w\" sizes=\"auto, (max-width: 490px) 100vw, 490px\" \/><\/a><figcaption class=\"wp-element-caption\">GOOGLE PLAY STORE<\/figcaption><\/figure><figure class=\"wp-block-image alignleft size-full is-resized\"><a href=\"https:\/\/apps.apple.com\/gr\/app\/dart-diabetes-ar-training\/id6740289408?l=en\" target=\"_blank\" rel=\" noreferrer noopener\"><img loading=\"lazy\" decoding=\"async\" width=\"450\" height=\"450\" src=\"https:\/\/dartproject.eu\/wp-content\/uploads\/2025\/04\/DART-APP-APPLE-STORE.png?wsr\" alt=\"\" class=\"wp-image-2937\" style=\"width:143px;height:auto\" srcset=\"https:\/\/dartproject.eu\/wp-content\/uploads\/2025\/04\/DART-APP-APPLE-STORE.png 450w, https:\/\/dartproject.eu\/wp-content\/uploads\/2025\/04\/DART-APP-APPLE-STORE-300x300.png 300w, https:\/\/dartproject.eu\/wp-content\/uploads\/2025\/04\/DART-APP-APPLE-STORE-150x150.png 150w, https:\/\/dartproject.eu\/wp-content\/uploads\/2025\/04\/DART-APP-APPLE-STORE-100x100.png 100w\" sizes=\"auto, (max-width: 450px) 100vw, 450px\" \/><\/a><figcaption class=\"wp-element-caption\">APPLE STORE<\/figcaption><\/figure>","protected":false},"excerpt":{"rendered":"<p>Analiza projekta DART Projekt DART ima za cilj ponuditi &#8220;ne\u0161to vi\u0161e&#8221; pacijentima s dijabetesom tipa I i II prate\u0107i valove mobilne tehnologije za 2025.: osobnog trenera pro\u0161irene stvarnosti koji mo\u017ee biti prisutan svakodnevno u njihovim \u017eivotima, bilo gdje i bilo kada, u njihovom domu, uredu, \u0161koli putem inovativne mobilne aplikacije za Android i IOS u&#8230;<\/p>\n","protected":false},"author":1,"featured_media":0,"parent":0,"menu_order":0,"comment_status":"closed","ping_status":"closed","template":"","meta":{"footnotes":""},"class_list":["post-1045","page","type-page","status-publish","hentry"],"_links":{"self":[{"href":"https:\/\/dartproject.eu\/hr\/wp-json\/wp\/v2\/pages\/1045","targetHints":{"allow":["GET"]}}],"collection":[{"href":"https:\/\/dartproject.eu\/hr\/wp-json\/wp\/v2\/pages"}],"about":[{"href":"https:\/\/dartproject.eu\/hr\/wp-json\/wp\/v2\/types\/page"}],"author":[{"embeddable":true,"href":"https:\/\/dartproject.eu\/hr\/wp-json\/wp\/v2\/users\/1"}],"replies":[{"embeddable":true,"href":"https:\/\/dartproject.eu\/hr\/wp-json\/wp\/v2\/comments?post=1045"}],"version-history":[{"count":7,"href":"https:\/\/dartproject.eu\/hr\/wp-json\/wp\/v2\/pages\/1045\/revisions"}],"predecessor-version":[{"id":3113,"href":"https:\/\/dartproject.eu\/hr\/wp-json\/wp\/v2\/pages\/1045\/revisions\/3113"}],"wp:attachment":[{"href":"https:\/\/dartproject.eu\/hr\/wp-json\/wp\/v2\/media?parent=1045"}],"curies":[{"name":"wp","href":"https:\/\/api.w.org\/{rel}","templated":true}]}}