{"id":1082,"date":"2025-03-28T14:53:58","date_gmt":"2025-03-28T14:53:58","guid":{"rendered":"https:\/\/demo.dartproject.eu\/instructions-for-the-app\/"},"modified":"2025-04-29T21:54:02","modified_gmt":"2025-04-29T21:54:02","slug":"instructions-for-the-app","status":"publish","type":"page","link":"https:\/\/dartproject.eu\/hr\/instructions-for-the-app\/","title":{"rendered":"Upute za aplikaclju"},"content":{"rendered":"<div class=\"wp-block-cover is-light has-parallax\"><div class=\"wp-block-cover__image-background wp-image-1274 has-parallax\" style=\"background-position:50% 50%;background-image:url(https:\/\/dartproject.eu\/wp-content\/uploads\/2025\/04\/NEW-LOGO2.png)\"><\/div><span aria-hidden=\"true\" class=\"wp-block-cover__background has-background-dim-0 has-background-dim\" style=\"background-color:#9aece9\"><\/span><div class=\"wp-block-cover__inner-container is-layout-constrained wp-block-cover-is-layout-constrained\"><p class=\"has-text-align-center has-large-font-size\"><\/p><\/div><\/div><figure class=\"wp-block-table has-x-large-font-size\"><table class=\"has-light-color-color has-luminous-vivid-orange-background-color has-text-color has-background has-link-color has-fixed-layout\"><tbody><tr><td><img loading=\"lazy\" decoding=\"async\" width=\"150\" height=\"325\" class=\"wp-image-3100\" style=\"width: 150px;\" src=\"https:\/\/dartproject.eu\/wp-content\/uploads\/2025\/04\/Screenshot_20250430_004421_DART.jpg\" alt=\"\" srcset=\"https:\/\/dartproject.eu\/wp-content\/uploads\/2025\/04\/Screenshot_20250430_004421_DART.jpg 1080w, https:\/\/dartproject.eu\/wp-content\/uploads\/2025\/04\/Screenshot_20250430_004421_DART-138x300.jpg 138w, https:\/\/dartproject.eu\/wp-content\/uploads\/2025\/04\/Screenshot_20250430_004421_DART-473x1024.jpg 473w, https:\/\/dartproject.eu\/wp-content\/uploads\/2025\/04\/Screenshot_20250430_004421_DART-768x1664.jpg 768w, https:\/\/dartproject.eu\/wp-content\/uploads\/2025\/04\/Screenshot_20250430_004421_DART-709x1536.jpg 709w, https:\/\/dartproject.eu\/wp-content\/uploads\/2025\/04\/Screenshot_20250430_004421_DART-945x2048.jpg 945w, https:\/\/dartproject.eu\/wp-content\/uploads\/2025\/04\/Screenshot_20250430_004421_DART-600x1300.jpg 600w\" sizes=\"auto, (max-width: 150px) 100vw, 150px\" \/><\/td><td><br><br>Dobrodo\u0161li u projekt DART!<br><br><br><br><br><br><\/td><\/tr><tr><td><img loading=\"lazy\" decoding=\"async\" width=\"150\" height=\"325\" class=\"wp-image-1551\" style=\"width: 150px;\" src=\"https:\/\/dartproject.eu\/wp-content\/uploads\/2025\/04\/Screenshot_20241227_150430_DART.jpg\" alt=\"\" srcset=\"https:\/\/dartproject.eu\/wp-content\/uploads\/2025\/04\/Screenshot_20241227_150430_DART.jpg 1080w, https:\/\/dartproject.eu\/wp-content\/uploads\/2025\/04\/Screenshot_20241227_150430_DART-138x300.jpg 138w, https:\/\/dartproject.eu\/wp-content\/uploads\/2025\/04\/Screenshot_20241227_150430_DART-473x1024.jpg 473w, https:\/\/dartproject.eu\/wp-content\/uploads\/2025\/04\/Screenshot_20241227_150430_DART-768x1664.jpg 768w, https:\/\/dartproject.eu\/wp-content\/uploads\/2025\/04\/Screenshot_20241227_150430_DART-709x1536.jpg 709w, https:\/\/dartproject.eu\/wp-content\/uploads\/2025\/04\/Screenshot_20241227_150430_DART-945x2048.jpg 945w, https:\/\/dartproject.eu\/wp-content\/uploads\/2025\/04\/Screenshot_20241227_150430_DART-600x1300.jpg 600w\" sizes=\"auto, (max-width: 150px) 100vw, 150px\" \/><\/td><td>Mo\u017eete odabrati svoju jezi\u010dnu verziju.<\/td><\/tr><tr><td><img loading=\"lazy\" decoding=\"async\" width=\"150\" height=\"325\" class=\"wp-image-1558\" style=\"width: 150px;\" src=\"https:\/\/dartproject.eu\/wp-content\/uploads\/2025\/04\/Screenshot_20241227_150440_DART.jpg\" alt=\"\" srcset=\"https:\/\/dartproject.eu\/wp-content\/uploads\/2025\/04\/Screenshot_20241227_150440_DART.jpg 1080w, https:\/\/dartproject.eu\/wp-content\/uploads\/2025\/04\/Screenshot_20241227_150440_DART-138x300.jpg 138w, https:\/\/dartproject.eu\/wp-content\/uploads\/2025\/04\/Screenshot_20241227_150440_DART-473x1024.jpg 473w, https:\/\/dartproject.eu\/wp-content\/uploads\/2025\/04\/Screenshot_20241227_150440_DART-768x1664.jpg 768w, https:\/\/dartproject.eu\/wp-content\/uploads\/2025\/04\/Screenshot_20241227_150440_DART-709x1536.jpg 709w, https:\/\/dartproject.eu\/wp-content\/uploads\/2025\/04\/Screenshot_20241227_150440_DART-945x2048.jpg 945w, https:\/\/dartproject.eu\/wp-content\/uploads\/2025\/04\/Screenshot_20241227_150440_DART-600x1300.jpg 600w\" sizes=\"auto, (max-width: 150px) 100vw, 150px\" \/><\/td><td>Odaberite svoj tip dijabetesa.<\/td><\/tr><tr><td><img loading=\"lazy\" decoding=\"async\" width=\"150\" height=\"325\" class=\"wp-image-1565\" style=\"width: 150px;\" src=\"https:\/\/dartproject.eu\/wp-content\/uploads\/2025\/04\/Screenshot_20241227_150452_DART-1.jpg\" alt=\"\" srcset=\"https:\/\/dartproject.eu\/wp-content\/uploads\/2025\/04\/Screenshot_20241227_150452_DART-1.jpg 1080w, https:\/\/dartproject.eu\/wp-content\/uploads\/2025\/04\/Screenshot_20241227_150452_DART-1-138x300.jpg 138w, https:\/\/dartproject.eu\/wp-content\/uploads\/2025\/04\/Screenshot_20241227_150452_DART-1-473x1024.jpg 473w, https:\/\/dartproject.eu\/wp-content\/uploads\/2025\/04\/Screenshot_20241227_150452_DART-1-768x1664.jpg 768w, https:\/\/dartproject.eu\/wp-content\/uploads\/2025\/04\/Screenshot_20241227_150452_DART-1-709x1536.jpg 709w, https:\/\/dartproject.eu\/wp-content\/uploads\/2025\/04\/Screenshot_20241227_150452_DART-1-945x2048.jpg 945w, https:\/\/dartproject.eu\/wp-content\/uploads\/2025\/04\/Screenshot_20241227_150452_DART-1-600x1300.jpg 600w\" sizes=\"auto, (max-width: 150px) 100vw, 150px\" \/><\/td><td>Sada mo\u017eete zapo\u010deti program vje\u017ebanja!<\/td><\/tr><tr><td><img loading=\"lazy\" decoding=\"async\" width=\"150\" height=\"325\" class=\"wp-image-1572\" style=\"width: 150px;\" src=\"https:\/\/dartproject.eu\/wp-content\/uploads\/2025\/04\/Screenshot_20250413_022650_DART.jpg\" alt=\"\" srcset=\"https:\/\/dartproject.eu\/wp-content\/uploads\/2025\/04\/Screenshot_20250413_022650_DART.jpg 1080w, https:\/\/dartproject.eu\/wp-content\/uploads\/2025\/04\/Screenshot_20250413_022650_DART-138x300.jpg 138w, https:\/\/dartproject.eu\/wp-content\/uploads\/2025\/04\/Screenshot_20250413_022650_DART-473x1024.jpg 473w, https:\/\/dartproject.eu\/wp-content\/uploads\/2025\/04\/Screenshot_20250413_022650_DART-768x1664.jpg 768w, https:\/\/dartproject.eu\/wp-content\/uploads\/2025\/04\/Screenshot_20250413_022650_DART-709x1536.jpg 709w, https:\/\/dartproject.eu\/wp-content\/uploads\/2025\/04\/Screenshot_20250413_022650_DART-945x2048.jpg 945w, https:\/\/dartproject.eu\/wp-content\/uploads\/2025\/04\/Screenshot_20250413_022650_DART-600x1300.jpg 600w\" sizes=\"auto, (max-width: 150px) 100vw, 150px\" \/><\/td><td>Zapo\u010dnite s lak\u0161om razinom i vje\u017ebom 1.<br><\/td><\/tr><tr><td><img loading=\"lazy\" decoding=\"async\" width=\"150\" height=\"323\" class=\"wp-image-1579\" style=\"width: 150px;\" src=\"https:\/\/dartproject.eu\/wp-content\/uploads\/2025\/04\/XFCHX.jpg\" alt=\"\" srcset=\"https:\/\/dartproject.eu\/wp-content\/uploads\/2025\/04\/XFCHX.jpg 219w, https:\/\/dartproject.eu\/wp-content\/uploads\/2025\/04\/XFCHX-139x300.jpg 139w\" sizes=\"auto, (max-width: 150px) 100vw, 150px\" \/><\/td><td>Ovdje je va\u0161 AR trener koji \u0107e vam pomo\u0107i izvesti vje\u017ebu. Lako je!<br>Mo\u017eete vidjeti AR trenera kako izvodi vje\u017ebu iz svih kutova.<br>Ne zaboravite prvo pro\u010ditati mjere opreza!<\/td><\/tr><tr><td><img loading=\"lazy\" decoding=\"async\" width=\"150\" height=\"321\" class=\"wp-image-1586\" style=\"width: 150px;\" src=\"https:\/\/dartproject.eu\/wp-content\/uploads\/2025\/04\/ZXVZSE.jpg\" alt=\"\" srcset=\"https:\/\/dartproject.eu\/wp-content\/uploads\/2025\/04\/ZXVZSE.jpg 214w, https:\/\/dartproject.eu\/wp-content\/uploads\/2025\/04\/ZXVZSE-140x300.jpg 140w\" sizes=\"auto, (max-width: 150px) 100vw, 150px\" \/><\/td><td>Sada \u0107ete vidjeti videozapis volontera koji izvode istu vje\u017ebu.<\/td><\/tr><tr><td><img loading=\"lazy\" decoding=\"async\" width=\"150\" height=\"70\" class=\"wp-image-1593\" style=\"width: 150px;\" src=\"https:\/\/dartproject.eu\/wp-content\/uploads\/2025\/04\/BXCRGZSR.jpg\" alt=\"\" srcset=\"https:\/\/dartproject.eu\/wp-content\/uploads\/2025\/04\/BXCRGZSR.jpg 513w, https:\/\/dartproject.eu\/wp-content\/uploads\/2025\/04\/BXCRGZSR-300x140.jpg 300w\" sizes=\"auto, (max-width: 150px) 100vw, 150px\" \/><\/td><td>Vje\u017ebu mo\u017eete gledati vertikalno i horizontalno.<\/td><\/tr><tr><td><img loading=\"lazy\" decoding=\"async\" width=\"150\" height=\"321\" class=\"wp-image-1600\" style=\"width: 150px;\" src=\"https:\/\/dartproject.eu\/wp-content\/uploads\/2025\/04\/BXCRXRXCHYR.jpg\" alt=\"\" srcset=\"https:\/\/dartproject.eu\/wp-content\/uploads\/2025\/04\/BXCRXRXCHYR.jpg 224w, https:\/\/dartproject.eu\/wp-content\/uploads\/2025\/04\/BXCRXRXCHYR-140x300.jpg 140w\" sizes=\"auto, (max-width: 150px) 100vw, 150px\" \/><\/td><td>Pogledajmo kako mo\u017eete organizirati svoje lijekove i lije\u010dni\u010dke termine.<br><\/td><\/tr><tr><td><img loading=\"lazy\" decoding=\"async\" width=\"150\" height=\"321\" class=\"wp-image-1607\" style=\"width: 150px;\" src=\"https:\/\/dartproject.eu\/wp-content\/uploads\/2025\/04\/CVGJTXCVHGFH.jpg\" alt=\"\" srcset=\"https:\/\/dartproject.eu\/wp-content\/uploads\/2025\/04\/CVGJTXCVHGFH.jpg 224w, https:\/\/dartproject.eu\/wp-content\/uploads\/2025\/04\/CVGJTXCVHGFH-140x300.jpg 140w\" sizes=\"auto, (max-width: 150px) 100vw, 150px\" \/><\/td><td>Imate razli\u010dite opcije koje \u0107e vam pomo\u0107i s terminima i dnevnom dozom.<\/td><\/tr><tr><td><img loading=\"lazy\" decoding=\"async\" width=\"150\" height=\"322\" class=\"wp-image-1614\" style=\"width: 150px;\" src=\"https:\/\/dartproject.eu\/wp-content\/uploads\/2025\/04\/KCGYICGHJTY.jpg\" alt=\"\" srcset=\"https:\/\/dartproject.eu\/wp-content\/uploads\/2025\/04\/KCGYICGHJTY.jpg 218w, https:\/\/dartproject.eu\/wp-content\/uploads\/2025\/04\/KCGYICGHJTY-140x300.jpg 140w\" sizes=\"auto, (max-width: 150px) 100vw, 150px\" \/><\/td><td>Sada je vrijeme za vje\u017ebanje u prirodi!<br>Mo\u017eete uklju\u010diti obli\u017enje parkove.<\/td><\/tr><tr><td><img loading=\"lazy\" decoding=\"async\" width=\"150\" height=\"321\" class=\"wp-image-1621\" style=\"width: 150px;\" src=\"https:\/\/dartproject.eu\/wp-content\/uploads\/2025\/04\/MCTCTUZZ.jpg\" alt=\"\" srcset=\"https:\/\/dartproject.eu\/wp-content\/uploads\/2025\/04\/MCTCTUZZ.jpg 218w, https:\/\/dartproject.eu\/wp-content\/uploads\/2025\/04\/MCTCTUZZ-140x300.jpg 140w\" sizes=\"auto, (max-width: 150px) 100vw, 150px\" \/><\/td><td>Pogledajte informacije o projektu.<\/td><\/tr><tr><td><img loading=\"lazy\" decoding=\"async\" width=\"150\" height=\"323\" class=\"wp-image-1628\" style=\"width: 150px;\" src=\"https:\/\/dartproject.eu\/wp-content\/uploads\/2025\/04\/JKLVUVHJCGY.jpg\" alt=\"\" srcset=\"https:\/\/dartproject.eu\/wp-content\/uploads\/2025\/04\/JKLVUVHJCGY.jpg 226w, https:\/\/dartproject.eu\/wp-content\/uploads\/2025\/04\/JKLVUVHJCGY-140x300.jpg 140w\" sizes=\"auto, (max-width: 150px) 100vw, 150px\" \/><\/td><td>I ne zaboravite pogledati mjere opreza za obje vrste dijabetesa.<\/td><\/tr><tr><td><img loading=\"lazy\" decoding=\"async\" width=\"150\" height=\"323\" class=\"wp-image-1635\" style=\"width: 150px;\" src=\"https:\/\/dartproject.eu\/wp-content\/uploads\/2025\/04\/BUVYIVGBHKCFT.jpg\" alt=\"\" srcset=\"https:\/\/dartproject.eu\/wp-content\/uploads\/2025\/04\/BUVYIVGBHKCFT.jpg 226w, https:\/\/dartproject.eu\/wp-content\/uploads\/2025\/04\/BUVYIVGBHKCFT-140x300.jpg 140w\" sizes=\"auto, (max-width: 150px) 100vw, 150px\" \/><\/td><td>A ovo je na\u0161 tim.<br>Krenimo!<\/td><\/tr><\/tbody><\/table><\/figure>","protected":false},"excerpt":{"rendered":"<p>Dobrodo\u0161li u projekt DART! Mo\u017eete odabrati svoju jezi\u010dnu verziju. Odaberite svoj tip dijabetesa. Sada mo\u017eete zapo\u010deti program vje\u017ebanja! Zapo\u010dnite s lak\u0161om razinom i vje\u017ebom 1. Ovdje je va\u0161 AR trener koji \u0107e vam pomo\u0107i izvesti vje\u017ebu. Lako je!Mo\u017eete vidjeti AR trenera kako izvodi vje\u017ebu iz svih kutova.Ne zaboravite prvo pro\u010ditati mjere opreza! Sada \u0107ete vidjeti&#8230;<\/p>\n","protected":false},"author":1,"featured_media":0,"parent":0,"menu_order":0,"comment_status":"closed","ping_status":"closed","template":"","meta":{"footnotes":""},"class_list":["post-1082","page","type-page","status-publish","hentry"],"_links":{"self":[{"href":"https:\/\/dartproject.eu\/hr\/wp-json\/wp\/v2\/pages\/1082","targetHints":{"allow":["GET"]}}],"collection":[{"href":"https:\/\/dartproject.eu\/hr\/wp-json\/wp\/v2\/pages"}],"about":[{"href":"https:\/\/dartproject.eu\/hr\/wp-json\/wp\/v2\/types\/page"}],"author":[{"embeddable":true,"href":"https:\/\/dartproject.eu\/hr\/wp-json\/wp\/v2\/users\/1"}],"replies":[{"embeddable":true,"href":"https:\/\/dartproject.eu\/hr\/wp-json\/wp\/v2\/comments?post=1082"}],"version-history":[{"count":3,"href":"https:\/\/dartproject.eu\/hr\/wp-json\/wp\/v2\/pages\/1082\/revisions"}],"predecessor-version":[{"id":3117,"href":"https:\/\/dartproject.eu\/hr\/wp-json\/wp\/v2\/pages\/1082\/revisions\/3117"}],"wp:attachment":[{"href":"https:\/\/dartproject.eu\/hr\/wp-json\/wp\/v2\/media?parent=1082"}],"curies":[{"name":"wp","href":"https:\/\/api.w.org\/{rel}","templated":true}]}}