{"id":1094,"date":"2025-03-28T14:50:16","date_gmt":"2025-03-28T14:50:16","guid":{"rendered":"https:\/\/demo.dartproject.eu\/meetings\/"},"modified":"2025-10-02T18:53:50","modified_gmt":"2025-10-02T18:53:50","slug":"meetings","status":"publish","type":"page","link":"https:\/\/dartproject.eu\/hr\/meetings\/","title":{"rendered":"Sastanci"},"content":{"rendered":"<figure class=\"wp-block-gallery has-nested-images columns-default is-cropped wp-block-gallery-1 is-layout-flex wp-block-gallery-is-layout-flex\"><figure class=\"wp-block-image size-large\"><img loading=\"lazy\" decoding=\"async\" width=\"1024\" height=\"768\" data-id=\"1376\" src=\"https:\/\/dartproject.eu\/wp-content\/uploads\/2025\/04\/IMG-20240629-WA0013-1024x768.jpg\" alt=\"\" class=\"wp-image-1376\" srcset=\"https:\/\/dartproject.eu\/wp-content\/uploads\/2025\/04\/IMG-20240629-WA0013-1024x768.jpg 1024w, https:\/\/dartproject.eu\/wp-content\/uploads\/2025\/04\/IMG-20240629-WA0013-300x225.jpg 300w, https:\/\/dartproject.eu\/wp-content\/uploads\/2025\/04\/IMG-20240629-WA0013-768x576.jpg 768w, https:\/\/dartproject.eu\/wp-content\/uploads\/2025\/04\/IMG-20240629-WA0013-1536x1152.jpg 1536w, https:\/\/dartproject.eu\/wp-content\/uploads\/2025\/04\/IMG-20240629-WA0013-600x450.jpg 600w, https:\/\/dartproject.eu\/wp-content\/uploads\/2025\/04\/IMG-20240629-WA0013.jpg 1600w\" sizes=\"auto, (max-width: 1024px) 100vw, 1024px\" \/><figcaption class=\"wp-element-caption\">VALENCIA, \u0160PANJOLSKA<\/figcaption><\/figure>\n\n<figure class=\"wp-block-image size-large\"><img loading=\"lazy\" decoding=\"async\" width=\"1024\" height=\"768\" data-id=\"1391\" src=\"https:\/\/dartproject.eu\/wp-content\/uploads\/2025\/04\/20240628_101834-1024x768.jpg\" alt=\"\" class=\"wp-image-1391\" srcset=\"https:\/\/dartproject.eu\/wp-content\/uploads\/2025\/04\/20240628_101834-1024x768.jpg 1024w, https:\/\/dartproject.eu\/wp-content\/uploads\/2025\/04\/20240628_101834-300x225.jpg 300w, https:\/\/dartproject.eu\/wp-content\/uploads\/2025\/04\/20240628_101834-768x576.jpg 768w, https:\/\/dartproject.eu\/wp-content\/uploads\/2025\/04\/20240628_101834-1536x1152.jpg 1536w, https:\/\/dartproject.eu\/wp-content\/uploads\/2025\/04\/20240628_101834-2048x1536.jpg 2048w, https:\/\/dartproject.eu\/wp-content\/uploads\/2025\/04\/20240628_101834-600x450.jpg 600w\" sizes=\"auto, (max-width: 1024px) 100vw, 1024px\" \/><figcaption class=\"wp-element-caption\">VALENCIA, \u0160PANJOLSKA<\/figcaption><\/figure>\n\n<figure class=\"wp-block-image size-large\"><img loading=\"lazy\" decoding=\"async\" width=\"1024\" height=\"768\" data-id=\"1398\" src=\"https:\/\/dartproject.eu\/wp-content\/uploads\/2025\/04\/IMG-20240630-WA0003-1024x768.jpg\" alt=\"\" class=\"wp-image-1398\" srcset=\"https:\/\/dartproject.eu\/wp-content\/uploads\/2025\/04\/IMG-20240630-WA0003-1024x768.jpg 1024w, https:\/\/dartproject.eu\/wp-content\/uploads\/2025\/04\/IMG-20240630-WA0003-300x225.jpg 300w, https:\/\/dartproject.eu\/wp-content\/uploads\/2025\/04\/IMG-20240630-WA0003-768x576.jpg 768w, https:\/\/dartproject.eu\/wp-content\/uploads\/2025\/04\/IMG-20240630-WA0003-1536x1152.jpg 1536w, https:\/\/dartproject.eu\/wp-content\/uploads\/2025\/04\/IMG-20240630-WA0003-600x450.jpg 600w, https:\/\/dartproject.eu\/wp-content\/uploads\/2025\/04\/IMG-20240630-WA0003.jpg 2048w\" sizes=\"auto, (max-width: 1024px) 100vw, 1024px\" \/><figcaption class=\"wp-element-caption\">VALENCIA, \u0160PANJOLSKA<\/figcaption><\/figure>\n\n<figure class=\"wp-block-image size-large\"><img loading=\"lazy\" decoding=\"async\" width=\"1000\" height=\"750\" data-id=\"3126\" src=\"https:\/\/dartproject.eu\/wp-content\/uploads\/2025\/05\/GREECE1.jpg\" alt=\"\" class=\"wp-image-3126\" srcset=\"https:\/\/dartproject.eu\/wp-content\/uploads\/2025\/05\/GREECE1.jpg 1000w, https:\/\/dartproject.eu\/wp-content\/uploads\/2025\/05\/GREECE1-300x225.jpg 300w, https:\/\/dartproject.eu\/wp-content\/uploads\/2025\/05\/GREECE1-768x576.jpg 768w, https:\/\/dartproject.eu\/wp-content\/uploads\/2025\/05\/GREECE1-600x450.jpg 600w\" sizes=\"auto, (max-width: 1000px) 100vw, 1000px\" \/><figcaption class=\"wp-element-caption\">ATENA, GR\u010cKA<\/figcaption><\/figure>\n\n<figure class=\"wp-block-image size-large\"><img loading=\"lazy\" decoding=\"async\" width=\"1000\" height=\"762\" data-id=\"3133\" src=\"https:\/\/dartproject.eu\/wp-content\/uploads\/2025\/05\/GREECE2.jpg\" alt=\"\" class=\"wp-image-3133\" srcset=\"https:\/\/dartproject.eu\/wp-content\/uploads\/2025\/05\/GREECE2.jpg 1000w, https:\/\/dartproject.eu\/wp-content\/uploads\/2025\/05\/GREECE2-300x229.jpg 300w, https:\/\/dartproject.eu\/wp-content\/uploads\/2025\/05\/GREECE2-768x585.jpg 768w, https:\/\/dartproject.eu\/wp-content\/uploads\/2025\/05\/GREECE2-600x457.jpg 600w\" sizes=\"auto, (max-width: 1000px) 100vw, 1000px\" \/><figcaption class=\"wp-element-caption\">ATENA, GR\u010cKA<\/figcaption><\/figure>\n\n<figure class=\"wp-block-image size-large\"><img loading=\"lazy\" decoding=\"async\" width=\"1000\" height=\"750\" data-id=\"3140\" src=\"https:\/\/dartproject.eu\/wp-content\/uploads\/2025\/05\/GREECE3.jpg\" alt=\"\" class=\"wp-image-3140\" srcset=\"https:\/\/dartproject.eu\/wp-content\/uploads\/2025\/05\/GREECE3.jpg 1000w, https:\/\/dartproject.eu\/wp-content\/uploads\/2025\/05\/GREECE3-300x225.jpg 300w, https:\/\/dartproject.eu\/wp-content\/uploads\/2025\/05\/GREECE3-768x576.jpg 768w, https:\/\/dartproject.eu\/wp-content\/uploads\/2025\/05\/GREECE3-600x450.jpg 600w\" sizes=\"auto, (max-width: 1000px) 100vw, 1000px\" \/><figcaption class=\"wp-element-caption\">ATENA, GR\u010cKA<\/figcaption><\/figure>\n\n<figure class=\"wp-block-image size-large\"><img loading=\"lazy\" decoding=\"async\" width=\"557\" height=\"327\" data-id=\"3249\" src=\"https:\/\/dartproject.eu\/wp-content\/uploads\/2025\/10\/BEST-WEB2.png\" alt=\"\" class=\"wp-image-3249\" srcset=\"https:\/\/dartproject.eu\/wp-content\/uploads\/2025\/10\/BEST-WEB2.png 557w, https:\/\/dartproject.eu\/wp-content\/uploads\/2025\/10\/BEST-WEB2-300x176.png 300w\" sizes=\"auto, (max-width: 557px) 100vw, 557px\" \/><figcaption class=\"wp-element-caption\">TARGU MURES, RUMUNJSKA<\/figcaption><\/figure>\n\n<figure class=\"wp-block-image size-large\"><img loading=\"lazy\" decoding=\"async\" width=\"600\" height=\"450\" data-id=\"3257\" src=\"https:\/\/dartproject.eu\/wp-content\/uploads\/2025\/10\/BESTWEB3.png\" alt=\"\" class=\"wp-image-3257\" srcset=\"https:\/\/dartproject.eu\/wp-content\/uploads\/2025\/10\/BESTWEB3.png 600w, https:\/\/dartproject.eu\/wp-content\/uploads\/2025\/10\/BESTWEB3-300x225.png 300w\" sizes=\"auto, (max-width: 600px) 100vw, 600px\" \/><figcaption class=\"wp-element-caption\">TARGU MURES, RUMUNJSKA<\/figcaption><\/figure>\n\n<figure class=\"wp-block-image size-large\"><img loading=\"lazy\" decoding=\"async\" width=\"600\" height=\"392\" data-id=\"3264\" src=\"https:\/\/dartproject.eu\/wp-content\/uploads\/2025\/10\/BEST-WEB1.png\" alt=\"\" class=\"wp-image-3264\" srcset=\"https:\/\/dartproject.eu\/wp-content\/uploads\/2025\/10\/BEST-WEB1.png 600w, https:\/\/dartproject.eu\/wp-content\/uploads\/2025\/10\/BEST-WEB1-300x196.png 300w\" sizes=\"auto, (max-width: 600px) 100vw, 600px\" \/><figcaption class=\"wp-element-caption\">TARGU MURES, RUMUNJSKA<\/figcaption><\/figure><\/figure>","protected":false},"excerpt":{"rendered":"VALENCIA, \u0160PANJOLSKA VALENCIA, \u0160PANJOLSKA VALENCIA, \u0160PANJOLSKA ATENA, GR\u010cKA ATENA, GR\u010cKA ATENA, GR\u010cKA TARGU MURES, RUMUNJSKA TARGU MURES, RUMUNJSKA TARGU MURES, RUMUNJSKA","protected":false},"author":1,"featured_media":0,"parent":0,"menu_order":0,"comment_status":"closed","ping_status":"closed","template":"","meta":{"footnotes":""},"class_list":["post-1094","page","type-page","status-publish","hentry"],"_links":{"self":[{"href":"https:\/\/dartproject.eu\/hr\/wp-json\/wp\/v2\/pages\/1094","targetHints":{"allow":["GET"]}}],"collection":[{"href":"https:\/\/dartproject.eu\/hr\/wp-json\/wp\/v2\/pages"}],"about":[{"href":"https:\/\/dartproject.eu\/hr\/wp-json\/wp\/v2\/types\/page"}],"author":[{"embeddable":true,"href":"https:\/\/dartproject.eu\/hr\/wp-json\/wp\/v2\/users\/1"}],"replies":[{"embeddable":true,"href":"https:\/\/dartproject.eu\/hr\/wp-json\/wp\/v2\/comments?post=1094"}],"version-history":[{"count":4,"href":"https:\/\/dartproject.eu\/hr\/wp-json\/wp\/v2\/pages\/1094\/revisions"}],"predecessor-version":[{"id":3288,"href":"https:\/\/dartproject.eu\/hr\/wp-json\/wp\/v2\/pages\/1094\/revisions\/3288"}],"wp:attachment":[{"href":"https:\/\/dartproject.eu\/hr\/wp-json\/wp\/v2\/media?parent=1094"}],"curies":[{"name":"wp","href":"https:\/\/api.w.org\/{rel}","templated":true}]}}