{"id":1106,"date":"2025-03-28T14:51:50","date_gmt":"2025-03-28T14:51:50","guid":{"rendered":"https:\/\/demo.dartproject.eu\/moodle-platform\/"},"modified":"2025-04-13T15:14:51","modified_gmt":"2025-04-13T15:14:51","slug":"moodle-platform","status":"publish","type":"page","link":"https:\/\/dartproject.eu\/hr\/moodle-platform\/","title":{"rendered":"Platforma Moodle"},"content":{"rendered":"<div class=\"wp-block-cover is-light has-parallax\"><span aria-hidden=\"true\" class=\"wp-block-cover__background has-background-dim-0 has-background-dim\" style=\"background-color:#9baaac\"><\/span><div class=\"wp-block-cover__image-background wp-image-1495 has-parallax\" style=\"background-position:50% 50%;background-image:url(https:\/\/dartproject.eu\/wp-content\/uploads\/2025\/04\/platform-photo-scaled.jpg)\"><\/div><div class=\"wp-block-cover__inner-container is-layout-constrained wp-block-cover-is-layout-constrained\"><p class=\"has-text-align-center has-large-font-size\"><\/p><\/div><\/div><p class=\"has-primary-color has-text-color has-link-color wp-elements-c2c3dfd6619b29986b8f84d6e017a166\"><strong>INTELEKTUALNI OUTPUT 2: E-PLATFORMA<\/strong><\/p><p>Razvili smo e-platformu na temelju Moodlea kako bismo profesorima tjelesne i zdravstvene kulture i trenerima pru\u017eili vrijedno znanje vezano uz potrebe njihovih dijabeti\u010dkih sporta\u0161a.<br><br>Na\u0161a e-platforma uklju\u010duje dva dijela:<br><br><strong>A) PROMOTIVNA WEB-STRANICA <\/strong>u 7 jezi\u010dnih verzija: Ova promotivna web-stranica uklju\u010duje analiti\u010dke informacije o na\u0161im ciljevima i ciljevima projekta, aktivnostima i rezultatima projekta, ciljnim skupinama, partnerstvu, korisnim poveznicama itd.<\/p><figure class=\"wp-block-image alignright size-large is-resized\"><img loading=\"lazy\" decoding=\"async\" width=\"1024\" height=\"816\" src=\"https:\/\/dartproject.eu\/wp-content\/uploads\/2025\/04\/LIHIY-1024x816.jpg\" alt=\"\" class=\"wp-image-1502\" style=\"width:427px;height:auto\" srcset=\"https:\/\/dartproject.eu\/wp-content\/uploads\/2025\/04\/LIHIY-1024x816.jpg 1024w, https:\/\/dartproject.eu\/wp-content\/uploads\/2025\/04\/LIHIY-300x239.jpg 300w, https:\/\/dartproject.eu\/wp-content\/uploads\/2025\/04\/LIHIY-768x612.jpg 768w, https:\/\/dartproject.eu\/wp-content\/uploads\/2025\/04\/LIHIY-600x478.jpg 600w, https:\/\/dartproject.eu\/wp-content\/uploads\/2025\/04\/LIHIY.jpg 1100w\" sizes=\"auto, (max-width: 1024px) 100vw, 1024px\" \/><\/figure><p><br><strong>B) MOODLE e-PLATFORMA <\/strong>s otvorenim pristupom svima uklju\u010duju\u0107i:<br>1) <strong>30 e-modula <\/strong>za nastavnike tjelesnog odgoja i trenere:<br>&#8211; s ciljem pru\u017eanja vje\u0161tina nastavnicima tjelesnog odgoja i trenerima kako bi se mogli nositi s bilo kojom hitnom medicinskom situacijom svojih sporta\u0161a dijabeti\u010dara i<br>&#8211; educirati kako mogu pru\u017eiti ohrabrenje i podr\u0161ku svojim sporta\u0161ima dijabeti\u010darima kako bi nastavili sa tjelesnim aktivnostima.<br><br>Moduli izme\u0111u ostalog tako\u0111er uklju\u010duju:<br>a) znanstvene informacije o zdravstvenim prednostima vezanim uz specifi\u010dne tjelesne vje\u017ebe;<br>b) Strategije psiholo\u0161ke podr\u0161ke mladima i odraslima koji boluju od dijabetesa tipa I i II kako bi ih se potaknulo da se uklju\u010de u provo\u0111enje tjelesne aktivnosti.<br>c) Studije, mi\u0161ljenja, najnovija saznanja o dijabetesu i tjelesnoj aktivnosti, razgovori sa zdravstvenim radnicima i uspje\u0161ne pri\u010de dijabeti\u010dara.<br><br><strong>ODJELJAK ZA RODITELJE <\/strong>: Poseban dio E-platforme posve\u0107en je podizanju svijesti o va\u017enosti tjelesnog vje\u017ebanja za osobe s dijabetesom tipa I i II. Cilj nam je uvjeriti roditelje i obitelji oboljelih od dijabetesa tipa I i II da je tjelesna aktivnost korisna za zdravlje; stoga moraju podr\u017eavati svoju obitelj da se uklju\u010de u provo\u0111enje tjelesnih vje\u017ebi ili sport.<\/p><div class=\"wp-block-media-text is-stacked-on-mobile\" style=\"grid-template-columns:23% auto\"><figure class=\"wp-block-media-text__media\"><img loading=\"lazy\" decoding=\"async\" width=\"450\" height=\"450\" src=\"https:\/\/dartproject.eu\/wp-content\/uploads\/2025\/04\/MOODLE-QR-CODE.png\" alt=\"\" class=\"wp-image-1508 size-full\" srcset=\"https:\/\/dartproject.eu\/wp-content\/uploads\/2025\/04\/MOODLE-QR-CODE.png 450w, https:\/\/dartproject.eu\/wp-content\/uploads\/2025\/04\/MOODLE-QR-CODE-300x300.png 300w, https:\/\/dartproject.eu\/wp-content\/uploads\/2025\/04\/MOODLE-QR-CODE-150x150.png 150w, https:\/\/dartproject.eu\/wp-content\/uploads\/2025\/04\/MOODLE-QR-CODE-100x100.png 100w\" sizes=\"auto, (max-width: 450px) 100vw, 450px\" \/><\/figure><div class=\"wp-block-media-text__content\"><p class=\"has-large-font-size\"><a href=\"http:\/\/moodle.dartproject.eu\" data-type=\"link\" data-id=\"moodle.dartproject.eu\"><strong>moodle.dartproject.eu<\/strong><\/a><\/p><\/div><\/div>","protected":false},"excerpt":{"rendered":"<p>INTELEKTUALNI OUTPUT 2: E-PLATFORMA Razvili smo e-platformu na temelju Moodlea kako bismo profesorima tjelesne i zdravstvene kulture i trenerima pru\u017eili vrijedno znanje vezano uz potrebe njihovih dijabeti\u010dkih sporta\u0161a. Na\u0161a e-platforma uklju\u010duje dva dijela: A) PROMOTIVNA WEB-STRANICA u 7 jezi\u010dnih verzija: Ova promotivna web-stranica uklju\u010duje analiti\u010dke informacije o na\u0161im ciljevima i ciljevima projekta, aktivnostima i rezultatima&#8230;<\/p>\n","protected":false},"author":1,"featured_media":0,"parent":0,"menu_order":0,"comment_status":"closed","ping_status":"closed","template":"","meta":{"footnotes":""},"class_list":["post-1106","page","type-page","status-publish","hentry"],"_links":{"self":[{"href":"https:\/\/dartproject.eu\/hr\/wp-json\/wp\/v2\/pages\/1106","targetHints":{"allow":["GET"]}}],"collection":[{"href":"https:\/\/dartproject.eu\/hr\/wp-json\/wp\/v2\/pages"}],"about":[{"href":"https:\/\/dartproject.eu\/hr\/wp-json\/wp\/v2\/types\/page"}],"author":[{"embeddable":true,"href":"https:\/\/dartproject.eu\/hr\/wp-json\/wp\/v2\/users\/1"}],"replies":[{"embeddable":true,"href":"https:\/\/dartproject.eu\/hr\/wp-json\/wp\/v2\/comments?post=1106"}],"version-history":[{"count":4,"href":"https:\/\/dartproject.eu\/hr\/wp-json\/wp\/v2\/pages\/1106\/revisions"}],"predecessor-version":[{"id":1844,"href":"https:\/\/dartproject.eu\/hr\/wp-json\/wp\/v2\/pages\/1106\/revisions\/1844"}],"wp:attachment":[{"href":"https:\/\/dartproject.eu\/hr\/wp-json\/wp\/v2\/media?parent=1106"}],"curies":[{"name":"wp","href":"https:\/\/api.w.org\/{rel}","templated":true}]}}