{"id":1135,"date":"2025-03-28T16:20:49","date_gmt":"2025-03-28T16:20:49","guid":{"rendered":"https:\/\/demo.dartproject.eu\/?page_id=1135"},"modified":"2025-04-28T21:12:22","modified_gmt":"2025-04-28T21:12:22","slug":"podcast-series","status":"publish","type":"page","link":"https:\/\/dartproject.eu\/hr\/podcast-series\/","title":{"rendered":"Serijal Podcasta"},"content":{"rendered":"<div class=\"wp-block-cover is-light has-parallax\"><div class=\"wp-block-cover__image-background wp-image-1534 has-parallax\" style=\"background-position:50% 50%;background-image:url(https:\/\/dartproject.eu\/wp-content\/uploads\/2025\/04\/podcasts-photos.jpg)\"><\/div><span aria-hidden=\"true\" class=\"wp-block-cover__background has-background-dim-0 has-background-dim\" style=\"background-color:#c2d9d7\"><\/span><div class=\"wp-block-cover__inner-container is-layout-constrained wp-block-cover-is-layout-constrained\"><p class=\"has-text-align-center has-large-font-size\"><\/p><\/div><\/div><p><\/p><p class=\"has-primary-color has-text-color has-link-color wp-elements-331017098d27657e8aa5d9733217e76d\"><strong>SERIJAL PODCASTA<\/strong>: Ovo je jo\u0161 jedna inovacija na\u0161eg projekta. Sadr\u017ei niz od 15 podcasta koji sadr\u017ee zanimljive rasprave sa stru\u010dnjacima na podru\u010dju dijabetesa i tjelesne aktivnosti i uspje\u0161ne pri\u010de dijabeti\u010dara.<br><br><\/p><figure class=\"wp-block-table\"><table class=\"has-light-color-color has-secondary-shade-1-background-color has-text-color has-background has-link-color has-fixed-layout\"><tbody><tr><td><strong>&nbsp;<\/strong><\/td><td><strong>PODCASTOVI<\/strong><\/td><td><strong>TITULA<\/strong><\/td><td><strong>LINK YOUTUBE<\/strong> <strong>&nbsp;<\/strong><\/td><td><strong>POVE\u017dITE MOODLE PLATFORMU<\/strong><\/td><\/tr><tr><td>1.<img loading=\"lazy\" decoding=\"async\" width=\"150\" height=\"83\" class=\"wp-image-1664\" style=\"width: 150px;\" src=\"https:\/\/dartproject.eu\/wp-content\/uploads\/2025\/04\/podcast-modified.png\" alt=\"\" srcset=\"https:\/\/dartproject.eu\/wp-content\/uploads\/2025\/04\/podcast-modified.png 561w, https:\/\/dartproject.eu\/wp-content\/uploads\/2025\/04\/podcast-modified-300x165.png 300w\" sizes=\"auto, (max-width: 150px) 100vw, 150px\" \/><\/td><td>\u017dIVJETI S DIJABETESOM TIP 1 <\/td><td>SAVJETI I ZNATI KAKO Intervju s DrCristina Ferrer Abero i Isabel Beltran Gil (pacijent)<\/td><td><a href=\"https:\/\/youtu.be\/sWAv-o4IwIE\">https:\/\/youtu.be\/sWAv-o4IwIE<\/a> &nbsp;<\/td><td>&nbsp;<a href=\"https:\/\/moodle.dartproject.eu\/course\/section.php?id=347\">https:\/\/moodle.dartproject.eu\/course\/section.php?id=347<\/a><\/td><\/tr><tr><td>2.<img loading=\"lazy\" decoding=\"async\" width=\"150\" height=\"83\" class=\"wp-image-1664\" style=\"width: 150px;\" src=\"https:\/\/dartproject.eu\/wp-content\/uploads\/2025\/04\/podcast-modified.png\" alt=\"\" srcset=\"https:\/\/dartproject.eu\/wp-content\/uploads\/2025\/04\/podcast-modified.png 561w, https:\/\/dartproject.eu\/wp-content\/uploads\/2025\/04\/podcast-modified-300x165.png 300w\" sizes=\"auto, (max-width: 150px) 100vw, 150px\" \/><\/td><td>\u017dIVJETI S DIJABETESOM TIP 2 <\/td><td>SAVJETI I ZNATI KAKO Intervju s dr. Angeliki Gouli, endokrinologom<\/td><td><a href=\"https:\/\/youtu.be\/zoxQAgB4GzU\">https:\/\/youtu.be\/zoxQAgB4GzU<\/a> &nbsp;<\/td><td>&nbsp;<a href=\"https:\/\/moodle.dartproject.eu\/course\/section.php?id=347\">https:\/\/moodle.dartproject.eu\/course\/section.php?id=347<\/a><\/td><\/tr><tr><td>3.<img loading=\"lazy\" decoding=\"async\" width=\"150\" height=\"83\" class=\"wp-image-1664\" style=\"width: 150px;\" src=\"https:\/\/dartproject.eu\/wp-content\/uploads\/2025\/04\/podcast-modified.png\" alt=\"\" srcset=\"https:\/\/dartproject.eu\/wp-content\/uploads\/2025\/04\/podcast-modified.png 561w, https:\/\/dartproject.eu\/wp-content\/uploads\/2025\/04\/podcast-modified-300x165.png 300w\" sizes=\"auto, (max-width: 150px) 100vw, 150px\" \/><\/td><td>\u017dIVJETI S DIJABETESOM TIP 1 <\/td><td>MI\u0160LJENJE STRU\u010cNJAKA<br>Intervju s  Dr. Sanja Pavi\u0107, MD<br><\/td><td>&nbsp;<a href=\"https:\/\/youtu.be\/E6AqpC0P6r0\">https:\/\/youtu.be\/E6AqpC0P6r0<\/a><\/td><td>&nbsp;<a href=\"https:\/\/moodle.dartproject.eu\/course\/section.php?id=334\">https:\/\/moodle.dartproject.eu\/course\/section.php?id=334<\/a><\/td><\/tr><tr><td>4.<img loading=\"lazy\" decoding=\"async\" width=\"150\" height=\"83\" class=\"wp-image-1664\" style=\"width: 150px;\" src=\"https:\/\/dartproject.eu\/wp-content\/uploads\/2025\/04\/podcast-modified.png\" alt=\"\" srcset=\"https:\/\/dartproject.eu\/wp-content\/uploads\/2025\/04\/podcast-modified.png 561w, https:\/\/dartproject.eu\/wp-content\/uploads\/2025\/04\/podcast-modified-300x165.png 300w\" sizes=\"auto, (max-width: 150px) 100vw, 150px\" \/><\/td><td>\u017dIVJETI S DIJABETESOM TIP 2 <\/td><td>MI\u0160LJENJE STRU\u010cNJAKA<br>Intervju s   Dr Rui Ramos<\/td><td>&nbsp;<a href=\"https:\/\/youtu.be\/WCtyoplZVZM\">https:\/\/youtu.be\/WCtyoplZVZM<\/a><\/td><td>&nbsp;<a href=\"https:\/\/moodle.dartproject.eu\/course\/section.php?id=335\">https:\/\/moodle.dartproject.eu\/course\/section.php?id=335<\/a><\/td><\/tr><tr><td>5.<img loading=\"lazy\" decoding=\"async\" width=\"150\" height=\"83\" class=\"wp-image-1664\" style=\"width: 150px;\" src=\"https:\/\/dartproject.eu\/wp-content\/uploads\/2025\/04\/podcast-modified.png\" alt=\"\" srcset=\"https:\/\/dartproject.eu\/wp-content\/uploads\/2025\/04\/podcast-modified.png 561w, https:\/\/dartproject.eu\/wp-content\/uploads\/2025\/04\/podcast-modified-300x165.png 300w\" sizes=\"auto, (max-width: 150px) 100vw, 150px\" \/><\/td><td>\u017dIVJETI S DIJABETESOM TIP 1 I 2 <\/td><td>SAVJETI LIJE\u010cNIKA Razgovor s dr. Riccardom Mariom Pollisom, dijabetologom<\/td><td><a href=\"https:\/\/youtu.be\/D8dvCYsWDcY\">https:\/\/youtu.be\/D8dvCYsWDcY<\/a> &nbsp;<\/td><td>&nbsp;<a href=\"https:\/\/moodle.dartproject.eu\/course\/section.php?id=336\">https:\/\/moodle.dartproject.eu\/course\/section.php?id=336<\/a><\/td><\/tr><tr><td>6.<img loading=\"lazy\" decoding=\"async\" width=\"150\" height=\"83\" class=\"wp-image-1664\" style=\"width: 150px;\" src=\"https:\/\/dartproject.eu\/wp-content\/uploads\/2025\/04\/podcast-modified.png\" alt=\"\" srcset=\"https:\/\/dartproject.eu\/wp-content\/uploads\/2025\/04\/podcast-modified.png 561w, https:\/\/dartproject.eu\/wp-content\/uploads\/2025\/04\/podcast-modified-300x165.png 300w\" sizes=\"auto, (max-width: 150px) 100vw, 150px\" \/><\/td><td>DIJABETES TIP 1 I TJELESNI I ODGOJ <\/td><td>UTJECAJ VJE\u017dBANJA NA ISHODE DIJABETESA Intervju dr. Laura Elvira Macagno (profesorica tjelesne aktivnosti i sportskih znanosti) i Marina Conesa Molina (pacijent)&nbsp;<\/td><td><a href=\"https:\/\/youtu.be\/DlK8Qx3bO7Q\">https:\/\/youtu.be\/DlK8Qx3bO7Q<\/a> &nbsp;<\/td><td>&nbsp;<a href=\"https:\/\/moodle.dartproject.eu\/course\/section.php?id=337\">https:\/\/moodle.dartproject.eu\/course\/section.php?id=337<\/a><\/td><\/tr><tr><td>7.<img loading=\"lazy\" decoding=\"async\" width=\"150\" height=\"83\" class=\"wp-image-1664\" style=\"width: 150px;\" src=\"https:\/\/dartproject.eu\/wp-content\/uploads\/2025\/04\/podcast-modified.png\" alt=\"\" srcset=\"https:\/\/dartproject.eu\/wp-content\/uploads\/2025\/04\/podcast-modified.png 561w, https:\/\/dartproject.eu\/wp-content\/uploads\/2025\/04\/podcast-modified-300x165.png 300w\" sizes=\"auto, (max-width: 150px) 100vw, 150px\" \/><\/td><td>\u0160E\u0106ERNA BOLEST TIP 2 I TJELESNI ODGOJ <\/td><td>VRIJEDNOST VJE\u017dBANJA U PREVENCIJI Intervju saDr Marco Vecchiato, doktor medicine specijaliziran za medicinu sporta i tjelovje\u017ebe<\/td><td><a href=\"https:\/\/youtu.be\/T67bBUnsAJ0\">https:\/\/youtu.be\/T67bBUnsAJ0<\/a> &nbsp;<\/td><td>&nbsp;<a href=\"https:\/\/moodle.dartproject.eu\/course\/section.php?id=338\">https:\/\/moodle.dartproject.eu\/course\/section.php?id=338<\/a><\/td><\/tr><tr><td>8.<img loading=\"lazy\" decoding=\"async\" width=\"150\" height=\"83\" class=\"wp-image-1664\" style=\"width: 150px;\" src=\"https:\/\/dartproject.eu\/wp-content\/uploads\/2025\/04\/podcast-modified.png\" alt=\"\" srcset=\"https:\/\/dartproject.eu\/wp-content\/uploads\/2025\/04\/podcast-modified.png 561w, https:\/\/dartproject.eu\/wp-content\/uploads\/2025\/04\/podcast-modified-300x165.png 300w\" sizes=\"auto, (max-width: 150px) 100vw, 150px\" \/><\/td><td>DIJABETES TIP 1 I TJELESNI I ODGOJ <\/td><td>MJERE PREDOSTRO\u017dNOSTI<br>Intervju s Jorge Daniel Martins Branquinho<br><\/td><td>&nbsp;<a href=\"https:\/\/youtu.be\/NeLEv_83zCc\">https:\/\/youtu.be\/NeLEv_83zCc<\/a><\/td><td>&nbsp;<a href=\"https:\/\/moodle.dartproject.eu\/course\/section.php?id=339\">https:\/\/moodle.dartproject.eu\/course\/section.php?id=339<\/a><\/td><\/tr><tr><td>9<img loading=\"lazy\" decoding=\"async\" width=\"150\" height=\"83\" class=\"wp-image-1664\" style=\"width: 150px;\" src=\"https:\/\/dartproject.eu\/wp-content\/uploads\/2025\/04\/podcast-modified.png\" alt=\"\" srcset=\"https:\/\/dartproject.eu\/wp-content\/uploads\/2025\/04\/podcast-modified.png 561w, https:\/\/dartproject.eu\/wp-content\/uploads\/2025\/04\/podcast-modified-300x165.png 300w\" sizes=\"auto, (max-width: 150px) 100vw, 150px\" \/><\/td><td>\u0160E\u0106ERNA BOLEST TIP 2 I TJELESNI ODGOJ <\/td><td>MJERE PREDOSTRO\u017dNOSTI<br>Intervju s  Dr. Sanja Pavi\u0107, MD<\/td><td>&nbsp;<a href=\"https:\/\/youtu.be\/gA-2Khi0QHY\">https:\/\/youtu.be\/gA-2Khi0QHY<\/a><\/td><td>&nbsp;<a href=\"https:\/\/moodle.dartproject.eu\/course\/section.php?id=340\">https:\/\/moodle.dartproject.eu\/course\/section.php?id=340<\/a><\/td><\/tr><tr><td>10.<img loading=\"lazy\" decoding=\"async\" width=\"150\" height=\"83\" class=\"wp-image-1664\" style=\"width: 150px;\" src=\"https:\/\/dartproject.eu\/wp-content\/uploads\/2025\/04\/podcast-modified.png\" alt=\"\" srcset=\"https:\/\/dartproject.eu\/wp-content\/uploads\/2025\/04\/podcast-modified.png 561w, https:\/\/dartproject.eu\/wp-content\/uploads\/2025\/04\/podcast-modified-300x165.png 300w\" sizes=\"auto, (max-width: 150px) 100vw, 150px\" \/><\/td><td>HRANA ZA DIJABETI\u010cARE <\/td><td>ZA DIJABETES TIP 1 Intervju s dr. Angeliki Gouli, endokrinologom<\/td><td><a href=\"https:\/\/youtu.be\/KlxyCHPbqn0\">https:\/\/youtu.be\/KlxyCHPbqn0<\/a> &nbsp;<\/td><td>&nbsp;<a href=\"https:\/\/moodle.dartproject.eu\/course\/section.php?id=341\">https:\/\/moodle.dartproject.eu\/course\/section.php?id=341<\/a><\/td><\/tr><tr><td>11.<img loading=\"lazy\" decoding=\"async\" width=\"150\" height=\"83\" class=\"wp-image-1664\" style=\"width: 150px;\" src=\"https:\/\/dartproject.eu\/wp-content\/uploads\/2025\/04\/podcast-modified.png\" alt=\"\" srcset=\"https:\/\/dartproject.eu\/wp-content\/uploads\/2025\/04\/podcast-modified.png 561w, https:\/\/dartproject.eu\/wp-content\/uploads\/2025\/04\/podcast-modified-300x165.png 300w\" sizes=\"auto, (max-width: 150px) 100vw, 150px\" \/><\/td><td>HRANA ZA DIJABETI\u010cARE <\/td><td>ZA DIJABETES TIP 2, Intervju s dr. Angeliki Gouli, endokrinologom<\/td><td><a href=\"https:\/\/youtu.be\/iNmt_ikXYPY\">https:\/\/youtu.be\/iNmt_ikXYPY<\/a> &nbsp;<\/td><td>&nbsp;<a href=\"https:\/\/youtu.be\/iNmt_ikXYPY\">https:\/\/youtu.be\/iNmt_ikXYPY<\/a><\/td><\/tr><tr><td>12.<img loading=\"lazy\" decoding=\"async\" width=\"150\" height=\"83\" class=\"wp-image-1664\" style=\"width: 150px;\" src=\"https:\/\/dartproject.eu\/wp-content\/uploads\/2025\/04\/podcast-modified.png\" alt=\"\" srcset=\"https:\/\/dartproject.eu\/wp-content\/uploads\/2025\/04\/podcast-modified.png 561w, https:\/\/dartproject.eu\/wp-content\/uploads\/2025\/04\/podcast-modified-300x165.png 300w\" sizes=\"auto, (max-width: 150px) 100vw, 150px\" \/><\/td><td>USPJE\u0160NE PRI\u010cE <\/td><td>PACIJENT 1 Intervju saIonu\u021b B\u00e2rsan (pacijent)<\/td><td><a href=\"https:\/\/youtu.be\/EfiXaUcHzwQ\">https:\/\/youtu.be\/EfiXaUcHzwQ<\/a> &nbsp;<\/td><td>&nbsp;<a href=\"https:\/\/youtu.be\/EfiXaUcHzwQ\">https:\/\/youtu.be\/EfiXaUcHzwQ<\/a><\/td><\/tr><tr><td>13.<img loading=\"lazy\" decoding=\"async\" width=\"150\" height=\"83\" class=\"wp-image-1664\" style=\"width: 150px;\" src=\"https:\/\/dartproject.eu\/wp-content\/uploads\/2025\/04\/podcast-modified.png\" alt=\"\" srcset=\"https:\/\/dartproject.eu\/wp-content\/uploads\/2025\/04\/podcast-modified.png 561w, https:\/\/dartproject.eu\/wp-content\/uploads\/2025\/04\/podcast-modified-300x165.png 300w\" sizes=\"auto, (max-width: 150px) 100vw, 150px\" \/><\/td><td>USPJE\u0160NE PRI\u010cE <\/td><td>PACIJENT 2 Razgovor s Daleom Medve Mihaela (pacijent)<\/td><td><a href=\"https:\/\/youtu.be\/42WzJUR4l1A\">https:\/\/youtu.be\/42WzJUR4l1A<\/a> &nbsp;<\/td><td>&nbsp;<a href=\"https:\/\/youtu.be\/42WzJUR4l1A\">https:\/\/youtu.be\/42WzJUR4l1A<\/a><\/td><\/tr><tr><td>14.<img loading=\"lazy\" decoding=\"async\" width=\"150\" height=\"83\" class=\"wp-image-1664\" style=\"width: 150px;\" src=\"https:\/\/dartproject.eu\/wp-content\/uploads\/2025\/04\/podcast-modified.png\" alt=\"\" srcset=\"https:\/\/dartproject.eu\/wp-content\/uploads\/2025\/04\/podcast-modified.png 561w, https:\/\/dartproject.eu\/wp-content\/uploads\/2025\/04\/podcast-modified-300x165.png 300w\" sizes=\"auto, (max-width: 150px) 100vw, 150px\" \/><\/td><td>USPJE\u0160NE PRI\u010cE <\/td><td>PACIJENT 3 Razgovor s Davidom Petrisorom(pacijent)<\/td><td><a href=\"https:\/\/youtu.be\/0yTAuG--jiE\">https:\/\/youtu.be\/0yTAuG&#8211;jiE<\/a> &nbsp;<\/td><td>&nbsp;<a href=\"https:\/\/youtu.be\/0yTAuG--jiE\">https:\/\/youtu.be\/0yTAuG&#8211;jiE<\/a><\/td><\/tr><tr><td>15.<img loading=\"lazy\" decoding=\"async\" width=\"150\" height=\"83\" class=\"wp-image-1664\" style=\"width: 150px;\" src=\"https:\/\/dartproject.eu\/wp-content\/uploads\/2025\/04\/podcast-modified.png\" alt=\"\" srcset=\"https:\/\/dartproject.eu\/wp-content\/uploads\/2025\/04\/podcast-modified.png 561w, https:\/\/dartproject.eu\/wp-content\/uploads\/2025\/04\/podcast-modified-300x165.png 300w\" sizes=\"auto, (max-width: 150px) 100vw, 150px\" \/><\/td><td>USPJE\u0160NE PRI\u010cE <\/td><td>PACIJENT 4 Intervju s Daboczijem Matyasom(pacijent)<strong><\/strong><\/td><td><a href=\"https:\/\/youtu.be\/xCXLBLDQgP4\">https:\/\/youtu.be\/xCXLBLDQgP4<\/a> &nbsp;<\/td><td>&nbsp;<a href=\"https:\/\/youtu.be\/xCXLBLDQgP4\">https:\/\/youtu.be\/xCXLBLDQgP4<\/a><\/td><\/tr><\/tbody><\/table><\/figure>","protected":false},"excerpt":{"rendered":"<p>SERIJAL PODCASTA: Ovo je jo\u0161 jedna inovacija na\u0161eg projekta. Sadr\u017ei niz od 15 podcasta koji sadr\u017ee zanimljive rasprave sa stru\u010dnjacima na podru\u010dju dijabetesa i tjelesne aktivnosti i uspje\u0161ne pri\u010de dijabeti\u010dara. &nbsp; PODCASTOVI TITULA LINK YOUTUBE &nbsp; POVE\u017dITE MOODLE PLATFORMU 1. \u017dIVJETI S DIJABETESOM TIP 1 SAVJETI I ZNATI KAKO Intervju s DrCristina Ferrer Abero i&#8230;<\/p>\n","protected":false},"author":1,"featured_media":0,"parent":0,"menu_order":0,"comment_status":"closed","ping_status":"closed","template":"","meta":{"footnotes":""},"class_list":["post-1135","page","type-page","status-publish","hentry"],"_links":{"self":[{"href":"https:\/\/dartproject.eu\/hr\/wp-json\/wp\/v2\/pages\/1135","targetHints":{"allow":["GET"]}}],"collection":[{"href":"https:\/\/dartproject.eu\/hr\/wp-json\/wp\/v2\/pages"}],"about":[{"href":"https:\/\/dartproject.eu\/hr\/wp-json\/wp\/v2\/types\/page"}],"author":[{"embeddable":true,"href":"https:\/\/dartproject.eu\/hr\/wp-json\/wp\/v2\/users\/1"}],"replies":[{"embeddable":true,"href":"https:\/\/dartproject.eu\/hr\/wp-json\/wp\/v2\/comments?post=1135"}],"version-history":[{"count":5,"href":"https:\/\/dartproject.eu\/hr\/wp-json\/wp\/v2\/pages\/1135\/revisions"}],"predecessor-version":[{"id":3077,"href":"https:\/\/dartproject.eu\/hr\/wp-json\/wp\/v2\/pages\/1135\/revisions\/3077"}],"wp:attachment":[{"href":"https:\/\/dartproject.eu\/hr\/wp-json\/wp\/v2\/media?parent=1135"}],"curies":[{"name":"wp","href":"https:\/\/api.w.org\/{rel}","templated":true}]}}