{"id":1151,"date":"2025-03-28T14:53:11","date_gmt":"2025-03-28T14:53:11","guid":{"rendered":"https:\/\/demo.dartproject.eu\/reports\/"},"modified":"2025-04-13T15:34:16","modified_gmt":"2025-04-13T15:34:16","slug":"reports","status":"publish","type":"page","link":"https:\/\/dartproject.eu\/hr\/reports\/","title":{"rendered":"Izvje\u0161\u0107a"},"content":{"rendered":"<div class=\"wp-block-cover is-light has-parallax\"><span aria-hidden=\"true\" class=\"wp-block-cover__background has-background-dim-0 has-background-dim\" style=\"background-color:#32bfcb\"><\/span><div class=\"wp-block-cover__image-background wp-image-1718 has-parallax\" style=\"background-position:50% 50%;background-image:url(https:\/\/dartproject.eu\/wp-content\/uploads\/2025\/04\/composition-medical-objects-with-copyspace-copy.jpg)\"><\/div><div class=\"wp-block-cover__inner-container is-layout-constrained wp-block-cover-is-layout-constrained\"><p class=\"has-text-align-center has-large-font-size\"><\/p><\/div><\/div><p class=\"has-primary-color has-text-color has-link-color wp-elements-337dac2d1a3ab70cccd9d8bc42b90646\"><strong>INTELEKTUALNI<\/strong><strong> <\/strong><strong>OUTPUT<\/strong><strong> <\/strong><strong>3: <\/strong><strong>UPITNICI<\/strong><\/p><p>Osmislili smo i razvili upitnike u 7 jezi\u010dnih verzija za obrasce za procjenu materijala koji se dijele sudionicima prije i nakon zavr\u0161etka razdoblja pilot prijave.<br>Prikupljeni dokazi uzimaju se u obzir kao cjelina za ocjenjivanje pokazatelja na ljestvici od pet stupnjeva, gdje je razina 1 povezana s najni\u017eom razinom zabrinutosti, a razina 5 s najvi\u0161om.<br>Rezultati su prikupljeni iz na\u0161ih digitalnih intelektualnih rezultata: softvera za mobilne aplikacije i e-platforme, kao i iz Multiplier-a i live streaming doga\u0111aja.<\/p><p class=\"has-primary-color has-text-color has-link-color wp-elements-0c6a694120e20470780d684644e21bbb\"><br><br><strong>INTELEKTUALNI OUTPUT 4: IZVJE\u0160\u0106A<\/strong><\/p><p>DART je izradio \u0161est izvje\u0161\u0107a iz svih zemalja sudionica uklju\u010duju\u0107i rezultate pilot primjene DART outputa na na\u0161e ciljne skupine.<br>Izvje\u0161taji sadr\u017ee rezultate evaluacije iz pilot primjene na\u0161ih digitalnih intelektualnih proizvoda:<br><br><strong>a) Mobilna aplikacija (Programi vje\u017ebanja za dijabeti\u010dare tipa I i II)<\/strong><br>Od broja dovr\u0161enih digitalnih \u201estabala \u017eivota\u201c dobili smo podatke o tome koliko je ljudi zavr\u0161ilo program vje\u017ebanja, koliko ih je odustalo od njega i u kojoj fazi, tip dijabetesa od kojeg boluju, dob, spol<br><br><strong>b) Statistika E-Platforme<\/strong><\/p><p>&#8211; Rezultati statisti\u010dke analize E-platforme (broj korisnika koji su se prijavili na module, broj posjeta itd.)<br>&#8211; Prikupljanje podataka o evaluaciji prikupljenih od ljudi koji su sudjelovali u online doga\u0111ajima.<\/p><p><strong>c) <\/strong>Rezultati iz <strong>obrazaca za procjenu materijala <\/strong>koji se dijele sporta\u0161ima dijabeti\u010darima, roditeljima i u\u010diteljima\/trenerima nakon promotivnih doga\u0111aja.<br><\/p><p class=\"has-primary-color has-text-color has-link-color wp-elements-e2e0d66d556c5ae0caa368f14c0024b6\"><strong>ANALIZA REZULTATA<\/strong><\/p><p>&#8211; Analiza rezultata prikupljenih prema pokazateljima.<\/p><p>-Izrada 6 izvje\u0161\u0107a (na engleskom jeziku), po jedno za svaku zemlju sudionicu.<\/p><p class=\"has-primary-color has-text-color has-link-color wp-elements-1f11e853a6005a280d63af2942c33d73\"><br><br><strong>KONA\u010cNO IZVJE\u0160\u0106E i statisti\u010dka analiza<\/strong><\/p><p>ZAVR\u0160NO IZVJE\u0160\u0106E uklju\u010duje analizu rezultata dobivenih iz Izvje\u0161\u0107a svih institucija sudionica prema pokazateljima analiziranim u dijelu Metodologija.<br>&#8211; STATISTI\u010cKA ANALIZA: DART tako\u0111er uklju\u010duje statisti\u010dku analizu rezultata korisnu za daljnja istra\u017eivanja na terenu i PREPORUKE za uklju\u010divanje skupina u nepovoljnom polo\u017eaju koje su korisne kreatorima sportske politike.<br>Izvje\u0161\u0107a razvijena na temelju rezultata na\u0161eg projekta vrlo su<br>korisna za analizu strategija uklju\u010divanja skupina u nepovoljnom polo\u017eaju i mogu pomo\u0107i kreatorima sportske politike u cijeloj Europi da prikupe vrijedne podatke za svoja istra\u017eivanja.<\/p>","protected":false},"excerpt":{"rendered":"<p>INTELEKTUALNI OUTPUT 3: UPITNICI Osmislili smo i razvili upitnike u 7 jezi\u010dnih verzija za obrasce za procjenu materijala koji se dijele sudionicima prije i nakon zavr\u0161etka razdoblja pilot prijave.Prikupljeni dokazi uzimaju se u obzir kao cjelina za ocjenjivanje pokazatelja na ljestvici od pet stupnjeva, gdje je razina 1 povezana s najni\u017eom razinom zabrinutosti, a razina&#8230;<\/p>\n","protected":false},"author":1,"featured_media":0,"parent":0,"menu_order":0,"comment_status":"closed","ping_status":"closed","template":"","meta":{"footnotes":""},"class_list":["post-1151","page","type-page","status-publish","hentry"],"_links":{"self":[{"href":"https:\/\/dartproject.eu\/hr\/wp-json\/wp\/v2\/pages\/1151","targetHints":{"allow":["GET"]}}],"collection":[{"href":"https:\/\/dartproject.eu\/hr\/wp-json\/wp\/v2\/pages"}],"about":[{"href":"https:\/\/dartproject.eu\/hr\/wp-json\/wp\/v2\/types\/page"}],"author":[{"embeddable":true,"href":"https:\/\/dartproject.eu\/hr\/wp-json\/wp\/v2\/users\/1"}],"replies":[{"embeddable":true,"href":"https:\/\/dartproject.eu\/hr\/wp-json\/wp\/v2\/comments?post=1151"}],"version-history":[{"count":4,"href":"https:\/\/dartproject.eu\/hr\/wp-json\/wp\/v2\/pages\/1151\/revisions"}],"predecessor-version":[{"id":1859,"href":"https:\/\/dartproject.eu\/hr\/wp-json\/wp\/v2\/pages\/1151\/revisions\/1859"}],"wp:attachment":[{"href":"https:\/\/dartproject.eu\/hr\/wp-json\/wp\/v2\/media?parent=1151"}],"curies":[{"name":"wp","href":"https:\/\/api.w.org\/{rel}","templated":true}]}}