{"id":856,"date":"2025-03-28T02:07:26","date_gmt":"2025-03-28T02:07:26","guid":{"rendered":"https:\/\/demo.dartproject.eu\/goals\/"},"modified":"2025-04-13T01:30:59","modified_gmt":"2025-04-13T01:30:59","slug":"goals","status":"publish","type":"page","link":"https:\/\/dartproject.eu\/hr\/goals\/","title":{"rendered":"Ciljevi"},"content":{"rendered":"<div class=\"wp-block-cover is-light has-parallax\"><span aria-hidden=\"true\" class=\"wp-block-cover__background has-background-dim-0 has-background-dim\" style=\"background-color:#6191a4\"><\/span><div class=\"wp-block-cover__image-background wp-image-1340 has-parallax\" style=\"background-position:50% 50%;background-image:url(https:\/\/dartproject.eu\/wp-content\/uploads\/2025\/04\/woman-sitting-playground-with-phone-her-hands-1.jpg)\"><\/div><div class=\"wp-block-cover__inner-container is-layout-constrained wp-block-cover-is-layout-constrained\"><p class=\"has-text-align-center has-large-font-size\"><\/p><\/div><\/div><p class=\"has-primary-color has-text-color has-link-color has-big-font-size wp-elements-1ede9cf9e160d781f1e2fdb282da3b18\"><strong>Projekt<\/strong><strong><\/strong><\/p><p>Projekt DART ima za cilj promicanje sinergije sporta i zdravlja, promicanje uklju\u010divanja u sport, promicanje tjelesne aktivnosti koja pobolj\u0161ava zdravlje osoba s dijabetesom tipa I i II, poticanje zdravog na\u010dina \u017eivota te podizanje svijesti o dodanoj vrijednosti sporta i tjelesne aktivnosti.<br>Ciljevi DART-a posti\u017eu se dizajnom i implementacijom inovativnih digitalnih alata i e-modula za obuku.<br><\/p><p>Konkretno, DART projekt je razvio i implementirao:<br><\/p><p>a) <strong>APLIKACIJA <\/strong>: inovativna, zabavna i ekolo\u0161ki prihvatljiva mobilna aplikacija u 7 jezi\u010dnih verzija koja koristi pro\u0161irenu stvarnost. Osobni trener podu\u010dava pacijente s dijabetesom specijaliziranim tjelesnim vje\u017ebama koje poma\u017eu:<\/p><p>&#8211; sniziti krvni tlak,<\/p><p>-sniziti razinu masti u krvi,<\/p><p>-odr\u017eati srce zdravim,<br>-pobolj\u0161ati razinu \u0161e\u0107era u krvi i sprije\u010diti prekomjernu te\u017einu.<\/p><p>Aplikacija tako\u0111er uklju\u010duje tehnologiju geo lokacijskog pra\u0107enja za aktivnosti na otvorenom, prilago\u0111eni kalendar za umetanje lijekova, termine kod lije\u010dnika itd. i podsjetnik za dozu inzulina;<\/p><p>b) <strong>MOODLE PLATFORMA <\/strong>: 30 interaktivnih e-modula temeljenih na Moodleu namijenjenih nastavnicima tjelesnog odgoja uklju\u010duju\u0107i niz podcasta;<\/p><p>c) <strong>Eventi za podizanje svijesti (konferencije i prijenosi u\u017eivo<\/strong>) usmjereni na \u0161iru publiku dijabeti\u010dara (tip I i II) i njihovih obitelji iz svih uklju\u010denih zemalja i \u0161ire.<br><br><\/p><p>Ciljevi DART-a koji se odnose na akciju SPORT su:<br><br>1) poticanje zdravog na\u010dina \u017eivota za sve i<br>2) promicanje sudjelovanja u sportu i tjelesnim aktivnostima koje pobolj\u0161avaju zdravlje (prioritet EU RADNOG PLANA ZA SPORT 2021.-2024.)<br><br>Konkretno, projekt DART ima za cilj:<br>a) promicanje sinergije izme\u0111u sporta i zdravlja,<br>b) promicanje uklju\u010denosti u sport,<br>c) promicanje tjelesne aktivnosti koja pobolj\u0161ava zdravlje za osobe s dijabetesom tipa I i II,<br>d) poticanje zdravog na\u010dina \u017eivota,<br>e) podizanje svijesti o dodanoj vrijednosti sporta i tjelesne aktivnosti za dijabeti\u010dare i njihove obitelji,<br>f) educirati u\u010ditelje tjelesne aktivnosti i trenere o pitanjima vezanim uz tjelesnu aktivnost i dijabetes,<br>g) koristiti digitalnu tehnologiju, to\u010dnije inovativnu mobilnu tehnologiju pro\u0161irene stvarnosti za postizanje na\u0161ih ciljeva.<br><br>Projekt promi\u010de transnacionalnu i me\u0111usektorsku suradnju sudjelovanjem 7 institucija iz 6 europskih zemalja (ES, EL, IT, PT, HR i RO) koje imaju iskustva u svim podru\u010djima relevantnim za projekt: sport, obrazovanje, medicina i tehnologija. Tako\u0111er, DART slijedi ekolo\u0161ki prihvatljiv pristup tijekom svih faza projekta.<\/p>","protected":false},"excerpt":{"rendered":"<p>Projekt Projekt DART ima za cilj promicanje sinergije sporta i zdravlja, promicanje uklju\u010divanja u sport, promicanje tjelesne aktivnosti koja pobolj\u0161ava zdravlje osoba s dijabetesom tipa I i II, poticanje zdravog na\u010dina \u017eivota te podizanje svijesti o dodanoj vrijednosti sporta i tjelesne aktivnosti.Ciljevi DART-a posti\u017eu se dizajnom i implementacijom inovativnih digitalnih alata i e-modula za obuku&#8230;.<\/p>\n","protected":false},"author":1,"featured_media":0,"parent":0,"menu_order":0,"comment_status":"closed","ping_status":"closed","template":"","meta":{"footnotes":""},"class_list":["post-856","page","type-page","status-publish","hentry"],"_links":{"self":[{"href":"https:\/\/dartproject.eu\/hr\/wp-json\/wp\/v2\/pages\/856","targetHints":{"allow":["GET"]}}],"collection":[{"href":"https:\/\/dartproject.eu\/hr\/wp-json\/wp\/v2\/pages"}],"about":[{"href":"https:\/\/dartproject.eu\/hr\/wp-json\/wp\/v2\/types\/page"}],"author":[{"embeddable":true,"href":"https:\/\/dartproject.eu\/hr\/wp-json\/wp\/v2\/users\/1"}],"replies":[{"embeddable":true,"href":"https:\/\/dartproject.eu\/hr\/wp-json\/wp\/v2\/comments?post=856"}],"version-history":[{"count":7,"href":"https:\/\/dartproject.eu\/hr\/wp-json\/wp\/v2\/pages\/856\/revisions"}],"predecessor-version":[{"id":1686,"href":"https:\/\/dartproject.eu\/hr\/wp-json\/wp\/v2\/pages\/856\/revisions\/1686"}],"wp:attachment":[{"href":"https:\/\/dartproject.eu\/hr\/wp-json\/wp\/v2\/media?parent=856"}],"curies":[{"name":"wp","href":"https:\/\/api.w.org\/{rel}","templated":true}]}}