{"id":916,"date":"2025-03-28T02:09:43","date_gmt":"2025-03-28T02:09:43","guid":{"rendered":"https:\/\/demo.dartproject.eu\/policy\/"},"modified":"2025-04-24T20:05:14","modified_gmt":"2025-04-24T20:05:14","slug":"policy","status":"publish","type":"page","link":"https:\/\/dartproject.eu\/hr\/policy\/","title":{"rendered":"Pravila"},"content":{"rendered":"<div class=\"wp-block-cover is-light has-parallax\"><div class=\"wp-block-cover__image-background wp-image-380 size-full has-parallax\" style=\"background-position:50% 50%;background-image:url(https:\/\/dartproject.eu\/wp-content\/uploads\/2025\/03\/NEW-LOGO5.png)\"><\/div><span aria-hidden=\"true\" class=\"wp-block-cover__background has-background-dim-0 has-background-dim\" style=\"background-color:#98eeeb\"><\/span><div class=\"wp-block-cover__inner-container is-layout-constrained wp-block-cover-is-layout-constrained\"><p class=\"has-text-align-center has-large-font-size\"><\/p><\/div><\/div><p class=\"has-primary-color has-text-color has-link-color wp-elements-2cff8cfa439c04e0f8a4c0885ecded75\"><strong>PRAVILA<\/strong><br><strong>\u200bUvjeti kori\u0161tenja: DART aplikacija<\/strong><br><br><strong>\u200b1. Uvod<\/strong><br>Ovom obavijesti \u017eelimo vas obavijestiti o uvjetima i odredbama u vezi s na\u0161im prikupljanjem i obradom osobnih podataka, koje provodi DART PARTNERSHIP koji se sastoji od sljede\u0107ih institucija: FUNDACION UNIVERSIDAD CATOLICA DE VALENCIA SAN VICENTE, MAIANDROS EPE, CENTRO UNIVERSITARIO SPORTIVO \u2013 CUSPADOVA, ASSOCIA\u00c7\u00c3O DE FUTEBOL DE BRAGAN\u00c7A, ZAJEDNICA SPORTSKIH UDRUGA GRADA RIJEKE \u201cRIJE\u010cKI SPORTSKI SAVEZ\u201d , ASOCIA\u0162IA COPIILOR SI TINERILOR DIABETICI MURE\u015e and TOOL LTD. vlasnici aplikacije DART (verzije na \u0161panjolskom, gr\u010dkom, talijanskom, portugalskom, hrvatskom, rumunjskom i engleskom jeziku) i voditelj obrade osobnih podataka prikupljenih putem ove aplikacije (u daljnjem tekstu \u201eDART\u201c).<br>DART je poduzeo sve potrebne mjere kako bi osigurao visoku razinu za\u0161tite i sigurnosti za DART aplikaciju, u skladu s priznatom najboljom poslovnom praksom.<br>Pristup i navigacija u DART aplikaciji je besplatna. Svako kopiranje ili reprodukcija na bilo koji na\u010din, objavljivanje, modificiranje izmjena ili na bilo koji drugi na\u010din kori\u0161tenje fotografija, videa, slika i logotipa uklju\u010denih u DART aplikaciju strogo je zabranjeno.<br>DART zadr\u017eava pravo izmjene ove Politike u bilo kojem trenutku bez prethodne obavijesti korisnika. Stoga vam savjetujemo da je redovito pregledavate kada koristite aplikaciju.<br><br><strong>2. Koje osobne podatke prikupljamo?<\/strong><br>Prilikom kori\u0161tenja ove aplikacije nije potrebno registrirati nikakve osobne podatke.<br><br><strong><u>Pridr\u017eavamo se Zakona o za\u0161titi privatnosti djece na internetu.<\/u><\/strong><br><strong>Na\u0161e web mjesto i mobilne aplikacije u skladu su sa Zakonom o za\u0161titi privatnosti djece na internetu (\u201cCOPPA\u201d) i Op\u0107om uredbom EU o za\u0161titi podataka (GDPR). Ne prikupljamo svjesno osobne podatke od djece mla\u0111e od 13 godina \u010dime kr\u0161imo COPPA, a ako se korisnik identificira kao dijete mla\u0111e od 13 godina putem zahtjeva za podr\u0161ku, ne\u0107emo prikupljati, pohranjivati \u200b\u200bili koristiti te \u0107emo na siguran na\u010din izbrisati sve osobne podatke takvog korisnika.<\/strong><br><br><strong>3. Koja su va\u0161a prava?<\/strong><br>Ako smatrate da kr\u0161imo va\u017ee\u0107i zakon za za\u0161titu Va\u0161ih osobnih podataka, imate pravo podnijeti pritu\u017ebu Tijelu za za\u0161titu osobnih podataka, registriranom u CALLE QUEVEDO 2, VALENCIA 46001, \u0160PANJOLSKA.<br><br><strong>4. Ograni\u010denje odgovornosti<\/strong><br>DART aplikacija mo\u017ee sadr\u017eavati poveznice na druge web stranice koje ne kontrolira DART partnership ve\u0107 drugi vlasnici (pojedinci ili pravni subjekti) kojima gore navedene web stranice pripadaju. Ni pod kojim uvjetima DART partnerstvo nije odgovorno za bilo kakvu \u0161tetu koju korisnik mo\u017ee pretrpjeti svojim posjetom drugim stranicama, uklju\u010duju\u0107i bilo kakvu nezakonitu obradu njegovih ili njezinih osobnih podataka zbog posjeta gore navedenim stranicama.<br><br><strong>5. Kola\u010di\u0107i<\/strong><br>Kola\u010di\u0107i su male tekstualne datoteke koje sadr\u017ee informacije koje \u0161alje web stranica dartproject.eu i preuzimaju se na osobno ra\u010dunalo ili pametni ure\u0111aj korisnika-posjetitelja. Ove datoteke mogu sadr\u017eavati podatke o vrsti internetskog preglednika koji koristi svaki korisnik-posjetitelj, vrsti ra\u010dunala, operativnom sustavu, pru\u017eatelju internetskih usluga i druge tehni\u010dke informacije.<br>Kola\u010di\u0107i ne o\u0161te\u0107uju Va\u0161e ra\u010dunalo ili mobilni ure\u0111aj, kao ni datoteke pohranjene u njima, te ni na koji na\u010din ne interveniraju s dokumentima ili datotekama pohranjenim na Va\u0161em ra\u010dunalu kada posje\u0107ujete web stranicu dartproject.eu. Kori\u0161tenje kola\u010di\u0107a ne otkriva va\u0161 identitet, ali mo\u017ee dovesti do identifikacije va\u0161eg ra\u010dunala.<br>Web stranica dartproject.eu mo\u017ee koristiti kola\u010di\u0107e u sljede\u0107e svrhe:<br><strong>(a) Google Analytics<\/strong><br>Za provo\u0111enje anketa u statisti\u010dke svrhe i\/ili za pobolj\u0161anje sadr\u017eaja i usluga dartproject.eu i\/ili za mjerenje njihove u\u010dinkovitosti.<br><strong>(b) Dru\u0161tvene Mre\u017ee<\/strong><br>Kola\u010di\u0107e postavljaju pru\u017eatelji stranica dru\u0161tvenih mre\u017ea kako bi posjetitelju omogu\u0107ili jednostavno dijeljenje sadr\u017eaja dartproject.eu putem ovih stranica.<br>Ve\u0107ina web preglednika prihva\u0107a kori\u0161tenje kola\u010di\u0107a prema zadanim postavkama, no mogu\u0107e je postaviti svoj preglednik da odbije primanje ili selektivno prihvati odre\u0111ene kola\u010di\u0107e. Ako onemogu\u0107ite primanje kola\u010di\u0107a, odre\u0111ene zna\u010dajke koje nudi na\u0161a web stranica mo\u017eda ne\u0107e biti dostupne, dok se neke stranice mo\u017eda ne\u0107e ispravno prikazivati.<br>Web stranica www.allaboutcookies.org nudi dobre i jednostavne upute o tome kako upravljati kola\u010di\u0107ima, koriste\u0107i razli\u010dite vrste web preglednika.<br><br><\/p>","protected":false},"excerpt":{"rendered":"<p>PRAVILA\u200bUvjeti kori\u0161tenja: DART aplikacija \u200b1. UvodOvom obavijesti \u017eelimo vas obavijestiti o uvjetima i odredbama u vezi s na\u0161im prikupljanjem i obradom osobnih podataka, koje provodi DART PARTNERSHIP koji se sastoji od sljede\u0107ih institucija: FUNDACION UNIVERSIDAD CATOLICA DE VALENCIA SAN VICENTE, MAIANDROS EPE, CENTRO UNIVERSITARIO SPORTIVO \u2013 CUSPADOVA, ASSOCIA\u00c7\u00c3O DE FUTEBOL DE BRAGAN\u00c7A, ZAJEDNICA SPORTSKIH UDRUGA&#8230;<\/p>\n","protected":false},"author":1,"featured_media":0,"parent":0,"menu_order":0,"comment_status":"closed","ping_status":"closed","template":"","meta":{"footnotes":""},"class_list":["post-916","page","type-page","status-publish","hentry"],"_links":{"self":[{"href":"https:\/\/dartproject.eu\/hr\/wp-json\/wp\/v2\/pages\/916","targetHints":{"allow":["GET"]}}],"collection":[{"href":"https:\/\/dartproject.eu\/hr\/wp-json\/wp\/v2\/pages"}],"about":[{"href":"https:\/\/dartproject.eu\/hr\/wp-json\/wp\/v2\/types\/page"}],"author":[{"embeddable":true,"href":"https:\/\/dartproject.eu\/hr\/wp-json\/wp\/v2\/users\/1"}],"replies":[{"embeddable":true,"href":"https:\/\/dartproject.eu\/hr\/wp-json\/wp\/v2\/comments?post=916"}],"version-history":[{"count":3,"href":"https:\/\/dartproject.eu\/hr\/wp-json\/wp\/v2\/pages\/916\/revisions"}],"predecessor-version":[{"id":2956,"href":"https:\/\/dartproject.eu\/hr\/wp-json\/wp\/v2\/pages\/916\/revisions\/2956"}],"wp:attachment":[{"href":"https:\/\/dartproject.eu\/hr\/wp-json\/wp\/v2\/media?parent=916"}],"curies":[{"name":"wp","href":"https:\/\/api.w.org\/{rel}","templated":true}]}}