{"id":1047,"date":"2025-03-28T14:50:50","date_gmt":"2025-03-28T14:50:50","guid":{"rendered":"https:\/\/demo.dartproject.eu\/dart-app\/"},"modified":"2025-04-29T21:49:31","modified_gmt":"2025-04-29T21:49:31","slug":"dart-app","status":"publish","type":"page","link":"https:\/\/dartproject.eu\/it\/dart-app\/","title":{"rendered":"Dart App"},"content":{"rendered":"<figure class=\"wp-block-video\"><video height=\"1080\" style=\"aspect-ratio: 2064 \/ 1080;\" width=\"2064\" autoplay controls loop muted src=\"https:\/\/dartproject.eu\/wp-content\/uploads\/2025\/04\/VIDEO-FINAL.mp4\"><\/video><\/figure><figure class=\"wp-block-image alignleft size-large is-resized\"><img loading=\"lazy\" decoding=\"async\" width=\"473\" height=\"1024\" src=\"https:\/\/dartproject.eu\/wp-content\/uploads\/2025\/04\/Screenshot_20250430_004421_DART-473x1024.jpg\" alt=\"\" class=\"wp-image-3102\" style=\"width:189px;height:auto\" srcset=\"https:\/\/dartproject.eu\/wp-content\/uploads\/2025\/04\/Screenshot_20250430_004421_DART-473x1024.jpg 473w, https:\/\/dartproject.eu\/wp-content\/uploads\/2025\/04\/Screenshot_20250430_004421_DART-138x300.jpg 138w, https:\/\/dartproject.eu\/wp-content\/uploads\/2025\/04\/Screenshot_20250430_004421_DART-768x1664.jpg 768w, https:\/\/dartproject.eu\/wp-content\/uploads\/2025\/04\/Screenshot_20250430_004421_DART-709x1536.jpg 709w, https:\/\/dartproject.eu\/wp-content\/uploads\/2025\/04\/Screenshot_20250430_004421_DART-945x2048.jpg 945w, https:\/\/dartproject.eu\/wp-content\/uploads\/2025\/04\/Screenshot_20250430_004421_DART-600x1300.jpg 600w, https:\/\/dartproject.eu\/wp-content\/uploads\/2025\/04\/Screenshot_20250430_004421_DART.jpg 1080w\" sizes=\"auto, (max-width: 473px) 100vw, 473px\" \/><\/figure><p class=\"has-primary-color has-text-color has-link-color wp-elements-4f331477da9747777d7bd0cf7bf9c833\"><strong>Analisi del progetto DART<\/strong><\/p><p>Il progetto DART si propone di offrire &#8220;qualcosa di pi\u00f9&#8221; ai pazienti affetti da diabete di tipo I e II seguendo l\u2019onda della tecnologia mobile per il 2025: un Personal trainer in realt\u00e0 aumentata che possa essere presente quotidianamente nella loro vita, ovunque e in qualsiasi momento, a casa, in ufficio, a scuola, attraverso un&#8217;innovativa App per dispositivi mobili Android e IOS in 7 versioni linguistiche che utilizza la tecnologia della realt\u00e0 aumentata e della geofence.<br>L&#8217;app \u00e8 suddivisa in due sezioni distinte: quella relativa al diabete di TIPO 1 e quella relativa al diabete di TIPO 2.<br>Ogni sezione dell&#8217;app include le stesse funzionalit\u00e0, ma si concentra sul TIPO di diabete selezionato dall&#8217;utente.<\/p><p class=\"has-primary-color has-text-color has-link-color wp-elements-c86e1cf29fcf67fed97cf334ab8270ab\"><br><br><strong>PARTE 1: CALENDARIO PERSONALIZZATO DEL DIABETE<\/strong><\/p><p>Calendario medico giornaliero personalizzato in cui l&#8217;utente pu\u00f2 inserire le proprie misurazioni, i farmaci, gli appuntamenti con il medico, ecc. Include anche un promemoria sonoro della dose di insulina.<br><br><\/p><p class=\"has-primary-color has-text-color has-link-color wp-elements-d4d2ef9ee14c19cc9b53064b71360d2a\"><strong>PARTE 2: COLTIVARE L&#8217;ALBERO DELLA VITA: Programmi di allenamento quotidiani con un istruttore in realt\u00e0 aumentata<\/strong><\/p><p>Un personal trainer (ologramma), attraverso la tecnologia della realt\u00e0 aumentata, appare nella stanza, nell&#8217;ufficio, a scuola ecc. dell&#8217;utente e pu\u00f2 mostrargli come eseguire il programma quotidiano di esercizi fisici raccomandati per il suo stato di salute.<br>L&#8217;ologramma fornisce anche istruzioni e spiegazioni vocali sulla natura degli esercizi fisici e sul modo in cui questi esercizi possono ridurre la pressione sanguigna, abbassare i livelli di grassi nel sangue, mantenere il cuore in salute e aiutare a migliorare i livelli di zucchero nel sangue e prevenire l&#8217;aumento di peso in eccesso. Per ogni esercizio, abbiamo incluso una sezione speciale per le precauzioni che devono essere prese prima, durante e dopo l&#8217;esercizio.<\/p><figure class=\"wp-block-image alignright size-large is-resized\"><img loading=\"lazy\" decoding=\"async\" width=\"473\" height=\"1024\" src=\"https:\/\/dartproject.eu\/wp-content\/uploads\/2025\/04\/Screenshot_20241227_150452_DART-473x1024.jpg\" alt=\"\" class=\"wp-image-1440\" style=\"width:185px;height:auto\" srcset=\"https:\/\/dartproject.eu\/wp-content\/uploads\/2025\/04\/Screenshot_20241227_150452_DART-473x1024.jpg 473w, https:\/\/dartproject.eu\/wp-content\/uploads\/2025\/04\/Screenshot_20241227_150452_DART-138x300.jpg 138w, https:\/\/dartproject.eu\/wp-content\/uploads\/2025\/04\/Screenshot_20241227_150452_DART-768x1664.jpg 768w, https:\/\/dartproject.eu\/wp-content\/uploads\/2025\/04\/Screenshot_20241227_150452_DART-709x1536.jpg 709w, https:\/\/dartproject.eu\/wp-content\/uploads\/2025\/04\/Screenshot_20241227_150452_DART-945x2048.jpg 945w, https:\/\/dartproject.eu\/wp-content\/uploads\/2025\/04\/Screenshot_20241227_150452_DART-600x1300.jpg 600w, https:\/\/dartproject.eu\/wp-content\/uploads\/2025\/04\/Screenshot_20241227_150452_DART.jpg 1080w\" sizes=\"auto, (max-width: 473px) 100vw, 473px\" \/><\/figure><p><br><br>Il programma di allenamento \u00e8 presentato come un gioco impegnativo ed ecologico:<br><br>L&#8217;utente dell&#8217;app pu\u00f2 far crescere digitalmente l&#8217;Albero della vita seguendo un programma di esercizi fisici di 30 giorni. Ogni giorno, dopo aver completato una serie di esercizi proposti dall\u2019istruttore di realt\u00e0 aumentata, l&#8217;utente pu\u00f2 aggiungere un ramo al suo Albero della vita digitale che simboleggia i suoi progressi quotidiani.<br>Il programma giornaliero comprende 5 esercizi fisici per 30 giorni (massimo 30 minuti di esercizio al giorno). Abbiamo progettato 50 esercizi in totale, ma alcuni di essi vengono ripetuti durante questo programma di allenamento di 30 giorni. Il livello di difficolt\u00e0 e la complessit\u00e0 aumentano di giorno in giorno. Non c&#8217;\u00e8 bisogno di attrezzature sportive speciali, poich\u00e9 l&#8217;allenatore in realt\u00e0 aumentata propone modi alternativi di allenarsi utilizzando oggetti di uso quotidiano, come sedie, bottiglie d&#8217;acqua, lattine di zuppa, ecc.<br><br>VIDEO: Inoltre, per ogni nuovo esercizio aggiunto, l&#8217;utente ha la possibilit\u00e0 di vedere video di persone reali &#8211; volontari (bambini e adulti, pazienti diabetici o persone della popolazione generale) che eseguono questi esercizi specifici, con l&#8217;obiettivo di dimostrare che siamo tutti uniti in questo, e nessuno pu\u00f2 essere escluso dal meraviglioso mondo dell&#8217;esercizio fisico!<br>Dopo aver completato con successo il programma di 30 giorni, l&#8217;Albero della vita digitale pu\u00f2 essere completato e l&#8217;utente pu\u00f2 passare alla parte 3 dell&#8217;applicazione. Naturalmente, l&#8217;utente pu\u00f2 ripetere il programma di allenamento tutte le volte che lo desidera.<br>L&#8217;utente pu\u00f2 condividere i propri progressi con la nostra partnership e per ogni Albero della vita digitale completato, la partnership pianter\u00e0 un albero vero in natura, contribuendo agli sforzi per salvare il pianeta.<\/p><p><\/p><p class=\"has-primary-color has-text-color has-link-color wp-elements-fddfd75ead3ef1a5c4b3089762b86d23\"><strong>PARTE 3- ESERCIZIO NELLA NATURA<\/strong><\/p><p>La terza parte dell&#8217;APP motiva l&#8217;utente a iniziare l&#8217;attivit\u00e0 fisica all&#8217;aperto. L&#8217;applicazione offre all&#8217;utente delle mappe, attraverso la tecnologia geofence, che indicano i parchi vicini alla sua posizione, dove pu\u00f2 fare lunghe passeggiate. L&#8217;utente pu\u00f2 anche appuntare un parco che suggerisce nella sua zona e tutti gli altri utenti possono vedere il suo suggerimento.<br><\/p><figure class=\"wp-block-image alignleft size-full is-resized\"><a href=\"https:\/\/play.google.com\/store\/apps\/details?id=com.envysoftworks.dart&amp;pcampaignid=web_share\" target=\"_blank\" rel=\" noreferrer noopener\"><img loading=\"lazy\" decoding=\"async\" width=\"490\" height=\"490\" src=\"https:\/\/dartproject.eu\/wp-content\/uploads\/2025\/04\/DART-APP-GOOGLE-PLAY.png?wsr\" alt=\"\" class=\"wp-image-2930\" style=\"width:140px;height:auto\" srcset=\"https:\/\/dartproject.eu\/wp-content\/uploads\/2025\/04\/DART-APP-GOOGLE-PLAY.png 490w, https:\/\/dartproject.eu\/wp-content\/uploads\/2025\/04\/DART-APP-GOOGLE-PLAY-300x300.png 300w, https:\/\/dartproject.eu\/wp-content\/uploads\/2025\/04\/DART-APP-GOOGLE-PLAY-150x150.png 150w, https:\/\/dartproject.eu\/wp-content\/uploads\/2025\/04\/DART-APP-GOOGLE-PLAY-100x100.png 100w\" sizes=\"auto, (max-width: 490px) 100vw, 490px\" \/><\/a><figcaption class=\"wp-element-caption\">GOOGLE PLAY STORE<\/figcaption><\/figure><figure class=\"wp-block-image alignleft size-full is-resized\"><a href=\"https:\/\/apps.apple.com\/gr\/app\/dart-diabetes-ar-training\/id6740289408?l=en\" target=\"_blank\" rel=\" noreferrer noopener\"><img loading=\"lazy\" decoding=\"async\" width=\"450\" height=\"450\" src=\"https:\/\/dartproject.eu\/wp-content\/uploads\/2025\/04\/DART-APP-APPLE-STORE.png?wsr\" alt=\"\" class=\"wp-image-2937\" style=\"width:143px;height:auto\" srcset=\"https:\/\/dartproject.eu\/wp-content\/uploads\/2025\/04\/DART-APP-APPLE-STORE.png 450w, https:\/\/dartproject.eu\/wp-content\/uploads\/2025\/04\/DART-APP-APPLE-STORE-300x300.png 300w, https:\/\/dartproject.eu\/wp-content\/uploads\/2025\/04\/DART-APP-APPLE-STORE-150x150.png 150w, https:\/\/dartproject.eu\/wp-content\/uploads\/2025\/04\/DART-APP-APPLE-STORE-100x100.png 100w\" sizes=\"auto, (max-width: 450px) 100vw, 450px\" \/><\/a><figcaption class=\"wp-element-caption\">APPLE STORE<\/figcaption><\/figure>","protected":false},"excerpt":{"rendered":"<p>Analisi del progetto DART Il progetto DART si propone di offrire &#8220;qualcosa di pi\u00f9&#8221; ai pazienti affetti da diabete di tipo I e II seguendo l\u2019onda della tecnologia mobile per il 2025: un Personal trainer in realt\u00e0 aumentata che possa essere presente quotidianamente nella loro vita, ovunque e in qualsiasi momento, a casa, in ufficio,&#8230;<\/p>\n","protected":false},"author":1,"featured_media":0,"parent":0,"menu_order":0,"comment_status":"closed","ping_status":"closed","template":"","meta":{"footnotes":""},"class_list":["post-1047","page","type-page","status-publish","hentry"],"_links":{"self":[{"href":"https:\/\/dartproject.eu\/it\/wp-json\/wp\/v2\/pages\/1047","targetHints":{"allow":["GET"]}}],"collection":[{"href":"https:\/\/dartproject.eu\/it\/wp-json\/wp\/v2\/pages"}],"about":[{"href":"https:\/\/dartproject.eu\/it\/wp-json\/wp\/v2\/types\/page"}],"author":[{"embeddable":true,"href":"https:\/\/dartproject.eu\/it\/wp-json\/wp\/v2\/users\/1"}],"replies":[{"embeddable":true,"href":"https:\/\/dartproject.eu\/it\/wp-json\/wp\/v2\/comments?post=1047"}],"version-history":[{"count":7,"href":"https:\/\/dartproject.eu\/it\/wp-json\/wp\/v2\/pages\/1047\/revisions"}],"predecessor-version":[{"id":3111,"href":"https:\/\/dartproject.eu\/it\/wp-json\/wp\/v2\/pages\/1047\/revisions\/3111"}],"wp:attachment":[{"href":"https:\/\/dartproject.eu\/it\/wp-json\/wp\/v2\/media?parent=1047"}],"curies":[{"name":"wp","href":"https:\/\/api.w.org\/{rel}","templated":true}]}}