{"id":1108,"date":"2025-03-28T14:51:50","date_gmt":"2025-03-28T14:51:50","guid":{"rendered":"https:\/\/demo.dartproject.eu\/moodle-platform\/"},"modified":"2025-04-13T15:13:09","modified_gmt":"2025-04-13T15:13:09","slug":"moodle-platform","status":"publish","type":"page","link":"https:\/\/dartproject.eu\/it\/moodle-platform\/","title":{"rendered":"Piattaforma Moodle"},"content":{"rendered":"<div class=\"wp-block-cover is-light has-parallax\"><span aria-hidden=\"true\" class=\"wp-block-cover__background has-background-dim-0 has-background-dim\" style=\"background-color:#9baaac\"><\/span><div class=\"wp-block-cover__image-background wp-image-1497 has-parallax\" style=\"background-position:50% 50%;background-image:url(https:\/\/dartproject.eu\/wp-content\/uploads\/2025\/04\/platform-photo-scaled.jpg)\"><\/div><div class=\"wp-block-cover__inner-container is-layout-constrained wp-block-cover-is-layout-constrained\"><p class=\"has-text-align-center has-large-font-size\"><\/p><\/div><\/div><p class=\"has-primary-color has-text-color has-link-color wp-elements-d77f50f5c000198d1e922915165e9675\"><strong>OUTPUT INTELLETTUALE 2: PIATTAFORMA ELETTRONICA<\/strong><\/p><p>Abbiamo sviluppato una piattaforma elettronica basata su Moodle per fornire agli insegnanti di educazione fisica preziose conoscenze relative alle esigenze dei loro atleti diabetici.<br><br>La nostra piattaforma elettronica comprende due parti:<br><br><strong>A) SITO WEB PROMOZIONALE <\/strong>in 7 versioni linguistiche: Questo sito web promozionale contiene informazioni analitiche sugli scopi e gli obiettivi del progetto, le attivit\u00e0 e i risultati del progetto, i gruppi target, il partenariato, i link utili, ecc.<\/p><figure class=\"wp-block-image alignright size-large is-resized\"><img loading=\"lazy\" decoding=\"async\" width=\"1024\" height=\"816\" src=\"https:\/\/dartproject.eu\/wp-content\/uploads\/2025\/04\/LIHIY-1024x816.jpg\" alt=\"\" class=\"wp-image-1504\" style=\"width:431px;height:auto\" srcset=\"https:\/\/dartproject.eu\/wp-content\/uploads\/2025\/04\/LIHIY-1024x816.jpg 1024w, https:\/\/dartproject.eu\/wp-content\/uploads\/2025\/04\/LIHIY-300x239.jpg 300w, https:\/\/dartproject.eu\/wp-content\/uploads\/2025\/04\/LIHIY-768x612.jpg 768w, https:\/\/dartproject.eu\/wp-content\/uploads\/2025\/04\/LIHIY-600x478.jpg 600w, https:\/\/dartproject.eu\/wp-content\/uploads\/2025\/04\/LIHIY.jpg 1100w\" sizes=\"auto, (max-width: 1024px) 100vw, 1024px\" \/><\/figure><p><br><br><strong>B) PIATTAFORMA MOBILE <\/strong>ad accesso aperto a tutti che comprende:<br>1) <strong>30 moduli elettronici <\/strong>per insegnanti di educazione fisica e allenatori:<br>&#8211; mirano a fornire competenze agli insegnanti di educazione fisica e agli allenatori per essere in grado di gestire qualsiasi situazione medica di emergenza dei loro atleti diabetici<br>&#8211; educano su come fornire incoraggiamento e supporto ai loro atleti diabetici per continuare i loro sforzi.<br><br>I moduli comprendono anche<br>a) Informazioni scientifiche sui benefici per la salute legati a specifici esercizi fisici;<br>b) Strategie per sostenere psicologicamente giovani e adulti affetti da diabete di tipo I e II, al fine di incoraggiarli a fare attivit\u00e0 fisica.<br>c) Studi, opinioni, ultime scoperte su diabete e attivit\u00e0 fisica, interviste a professionisti della salute e storie di successo di pazienti diabetici.<br><br><strong>SEZIONE GENITORI<\/strong>: una sezione speciale della piattaforma elettronica \u00e8 dedicata alla sensibilizzazione sull&#8217;importanza dell&#8217;esercizio fisico per le persone con diabete di tipo I e II. Il nostro obiettivo \u00e8 quello di convincere i genitori e le famiglie delle persone affette da diabete di tipo I e II che l&#8217;attivit\u00e0 fisica \u00e8 benefica per la salute; pertanto devono sostenere i loro familiari a praticare attivit\u00e0 fisica o sport.<br><br><\/p><div class=\"wp-block-media-text is-stacked-on-mobile\" style=\"grid-template-columns:23% auto\"><figure class=\"wp-block-media-text__media\"><img loading=\"lazy\" decoding=\"async\" width=\"450\" height=\"450\" src=\"https:\/\/dartproject.eu\/wp-content\/uploads\/2025\/04\/MOODLE-QR-CODE.png\" alt=\"\" class=\"wp-image-1508 size-full\" srcset=\"https:\/\/dartproject.eu\/wp-content\/uploads\/2025\/04\/MOODLE-QR-CODE.png 450w, https:\/\/dartproject.eu\/wp-content\/uploads\/2025\/04\/MOODLE-QR-CODE-300x300.png 300w, https:\/\/dartproject.eu\/wp-content\/uploads\/2025\/04\/MOODLE-QR-CODE-150x150.png 150w, https:\/\/dartproject.eu\/wp-content\/uploads\/2025\/04\/MOODLE-QR-CODE-100x100.png 100w\" sizes=\"auto, (max-width: 450px) 100vw, 450px\" \/><\/figure><div class=\"wp-block-media-text__content\"><p class=\"has-large-font-size\"><a href=\"http:\/\/moodle.dartproject.eu\" data-type=\"link\" data-id=\"moodle.dartproject.eu\"><strong>moodle.dartproject.eu<\/strong><\/a><\/p><\/div><\/div>","protected":false},"excerpt":{"rendered":"<p>OUTPUT INTELLETTUALE 2: PIATTAFORMA ELETTRONICA Abbiamo sviluppato una piattaforma elettronica basata su Moodle per fornire agli insegnanti di educazione fisica preziose conoscenze relative alle esigenze dei loro atleti diabetici. La nostra piattaforma elettronica comprende due parti: A) SITO WEB PROMOZIONALE in 7 versioni linguistiche: Questo sito web promozionale contiene informazioni analitiche sugli scopi e gli&#8230;<\/p>\n","protected":false},"author":1,"featured_media":0,"parent":0,"menu_order":0,"comment_status":"closed","ping_status":"closed","template":"","meta":{"footnotes":""},"class_list":["post-1108","page","type-page","status-publish","hentry"],"_links":{"self":[{"href":"https:\/\/dartproject.eu\/it\/wp-json\/wp\/v2\/pages\/1108","targetHints":{"allow":["GET"]}}],"collection":[{"href":"https:\/\/dartproject.eu\/it\/wp-json\/wp\/v2\/pages"}],"about":[{"href":"https:\/\/dartproject.eu\/it\/wp-json\/wp\/v2\/types\/page"}],"author":[{"embeddable":true,"href":"https:\/\/dartproject.eu\/it\/wp-json\/wp\/v2\/users\/1"}],"replies":[{"embeddable":true,"href":"https:\/\/dartproject.eu\/it\/wp-json\/wp\/v2\/comments?post=1108"}],"version-history":[{"count":3,"href":"https:\/\/dartproject.eu\/it\/wp-json\/wp\/v2\/pages\/1108\/revisions"}],"predecessor-version":[{"id":1842,"href":"https:\/\/dartproject.eu\/it\/wp-json\/wp\/v2\/pages\/1108\/revisions\/1842"}],"wp:attachment":[{"href":"https:\/\/dartproject.eu\/it\/wp-json\/wp\/v2\/media?parent=1108"}],"curies":[{"name":"wp","href":"https:\/\/api.w.org\/{rel}","templated":true}]}}