{"id":1153,"date":"2025-03-28T14:53:11","date_gmt":"2025-03-28T14:53:11","guid":{"rendered":"https:\/\/demo.dartproject.eu\/reports\/"},"modified":"2025-04-13T15:25:40","modified_gmt":"2025-04-13T15:25:40","slug":"reports","status":"publish","type":"page","link":"https:\/\/dartproject.eu\/it\/reports\/","title":{"rendered":"Reportistica"},"content":{"rendered":"<div class=\"wp-block-cover is-light has-parallax\"><span aria-hidden=\"true\" class=\"wp-block-cover__background has-background-dim-0 has-background-dim\" style=\"background-color:#32bfcb\"><\/span><div class=\"wp-block-cover__image-background wp-image-1720 has-parallax\" style=\"background-position:50% 50%;background-image:url(https:\/\/dartproject.eu\/wp-content\/uploads\/2025\/04\/composition-medical-objects-with-copyspace-copy.jpg)\"><\/div><div class=\"wp-block-cover__inner-container is-layout-constrained wp-block-cover-is-layout-constrained\"><p class=\"has-text-align-center has-large-font-size\"><\/p><\/div><\/div><p class=\"has-primary-color has-text-color has-link-color wp-elements-ccf31eb1e96a8d95b1d320ae2a05f80f\"><strong>OUTPUT INTELLETTUALE 3: QUESTIONARI<\/strong><\/p><p>Abbiamo progettato e sviluppato questionari in 7 versioni linguistiche per i moduli di valutazione dei materiali che vengono distribuiti ai partecipanti prima e dopo la fine del periodo di applicazione pilota.<br>Le prove raccolte vengono considerate nel loro insieme per assegnare un punteggio all&#8217;indicatore su una scala a cinque punti, dove il livello 1 \u00e8 associato al livello di interesse pi\u00f9 basso e il livello 5 a quello pi\u00f9 alto.<br>I risultati di valutazione raccolti riguardano i nostri prodotti intellettuali digitali: App Mobile e Piattaforma elettronica, nonch\u00e9 dagli eventi moltiplicatori e in diretta streaming.<\/p><p class=\"has-primary-color has-text-color has-link-color wp-elements-f53899ceb7f57f7408d919f0b607fc5d\"><br><br><strong>OUTPUT INTELLETTUALE 4: REPORTISTICA<\/strong><\/p><p>DART ha sviluppato sei report da tutti i Paesi partecipanti, che includono i risultati dell&#8217;applicazione pilota dei prodotti DART ai nostri gruppi target.<br>I rapporti contengono i risultati della valutazione dell&#8217;applicazione pilota dei nostri prodotti intellettuali digitali:<br><br><strong>a) App mobile (programmi di allenamento per pazienti diabetici di tipo I e II)<\/strong><br>Dal numero di Alberi della vita digitali completati, abbiamo ricevuto informazioni su quante persone hanno completato il programma di allenamento, quante lo hanno abbandonato e in quale fase, il tipo di diabete di cui soffrono, l&#8217;et\u00e0, il sesso.<br><br><strong>b) Statistiche della piattaforma elettronica<\/strong><\/p><p>&#8211; Risultati dell&#8217;analisi statistica della piattaforma elettronica (numero di utenti iscritti ai moduli, numero di visite, ecc.).<br>&#8211; Raccolta dei dati di valutazione raccolti dalle persone che hanno partecipato agli eventi online.<\/p><p><strong>c) <\/strong>I risultati dei <strong>moduli di valutazione dei materiali <\/strong>distribuiti agli atleti diabetici, ai genitori e agli insegnanti\/allenatori dopo gli eventi moltiplicatori.<br><\/p><p class=\"has-primary-color has-text-color has-link-color wp-elements-73383c53a09f15215ec4c534fb1a50ce\"><strong>ANALISI DEI RISULTATI<\/strong><\/p><p>&#8211; Analisi dei risultati raccolti in base agli indicatori.<\/p><p>&#8211; Sviluppo di 6 relazioni (in lingua inglese), una per ogni paese partecipante.<\/p><p class=\"has-primary-color has-text-color has-link-color wp-elements-017685a2845061dad69ee6f67deeb3d1\"><br><br><strong>REPORT FINALE e analisi statistica<\/strong><\/p><p>Il REPORT FINALE comprende l&#8217;analisi dei risultati ricevuti dai report di tutte le istituzioni partecipanti in base agli indicatori analizzati nella sezione Metodologia.<br>&#8211; ANALISI STATISTICA: DART include anche un&#8217;analisi statistica dei risultati utile per ulteriori indagini sul campo e RACCOMANDAZIONI per l&#8217;inclusione di gruppi svantaggiati, utili per i responsabili delle politiche sportive.<br>Le relazioni sviluppate dai risultati del nostro progetto sono molto utili per l&#8217;analisi delle strategie di inclusione dei gruppi svantaggiati e potrebbero aiutare i responsabili delle politiche sportive in Europa a raccogliere dati preziosi per i loro studi.<\/p>","protected":false},"excerpt":{"rendered":"<p>OUTPUT INTELLETTUALE 3: QUESTIONARI Abbiamo progettato e sviluppato questionari in 7 versioni linguistiche per i moduli di valutazione dei materiali che vengono distribuiti ai partecipanti prima e dopo la fine del periodo di applicazione pilota.Le prove raccolte vengono considerate nel loro insieme per assegnare un punteggio all&#8217;indicatore su una scala a cinque punti, dove il&#8230;<\/p>\n","protected":false},"author":1,"featured_media":0,"parent":0,"menu_order":0,"comment_status":"closed","ping_status":"closed","template":"","meta":{"footnotes":""},"class_list":["post-1153","page","type-page","status-publish","hentry"],"_links":{"self":[{"href":"https:\/\/dartproject.eu\/it\/wp-json\/wp\/v2\/pages\/1153","targetHints":{"allow":["GET"]}}],"collection":[{"href":"https:\/\/dartproject.eu\/it\/wp-json\/wp\/v2\/pages"}],"about":[{"href":"https:\/\/dartproject.eu\/it\/wp-json\/wp\/v2\/types\/page"}],"author":[{"embeddable":true,"href":"https:\/\/dartproject.eu\/it\/wp-json\/wp\/v2\/users\/1"}],"replies":[{"embeddable":true,"href":"https:\/\/dartproject.eu\/it\/wp-json\/wp\/v2\/comments?post=1153"}],"version-history":[{"count":3,"href":"https:\/\/dartproject.eu\/it\/wp-json\/wp\/v2\/pages\/1153\/revisions"}],"predecessor-version":[{"id":1850,"href":"https:\/\/dartproject.eu\/it\/wp-json\/wp\/v2\/pages\/1153\/revisions\/1850"}],"wp:attachment":[{"href":"https:\/\/dartproject.eu\/it\/wp-json\/wp\/v2\/media?parent=1153"}],"curies":[{"name":"wp","href":"https:\/\/api.w.org\/{rel}","templated":true}]}}