{"id":858,"date":"2025-03-28T02:07:26","date_gmt":"2025-03-28T02:07:26","guid":{"rendered":"https:\/\/demo.dartproject.eu\/goals\/"},"modified":"2025-04-26T16:26:58","modified_gmt":"2025-04-26T16:26:58","slug":"goals","status":"publish","type":"page","link":"https:\/\/dartproject.eu\/it\/goals\/","title":{"rendered":"Obiettivi"},"content":{"rendered":"<div class=\"wp-block-cover is-light has-parallax\"><span aria-hidden=\"true\" class=\"wp-block-cover__background has-background-dim-0 has-background-dim\" style=\"background-color:#6191a4\"><\/span><div class=\"wp-block-cover__image-background wp-image-1342 has-parallax\" style=\"background-position:50% 50%;background-image:url(https:\/\/dartproject.eu\/wp-content\/uploads\/2025\/04\/woman-sitting-playground-with-phone-her-hands-1.jpg)\"><\/div><div class=\"wp-block-cover__inner-container is-layout-constrained wp-block-cover-is-layout-constrained\"><p class=\"has-text-align-center has-large-font-size\"><\/p><\/div><\/div><p class=\"has-primary-color has-text-color has-link-color has-big-font-size wp-elements-8ee7f7204ba1bcb2951582b2a5819a99\"><strong>Il progetto<\/strong><strong><\/strong><\/p><p>Il progetto DART mira a promuovere le sinergie tra sport e salute, a favorire l&#8217;inclusione nello sport, a promuovere l&#8217;attivit\u00e0 fisica a vantaggio della salute delle persone con diabete di tipo I e II, a incoraggiare uno stile di vita sano e a sensibilizzare sul valore aggiunto dello sport e dell&#8217;attivit\u00e0 fisica.<br>Gli obiettivi di DART vengono raggiunti attraverso la progettazione e l&#8217;implementazione di strumenti digitali innovativi e di moduli elettronici di formazione.<br><\/p><p>In particolare, il progetto DART ha sviluppato e implementato:<br><\/p><p>a) <strong>APP<\/strong>: un&#8217;applicazione mobile innovativa, divertente ed ecologica in 7 versioni linguistiche che utilizza un personal trainer in realt\u00e0 aumentata che insegna ai pazienti diabetici esercizi fisici specializzati che aiutano a:<\/p><p>&#8211; ridurre la pressione sanguigna,<\/p><p>&#8211; ridurre i livelli di grassi nel sangue,<\/p><p>&#8211; mantenere il cuore in salute,<br>&#8211; migliorare i livelli di zucchero nel sangue e prevenire l&#8217;aumento di peso.<\/p><p>Inoltre, l&#8217;app include la tecnologia geofence per le attivit\u00e0 all&#8217;aperto, un calendario personalizzato per l&#8217;inserimento di farmaci, appuntamenti con il medico ecc. e un promemoria per le dosi di insulina;<\/p><p>b) <strong>PIATTAFORMA MOODLE<\/strong>: 30 moduli elettronici interattivi basati su Moodle e destinati agli insegnanti di educazione fisica, compresa una serie di podcast; c) <strong>Eventi di sensibilizzazione (live streaming<\/strong>) rivolti a un pubblico pi\u00f9 ampio di pazienti diabetici (tipo I e II) e alle loro famiglie di tutti i Paesi coinvolti e oltre.<br><\/p><p>Gli obiettivi di DART relativi all&#8217;azione SPORT sono:<br><br>1) incoraggiare uno stile di vita sano per tutti<br>2) promuovere la partecipazione allo sport e all&#8217;attivit\u00e0 fisica per la salute (priorit\u00e0 del PIANO DI LAVORO DELL&#8217;UE PER LO SPORT 2021-2024).<br><br>Nello specifico, il progetto DART mira a:<br>a) promuovere le sinergie tra sport e salute<br>b) promuovere l&#8217;inclusione nello sport<br>c) promuovere l&#8217;attivit\u00e0 fisica a favore della salute per le persone con diabete di tipo I e II,<br>d) incoraggiare uno stile di vita sano<br>e) sensibilizzare i pazienti diabetici e le loro famiglie sul valore aggiunto dello sport e dell&#8217;attivit\u00e0 fisica,<br>f) educare gli insegnanti di attivit\u00e0 fisica e gli allenatori sulle questioni relative all&#8217;attivit\u00e0 fisica e al diabete,<br>g) utilizzare la tecnologia digitale e pi\u00f9 precisamente l&#8217;innovativa tecnologia della realt\u00e0 aumentata mobile per raggiungere i nostri obiettivi e sviluppare una dimensione digitale.<br><br>Il progetto promuove la cooperazione transnazionale e intersettoriale grazie alla partecipazione di 7 istituzioni di 6 Paesi europei (ES, EL, IT, PT, HR e RO) con esperienza in tutti i settori rilevanti del progetto: sport, istruzione, medicina e tecnologia. Inoltre, DART segue un approccio ecologico durante tutte le fasi del progetto.<\/p>","protected":false},"excerpt":{"rendered":"<p>Il progetto Il progetto DART mira a promuovere le sinergie tra sport e salute, a favorire l&#8217;inclusione nello sport, a promuovere l&#8217;attivit\u00e0 fisica a vantaggio della salute delle persone con diabete di tipo I e II, a incoraggiare uno stile di vita sano e a sensibilizzare sul valore aggiunto dello sport e dell&#8217;attivit\u00e0 fisica.Gli obiettivi&#8230;<\/p>\n","protected":false},"author":1,"featured_media":0,"parent":0,"menu_order":0,"comment_status":"closed","ping_status":"closed","template":"","meta":{"footnotes":""},"class_list":["post-858","page","type-page","status-publish","hentry"],"_links":{"self":[{"href":"https:\/\/dartproject.eu\/it\/wp-json\/wp\/v2\/pages\/858","targetHints":{"allow":["GET"]}}],"collection":[{"href":"https:\/\/dartproject.eu\/it\/wp-json\/wp\/v2\/pages"}],"about":[{"href":"https:\/\/dartproject.eu\/it\/wp-json\/wp\/v2\/types\/page"}],"author":[{"embeddable":true,"href":"https:\/\/dartproject.eu\/it\/wp-json\/wp\/v2\/users\/1"}],"replies":[{"embeddable":true,"href":"https:\/\/dartproject.eu\/it\/wp-json\/wp\/v2\/comments?post=858"}],"version-history":[{"count":7,"href":"https:\/\/dartproject.eu\/it\/wp-json\/wp\/v2\/pages\/858\/revisions"}],"predecessor-version":[{"id":1685,"href":"https:\/\/dartproject.eu\/it\/wp-json\/wp\/v2\/pages\/858\/revisions\/1685"}],"wp:attachment":[{"href":"https:\/\/dartproject.eu\/it\/wp-json\/wp\/v2\/media?parent=858"}],"curies":[{"name":"wp","href":"https:\/\/api.w.org\/{rel}","templated":true}]}}