{"id":918,"date":"2025-03-28T02:09:43","date_gmt":"2025-03-28T02:09:43","guid":{"rendered":"https:\/\/demo.dartproject.eu\/policy\/"},"modified":"2025-04-13T13:04:01","modified_gmt":"2025-04-13T13:04:01","slug":"policy","status":"publish","type":"page","link":"https:\/\/dartproject.eu\/it\/policy\/","title":{"rendered":"Policy"},"content":{"rendered":"<div class=\"wp-block-cover is-light has-parallax\"><span aria-hidden=\"true\" class=\"wp-block-cover__background has-background-dim-0 has-background-dim\" style=\"background-color:#9aece9\"><\/span><div class=\"wp-block-cover__image-background wp-image-1273 has-parallax\" style=\"background-position:50% 50%;background-image:url(https:\/\/dartproject.eu\/wp-content\/uploads\/2025\/04\/NEW-LOGO2.png)\"><\/div><div class=\"wp-block-cover__inner-container is-layout-constrained wp-block-cover-is-layout-constrained\"><p class=\"has-text-align-center has-large-font-size\"><\/p><\/div><\/div><p class=\"has-primary-color has-text-color has-link-color wp-elements-56d9372f6b397e0723df1e50072fbdbe\"><strong>POLICY<\/strong><br>\u200b<strong>Condizioni di utilizzo: App DART<\/strong><br><br><strong>1. Introduzione<\/strong><br>Con la presente informativa, desideriamo informarvi sui termini e le condizioni relativi alla raccolta e al trattamento dei dati personali, effettuati dalla PARTNERSHIP di DART composta dalle seguenti istituzioni: FUNDACION UNIVERSIDAD CATOLICA DE VALENCIA SAN VICENTE, MAIANDROS EPE, CENTRO UNIVERSITARIO SPORTIVO &#8211; CUS PADOVA, ASSOCIA\u00c7\u00c3O DE FUTEBOL DE BRAGAN\u00c7A, ZAJEDNICA SPORTSKIH UDRUGA GRADA RIJEKE &#8220;RIJE\u010cKI SPORTSKI SAVEZ&#8221; , ASOCIA\u0162IA COPIILOR SI TINERILOR DIABETICI MURE\u015e e TOOL LTD. proprietari dell&#8217;applicazione DART (versioni spagnola, greca, italiana, portoghese, croata, rumena e inglese) e responsabili del trattamento dei dati personali raccolti attraverso questa applicazione (di seguito &#8220;DART&#8221;).<br>DART ha adottato tutte le misure necessarie per garantire un elevato livello di protezione e sicurezza dell&#8217;applicazione DART, in conformit\u00e0 con le migliori pratiche commerciali riconosciute.<br>L&#8217;accesso e la navigazione nell&#8217;applicazione DART sono gratuiti. \u00c8 severamente vietata la copia o la riproduzione in qualsiasi modo, la pubblicazione, la modifica, l&#8217;alterazione o l&#8217;utilizzo in qualsiasi altro modo delle fotografie, dei video, delle immagini e dei loghi inclusi nell&#8217;applicazione DART.<br>DART si riserva il diritto di modificare la presente Politica in qualsiasi momento senza preavviso agli utenti. Pertanto, si consiglia di rivederla regolarmente durante l&#8217;utilizzo dell&#8217;applicazione.<br><br><strong>2. Quali dati personali raccogliamo?<\/strong><br>Quando si utilizza questa applicazione, non \u00e8 necessario registrare alcun dato personale.<br><br><strong><u>Rispettiamo la legge sulla protezione della privacy online dei bambini<\/u><\/strong><br><strong>Il nostro sito web e le nostre applicazioni mobili sono conformi al Children&#8217;s Online Privacy Protection Act (&#8220;COPPA&#8221;) e al Regolamento generale sulla protezione dei dati (GDPR) dell&#8217;Unione Europea. Non raccogliamo consapevolmente informazioni personali da bambini di et\u00e0 inferiore ai 13 anni in violazione del COPPA, e se nel caso in cui un utente si identifichi come un bambino di et\u00e0 inferiore ai 13 anni attraverso una richiesta di assistenza, non raccoglieremo, memorizzeremo o utilizzeremo, e cancelleremo in modo sicuro, qualsiasi informazione personale di tale utente.<\/strong><br><br><strong>3. Quali sono i vostri diritti?<\/strong><br>Se ritenete che stiamo violando la legge applicabile per la protezione dei vostri dati personali, avete il diritto di presentare un reclamo all&#8217;Autorit\u00e0 per la protezione dei dati personali, registrata in CALLE QUEVEDO 2, VALENCIA 46001, SPAGNA.<br><br><strong>4. Limitazione di responsabilit\u00e0<\/strong><br>L&#8217;applicazione DART pu\u00f2 contenere link ad altri siti web non controllati dalla partnership DART ma da altri proprietari (persone fisiche o giuridiche) a cui appartengono i suddetti siti web. In nessun caso la partnership di DART \u00e8 responsabile di eventuali danni che l&#8217;utente potrebbe subire a causa della sua visita ad altri siti, compreso il trattamento illecito dei suoi dati personali a causa della visita ai suddetti siti.<br><br><strong>5. I cookie<\/strong><br>I cookie sono piccoli file di testo contenenti informazioni che vengono inviati dal sito dartproject.eu e scaricati sul personal computer o sullo smart device dell&#8217;utente-visitatore. Questi file possono contenere informazioni sul tipo di browser web utilizzato da ciascun utente-visitatore, sul tipo di computer, sul sistema operativo, sul provider internet e altre informazioni tecniche.<br>I cookie non danneggiano il computer o il dispositivo mobile dell&#8217;utente, n\u00e9 i file in essi memorizzati, e non intervengono in alcun modo su documenti o file memorizzati nel computer dell&#8217;utente durante la visita al sito web dartproject.eu. L&#8217;uso dei cookie non rivela la vostra identit\u00e0, ma pu\u00f2 portare all&#8217;identificazione del vostro computer.<br>Il sito web dartproject.eu pu\u00f2 utilizzare i cookie per i seguenti scopi:<br><strong>(a) Google Analytics<\/strong><br>Per condurre indagini a fini statistici e\/o per migliorare i contenuti e i servizi di dartproject.eu e\/o per misurarne l&#8217;efficacia.<br><strong>(b) Social network<\/strong><br>I cookie vengono inseriti dai fornitori di siti di social network per consentire al visitatore di condividere facilmente i contenuti di dartproject.eu attraverso questi siti.<br>La maggior parte dei browser web accetta l&#8217;uso dei cookie per impostazione predefinita, ma \u00e8 possibile impostare il browser in modo da negare la ricezione o accettare selettivamente alcuni cookie. Se si disabilita la ricezione dei cookie, alcune funzioni fornite dal nostro sito potrebbero non essere disponibili, mentre alcune pagine potrebbero non essere visualizzate correttamente.<br>Il sito www.allaboutcookies.org offre buone e semplici istruzioni su come gestire i cookie, utilizzando diversi tipi di browser web.<br><br><br><br><br><\/p>","protected":false},"excerpt":{"rendered":"<p>POLICY\u200bCondizioni di utilizzo: App DART 1. IntroduzioneCon la presente informativa, desideriamo informarvi sui termini e le condizioni relativi alla raccolta e al trattamento dei dati personali, effettuati dalla PARTNERSHIP di DART composta dalle seguenti istituzioni: FUNDACION UNIVERSIDAD CATOLICA DE VALENCIA SAN VICENTE, MAIANDROS EPE, CENTRO UNIVERSITARIO SPORTIVO &#8211; CUS PADOVA, ASSOCIA\u00c7\u00c3O DE FUTEBOL DE BRAGAN\u00c7A,&#8230;<\/p>\n","protected":false},"author":1,"featured_media":0,"parent":0,"menu_order":0,"comment_status":"closed","ping_status":"closed","template":"","meta":{"footnotes":""},"class_list":["post-918","page","type-page","status-publish","hentry"],"_links":{"self":[{"href":"https:\/\/dartproject.eu\/it\/wp-json\/wp\/v2\/pages\/918","targetHints":{"allow":["GET"]}}],"collection":[{"href":"https:\/\/dartproject.eu\/it\/wp-json\/wp\/v2\/pages"}],"about":[{"href":"https:\/\/dartproject.eu\/it\/wp-json\/wp\/v2\/types\/page"}],"author":[{"embeddable":true,"href":"https:\/\/dartproject.eu\/it\/wp-json\/wp\/v2\/users\/1"}],"replies":[{"embeddable":true,"href":"https:\/\/dartproject.eu\/it\/wp-json\/wp\/v2\/comments?post=918"}],"version-history":[{"count":4,"href":"https:\/\/dartproject.eu\/it\/wp-json\/wp\/v2\/pages\/918\/revisions"}],"predecessor-version":[{"id":1752,"href":"https:\/\/dartproject.eu\/it\/wp-json\/wp\/v2\/pages\/918\/revisions\/1752"}],"wp:attachment":[{"href":"https:\/\/dartproject.eu\/it\/wp-json\/wp\/v2\/media?parent=918"}],"curies":[{"name":"wp","href":"https:\/\/api.w.org\/{rel}","templated":true}]}}