{"id":930,"date":"2025-03-28T02:10:14","date_gmt":"2025-03-28T02:10:14","guid":{"rendered":"https:\/\/demo.dartproject.eu\/contact\/"},"modified":"2025-04-29T21:18:45","modified_gmt":"2025-04-29T21:18:45","slug":"contact","status":"publish","type":"page","link":"https:\/\/dartproject.eu\/it\/contact\/","title":{"rendered":"Contatto"},"content":{"rendered":"<div class=\"wp-block-cover has-parallax\"><div class=\"wp-block-cover__image-background wp-image-1767 has-parallax\" style=\"background-position:50% 50%;background-image:url(https:\/\/dartproject.eu\/wp-content\/uploads\/2025\/04\/f3e96d_d43d9dfb378f4b4fa8285a440acefcb7mv2.avif)\"><\/div><span aria-hidden=\"true\" class=\"wp-block-cover__background has-background-dim-0 has-background-dim\" style=\"background-color:#40535d\"><\/span><div class=\"wp-block-cover__inner-container is-layout-constrained wp-block-cover-is-layout-constrained\"><p class=\"has-text-align-center has-large-font-size\"><\/p><\/div><\/div><p class=\"has-primary-color has-text-color has-link-color wp-elements-394f7ade38473bac07ce1111f715d3d6\"><strong>SPAGNA: Fundaci\u00f3n Universidad Cat\u00f3lica de Valencia San Vicente M\u00e1rtir (Catholic University of Valencia-UCV)<\/strong><\/p><p><strong>Calle Quevedo 2<\/strong><\/p><p><strong>46001 Valencia<\/strong><\/p><p><strong>Sito web:\u00a0<a href=\"http:\/\/www.ucv.es\" target=\"_blank\" rel=\"noreferrer noopener\">www.ucv.es<\/a><\/strong><\/p><hr class=\"wp-block-separator has-alpha-channel-opacity\"\/><p class=\"has-primary-color has-text-color has-link-color wp-elements-30a1c0846b5e4a2930bc43cae08cbf30\">GRECIA:&nbsp;MAIANDROS EPE<\/p><p>7 Artemidos st. Ekali<\/p><p>14578 Athens<\/p><p>Sito web:&nbsp;<a href=\"https:\/\/meandrosltd.gr\/\" target=\"_blank\" rel=\"noreferrer noopener\">https:\/\/meandrosltd.gr\/<\/a><\/p><hr class=\"wp-block-separator has-alpha-channel-opacity\"\/><p class=\"has-primary-color has-text-color has-link-color wp-elements-90df69cd401065ea916a9d7aab78f384\">ITALIA:&nbsp;CENTRO UNIVERSITARIO SPORTIVO \u2013 CUS PADOVA<\/p><p>Via Giordano Bruno 27,<\/p><p>35124 Padova<\/p><p>Sito web:&nbsp;<a href=\"https:\/\/www.cuspadova.it\/\" target=\"_blank\" rel=\"noreferrer noopener\">https:\/\/www.cuspadova.it\/<\/a><\/p><hr class=\"wp-block-separator has-alpha-channel-opacity\"\/><p class=\"has-primary-color has-text-color has-link-color wp-elements-b98ff0445d0827c046fb418e3b422f54\">PORTOGALLO:&nbsp;ASSOCIA\u00c7\u00c3O DE FUTEBOL DE BRAGAN\u00c7A<\/p><p>Bairro da Coxa Fundo de Fomento de Habita\u00e7\u00e3o,<\/p><p>Bloco C&nbsp; Entrada 1,<\/p><p>5300 \u2013 098 Bragan\u00e7a<\/p><p>Sito web:&nbsp;<a href=\"https:\/\/afbraganca.fpf.pt\/\" target=\"_blank\" rel=\"noreferrer noopener\">https:\/\/afbraganca.fpf.pt\/<\/a><\/p><hr class=\"wp-block-separator has-alpha-channel-opacity\"\/><p class=\"has-primary-color has-text-color has-link-color wp-elements-3c708247a587c1cb8b01e199c6f79959\">CROAZIA: Zajednica Sportskih Udruga Grada Rijeke \u201cRije\u010dki Sportski Savez<\/p><p>Verdijeva 11 iii<\/p><p>51000 Rijeka<\/p><p>Sito web:\u00a0<a href=\"http:\/\/www.rss.hr\/\" target=\"_blank\" rel=\"noreferrer noopener\">www.rss.hr<\/a><\/p><hr class=\"wp-block-separator has-alpha-channel-opacity\"\/><p class=\"has-primary-color has-text-color has-link-color wp-elements-6f18462c564f0adca14662a9f4a1c3b6\">ROMANIA: ASCOTID<\/p><p>Bd. &#8220;1 Decembrie 1918&#8221; nr. 162, ap.15<\/p><p>540525 Tirgu Mures<\/p><p>Sito web: <a href=\"https:\/\/www.ascotid.ro\/\" target=\"_blank\" rel=\"noreferrer noopener\">https:\/\/www.ascotid.ro\/<\/a><\/p><hr class=\"wp-block-separator has-alpha-channel-opacity\"\/><p class=\"has-primary-color has-text-color has-link-color wp-elements-69949e75f21af9d45e1d2c39185d3d01\">GRECIA: TOOL LTD.<\/p><p>132, Kononos<\/p><p>162 31 Athens \u2013 Byronas<\/p><p>Sito web: <a href=\"https:\/\/www.tool.gr\/\" target=\"_blank\" rel=\"noreferrer noopener\">https:\/\/www.tool.gr\/<\/a><\/p>","protected":false},"excerpt":{"rendered":"<p>SPAGNA: Fundaci\u00f3n Universidad Cat\u00f3lica de Valencia San Vicente M\u00e1rtir (Catholic University of Valencia-UCV) Calle Quevedo 2 46001 Valencia Sito web:\u00a0www.ucv.es GRECIA:&nbsp;MAIANDROS EPE 7 Artemidos st. Ekali 14578 Athens Sito web:&nbsp;https:\/\/meandrosltd.gr\/ ITALIA:&nbsp;CENTRO UNIVERSITARIO SPORTIVO \u2013 CUS PADOVA Via Giordano Bruno 27, 35124 Padova Sito web:&nbsp;https:\/\/www.cuspadova.it\/ PORTOGALLO:&nbsp;ASSOCIA\u00c7\u00c3O DE FUTEBOL DE BRAGAN\u00c7A Bairro da Coxa Fundo de Fomento&#8230;<\/p>\n","protected":false},"author":1,"featured_media":0,"parent":0,"menu_order":0,"comment_status":"closed","ping_status":"closed","template":"","meta":{"footnotes":""},"class_list":["post-930","page","type-page","status-publish","hentry"],"_links":{"self":[{"href":"https:\/\/dartproject.eu\/it\/wp-json\/wp\/v2\/pages\/930","targetHints":{"allow":["GET"]}}],"collection":[{"href":"https:\/\/dartproject.eu\/it\/wp-json\/wp\/v2\/pages"}],"about":[{"href":"https:\/\/dartproject.eu\/it\/wp-json\/wp\/v2\/types\/page"}],"author":[{"embeddable":true,"href":"https:\/\/dartproject.eu\/it\/wp-json\/wp\/v2\/users\/1"}],"replies":[{"embeddable":true,"href":"https:\/\/dartproject.eu\/it\/wp-json\/wp\/v2\/comments?post=930"}],"version-history":[{"count":8,"href":"https:\/\/dartproject.eu\/it\/wp-json\/wp\/v2\/pages\/930\/revisions"}],"predecessor-version":[{"id":3093,"href":"https:\/\/dartproject.eu\/it\/wp-json\/wp\/v2\/pages\/930\/revisions\/3093"}],"wp:attachment":[{"href":"https:\/\/dartproject.eu\/it\/wp-json\/wp\/v2\/media?parent=930"}],"curies":[{"name":"wp","href":"https:\/\/api.w.org\/{rel}","templated":true}]}}