{"id":1048,"date":"2025-03-28T14:50:50","date_gmt":"2025-03-28T14:50:50","guid":{"rendered":"https:\/\/demo.dartproject.eu\/dart-app\/"},"modified":"2025-04-29T21:50:09","modified_gmt":"2025-04-29T21:50:09","slug":"dart-app","status":"publish","type":"page","link":"https:\/\/dartproject.eu\/pt-pt\/dart-app\/","title":{"rendered":"Dart App"},"content":{"rendered":"<figure class=\"wp-block-video\"><video height=\"1080\" style=\"aspect-ratio: 2064 \/ 1080;\" width=\"2064\" autoplay controls loop muted src=\"https:\/\/dartproject.eu\/wp-content\/uploads\/2025\/04\/VIDEO-FINAL.mp4\"><\/video><\/figure><figure class=\"wp-block-image alignleft size-large is-resized\"><img loading=\"lazy\" decoding=\"async\" width=\"473\" height=\"1024\" src=\"https:\/\/dartproject.eu\/wp-content\/uploads\/2025\/04\/Screenshot_20250430_004421_DART-473x1024.jpg\" alt=\"\" class=\"wp-image-3103\" style=\"width:186px;height:auto\" srcset=\"https:\/\/dartproject.eu\/wp-content\/uploads\/2025\/04\/Screenshot_20250430_004421_DART-473x1024.jpg 473w, https:\/\/dartproject.eu\/wp-content\/uploads\/2025\/04\/Screenshot_20250430_004421_DART-138x300.jpg 138w, https:\/\/dartproject.eu\/wp-content\/uploads\/2025\/04\/Screenshot_20250430_004421_DART-768x1664.jpg 768w, https:\/\/dartproject.eu\/wp-content\/uploads\/2025\/04\/Screenshot_20250430_004421_DART-709x1536.jpg 709w, https:\/\/dartproject.eu\/wp-content\/uploads\/2025\/04\/Screenshot_20250430_004421_DART-945x2048.jpg 945w, https:\/\/dartproject.eu\/wp-content\/uploads\/2025\/04\/Screenshot_20250430_004421_DART-600x1300.jpg 600w, https:\/\/dartproject.eu\/wp-content\/uploads\/2025\/04\/Screenshot_20250430_004421_DART.jpg 1080w\" sizes=\"auto, (max-width: 473px) 100vw, 473px\" \/><\/figure><p class=\"has-primary-color has-text-color has-link-color wp-elements-622c9aa79f8618c26c70bcd39cc9bbe7\"><strong>An\u00e1lise do Projeto DART<\/strong><\/p><p>O projeto DART tem como objetivo oferecer &#8220;algo mais&#8221; aos pacientes com diabetes tipo I e II, seguindo as ondas da tecnologia m\u00f3vel para 2025: um personal trainer de realidade aumentada que pode estar presente diariamente nas suas vidas, em qualquer lugar e a qualquer hora, em casa, no escrit\u00f3rio, na escola, atrav\u00e9s de uma aplica\u00e7\u00e3o m\u00f3vel inovadora para Android e IOS em 7 vers\u00f5es lingu\u00edsticas que utiliza tecnologia de realidade aumentada e tecnologia de geofence.<br>A aplica\u00e7\u00e3o est\u00e1 dividida em duas sec\u00e7\u00f5es distintas: relativa \u00e0 diabetes TIPO 1 e TIPO 2.<br>Cada sec\u00e7\u00e3o da aplica\u00e7\u00e3o inclui as mesmas funcionalidades, mas centra-se no TIPO de diabetes selecionado pelo utilizador.<\/p><p class=\"has-primary-color has-text-color has-link-color wp-elements-4f73af363ac6795e0aa94f8ae11f4317\"><br><br><strong>PARTE 1: CALEND\u00c1RIO PERSONALIZADO DA DIABETES<\/strong><\/p><p>Calend\u00e1rio m\u00e9dico di\u00e1rio personalizado onde o utilizador pode incluir as suas medi\u00e7\u00f5es, medicamentos, consultas m\u00e9dicas, etc.). Inclui tamb\u00e9m um lembrete sonoro da dose de insulina.<\/p><p class=\"has-primary-color has-text-color has-link-color wp-elements-96936357619b8839a7c027bf9928cf38\"><br><br><strong>PARTE 2: CULTIVAR A &#8220;\u00c1RVORE DA VIDA&#8221;: Programas de treino di\u00e1rio utilizando um treinador de realidade aumentada<\/strong><\/p><p>Um personal trainer (holograma) aparece atrav\u00e9s da tecnologia de realidade aumentada no quarto, escrit\u00f3rio, escola, etc. do utilizador e pode mostrar-lhe como realizar o seu programa di\u00e1rio de exerc\u00edcios f\u00edsicos recomendados para o seu estado de sa\u00fade.<br>O holograma tamb\u00e9m d\u00e1 instru\u00e7\u00f5es de voz e explica\u00e7\u00f5es sobre a natureza dos exerc\u00edcios f\u00edsicos e a forma como estes exerc\u00edcios podem reduzir a tens\u00e3o arterial, diminuir os n\u00edveis de gorduras no sangue, manter o cora\u00e7\u00e3o saud\u00e1vel e ajudar a melhorar os n\u00edveis de a\u00e7\u00facar no sangue e a evitar o aumento excessivo de peso. Para cada exerc\u00edcio, inclu\u00edmos uma sec\u00e7\u00e3o especial para as Precau\u00e7\u00f5es que devem ser tomadas antes, durante e depois do exerc\u00edcio.<br><br>O programa de exerc\u00edcios \u00e9 apresentado como um jogo desafiante e amigo do ambiente:<\/p><figure class=\"wp-block-image alignright size-large is-resized\"><img loading=\"lazy\" decoding=\"async\" width=\"473\" height=\"1024\" src=\"https:\/\/dartproject.eu\/wp-content\/uploads\/2025\/04\/Screenshot_20241227_150452_DART-473x1024.jpg\" alt=\"\" class=\"wp-image-1441\" style=\"width:215px;height:auto\" srcset=\"https:\/\/dartproject.eu\/wp-content\/uploads\/2025\/04\/Screenshot_20241227_150452_DART-473x1024.jpg 473w, https:\/\/dartproject.eu\/wp-content\/uploads\/2025\/04\/Screenshot_20241227_150452_DART-138x300.jpg 138w, https:\/\/dartproject.eu\/wp-content\/uploads\/2025\/04\/Screenshot_20241227_150452_DART-768x1664.jpg 768w, https:\/\/dartproject.eu\/wp-content\/uploads\/2025\/04\/Screenshot_20241227_150452_DART-709x1536.jpg 709w, https:\/\/dartproject.eu\/wp-content\/uploads\/2025\/04\/Screenshot_20241227_150452_DART-945x2048.jpg 945w, https:\/\/dartproject.eu\/wp-content\/uploads\/2025\/04\/Screenshot_20241227_150452_DART-600x1300.jpg 600w, https:\/\/dartproject.eu\/wp-content\/uploads\/2025\/04\/Screenshot_20241227_150452_DART.jpg 1080w\" sizes=\"auto, (max-width: 473px) 100vw, 473px\" \/><\/figure><p>O utilizador da aplica\u00e7\u00e3o pode fazer crescer digitalmente a &#8220;\u00c1rvore da Vida&#8221; seguindo um programa de exerc\u00edcios f\u00edsicos de 30 dias. Todos os dias, depois de completar um conjunto de exerc\u00edcios propostos pelo treinador de realidade aumentada, o utilizador pode acrescentar um ramo \u00e0 sua &#8220;\u00c1rvore da Vida&#8221; digital, simbolizando o seu progresso di\u00e1rio.<br>O programa di\u00e1rio inclui 5 exerc\u00edcios f\u00edsicos X 30 dias (m\u00e1ximo de 30 minutos de exerc\u00edcio di\u00e1rio). Concebemos 50 exerc\u00edcios no total, mas alguns deles s\u00e3o repetidos durante este programa de treino de 30 dias. O n\u00edvel de dificuldade e a complexidade aumentam de dia para dia. N\u00e3o \u00e9 necess\u00e1rio equipamento desportivo especial, uma vez que o treinador de realidade aumentada prop\u00f5e formas alternativas de fazer exerc\u00edcio utilizando objetos do quotidiano, por exemplo, cadeiras, garrafas de \u00e1gua, latas, etc.<br><br>V\u00cdDEOS: Al\u00e9m disso, para cada novo exerc\u00edcio adicionado, o utilizador tem a oportunidade de ver v\u00eddeos de pessoas reais &#8211; volunt\u00e1rios (crian\u00e7as e adultos, doentes diab\u00e9ticos ou pessoas da popula\u00e7\u00e3o em geral) a realizar esses exerc\u00edcios espec\u00edficos, com o objetivo de mostrar que estamos todos juntos nisto, e que ningu\u00e9m pode ser exclu\u00eddo do maravilhoso mundo do exerc\u00edcio f\u00edsico!<br>Ap\u00f3s a conclus\u00e3o bem sucedida do programa de 30 dias, a &#8220;\u00c1rvore da Vida&#8221; digital pode ser completada e o utilizador pode avan\u00e7ar para a parte 3 da aplica\u00e7\u00e3o. Naturalmente, o utilizador pode repetir o programa de exerc\u00edcios tantas vezes quantas desejar.<br>O utilizador pode partilhar o seu progresso com a nossa parceria e, por cada &#8220;\u00c1rvore da Vida&#8221; digital que for completada, a parceria plantar\u00e1 uma \u00e1rvore real na natureza, contribuindo para os esfor\u00e7os de &#8220;Salvar a Terra&#8221;.<\/p><p><\/p><p class=\"has-primary-color has-text-color has-link-color wp-elements-ccd5ee5e9f0b9316915b512d3ad9a9ba\"><strong>PARTE 3- EXERC\u00cdCIO NA NATUREZA<\/strong><\/p><p>A terceira parte da APP motiva o utilizador a iniciar a atividade f\u00edsica ao ar livre. A aplica\u00e7\u00e3o oferece mapas ao utilizador, atrav\u00e9s da tecnologia de geofence, direcionados para os parques que se encontram perto da sua localiza\u00e7\u00e3o, onde pode fazer longas caminhadas. O utilizador tamb\u00e9m pode fixar um parque que sugira na sua \u00e1rea e todos os outros utilizadores podem ver a sua sugest\u00e3o.<br><\/p><figure class=\"wp-block-image alignleft size-full is-resized\"><a href=\"https:\/\/play.google.com\/store\/apps\/details?id=com.envysoftworks.dart&amp;pcampaignid=web_share\" target=\"_blank\" rel=\" noreferrer noopener\"><img loading=\"lazy\" decoding=\"async\" width=\"490\" height=\"490\" src=\"https:\/\/dartproject.eu\/wp-content\/uploads\/2025\/04\/DART-APP-GOOGLE-PLAY.png?wsr\" alt=\"\" class=\"wp-image-2930\" style=\"width:140px;height:auto\" srcset=\"https:\/\/dartproject.eu\/wp-content\/uploads\/2025\/04\/DART-APP-GOOGLE-PLAY.png 490w, https:\/\/dartproject.eu\/wp-content\/uploads\/2025\/04\/DART-APP-GOOGLE-PLAY-300x300.png 300w, https:\/\/dartproject.eu\/wp-content\/uploads\/2025\/04\/DART-APP-GOOGLE-PLAY-150x150.png 150w, https:\/\/dartproject.eu\/wp-content\/uploads\/2025\/04\/DART-APP-GOOGLE-PLAY-100x100.png 100w\" sizes=\"auto, (max-width: 490px) 100vw, 490px\" \/><\/a><figcaption class=\"wp-element-caption\">GOOGLE PLAY STORE<\/figcaption><\/figure><figure class=\"wp-block-image alignleft size-full is-resized\"><a href=\"https:\/\/apps.apple.com\/gr\/app\/dart-diabetes-ar-training\/id6740289408?l=en\" target=\"_blank\" rel=\" noreferrer noopener\"><img loading=\"lazy\" decoding=\"async\" width=\"450\" height=\"450\" src=\"https:\/\/dartproject.eu\/wp-content\/uploads\/2025\/04\/DART-APP-APPLE-STORE.png?wsr\" alt=\"\" class=\"wp-image-2937\" style=\"width:143px;height:auto\" srcset=\"https:\/\/dartproject.eu\/wp-content\/uploads\/2025\/04\/DART-APP-APPLE-STORE.png 450w, https:\/\/dartproject.eu\/wp-content\/uploads\/2025\/04\/DART-APP-APPLE-STORE-300x300.png 300w, https:\/\/dartproject.eu\/wp-content\/uploads\/2025\/04\/DART-APP-APPLE-STORE-150x150.png 150w, https:\/\/dartproject.eu\/wp-content\/uploads\/2025\/04\/DART-APP-APPLE-STORE-100x100.png 100w\" sizes=\"auto, (max-width: 450px) 100vw, 450px\" \/><\/a><figcaption class=\"wp-element-caption\">APPLE STORE<\/figcaption><\/figure>","protected":false},"excerpt":{"rendered":"<p>An\u00e1lise do Projeto DART O projeto DART tem como objetivo oferecer &#8220;algo mais&#8221; aos pacientes com diabetes tipo I e II, seguindo as ondas da tecnologia m\u00f3vel para 2025: um personal trainer de realidade aumentada que pode estar presente diariamente nas suas vidas, em qualquer lugar e a qualquer hora, em casa, no escrit\u00f3rio, na&#8230;<\/p>\n","protected":false},"author":1,"featured_media":0,"parent":0,"menu_order":0,"comment_status":"closed","ping_status":"closed","template":"","meta":{"footnotes":""},"class_list":["post-1048","page","type-page","status-publish","hentry"],"_links":{"self":[{"href":"https:\/\/dartproject.eu\/pt-pt\/wp-json\/wp\/v2\/pages\/1048","targetHints":{"allow":["GET"]}}],"collection":[{"href":"https:\/\/dartproject.eu\/pt-pt\/wp-json\/wp\/v2\/pages"}],"about":[{"href":"https:\/\/dartproject.eu\/pt-pt\/wp-json\/wp\/v2\/types\/page"}],"author":[{"embeddable":true,"href":"https:\/\/dartproject.eu\/pt-pt\/wp-json\/wp\/v2\/users\/1"}],"replies":[{"embeddable":true,"href":"https:\/\/dartproject.eu\/pt-pt\/wp-json\/wp\/v2\/comments?post=1048"}],"version-history":[{"count":6,"href":"https:\/\/dartproject.eu\/pt-pt\/wp-json\/wp\/v2\/pages\/1048\/revisions"}],"predecessor-version":[{"id":3112,"href":"https:\/\/dartproject.eu\/pt-pt\/wp-json\/wp\/v2\/pages\/1048\/revisions\/3112"}],"wp:attachment":[{"href":"https:\/\/dartproject.eu\/pt-pt\/wp-json\/wp\/v2\/media?parent=1048"}],"curies":[{"name":"wp","href":"https:\/\/api.w.org\/{rel}","templated":true}]}}