{"id":1085,"date":"2025-03-28T14:53:58","date_gmt":"2025-03-28T14:53:58","guid":{"rendered":"https:\/\/demo.dartproject.eu\/instructions-for-the-app\/"},"modified":"2025-04-29T21:54:48","modified_gmt":"2025-04-29T21:54:48","slug":"instructions-for-the-app","status":"publish","type":"page","link":"https:\/\/dartproject.eu\/pt-pt\/instructions-for-the-app\/","title":{"rendered":"Instru\u00e7\u00f5es da aplica\u00e7\u00e3o"},"content":{"rendered":"<div class=\"wp-block-cover is-light has-parallax\"><div class=\"wp-block-cover__image-background wp-image-1277 has-parallax\" style=\"background-position:50% 50%;background-image:url(https:\/\/dartproject.eu\/wp-content\/uploads\/2025\/04\/NEW-LOGO2.png)\"><\/div><span aria-hidden=\"true\" class=\"wp-block-cover__background has-background-dim-0 has-background-dim\" style=\"background-color:#9aece9\"><\/span><div class=\"wp-block-cover__inner-container is-layout-constrained wp-block-cover-is-layout-constrained\"><p class=\"has-text-align-center has-large-font-size\"><\/p><\/div><\/div><figure class=\"wp-block-table has-x-large-font-size\"><table class=\"has-light-color-color has-luminous-vivid-orange-background-color has-text-color has-background has-link-color has-fixed-layout\"><tbody><tr><td><img loading=\"lazy\" decoding=\"async\" width=\"150\" height=\"325\" class=\"wp-image-3103\" style=\"width: 150px;\" src=\"https:\/\/dartproject.eu\/wp-content\/uploads\/2025\/04\/Screenshot_20250430_004421_DART.jpg\" alt=\"\" srcset=\"https:\/\/dartproject.eu\/wp-content\/uploads\/2025\/04\/Screenshot_20250430_004421_DART.jpg 1080w, https:\/\/dartproject.eu\/wp-content\/uploads\/2025\/04\/Screenshot_20250430_004421_DART-138x300.jpg 138w, https:\/\/dartproject.eu\/wp-content\/uploads\/2025\/04\/Screenshot_20250430_004421_DART-473x1024.jpg 473w, https:\/\/dartproject.eu\/wp-content\/uploads\/2025\/04\/Screenshot_20250430_004421_DART-768x1664.jpg 768w, https:\/\/dartproject.eu\/wp-content\/uploads\/2025\/04\/Screenshot_20250430_004421_DART-709x1536.jpg 709w, https:\/\/dartproject.eu\/wp-content\/uploads\/2025\/04\/Screenshot_20250430_004421_DART-945x2048.jpg 945w, https:\/\/dartproject.eu\/wp-content\/uploads\/2025\/04\/Screenshot_20250430_004421_DART-600x1300.jpg 600w\" sizes=\"auto, (max-width: 150px) 100vw, 150px\" \/><\/td><td><br><br>Bem-vindo ao projeto DART!<br><br><br><br><br><\/td><\/tr><tr><td><img loading=\"lazy\" decoding=\"async\" width=\"150\" height=\"325\" class=\"wp-image-1551\" style=\"width: 150px;\" src=\"https:\/\/dartproject.eu\/wp-content\/uploads\/2025\/04\/Screenshot_20241227_150430_DART.jpg\" alt=\"\" srcset=\"https:\/\/dartproject.eu\/wp-content\/uploads\/2025\/04\/Screenshot_20241227_150430_DART.jpg 1080w, https:\/\/dartproject.eu\/wp-content\/uploads\/2025\/04\/Screenshot_20241227_150430_DART-138x300.jpg 138w, https:\/\/dartproject.eu\/wp-content\/uploads\/2025\/04\/Screenshot_20241227_150430_DART-473x1024.jpg 473w, https:\/\/dartproject.eu\/wp-content\/uploads\/2025\/04\/Screenshot_20241227_150430_DART-768x1664.jpg 768w, https:\/\/dartproject.eu\/wp-content\/uploads\/2025\/04\/Screenshot_20241227_150430_DART-709x1536.jpg 709w, https:\/\/dartproject.eu\/wp-content\/uploads\/2025\/04\/Screenshot_20241227_150430_DART-945x2048.jpg 945w, https:\/\/dartproject.eu\/wp-content\/uploads\/2025\/04\/Screenshot_20241227_150430_DART-600x1300.jpg 600w\" sizes=\"auto, (max-width: 150px) 100vw, 150px\" \/><\/td><td>Voc\u00ea pode selecionar sua vers\u00e3o de idioma.<\/td><\/tr><tr><td><img loading=\"lazy\" decoding=\"async\" width=\"150\" height=\"325\" class=\"wp-image-1558\" style=\"width: 150px;\" src=\"https:\/\/dartproject.eu\/wp-content\/uploads\/2025\/04\/Screenshot_20241227_150440_DART.jpg\" alt=\"\" srcset=\"https:\/\/dartproject.eu\/wp-content\/uploads\/2025\/04\/Screenshot_20241227_150440_DART.jpg 1080w, https:\/\/dartproject.eu\/wp-content\/uploads\/2025\/04\/Screenshot_20241227_150440_DART-138x300.jpg 138w, https:\/\/dartproject.eu\/wp-content\/uploads\/2025\/04\/Screenshot_20241227_150440_DART-473x1024.jpg 473w, https:\/\/dartproject.eu\/wp-content\/uploads\/2025\/04\/Screenshot_20241227_150440_DART-768x1664.jpg 768w, https:\/\/dartproject.eu\/wp-content\/uploads\/2025\/04\/Screenshot_20241227_150440_DART-709x1536.jpg 709w, https:\/\/dartproject.eu\/wp-content\/uploads\/2025\/04\/Screenshot_20241227_150440_DART-945x2048.jpg 945w, https:\/\/dartproject.eu\/wp-content\/uploads\/2025\/04\/Screenshot_20241227_150440_DART-600x1300.jpg 600w\" sizes=\"auto, (max-width: 150px) 100vw, 150px\" \/><\/td><td>Selecione o tipo de diabetes.<\/td><\/tr><tr><td><img loading=\"lazy\" decoding=\"async\" width=\"150\" height=\"325\" class=\"wp-image-1565\" style=\"width: 150px;\" src=\"https:\/\/dartproject.eu\/wp-content\/uploads\/2025\/04\/Screenshot_20241227_150452_DART-1.jpg\" alt=\"\" srcset=\"https:\/\/dartproject.eu\/wp-content\/uploads\/2025\/04\/Screenshot_20241227_150452_DART-1.jpg 1080w, https:\/\/dartproject.eu\/wp-content\/uploads\/2025\/04\/Screenshot_20241227_150452_DART-1-138x300.jpg 138w, https:\/\/dartproject.eu\/wp-content\/uploads\/2025\/04\/Screenshot_20241227_150452_DART-1-473x1024.jpg 473w, https:\/\/dartproject.eu\/wp-content\/uploads\/2025\/04\/Screenshot_20241227_150452_DART-1-768x1664.jpg 768w, https:\/\/dartproject.eu\/wp-content\/uploads\/2025\/04\/Screenshot_20241227_150452_DART-1-709x1536.jpg 709w, https:\/\/dartproject.eu\/wp-content\/uploads\/2025\/04\/Screenshot_20241227_150452_DART-1-945x2048.jpg 945w, https:\/\/dartproject.eu\/wp-content\/uploads\/2025\/04\/Screenshot_20241227_150452_DART-1-600x1300.jpg 600w\" sizes=\"auto, (max-width: 150px) 100vw, 150px\" \/><\/td><td>Agora voc\u00ea pode come\u00e7ar o programa de exerc\u00edcios!<\/td><\/tr><tr><td><img loading=\"lazy\" decoding=\"async\" width=\"150\" height=\"325\" class=\"wp-image-1572\" style=\"width: 150px;\" src=\"https:\/\/dartproject.eu\/wp-content\/uploads\/2025\/04\/Screenshot_20250413_022650_DART.jpg\" alt=\"\" srcset=\"https:\/\/dartproject.eu\/wp-content\/uploads\/2025\/04\/Screenshot_20250413_022650_DART.jpg 1080w, https:\/\/dartproject.eu\/wp-content\/uploads\/2025\/04\/Screenshot_20250413_022650_DART-138x300.jpg 138w, https:\/\/dartproject.eu\/wp-content\/uploads\/2025\/04\/Screenshot_20250413_022650_DART-473x1024.jpg 473w, https:\/\/dartproject.eu\/wp-content\/uploads\/2025\/04\/Screenshot_20250413_022650_DART-768x1664.jpg 768w, https:\/\/dartproject.eu\/wp-content\/uploads\/2025\/04\/Screenshot_20250413_022650_DART-709x1536.jpg 709w, https:\/\/dartproject.eu\/wp-content\/uploads\/2025\/04\/Screenshot_20250413_022650_DART-945x2048.jpg 945w, https:\/\/dartproject.eu\/wp-content\/uploads\/2025\/04\/Screenshot_20250413_022650_DART-600x1300.jpg 600w\" sizes=\"auto, (max-width: 150px) 100vw, 150px\" \/><\/td><td>Comece com o n\u00edvel fraco e o exerc\u00edcio 1.<br><\/td><\/tr><tr><td><img loading=\"lazy\" decoding=\"async\" width=\"150\" height=\"323\" class=\"wp-image-1579\" style=\"width: 150px;\" src=\"https:\/\/dartproject.eu\/wp-content\/uploads\/2025\/04\/XFCHX.jpg\" alt=\"\" srcset=\"https:\/\/dartproject.eu\/wp-content\/uploads\/2025\/04\/XFCHX.jpg 219w, https:\/\/dartproject.eu\/wp-content\/uploads\/2025\/04\/XFCHX-139x300.jpg 139w\" sizes=\"auto, (max-width: 150px) 100vw, 150px\" \/><\/td><td>Aqui est\u00e1 o seu treinador de RA que ajudar\u00e1 voc\u00ea a executar o exerc\u00edcio. \u00c9 f\u00e1cil!<br>Voc\u00ea pode assistir ao treinador de RA realizando o exerc\u00edcio de todos os \u00e2ngulos.<br>N\u00e3o se esque\u00e7a de ler primeiro as precau\u00e7\u00f5es!<\/td><\/tr><tr><td><img loading=\"lazy\" decoding=\"async\" width=\"150\" height=\"321\" class=\"wp-image-1586\" style=\"width: 150px;\" src=\"https:\/\/dartproject.eu\/wp-content\/uploads\/2025\/04\/ZXVZSE.jpg\" alt=\"\" srcset=\"https:\/\/dartproject.eu\/wp-content\/uploads\/2025\/04\/ZXVZSE.jpg 214w, https:\/\/dartproject.eu\/wp-content\/uploads\/2025\/04\/ZXVZSE-140x300.jpg 140w\" sizes=\"auto, (max-width: 150px) 100vw, 150px\" \/><\/td><td>Agora voc\u00ea ver\u00e1 o v\u00eddeo dos volunt\u00e1rios que executar\u00e3o o mesmo exerc\u00edcio.<\/td><\/tr><tr><td><img loading=\"lazy\" decoding=\"async\" width=\"150\" height=\"70\" class=\"wp-image-1593\" style=\"width: 150px;\" src=\"https:\/\/dartproject.eu\/wp-content\/uploads\/2025\/04\/BXCRGZSR.jpg\" alt=\"\" srcset=\"https:\/\/dartproject.eu\/wp-content\/uploads\/2025\/04\/BXCRGZSR.jpg 513w, https:\/\/dartproject.eu\/wp-content\/uploads\/2025\/04\/BXCRGZSR-300x140.jpg 300w\" sizes=\"auto, (max-width: 150px) 100vw, 150px\" \/><\/td><td>Voc\u00ea pode assistir ao exerc\u00edcio tanto verticalmente quanto horizontalmente.<\/td><\/tr><tr><td><img loading=\"lazy\" decoding=\"async\" width=\"150\" height=\"321\" class=\"wp-image-1600\" style=\"width: 150px;\" src=\"https:\/\/dartproject.eu\/wp-content\/uploads\/2025\/04\/BXCRXRXCHYR.jpg\" alt=\"\" srcset=\"https:\/\/dartproject.eu\/wp-content\/uploads\/2025\/04\/BXCRXRXCHYR.jpg 224w, https:\/\/dartproject.eu\/wp-content\/uploads\/2025\/04\/BXCRXRXCHYR-140x300.jpg 140w\" sizes=\"auto, (max-width: 150px) 100vw, 150px\" \/><\/td><td>Vamos ver como voc\u00ea pode organizar seus medicamentos e seus compromissos m\u00e9dicos.<br><\/td><\/tr><tr><td><img loading=\"lazy\" decoding=\"async\" width=\"150\" height=\"321\" class=\"wp-image-1607\" style=\"width: 150px;\" src=\"https:\/\/dartproject.eu\/wp-content\/uploads\/2025\/04\/CVGJTXCVHGFH.jpg\" alt=\"\" srcset=\"https:\/\/dartproject.eu\/wp-content\/uploads\/2025\/04\/CVGJTXCVHGFH.jpg 224w, https:\/\/dartproject.eu\/wp-content\/uploads\/2025\/04\/CVGJTXCVHGFH-140x300.jpg 140w\" sizes=\"auto, (max-width: 150px) 100vw, 150px\" \/><\/td><td>Voc\u00ea tem v\u00e1rias op\u00e7\u00f5es que ajudar\u00e3o com seus compromissos e dose di\u00e1ria.<\/td><\/tr><tr><td><img loading=\"lazy\" decoding=\"async\" width=\"150\" height=\"322\" class=\"wp-image-1614\" style=\"width: 150px;\" src=\"https:\/\/dartproject.eu\/wp-content\/uploads\/2025\/04\/KCGYICGHJTY.jpg\" alt=\"\" srcset=\"https:\/\/dartproject.eu\/wp-content\/uploads\/2025\/04\/KCGYICGHJTY.jpg 218w, https:\/\/dartproject.eu\/wp-content\/uploads\/2025\/04\/KCGYICGHJTY-140x300.jpg 140w\" sizes=\"auto, (max-width: 150px) 100vw, 150px\" \/><\/td><td>Agora \u00e9 hora de fazer exerc\u00edcio ao ar livre!<br>Voc\u00ea pode ativar os parques pr\u00f3ximos.<\/td><\/tr><tr><td><img loading=\"lazy\" decoding=\"async\" width=\"150\" height=\"321\" class=\"wp-image-1621\" style=\"width: 150px;\" src=\"https:\/\/dartproject.eu\/wp-content\/uploads\/2025\/04\/MCTCTUZZ.jpg\" alt=\"\" srcset=\"https:\/\/dartproject.eu\/wp-content\/uploads\/2025\/04\/MCTCTUZZ.jpg 218w, https:\/\/dartproject.eu\/wp-content\/uploads\/2025\/04\/MCTCTUZZ-140x300.jpg 140w\" sizes=\"auto, (max-width: 150px) 100vw, 150px\" \/><\/td><td>Confira as informa\u00e7\u00f5es do projeto.<\/td><\/tr><tr><td><img loading=\"lazy\" decoding=\"async\" width=\"150\" height=\"323\" class=\"wp-image-1628\" style=\"width: 150px;\" src=\"https:\/\/dartproject.eu\/wp-content\/uploads\/2025\/04\/JKLVUVHJCGY.jpg\" alt=\"\" srcset=\"https:\/\/dartproject.eu\/wp-content\/uploads\/2025\/04\/JKLVUVHJCGY.jpg 226w, https:\/\/dartproject.eu\/wp-content\/uploads\/2025\/04\/JKLVUVHJCGY-140x300.jpg 140w\" sizes=\"auto, (max-width: 150px) 100vw, 150px\" \/><\/td><td>E n\u00e3o se esque\u00e7a de ver as precau\u00e7\u00f5es para ambos os tipos de diabetes.<\/td><\/tr><tr><td><img loading=\"lazy\" decoding=\"async\" width=\"150\" height=\"323\" class=\"wp-image-1635\" style=\"width: 150px;\" src=\"https:\/\/dartproject.eu\/wp-content\/uploads\/2025\/04\/BUVYIVGBHKCFT.jpg\" alt=\"\" srcset=\"https:\/\/dartproject.eu\/wp-content\/uploads\/2025\/04\/BUVYIVGBHKCFT.jpg 226w, https:\/\/dartproject.eu\/wp-content\/uploads\/2025\/04\/BUVYIVGBHKCFT-140x300.jpg 140w\" sizes=\"auto, (max-width: 150px) 100vw, 150px\" \/><\/td><td>E esta \u00e9 a nossa equipe.<br>Vamos come\u00e7ar!<\/td><\/tr><\/tbody><\/table><\/figure>","protected":false},"excerpt":{"rendered":"<p>Bem-vindo ao projeto DART! Voc\u00ea pode selecionar sua vers\u00e3o de idioma. Selecione o tipo de diabetes. Agora voc\u00ea pode come\u00e7ar o programa de exerc\u00edcios! Comece com o n\u00edvel fraco e o exerc\u00edcio 1. Aqui est\u00e1 o seu treinador de RA que ajudar\u00e1 voc\u00ea a executar o exerc\u00edcio. \u00c9 f\u00e1cil!Voc\u00ea pode assistir ao treinador de RA&#8230;<\/p>\n","protected":false},"author":1,"featured_media":0,"parent":0,"menu_order":0,"comment_status":"closed","ping_status":"closed","template":"","meta":{"footnotes":""},"class_list":["post-1085","page","type-page","status-publish","hentry"],"_links":{"self":[{"href":"https:\/\/dartproject.eu\/pt-pt\/wp-json\/wp\/v2\/pages\/1085","targetHints":{"allow":["GET"]}}],"collection":[{"href":"https:\/\/dartproject.eu\/pt-pt\/wp-json\/wp\/v2\/pages"}],"about":[{"href":"https:\/\/dartproject.eu\/pt-pt\/wp-json\/wp\/v2\/types\/page"}],"author":[{"embeddable":true,"href":"https:\/\/dartproject.eu\/pt-pt\/wp-json\/wp\/v2\/users\/1"}],"replies":[{"embeddable":true,"href":"https:\/\/dartproject.eu\/pt-pt\/wp-json\/wp\/v2\/comments?post=1085"}],"version-history":[{"count":4,"href":"https:\/\/dartproject.eu\/pt-pt\/wp-json\/wp\/v2\/pages\/1085\/revisions"}],"predecessor-version":[{"id":3118,"href":"https:\/\/dartproject.eu\/pt-pt\/wp-json\/wp\/v2\/pages\/1085\/revisions\/3118"}],"wp:attachment":[{"href":"https:\/\/dartproject.eu\/pt-pt\/wp-json\/wp\/v2\/media?parent=1085"}],"curies":[{"name":"wp","href":"https:\/\/api.w.org\/{rel}","templated":true}]}}