{"id":1109,"date":"2025-03-28T14:51:50","date_gmt":"2025-03-28T14:51:50","guid":{"rendered":"https:\/\/demo.dartproject.eu\/moodle-platform\/"},"modified":"2025-04-13T15:14:02","modified_gmt":"2025-04-13T15:14:02","slug":"moodle-platform","status":"publish","type":"page","link":"https:\/\/dartproject.eu\/pt-pt\/moodle-platform\/","title":{"rendered":"Plataforma Moodle"},"content":{"rendered":"<div class=\"wp-block-cover is-light has-parallax\"><span aria-hidden=\"true\" class=\"wp-block-cover__background has-background-dim-0 has-background-dim\" style=\"background-color:#9baaac\"><\/span><div class=\"wp-block-cover__image-background wp-image-1498 has-parallax\" style=\"background-position:50% 50%;background-image:url(https:\/\/dartproject.eu\/wp-content\/uploads\/2025\/04\/platform-photo-scaled.jpg)\"><\/div><div class=\"wp-block-cover__inner-container is-layout-constrained wp-block-cover-is-layout-constrained\"><p class=\"has-text-align-center has-large-font-size\"><\/p><\/div><\/div><p class=\"has-primary-color has-text-color has-link-color wp-elements-f46a587350e86cef616df0393cf39dde\"><strong>INTELLECTUAL OUTPUT2: PLATAFORMA ELETR\u00d3NICA<\/strong><\/p><p>Desenvolvemos uma plataforma eletr\u00f3nica baseada no Moodle para fornecer aos professores de educa\u00e7\u00e3o f\u00edsica conhecimentos valiosos relacionados com as necessidades dos seus atletas diab\u00e9ticos.<br><br>A nossa plataforma eletr\u00f3nica inclui duas partes:<br><br><strong>A) WEBSITE PROMOCIONAL <\/strong>em 7 vers\u00f5es lingu\u00edsticas: Este website promocional inclui informa\u00e7\u00f5es anal\u00edticas sobre as metas e os objetivos do nosso projeto, as atividades e os resultados do projeto, os grupos-alvo, a parceria, links \u00fateis, etc.<\/p><figure class=\"wp-block-image alignright size-large is-resized\"><img loading=\"lazy\" decoding=\"async\" width=\"1024\" height=\"816\" src=\"https:\/\/dartproject.eu\/wp-content\/uploads\/2025\/04\/LIHIY-1024x816.jpg\" alt=\"\" class=\"wp-image-1505\" style=\"width:442px;height:auto\" srcset=\"https:\/\/dartproject.eu\/wp-content\/uploads\/2025\/04\/LIHIY-1024x816.jpg 1024w, https:\/\/dartproject.eu\/wp-content\/uploads\/2025\/04\/LIHIY-300x239.jpg 300w, https:\/\/dartproject.eu\/wp-content\/uploads\/2025\/04\/LIHIY-768x612.jpg 768w, https:\/\/dartproject.eu\/wp-content\/uploads\/2025\/04\/LIHIY-600x478.jpg 600w, https:\/\/dartproject.eu\/wp-content\/uploads\/2025\/04\/LIHIY.jpg 1100w\" sizes=\"auto, (max-width: 1024px) 100vw, 1024px\" \/><\/figure><p><br><br><strong>B) MOODLE E-PLATFORM<\/strong> de acesso livre a todos, incluindo:<br>1) <strong>30 m\u00f3dulos eletr\u00f3nicos <\/strong>para professores e treinadores de educa\u00e7\u00e3o f\u00edsica:<br>&#8211; com o objetivo de fornecer compet\u00eancias aos professores e treinadores de educa\u00e7\u00e3o f\u00edsica para poderem lidar com qualquer situa\u00e7\u00e3o m\u00e9dica de emerg\u00eancia dos seus atletas diab\u00e9ticos<br>&#8211; educar sobre a forma de encorajar e apoiar os seus atletas diab\u00e9ticos para que possam continuar os seus esfor\u00e7os.<br><br>Os m\u00f3dulos tamb\u00e9m incluem, entre outros:<br>a) Informa\u00e7\u00e3o cient\u00edfica sobre os benef\u00edcios para a sa\u00fade relacionados com exerc\u00edcios f\u00edsicos espec\u00edficos;<br>b) Estrat\u00e9gias para apoiar psicologicamente jovens e adultos que sofrem de diabetes tipo I e II, de modo a encoraj\u00e1-los a participar nas aulas de educa\u00e7\u00e3o f\u00edsica.<br>c) Estudos, opini\u00f5es, \u00faltimas descobertas sobre diabetes e atividade f\u00edsica, entrevistas com profissionais de sa\u00fade e hist\u00f3rias de sucesso de doentes diab\u00e9ticos.<br><br><strong>SEC\u00c7\u00c3O DOS PAIS<\/strong>: Uma sec\u00e7\u00e3o especial da plataforma eletr\u00f3nica \u00e9 dedicada \u00e0 sensibiliza\u00e7\u00e3o para a import\u00e2ncia do exerc\u00edcio f\u00edsico para as pessoas com diabetes tipo I e II. O nosso objetivo \u00e9 convencer os pais e as fam\u00edlias das pessoas que sofrem de diabetes tipo I e II de que a atividade f\u00edsica \u00e9 ben\u00e9fica para a sa\u00fade; por conseguinte, devem apoiar os seus familiares na pr\u00e1tica de exerc\u00edcio f\u00edsico ou de desporto.<br><\/p><div class=\"wp-block-media-text is-stacked-on-mobile\" style=\"grid-template-columns:23% auto\"><figure class=\"wp-block-media-text__media\"><img loading=\"lazy\" decoding=\"async\" width=\"450\" height=\"450\" src=\"https:\/\/dartproject.eu\/wp-content\/uploads\/2025\/04\/MOODLE-QR-CODE.png\" alt=\"\" class=\"wp-image-1508 size-full\" srcset=\"https:\/\/dartproject.eu\/wp-content\/uploads\/2025\/04\/MOODLE-QR-CODE.png 450w, https:\/\/dartproject.eu\/wp-content\/uploads\/2025\/04\/MOODLE-QR-CODE-300x300.png 300w, https:\/\/dartproject.eu\/wp-content\/uploads\/2025\/04\/MOODLE-QR-CODE-150x150.png 150w, https:\/\/dartproject.eu\/wp-content\/uploads\/2025\/04\/MOODLE-QR-CODE-100x100.png 100w\" sizes=\"auto, (max-width: 450px) 100vw, 450px\" \/><\/figure><div class=\"wp-block-media-text__content\"><p class=\"has-large-font-size\"><a href=\"http:\/\/moodle.dartproject.eu\" data-type=\"link\" data-id=\"moodle.dartproject.eu\"><strong>moodle.dartproject.eu<\/strong><\/a><\/p><\/div><\/div>","protected":false},"excerpt":{"rendered":"<p>INTELLECTUAL OUTPUT2: PLATAFORMA ELETR\u00d3NICA Desenvolvemos uma plataforma eletr\u00f3nica baseada no Moodle para fornecer aos professores de educa\u00e7\u00e3o f\u00edsica conhecimentos valiosos relacionados com as necessidades dos seus atletas diab\u00e9ticos. A nossa plataforma eletr\u00f3nica inclui duas partes: A) WEBSITE PROMOCIONAL em 7 vers\u00f5es lingu\u00edsticas: Este website promocional inclui informa\u00e7\u00f5es anal\u00edticas sobre as metas e os objetivos do&#8230;<\/p>\n","protected":false},"author":1,"featured_media":0,"parent":0,"menu_order":0,"comment_status":"closed","ping_status":"closed","template":"","meta":{"footnotes":""},"class_list":["post-1109","page","type-page","status-publish","hentry"],"_links":{"self":[{"href":"https:\/\/dartproject.eu\/pt-pt\/wp-json\/wp\/v2\/pages\/1109","targetHints":{"allow":["GET"]}}],"collection":[{"href":"https:\/\/dartproject.eu\/pt-pt\/wp-json\/wp\/v2\/pages"}],"about":[{"href":"https:\/\/dartproject.eu\/pt-pt\/wp-json\/wp\/v2\/types\/page"}],"author":[{"embeddable":true,"href":"https:\/\/dartproject.eu\/pt-pt\/wp-json\/wp\/v2\/users\/1"}],"replies":[{"embeddable":true,"href":"https:\/\/dartproject.eu\/pt-pt\/wp-json\/wp\/v2\/comments?post=1109"}],"version-history":[{"count":3,"href":"https:\/\/dartproject.eu\/pt-pt\/wp-json\/wp\/v2\/pages\/1109\/revisions"}],"predecessor-version":[{"id":1843,"href":"https:\/\/dartproject.eu\/pt-pt\/wp-json\/wp\/v2\/pages\/1109\/revisions\/1843"}],"wp:attachment":[{"href":"https:\/\/dartproject.eu\/pt-pt\/wp-json\/wp\/v2\/media?parent=1109"}],"curies":[{"name":"wp","href":"https:\/\/api.w.org\/{rel}","templated":true}]}}