{"id":1140,"date":"2025-03-28T16:20:49","date_gmt":"2025-03-28T16:20:49","guid":{"rendered":"https:\/\/demo.dartproject.eu\/podcast-series\/"},"modified":"2025-04-28T21:11:24","modified_gmt":"2025-04-28T21:11:24","slug":"podcast-series","status":"publish","type":"page","link":"https:\/\/dartproject.eu\/pt-pt\/podcast-series\/","title":{"rendered":"S\u00e9rie de Podcast"},"content":{"rendered":"<div class=\"wp-block-cover is-light has-parallax\"><div class=\"wp-block-cover__image-background wp-image-1537 has-parallax\" style=\"background-position:50% 50%;background-image:url(https:\/\/dartproject.eu\/wp-content\/uploads\/2025\/04\/podcasts-photos.jpg)\"><\/div><span aria-hidden=\"true\" class=\"wp-block-cover__background has-background-dim-0 has-background-dim\" style=\"background-color:#c2d9d7\"><\/span><div class=\"wp-block-cover__inner-container is-layout-constrained wp-block-cover-is-layout-constrained\"><p class=\"has-text-align-center has-large-font-size\"><\/p><\/div><\/div><p class=\"has-primary-color has-text-color has-link-color wp-elements-11fdc394b149ae241b2f6f5584575f10\">S\u00e9rie de <strong>PODCAST<\/strong>: Esta \u00e9 outra inova\u00e7\u00e3o do nosso projeto. Inclui uma s\u00e9rie de 15 podcasts que cont\u00eam discuss\u00f5es interessantes com especialistas nas \u00e1reas da diabetes e da atividade f\u00edsica ou hist\u00f3rias de sucesso de doentes diab\u00e9ticos.<strong><br><\/strong><\/p><figure class=\"wp-block-table\"><table class=\"has-light-color-color has-secondary-shade-1-background-color has-text-color has-background has-link-color has-fixed-layout\"><tbody><tr><td><strong>&nbsp;<\/strong><\/td><td><strong>PODCASTS<\/strong><\/td><td><strong>T\u00cdTULO<\/strong><\/td><td><strong>LINK DO YOUTUBE<\/strong> <strong>&nbsp;<\/strong><\/td><td><strong>LINK DA PLATAFORMA MOODLE<\/strong><\/td><\/tr><tr><td>1.<img loading=\"lazy\" decoding=\"async\" width=\"150\" height=\"83\" class=\"wp-image-1667\" style=\"width: 150px;\" src=\"https:\/\/dartproject.eu\/wp-content\/uploads\/2025\/04\/podcast-modified.png\" alt=\"\" srcset=\"https:\/\/dartproject.eu\/wp-content\/uploads\/2025\/04\/podcast-modified.png 561w, https:\/\/dartproject.eu\/wp-content\/uploads\/2025\/04\/podcast-modified-300x165.png 300w\" sizes=\"auto, (max-width: 150px) 100vw, 150px\" \/><\/td><td>VIVER COM DIABETES TIPO 1<\/td><td>DICAS E KNOW-HOW Entrevista com o Dr.Cristina Ferrer Abero e Isabel Beltran Gil (paciente)<\/td><td><a href=\"https:\/\/youtu.be\/sWAv-o4IwIE\">https:\/\/youtu.be\/sWAv-o4IwIE<\/a> &nbsp;<\/td><td>&nbsp;<a href=\"https:\/\/moodle.dartproject.eu\/course\/section.php?id=347\">https:\/\/moodle.dartproject.eu\/course\/section.php?id=347<\/a><\/td><\/tr><tr><td>2.<img loading=\"lazy\" decoding=\"async\" width=\"150\" height=\"83\" class=\"wp-image-1667\" style=\"width: 150px;\" src=\"https:\/\/dartproject.eu\/wp-content\/uploads\/2025\/04\/podcast-modified.png\" alt=\"\" srcset=\"https:\/\/dartproject.eu\/wp-content\/uploads\/2025\/04\/podcast-modified.png 561w, https:\/\/dartproject.eu\/wp-content\/uploads\/2025\/04\/podcast-modified-300x165.png 300w\" sizes=\"auto, (max-width: 150px) 100vw, 150px\" \/><\/td><td>\u00a0VIVER COM DIABETES TIPO 2<\/td><td>DICAS E KNOW-HOW Entrevista com a Dra. Angeliki Gouli, m\u00e9dica endocrinologista<\/td><td><a href=\"https:\/\/youtu.be\/zoxQAgB4GzU\">https:\/\/youtu.be\/zoxQAgB4GzU<\/a> &nbsp;<\/td><td>&nbsp;<a href=\"https:\/\/moodle.dartproject.eu\/course\/section.php?id=347\">https:\/\/moodle.dartproject.eu\/course\/section.php?id=347<\/a><\/td><\/tr><tr><td>3.<img loading=\"lazy\" decoding=\"async\" width=\"150\" height=\"83\" class=\"wp-image-1667\" style=\"width: 150px;\" src=\"https:\/\/dartproject.eu\/wp-content\/uploads\/2025\/04\/podcast-modified.png\" alt=\"\" srcset=\"https:\/\/dartproject.eu\/wp-content\/uploads\/2025\/04\/podcast-modified.png 561w, https:\/\/dartproject.eu\/wp-content\/uploads\/2025\/04\/podcast-modified-300x165.png 300w\" sizes=\"auto, (max-width: 150px) 100vw, 150px\" \/><\/td><td>VIVER COM DIABETES TIPO 1<\/td><td>OPINI\u00c3O DO ESPECIALISTA Entrevista com a Dr. Sanja Pavi\u0107, MD<\/td><td>&nbsp;<a href=\"https:\/\/youtu.be\/E6AqpC0P6r0\">https:\/\/youtu.be\/E6AqpC0P6r0<\/a><\/td><td>&nbsp;<a href=\"https:\/\/moodle.dartproject.eu\/course\/section.php?id=334\">https:\/\/moodle.dartproject.eu\/course\/section.php?id=334<\/a><\/td><\/tr><tr><td>4.<img loading=\"lazy\" decoding=\"async\" width=\"150\" height=\"83\" class=\"wp-image-1667\" style=\"width: 150px;\" src=\"https:\/\/dartproject.eu\/wp-content\/uploads\/2025\/04\/podcast-modified.png\" alt=\"\" srcset=\"https:\/\/dartproject.eu\/wp-content\/uploads\/2025\/04\/podcast-modified.png 561w, https:\/\/dartproject.eu\/wp-content\/uploads\/2025\/04\/podcast-modified-300x165.png 300w\" sizes=\"auto, (max-width: 150px) 100vw, 150px\" \/><\/td><td>VIVER COM DIABETES TIPO 2<\/td><td>OPINI\u00c3O DO ESPECIALISTA<br>Entrevista com a  Dr Rui Ramos<\/td><td>&nbsp;<a href=\"https:\/\/youtu.be\/WCtyoplZVZM\">https:\/\/youtu.be\/WCtyoplZVZM<\/a><\/td><td>&nbsp;<a href=\"https:\/\/moodle.dartproject.eu\/course\/section.php?id=335\">https:\/\/moodle.dartproject.eu\/course\/section.php?id=335<\/a><\/td><\/tr><tr><td>5.<img loading=\"lazy\" decoding=\"async\" width=\"150\" height=\"83\" class=\"wp-image-1667\" style=\"width: 150px;\" src=\"https:\/\/dartproject.eu\/wp-content\/uploads\/2025\/04\/podcast-modified.png\" alt=\"\" srcset=\"https:\/\/dartproject.eu\/wp-content\/uploads\/2025\/04\/podcast-modified.png 561w, https:\/\/dartproject.eu\/wp-content\/uploads\/2025\/04\/podcast-modified-300x165.png 300w\" sizes=\"auto, (max-width: 150px) 100vw, 150px\" \/><\/td><td>VIVER COM DIABETES TIPOS 1 E 2<\/td><td>CONSELHOS DO M\u00c9DICO Entrevista com o Dr. Riccardo Maria Pollis, diabetologista<\/td><td><a href=\"https:\/\/youtu.be\/D8dvCYsWDcY\">https:\/\/youtu.be\/D8dvCYsWDcY<\/a> &nbsp;<\/td><td>&nbsp;<a href=\"https:\/\/moodle.dartproject.eu\/course\/section.php?id=336\">https:\/\/moodle.dartproject.eu\/course\/section.php?id=336<\/a><\/td><\/tr><tr><td>6.<img loading=\"lazy\" decoding=\"async\" width=\"150\" height=\"83\" class=\"wp-image-1667\" style=\"width: 150px;\" src=\"https:\/\/dartproject.eu\/wp-content\/uploads\/2025\/04\/podcast-modified.png\" alt=\"\" srcset=\"https:\/\/dartproject.eu\/wp-content\/uploads\/2025\/04\/podcast-modified.png 561w, https:\/\/dartproject.eu\/wp-content\/uploads\/2025\/04\/podcast-modified-300x165.png 300w\" sizes=\"auto, (max-width: 150px) 100vw, 150px\" \/><\/td><td>DIABETES TIPO 1 E EDUCA\u00c7\u00c3O F\u00cdSICA<\/td><td>IMPACTO DO EXERC\u00cdCIO NOS RESULTADOS DA DIABETES Entrevista com a Dra. Laura Elvira Macagno (Professora de Ci\u00eancias da Atividade F\u00edsica e do Desporto) e Marina Conesa Molina (doente)&nbsp;<\/td><td><a href=\"https:\/\/youtu.be\/DlK8Qx3bO7Q\">https:\/\/youtu.be\/DlK8Qx3bO7Q<\/a> &nbsp;<\/td><td>&nbsp;<a href=\"https:\/\/moodle.dartproject.eu\/course\/section.php?id=337\">https:\/\/moodle.dartproject.eu\/course\/section.php?id=337<\/a><\/td><\/tr><tr><td>7.<img loading=\"lazy\" decoding=\"async\" width=\"150\" height=\"83\" class=\"wp-image-1667\" style=\"width: 150px;\" src=\"https:\/\/dartproject.eu\/wp-content\/uploads\/2025\/04\/podcast-modified.png\" alt=\"\" srcset=\"https:\/\/dartproject.eu\/wp-content\/uploads\/2025\/04\/podcast-modified.png 561w, https:\/\/dartproject.eu\/wp-content\/uploads\/2025\/04\/podcast-modified-300x165.png 300w\" sizes=\"auto, (max-width: 150px) 100vw, 150px\" \/><\/td><td>DIABETES TIPO 2 E EDUCA\u00c7\u00c3O F\u00cdSICA<\/td><td>O VALOR DO EXERC\u00cdCIO NA PREVEN\u00c7\u00c3O Entrevista comDr. Marco Vecchiato, M\u00e9dico especialista em Medicina Desportiva e do Exerc\u00edcio<\/td><td><a href=\"https:\/\/youtu.be\/T67bBUnsAJ0\">https:\/\/youtu.be\/T67bBUnsAJ0<\/a> &nbsp;<\/td><td>&nbsp;<a href=\"https:\/\/moodle.dartproject.eu\/course\/section.php?id=338\">https:\/\/moodle.dartproject.eu\/course\/section.php?id=338<\/a><\/td><\/tr><tr><td>8.<img loading=\"lazy\" decoding=\"async\" width=\"150\" height=\"83\" class=\"wp-image-1667\" style=\"width: 150px;\" src=\"https:\/\/dartproject.eu\/wp-content\/uploads\/2025\/04\/podcast-modified.png\" alt=\"\" srcset=\"https:\/\/dartproject.eu\/wp-content\/uploads\/2025\/04\/podcast-modified.png 561w, https:\/\/dartproject.eu\/wp-content\/uploads\/2025\/04\/podcast-modified-300x165.png 300w\" sizes=\"auto, (max-width: 150px) 100vw, 150px\" \/><\/td><td>DIABETES TIPO 1 E EDUCA\u00c7\u00c3O F\u00cdSICA<\/td><td>PRECAU\u00c7\u00d5ES<br>Entrevista com a Jorge Daniel Martins Branquinho<\/td><td>&nbsp;<a href=\"https:\/\/youtu.be\/NeLEv_83zCc\">https:\/\/youtu.be\/NeLEv_83zCc<\/a><\/td><td>&nbsp;<a href=\"https:\/\/moodle.dartproject.eu\/course\/section.php?id=339\">https:\/\/moodle.dartproject.eu\/course\/section.php?id=339<\/a><\/td><\/tr><tr><td>9<img loading=\"lazy\" decoding=\"async\" width=\"150\" height=\"83\" class=\"wp-image-1667\" style=\"width: 150px;\" src=\"https:\/\/dartproject.eu\/wp-content\/uploads\/2025\/04\/podcast-modified.png\" alt=\"\" srcset=\"https:\/\/dartproject.eu\/wp-content\/uploads\/2025\/04\/podcast-modified.png 561w, https:\/\/dartproject.eu\/wp-content\/uploads\/2025\/04\/podcast-modified-300x165.png 300w\" sizes=\"auto, (max-width: 150px) 100vw, 150px\" \/><\/td><td>DIABETES TIPO 2 E EDUCA\u00c7\u00c3O F\u00cdSICA<\/td><td>PRECAU\u00c7\u00d5ES<br>Entrevista com a Dr. Sanja Pavi\u0107, MD<\/td><td>&nbsp;<a href=\"https:\/\/youtu.be\/gA-2Khi0QHY\">https:\/\/youtu.be\/gA-2Khi0QHY<\/a><\/td><td>&nbsp;<a href=\"https:\/\/moodle.dartproject.eu\/course\/section.php?id=340\">https:\/\/moodle.dartproject.eu\/course\/section.php?id=340<\/a><\/td><\/tr><tr><td>10.<img loading=\"lazy\" decoding=\"async\" width=\"150\" height=\"83\" class=\"wp-image-1667\" style=\"width: 150px;\" src=\"https:\/\/dartproject.eu\/wp-content\/uploads\/2025\/04\/podcast-modified.png\" alt=\"\" srcset=\"https:\/\/dartproject.eu\/wp-content\/uploads\/2025\/04\/podcast-modified.png 561w, https:\/\/dartproject.eu\/wp-content\/uploads\/2025\/04\/podcast-modified-300x165.png 300w\" sizes=\"auto, (max-width: 150px) 100vw, 150px\" \/><\/td><td>ALIMENTOS PARA DIAB\u00c9TICOS<\/td><td>PARA DIABETES TIPO 1 Entrevista com a Dra. Angeliki Gouli, m\u00e9dica endocrinologista<\/td><td><a href=\"https:\/\/youtu.be\/KlxyCHPbqn0\">https:\/\/youtu.be\/KlxyCHPbqn0<\/a> &nbsp;<\/td><td>&nbsp;<a href=\"https:\/\/moodle.dartproject.eu\/course\/section.php?id=341\">https:\/\/moodle.dartproject.eu\/course\/section.php?id=341<\/a><\/td><\/tr><tr><td>11.<img loading=\"lazy\" decoding=\"async\" width=\"150\" height=\"83\" class=\"wp-image-1667\" style=\"width: 150px;\" src=\"https:\/\/dartproject.eu\/wp-content\/uploads\/2025\/04\/podcast-modified.png\" alt=\"\" srcset=\"https:\/\/dartproject.eu\/wp-content\/uploads\/2025\/04\/podcast-modified.png 561w, https:\/\/dartproject.eu\/wp-content\/uploads\/2025\/04\/podcast-modified-300x165.png 300w\" sizes=\"auto, (max-width: 150px) 100vw, 150px\" \/><\/td><td>ALIMENTOS PARA DIAB\u00c9TICOS<\/td><td>PARA A DIABETES TIPO 2, Entrevista com a Dra. Angeliki Gouli, m\u00e9dica endocrinologista<\/td><td><a href=\"https:\/\/youtu.be\/iNmt_ikXYPY\">https:\/\/youtu.be\/iNmt_ikXYPY<\/a> &nbsp;<\/td><td>&nbsp;<a href=\"https:\/\/youtu.be\/iNmt_ikXYPY\">https:\/\/youtu.be\/iNmt_ikXYPY<\/a><\/td><\/tr><tr><td>12.<img loading=\"lazy\" decoding=\"async\" width=\"150\" height=\"83\" class=\"wp-image-1667\" style=\"width: 150px;\" src=\"https:\/\/dartproject.eu\/wp-content\/uploads\/2025\/04\/podcast-modified.png\" alt=\"\" srcset=\"https:\/\/dartproject.eu\/wp-content\/uploads\/2025\/04\/podcast-modified.png 561w, https:\/\/dartproject.eu\/wp-content\/uploads\/2025\/04\/podcast-modified-300x165.png 300w\" sizes=\"auto, (max-width: 150px) 100vw, 150px\" \/><\/td><td>HIST\u00d3RIAS DE SUCESSO<\/td><td>PACIENTE 1 Entrevista comIonu\u021b B\u00e2rsan (doente)<\/td><td><a href=\"https:\/\/youtu.be\/EfiXaUcHzwQ\">https:\/\/youtu.be\/EfiXaUcHzwQ<\/a> &nbsp;<\/td><td>&nbsp;<a href=\"https:\/\/youtu.be\/EfiXaUcHzwQ\">https:\/\/youtu.be\/EfiXaUcHzwQ<\/a><\/td><\/tr><tr><td>13.<img loading=\"lazy\" decoding=\"async\" width=\"150\" height=\"83\" class=\"wp-image-1667\" style=\"width: 150px;\" src=\"https:\/\/dartproject.eu\/wp-content\/uploads\/2025\/04\/podcast-modified.png\" alt=\"\" srcset=\"https:\/\/dartproject.eu\/wp-content\/uploads\/2025\/04\/podcast-modified.png 561w, https:\/\/dartproject.eu\/wp-content\/uploads\/2025\/04\/podcast-modified-300x165.png 300w\" sizes=\"auto, (max-width: 150px) 100vw, 150px\" \/><\/td><td>HIST\u00d3RIAS DE SUCESSO<\/td><td>PACIENTE 2 Entrevista com Dalea Medve Mihaela (paciente)<\/td><td><a href=\"https:\/\/youtu.be\/42WzJUR4l1A\">https:\/\/youtu.be\/42WzJUR4l1A<\/a> &nbsp;<\/td><td>&nbsp;<a href=\"https:\/\/youtu.be\/42WzJUR4l1A\">https:\/\/youtu.be\/42WzJUR4l1A<\/a><\/td><\/tr><tr><td>14.<img loading=\"lazy\" decoding=\"async\" width=\"150\" height=\"83\" class=\"wp-image-1667\" style=\"width: 150px;\" src=\"https:\/\/dartproject.eu\/wp-content\/uploads\/2025\/04\/podcast-modified.png\" alt=\"\" srcset=\"https:\/\/dartproject.eu\/wp-content\/uploads\/2025\/04\/podcast-modified.png 561w, https:\/\/dartproject.eu\/wp-content\/uploads\/2025\/04\/podcast-modified-300x165.png 300w\" sizes=\"auto, (max-width: 150px) 100vw, 150px\" \/><\/td><td>HIST\u00d3RIAS DE SUCESSO<\/td><td>PACIENTE 3 Entrevista com David Petrisor(paciente)<\/td><td><a href=\"https:\/\/youtu.be\/0yTAuG--jiE\">https:\/\/youtu.be\/0yTAuG&#8211;jiE<\/a> &nbsp;<\/td><td>&nbsp;<a href=\"https:\/\/youtu.be\/0yTAuG--jiE\">https:\/\/youtu.be\/0yTAuG&#8211;jiE<\/a><\/td><\/tr><tr><td>15.<img loading=\"lazy\" decoding=\"async\" width=\"150\" height=\"83\" class=\"wp-image-1667\" style=\"width: 150px;\" src=\"https:\/\/dartproject.eu\/wp-content\/uploads\/2025\/04\/podcast-modified.png\" alt=\"\" srcset=\"https:\/\/dartproject.eu\/wp-content\/uploads\/2025\/04\/podcast-modified.png 561w, https:\/\/dartproject.eu\/wp-content\/uploads\/2025\/04\/podcast-modified-300x165.png 300w\" sizes=\"auto, (max-width: 150px) 100vw, 150px\" \/><\/td><td>HIST\u00d3RIAS DE SUCESSO<\/td><td>PACIENTE 4 Entrevista com Daboczi Matyas(paciente)<strong><\/strong><\/td><td><a href=\"https:\/\/youtu.be\/xCXLBLDQgP4\">https:\/\/youtu.be\/xCXLBLDQgP4<\/a> &nbsp;<\/td><td>&nbsp;<a href=\"https:\/\/youtu.be\/xCXLBLDQgP4\">https:\/\/youtu.be\/xCXLBLDQgP4<\/a><\/td><\/tr><\/tbody><\/table><\/figure>","protected":false},"excerpt":{"rendered":"<p>S\u00e9rie de PODCAST: Esta \u00e9 outra inova\u00e7\u00e3o do nosso projeto. Inclui uma s\u00e9rie de 15 podcasts que cont\u00eam discuss\u00f5es interessantes com especialistas nas \u00e1reas da diabetes e da atividade f\u00edsica ou hist\u00f3rias de sucesso de doentes diab\u00e9ticos. &nbsp; PODCASTS T\u00cdTULO LINK DO YOUTUBE &nbsp; LINK DA PLATAFORMA MOODLE 1. VIVER COM DIABETES TIPO 1 DICAS&#8230;<\/p>\n","protected":false},"author":1,"featured_media":0,"parent":0,"menu_order":0,"comment_status":"closed","ping_status":"closed","template":"","meta":{"footnotes":""},"class_list":["post-1140","page","type-page","status-publish","hentry"],"_links":{"self":[{"href":"https:\/\/dartproject.eu\/pt-pt\/wp-json\/wp\/v2\/pages\/1140","targetHints":{"allow":["GET"]}}],"collection":[{"href":"https:\/\/dartproject.eu\/pt-pt\/wp-json\/wp\/v2\/pages"}],"about":[{"href":"https:\/\/dartproject.eu\/pt-pt\/wp-json\/wp\/v2\/types\/page"}],"author":[{"embeddable":true,"href":"https:\/\/dartproject.eu\/pt-pt\/wp-json\/wp\/v2\/users\/1"}],"replies":[{"embeddable":true,"href":"https:\/\/dartproject.eu\/pt-pt\/wp-json\/wp\/v2\/comments?post=1140"}],"version-history":[{"count":7,"href":"https:\/\/dartproject.eu\/pt-pt\/wp-json\/wp\/v2\/pages\/1140\/revisions"}],"predecessor-version":[{"id":3076,"href":"https:\/\/dartproject.eu\/pt-pt\/wp-json\/wp\/v2\/pages\/1140\/revisions\/3076"}],"wp:attachment":[{"href":"https:\/\/dartproject.eu\/pt-pt\/wp-json\/wp\/v2\/media?parent=1140"}],"curies":[{"name":"wp","href":"https:\/\/api.w.org\/{rel}","templated":true}]}}