{"id":1154,"date":"2025-03-28T14:53:11","date_gmt":"2025-03-28T14:53:11","guid":{"rendered":"https:\/\/demo.dartproject.eu\/reports\/"},"modified":"2025-04-13T15:27:22","modified_gmt":"2025-04-13T15:27:22","slug":"reports","status":"publish","type":"page","link":"https:\/\/dartproject.eu\/pt-pt\/reports\/","title":{"rendered":"Relat\u00f3rios"},"content":{"rendered":"<div class=\"wp-block-cover is-light has-parallax\"><span aria-hidden=\"true\" class=\"wp-block-cover__background has-background-dim-0 has-background-dim\" style=\"background-color:#32bfcb\"><\/span><div class=\"wp-block-cover__image-background wp-image-1721 has-parallax\" style=\"background-position:50% 50%;background-image:url(https:\/\/dartproject.eu\/wp-content\/uploads\/2025\/04\/composition-medical-objects-with-copyspace-copy.jpg)\"><\/div><div class=\"wp-block-cover__inner-container is-layout-constrained wp-block-cover-is-layout-constrained\"><p class=\"has-text-align-center has-large-font-size\"><\/p><\/div><\/div><p class=\"has-primary-color has-text-color has-link-color wp-elements-74403fea56b1150bbb37dade392c82c6\"><strong>INTELLECTUAL OUTPUT3: QUESTION\u00c1RIOS<\/strong><\/p><p>Concebemos e desenvolvemos question\u00e1rios em 7 vers\u00f5es lingu\u00edsticas para os formul\u00e1rios de avalia\u00e7\u00e3o dos materiais que s\u00e3o distribu\u00eddos aos participantes antes e depois do final do per\u00edodo de aplica\u00e7\u00e3o do projeto-piloto.<br>As provas recolhidas s\u00e3o consideradas como um todo para classificar o indicador numa escala de cinco pontos, em que o n\u00edvel 1 est\u00e1 associado ao n\u00edvel mais baixo de preocupa\u00e7\u00e3o e o n\u00edvel 5 ao mais elevado.<br>Os resultados s\u00e3o recolhidos a partir dos nossos Digital Intellectual outputs: Software da App m\u00f3vel e plataforma eletr\u00f3nica, bem como eventos do Multiplier e de transmiss\u00e3o em direto.<\/p><p class=\"has-primary-color has-text-color has-link-color wp-elements-8668df0d4b7797ef627e2ebbc1ddb89b\"><br><br><strong>INTELLECTUAL OUTPUT4: RELAT\u00d3RIOS<\/strong><\/p><p>O DART elaborou seis relat\u00f3rios de todos os pa\u00edses participantes, incluindo os resultados da aplica\u00e7\u00e3o piloto dos produtos DART aos nossos grupos-alvo.<br>Os relat\u00f3rios cont\u00eam os resultados da avalia\u00e7\u00e3o da aplica\u00e7\u00e3o piloto dos nossos Digital Intellectual outputs:<br><br><strong>a) Aplica\u00e7\u00e3o m\u00f3vel (programas de exerc\u00edcio f\u00edsico para doentes diab\u00e9ticos de tipo I e II)<\/strong><br>A partir do n\u00famero de &#8220;\u00e1rvores da vida&#8221; digitais que s\u00e3o completadas, recebemos informa\u00e7\u00f5es sobre quantas pessoas completaram o programa de exerc\u00edcios, quantas o abandonaram e em que fase, o tipo de diabetes de que sofrem, a idade, o g\u00e9nero.<br><br><strong>b) Estat\u00edsticas da plataforma eletr\u00f3nica<\/strong><\/p><p>-Resultados da an\u00e1lise estat\u00edstica da plataforma eletr\u00f3nica (n\u00famero de utilizadores que se inscreveram nos m\u00f3dulos, n\u00famero de visitas, etc.)<br>&#8211; Recolha de dados de avalia\u00e7\u00e3o recolhidos junto das pessoas que participaram em eventos em linha.<\/p><p><strong>c) <\/strong>Os resultados dos <strong>formul\u00e1rios de avalia\u00e7\u00e3o dos materiais <\/strong>que s\u00e3o distribu\u00eddos aos atletas diab\u00e9ticos, aos pais e aos professores\/t\u00e9cnicos ap\u00f3s os eventos do Multiplier.<\/p><p><\/p><p class=\"has-primary-color has-text-color has-link-color wp-elements-1b29fb532f96d909da81ff1fcd6b9aa2\"><strong>AN\u00c1LISE DOS RESULTADOS<\/strong><\/p><p>-An\u00e1lise dos resultados recolhidos de acordo com os indicadores.<\/p><p>-Elabora\u00e7\u00e3o de 6 relat\u00f3rios (l\u00edngua EN), um para cada pa\u00eds participante.<\/p><p class=\"has-primary-color has-text-color has-link-color wp-elements-c0a0b3f5fbf63af096b23ecb5ea87591\"><br><br><strong>RELAT\u00d3RIO FINAL e an\u00e1lise estat\u00edstica<\/strong><\/p><p>O RELAT\u00d3RIO FINAL inclui a an\u00e1lise dos resultados recebidos dos Relat\u00f3rios de todas as institui\u00e7\u00f5es participantes, de acordo com os indicadores analisados na sec\u00e7\u00e3o Metodologia.<br>&#8211; AN\u00c1LISE ESTAT\u00cdSTICA: O DART inclui tamb\u00e9m a an\u00e1lise estat\u00edstica dos resultados \u00fateis para uma investiga\u00e7\u00e3o mais aprofundada no terreno e RECOMENDA\u00c7\u00d5ES para a inclus\u00e3o de grupos desfavorecidos que s\u00e3o \u00fateis para os decisores pol\u00edticos no dom\u00ednio do desporto.<br>Os relat\u00f3rios desenvolvidos pelos resultados do nosso projeto s\u00e3o muito<br>\u00fateis para a an\u00e1lise das estrat\u00e9gias de inclus\u00e3o de grupos desfavorecidos e podem ajudar os respons\u00e1veis pelas pol\u00edticas desportivas em toda a Europa a recolher dados valiosos para os seus estudos.<\/p>","protected":false},"excerpt":{"rendered":"<p>INTELLECTUAL OUTPUT3: QUESTION\u00c1RIOS Concebemos e desenvolvemos question\u00e1rios em 7 vers\u00f5es lingu\u00edsticas para os formul\u00e1rios de avalia\u00e7\u00e3o dos materiais que s\u00e3o distribu\u00eddos aos participantes antes e depois do final do per\u00edodo de aplica\u00e7\u00e3o do projeto-piloto.As provas recolhidas s\u00e3o consideradas como um todo para classificar o indicador numa escala de cinco pontos, em que o n\u00edvel 1&#8230;<\/p>\n","protected":false},"author":1,"featured_media":0,"parent":0,"menu_order":0,"comment_status":"closed","ping_status":"closed","template":"","meta":{"footnotes":""},"class_list":["post-1154","page","type-page","status-publish","hentry"],"_links":{"self":[{"href":"https:\/\/dartproject.eu\/pt-pt\/wp-json\/wp\/v2\/pages\/1154","targetHints":{"allow":["GET"]}}],"collection":[{"href":"https:\/\/dartproject.eu\/pt-pt\/wp-json\/wp\/v2\/pages"}],"about":[{"href":"https:\/\/dartproject.eu\/pt-pt\/wp-json\/wp\/v2\/types\/page"}],"author":[{"embeddable":true,"href":"https:\/\/dartproject.eu\/pt-pt\/wp-json\/wp\/v2\/users\/1"}],"replies":[{"embeddable":true,"href":"https:\/\/dartproject.eu\/pt-pt\/wp-json\/wp\/v2\/comments?post=1154"}],"version-history":[{"count":3,"href":"https:\/\/dartproject.eu\/pt-pt\/wp-json\/wp\/v2\/pages\/1154\/revisions"}],"predecessor-version":[{"id":1851,"href":"https:\/\/dartproject.eu\/pt-pt\/wp-json\/wp\/v2\/pages\/1154\/revisions\/1851"}],"wp:attachment":[{"href":"https:\/\/dartproject.eu\/pt-pt\/wp-json\/wp\/v2\/media?parent=1154"}],"curies":[{"name":"wp","href":"https:\/\/api.w.org\/{rel}","templated":true}]}}