{"id":859,"date":"2025-03-28T02:07:26","date_gmt":"2025-03-28T02:07:26","guid":{"rendered":"https:\/\/demo.dartproject.eu\/goals\/"},"modified":"2025-04-13T01:29:08","modified_gmt":"2025-04-13T01:29:08","slug":"goals","status":"publish","type":"page","link":"https:\/\/dartproject.eu\/pt-pt\/goals\/","title":{"rendered":"Objetivos"},"content":{"rendered":"<div class=\"wp-block-cover is-light has-parallax\"><span aria-hidden=\"true\" class=\"wp-block-cover__background has-background-dim-0 has-background-dim\" style=\"background-color:#6191a4\"><\/span><div class=\"wp-block-cover__image-background wp-image-1343 has-parallax\" style=\"background-position:50% 50%;background-image:url(https:\/\/dartproject.eu\/wp-content\/uploads\/2025\/04\/woman-sitting-playground-with-phone-her-hands-1.jpg)\"><\/div><div class=\"wp-block-cover__inner-container is-layout-constrained wp-block-cover-is-layout-constrained\"><p class=\"has-text-align-center has-large-font-size\"><\/p><\/div><\/div><p class=\"has-primary-color has-text-color has-link-color has-big-font-size wp-elements-7e41859c2d5e3fcae17a2774ed9190d2\"><strong>O projeto<\/strong><strong><\/strong><\/p><p>O projeto DART visa promover sinergias entre o desporto e a sa\u00fade, promover a inclus\u00e3o no desporto, promover a atividade f\u00edsica ben\u00e9fica para a sa\u00fade das pessoas com diabetes tipo I e II, incentivar um estilo de vida saud\u00e1vel e sensibilizar para o valor acrescentado do desporto e da atividade f\u00edsica.<br>Os objetivos do DART s\u00e3o alcan\u00e7ados atrav\u00e9s da conce\u00e7\u00e3o e implementa\u00e7\u00e3o de ferramentas digitais inovadoras e de e-m\u00f3dulos de forma\u00e7\u00e3o.<br><\/p><p>Especificamente, o projeto DART foi desenvolvido e implementado:<br><\/p><p>a) <strong>APP<\/strong>: uma aplica\u00e7\u00e3o m\u00f3vel inovadora, divertida e ecol\u00f3gica, em 7 vers\u00f5es lingu\u00edsticas, que utiliza um personal trainer de realidade aumentada para ensinar aos doentes diab\u00e9ticos exerc\u00edcios f\u00edsicos especializados que ajudam a:<\/p><p>-reduzir a tens\u00e3o arterial,<\/p><p>-reduzir os n\u00edveis de gorduras no sangue,<\/p><p>-manter o cora\u00e7\u00e3o saud\u00e1vel,<br>-melhorar os n\u00edveis de a\u00e7\u00facar no sangue e evitar o aumento excessivo de peso.<\/p><p>Al\u00e9m disso, a aplica\u00e7\u00e3o inclui tecnologia de geofence para atividades ao ar livre, um calend\u00e1rio personalizado para inserir medicamentos, consultas m\u00e9dicas, etc. e um lembrete da dose de insulina;<\/p><p>b) <strong>PLATAFORMA MOODLE<\/strong>: 30 e-m\u00f3dulos interativos baseados no Moodle destinados aos professores de Educa\u00e7\u00e3o F\u00edsica, incluindo uma s\u00e9rie de Podcasts; c) <strong>Eventos de sensibiliza\u00e7\u00e3o (Multiplicador e transmiss\u00e3o em direto<\/strong>) dirigidos a um p\u00fablico mais vasto de doentes diab\u00e9ticos (tipo I e II) e respetivas fam\u00edlias de todos os pa\u00edses envolvidos e outros.<br><\/p><p>Os objetivos DART relacionados com a a\u00e7\u00e3o DESPORTO s\u00e3o:<br><br>1) incentivar um estilo de vida saud\u00e1vel para todos e<br>2) promover a participa\u00e7\u00e3o no desporto e na atividade f\u00edsica ben\u00e9fica para a sa\u00fade (prioridade do PLANO DE TRABALHO DA UE PARA O DESPORTO 2021-2024)<br><br>Especificamente, o projeto DART visa:<br>a) promover sinergias entre o desporto e a sa\u00fade,<br>b) promover a inclus\u00e3o no desporto<br>c) promover a atividade f\u00edsica ben\u00e9fica para a sa\u00fade das pessoas com diabetes tipo I e II<br>d) incentivar um estilo de vida saud\u00e1vel,<br>e) sensibilizar para o valor acrescentado do desporto e da atividade f\u00edsica para os doentes diab\u00e9ticos e suas fam\u00edlias<br>f) educar os professores e treinadores de atividade f\u00edsica desportiva sobre quest\u00f5es relacionadas com a atividade f\u00edsica e a diabetes<br>g) utilizar a tecnologia digital e, mais precisamente, a tecnologia inovadora de realidade aumentada m\u00f3vel para atingir os nossos objetivos e dar uma dimens\u00e3o digital.<br><\/p><p>O projeto promove a coopera\u00e7\u00e3o transnacional e intersectorial atrav\u00e9s da participa\u00e7\u00e3o de 7 institui\u00e7\u00f5es de 6 pa\u00edses europeus (ES, EL, IT, PT, HR e RO) com experi\u00eancia em todos os dom\u00ednios relevantes para o projeto: desporto, educa\u00e7\u00e3o, medicina e tecnologia. Al\u00e9m disso, o DART segue uma abordagem ecol\u00f3gica durante todas as fases do projeto.<\/p>","protected":false},"excerpt":{"rendered":"<p>O projeto O projeto DART visa promover sinergias entre o desporto e a sa\u00fade, promover a inclus\u00e3o no desporto, promover a atividade f\u00edsica ben\u00e9fica para a sa\u00fade das pessoas com diabetes tipo I e II, incentivar um estilo de vida saud\u00e1vel e sensibilizar para o valor acrescentado do desporto e da atividade f\u00edsica.Os objetivos do&#8230;<\/p>\n","protected":false},"author":1,"featured_media":0,"parent":0,"menu_order":0,"comment_status":"closed","ping_status":"closed","template":"","meta":{"footnotes":""},"class_list":["post-859","page","type-page","status-publish","hentry"],"_links":{"self":[{"href":"https:\/\/dartproject.eu\/pt-pt\/wp-json\/wp\/v2\/pages\/859","targetHints":{"allow":["GET"]}}],"collection":[{"href":"https:\/\/dartproject.eu\/pt-pt\/wp-json\/wp\/v2\/pages"}],"about":[{"href":"https:\/\/dartproject.eu\/pt-pt\/wp-json\/wp\/v2\/types\/page"}],"author":[{"embeddable":true,"href":"https:\/\/dartproject.eu\/pt-pt\/wp-json\/wp\/v2\/users\/1"}],"replies":[{"embeddable":true,"href":"https:\/\/dartproject.eu\/pt-pt\/wp-json\/wp\/v2\/comments?post=859"}],"version-history":[{"count":7,"href":"https:\/\/dartproject.eu\/pt-pt\/wp-json\/wp\/v2\/pages\/859\/revisions"}],"predecessor-version":[{"id":1684,"href":"https:\/\/dartproject.eu\/pt-pt\/wp-json\/wp\/v2\/pages\/859\/revisions\/1684"}],"wp:attachment":[{"href":"https:\/\/dartproject.eu\/pt-pt\/wp-json\/wp\/v2\/media?parent=859"}],"curies":[{"name":"wp","href":"https:\/\/api.w.org\/{rel}","templated":true}]}}