{"id":919,"date":"2025-03-28T02:09:43","date_gmt":"2025-03-28T02:09:43","guid":{"rendered":"https:\/\/demo.dartproject.eu\/policy\/"},"modified":"2025-04-24T20:04:10","modified_gmt":"2025-04-24T20:04:10","slug":"policy","status":"publish","type":"page","link":"https:\/\/dartproject.eu\/pt-pt\/policy\/","title":{"rendered":"Pol\u00edtica"},"content":{"rendered":"<div class=\"wp-block-cover is-light has-parallax\"><div class=\"wp-block-cover__image-background wp-image-1277 size-full has-parallax\" style=\"background-position:50% 50%;background-image:url(https:\/\/dartproject.eu\/wp-content\/uploads\/2025\/04\/NEW-LOGO2.png)\"><\/div><span aria-hidden=\"true\" class=\"wp-block-cover__background has-background-dim-0 has-background-dim\" style=\"background-color:#9aece9\"><\/span><div class=\"wp-block-cover__inner-container is-layout-constrained wp-block-cover-is-layout-constrained\"><p class=\"has-text-align-center has-large-font-size\"><\/p><\/div><\/div><p class=\"has-primary-color has-text-color has-link-color wp-elements-3c53b1e6a4feab5a971234589bcd5e48\"><strong>POL\u00cdTICA<\/strong><br>\u200b<strong>Termos de utiliza\u00e7\u00e3o: Aplica\u00e7\u00e3o DART<\/strong><br><br><strong>1. Introdu\u00e7\u00e3o<\/strong><br>Com o presente aviso, gostar\u00edamos de o informar sobre os termos e condi\u00e7\u00f5es relativos \u00e0 nossa recolha e tratamento de dados pessoais, levados a cabo pela DART PARTNERSHIP, constitu\u00edda pelas seguintes institui\u00e7\u00f5es: FUNDACION UNIVERSIDAD CATOLICA DE VALENCIA SAN VICENTE, MAIANDROS EPE, CENTRO UNIVERSITARIO SPORTIVO &#8211; CUSPADOVA, ASSOCIA\u00c7\u00c3O DE FUTEBOL DE BRAGAN\u00c7A, ZAJEDNICA SPORTSKIH UDRUGA GRADA RIJEKE &#8220;RIJE\u010cKI SPORTSKI SAVEZ&#8221; , ASOCIA\u0162IA COPIILOR SI TINERILOR DIABETICI MURE\u015e e TOOL LTD. propriet\u00e1rios da aplica\u00e7\u00e3o DART (vers\u00f5es espanhola, grega, italiana, portuguesa, croata, romena e inglesa) e respons\u00e1vel pelo tratamento dos dados pessoais recolhidos atrav\u00e9s desta aplica\u00e7\u00e3o (doravante designada por &#8220;DART&#8221;).<br>A DART tomou todas as medidas necess\u00e1rias para garantir um elevado n\u00edvel de prote\u00e7\u00e3o e seguran\u00e7a da aplica\u00e7\u00e3o DART, em conformidade com as melhores pr\u00e1ticas comerciais reconhecidas.<br>O acesso e a navega\u00e7\u00e3o na aplica\u00e7\u00e3o DART s\u00e3o gratuitos. \u00c9 estritamente proibida qualquer c\u00f3pia ou reprodu\u00e7\u00e3o de qualquer forma, publica\u00e7\u00e3o, modifica\u00e7\u00e3o, altera\u00e7\u00e3o ou qualquer outra forma de utiliza\u00e7\u00e3o das fotografias, v\u00eddeos, imagens e log\u00f3tipos inclu\u00eddos na aplica\u00e7\u00e3o DART.<br>A DART reserva-se o direito de modificar a presente pol\u00edtica a qualquer momento sem aviso pr\u00e9vio aos utilizadores. Por conseguinte, aconselha-se o utilizador a rev\u00ea-la regularmente quando utilizar a aplica\u00e7\u00e3o.<br><br><strong>2. Que dados pessoais recolhemos?<\/strong><br>Ao utilizar esta aplica\u00e7\u00e3o, n\u00e3o \u00e9 necess\u00e1rio registar quaisquer dados pessoais.<br><br><strong><u>Cumprimos a Lei de Prote\u00e7\u00e3o da Privacidade Online das Crian\u00e7as<\/u><\/strong><br><strong>O nosso Website e as nossas aplica\u00e7\u00f5es m\u00f3veis cumprem a Lei de Prote\u00e7\u00e3o da Privacidade Online das Crian\u00e7as (&#8220;COPPA&#8221;) e o Regulamento Geral de Prote\u00e7\u00e3o de Dados da UE (RGPD). N\u00e3o recolhemos intencionalmente informa\u00e7\u00f5es pessoais de crian\u00e7as com idade inferior a 13 anos em viola\u00e7\u00e3o da COPPA e, se um utilizador se identificar como uma crian\u00e7a com idade inferior a 13 anos atrav\u00e9s de um pedido de apoio, n\u00e3o recolheremos, armazenaremos ou utilizaremos, e eliminaremos de forma segura, quaisquer informa\u00e7\u00f5es pessoais desse utilizador.<\/strong><br><br><br><strong>3. Quais s\u00e3o os direitos do utilizador?<\/strong><br>Se considerar que estamos a violar a legisla\u00e7\u00e3o aplic\u00e1vel \u00e0 prote\u00e7\u00e3o dos seus dados pessoais, tem o direito de apresentar uma queixa junto da Autoridade de Prote\u00e7\u00e3o de Dados Pessoais, com sede em CALLE QUEVEDO 2, VALENCIA 46001, ESPANHA.<br><br><strong>4. Limita\u00e7\u00e3o da responsabilidade<\/strong><br>A aplica\u00e7\u00e3o DART pode incluir liga\u00e7\u00f5es para outros Websites n\u00e3o controlados pela sociedade DART, mas por outros propriet\u00e1rios (pessoas singulares ou coletivas) aos quais pertencem os Websites acima referidos. A sociedade DART n\u00e3o \u00e9, em caso algum, respons\u00e1vel por qualquer dano que o utilizador possa sofrer devido \u00e0 sua visita a outros sites, incluindo qualquer tratamento il\u00edcito dos seus dados pessoais em virtude da visita aos sites acima referidos.<br><br><strong>5. Cookies<\/strong><br>Os cookies s\u00e3o pequenos ficheiros de texto que cont\u00eam informa\u00e7\u00f5es, que s\u00e3o enviados pelo Website dartproject.eu e descarregados para o computador pessoal ou dispositivo inteligente do utilizador-visitante. Estes ficheiros podem conter informa\u00e7\u00f5es sobre o tipo de navegador utilizado por cada utilizador-visitante, o tipo de computador, o sistema operativo, o fornecedor de Internet e outras informa\u00e7\u00f5es t\u00e9cnicas.<br>Os cookies n\u00e3o danificam o seu computador ou dispositivo m\u00f3vel, nem os ficheiros neles armazenados, e n\u00e3o interv\u00eam de forma alguma com quaisquer documentos ou ficheiros armazenados no seu computador quando est\u00e1 a visitar o site dartproject.eu. A utiliza\u00e7\u00e3o de cookies n\u00e3o revela a identidade do utilizador, mas pode levar \u00e0 identifica\u00e7\u00e3o do seu computador.<br>O Website do dartproject.eu pode utilizar cookies para os seguintes fins<br><strong>(a) Google Analytics<\/strong><br>Para realizar inqu\u00e9ritos para fins estat\u00edsticos e\/ou para melhorar o conte\u00fado e os servi\u00e7os do dartproject.eu e\/ou para medir a sua efic\u00e1cia.<br><strong>(b) Redes sociais<\/strong><br>Os cookies s\u00e3o colocados por fornecedores de sites de redes sociais para permitir que o visitante partilhe facilmente o conte\u00fado do dartproject.eu atrav\u00e9s desses sites.<br>A maioria dos navegadores aceita a utiliza\u00e7\u00e3o de cookies por defeito, mas \u00e9 poss\u00edvel configurar o seu navegador para recusar a rece\u00e7\u00e3o ou aceitar seletivamente determinados cookies. Se desativar a rece\u00e7\u00e3o de cookies, certas funcionalidades fornecidas pelo nosso Website podem estar indispon\u00edveis, enquanto algumas p\u00e1ginas podem n\u00e3o ser apresentadas corretamente.<br>O Website www.allaboutcookies.org oferece instru\u00e7\u00f5es boas e simples sobre como gerir os cookies, utilizando diferentes tipos de web browsers.<br><\/p><p><\/p>","protected":false},"excerpt":{"rendered":"<p>POL\u00cdTICA\u200bTermos de utiliza\u00e7\u00e3o: Aplica\u00e7\u00e3o DART 1. Introdu\u00e7\u00e3oCom o presente aviso, gostar\u00edamos de o informar sobre os termos e condi\u00e7\u00f5es relativos \u00e0 nossa recolha e tratamento de dados pessoais, levados a cabo pela DART PARTNERSHIP, constitu\u00edda pelas seguintes institui\u00e7\u00f5es: FUNDACION UNIVERSIDAD CATOLICA DE VALENCIA SAN VICENTE, MAIANDROS EPE, CENTRO UNIVERSITARIO SPORTIVO &#8211; CUSPADOVA, ASSOCIA\u00c7\u00c3O DE FUTEBOL&#8230;<\/p>\n","protected":false},"author":1,"featured_media":0,"parent":0,"menu_order":0,"comment_status":"closed","ping_status":"closed","template":"","meta":{"footnotes":""},"class_list":["post-919","page","type-page","status-publish","hentry"],"_links":{"self":[{"href":"https:\/\/dartproject.eu\/pt-pt\/wp-json\/wp\/v2\/pages\/919","targetHints":{"allow":["GET"]}}],"collection":[{"href":"https:\/\/dartproject.eu\/pt-pt\/wp-json\/wp\/v2\/pages"}],"about":[{"href":"https:\/\/dartproject.eu\/pt-pt\/wp-json\/wp\/v2\/types\/page"}],"author":[{"embeddable":true,"href":"https:\/\/dartproject.eu\/pt-pt\/wp-json\/wp\/v2\/users\/1"}],"replies":[{"embeddable":true,"href":"https:\/\/dartproject.eu\/pt-pt\/wp-json\/wp\/v2\/comments?post=919"}],"version-history":[{"count":4,"href":"https:\/\/dartproject.eu\/pt-pt\/wp-json\/wp\/v2\/pages\/919\/revisions"}],"predecessor-version":[{"id":2955,"href":"https:\/\/dartproject.eu\/pt-pt\/wp-json\/wp\/v2\/pages\/919\/revisions\/2955"}],"wp:attachment":[{"href":"https:\/\/dartproject.eu\/pt-pt\/wp-json\/wp\/v2\/media?parent=919"}],"curies":[{"name":"wp","href":"https:\/\/api.w.org\/{rel}","templated":true}]}}