{"id":1049,"date":"2025-03-28T14:50:50","date_gmt":"2025-03-28T14:50:50","guid":{"rendered":"https:\/\/demo.dartproject.eu\/dart-app\/"},"modified":"2025-04-29T21:51:35","modified_gmt":"2025-04-29T21:51:35","slug":"dart-app","status":"publish","type":"page","link":"https:\/\/dartproject.eu\/ro\/dart-app\/","title":{"rendered":"Dart App"},"content":{"rendered":"<figure class=\"wp-block-video\"><video height=\"1080\" style=\"aspect-ratio: 2064 \/ 1080;\" width=\"2064\" autoplay controls loop muted src=\"https:\/\/dartproject.eu\/wp-content\/uploads\/2025\/04\/VIDEO-FINAL.mp4\"><\/video><\/figure><figure class=\"wp-block-image alignleft size-large is-resized\"><img loading=\"lazy\" decoding=\"async\" width=\"473\" height=\"1024\" src=\"https:\/\/dartproject.eu\/wp-content\/uploads\/2025\/04\/Screenshot_20250430_004421_DART-473x1024.jpg\" alt=\"\" class=\"wp-image-3104\" style=\"width:186px;height:auto\" srcset=\"https:\/\/dartproject.eu\/wp-content\/uploads\/2025\/04\/Screenshot_20250430_004421_DART-473x1024.jpg 473w, https:\/\/dartproject.eu\/wp-content\/uploads\/2025\/04\/Screenshot_20250430_004421_DART-138x300.jpg 138w, https:\/\/dartproject.eu\/wp-content\/uploads\/2025\/04\/Screenshot_20250430_004421_DART-768x1664.jpg 768w, https:\/\/dartproject.eu\/wp-content\/uploads\/2025\/04\/Screenshot_20250430_004421_DART-709x1536.jpg 709w, https:\/\/dartproject.eu\/wp-content\/uploads\/2025\/04\/Screenshot_20250430_004421_DART-945x2048.jpg 945w, https:\/\/dartproject.eu\/wp-content\/uploads\/2025\/04\/Screenshot_20250430_004421_DART-600x1300.jpg 600w, https:\/\/dartproject.eu\/wp-content\/uploads\/2025\/04\/Screenshot_20250430_004421_DART.jpg 1080w\" sizes=\"auto, (max-width: 473px) 100vw, 473px\" \/><\/figure><p class=\"has-primary-color has-text-color has-link-color wp-elements-dc1b026044f97fd41b31418e08b24813\"><strong>Analiza Proiectului DART<\/strong><\/p><p>Proiectul DART \u00ee\u0219i propune s\u0103 ofere \u201eceva mai mult\u201d pacien\u021bilor cu diabet zaharat de tip I \u0219i II, urm\u00e2nd valurile tehnologiei mobile pentru 2025: un antrenor personal cu realitate augmentat\u0103 care poate fi prezent zilnic \u00een via\u021ba lor, oriunde \u0219i oric\u00e2nd, acas\u0103, la birou, la \u0219coal\u0103 printr-o aplica\u021bie mobil\u0103 inovatoare pentru Android \u0219i IOS \u00een 7 versiuni de limbi care utilizeaz\u0103 tehnologia de realitate augmentat\u0103 \u0219i tehnologia geofence.<br>Aplica\u021bia este \u00eemp\u0103r\u021bit\u0103 \u00een dou\u0103 sec\u021biuni separate: referitoare la diabetul de TIP 1 \u0219i de TIP 2.<br>Fiecare sec\u021biune a aplica\u021biei include acelea\u0219i caracteristici, dar se concentreaz\u0103 pe TIPUL de diabet selectat de utilizator.<\/p><p class=\"has-primary-color has-text-color has-link-color wp-elements-764d8b87a1a91a383422254a12a4aa80\"><br><strong>PARTEA 1: CALENDAR PERSONALIZAT DE DIABET<\/strong><\/p><p>Calendar medical zilnic personalizat \u00een care utilizatorul poate include m\u0103sur\u0103torile sale, medicamentele, program\u0103rile la medic etc.). Include, de asemenea, un memento sonor pentru doza de insulin\u0103.<br><br><\/p><p><\/p><p class=\"has-primary-color has-text-color has-link-color wp-elements-93111b276104c7ea1512c06c0a4e702c\"><strong>PARTEA 2: CRE\u0218TE\u021aI \u201eARBORUL VIE\u021aII\u201d: programe zilnice de antrenament folosind o realitate augmentat\u0103 antrenor<\/strong><\/p><p>Un antrenor personal (holograma), apare prin tehnologia de realitate augmentat\u0103 \u00een camera utilizatorului, birou, \u0219coal\u0103 etc. \u0219i \u00eei poate ar\u0103ta cum s\u0103-\u0219i efectueze programul zilnic de exerci\u021bii fizice recomandate pentru starea sa de s\u0103n\u0103tate.<br>Holograma ofer\u0103, de asemenea, instruc\u021biuni vocale \u0219i explica\u021bii cu privire la natura exerci\u021biilor fizice \u0219i la modul \u00een care aceste exerci\u021bii pot reduce tensiunea arterial\u0103, sc\u0103dea nivelul gr\u0103similor din s\u00e2nge, men\u021bin inima s\u0103n\u0103toas\u0103 \u0219i ajut\u0103 la \u00eembun\u0103t\u0103\u021birea nivelului de zah\u0103r din s\u00e2nge \u0219i la prevenirea cre\u0219terii \u00een greutate. Pentru fiecare exerci\u021biu, am inclus o sec\u021biune special\u0103 pentru Precau\u021bii care trebuie trebuie luate \u00eenainte, \u00een timpul \u0219i dup\u0103 efort.<br><br>Programul de antrenament este prezentat ca un joc provocator, ecologic:<br><\/p><figure class=\"wp-block-image alignright size-large is-resized\"><img loading=\"lazy\" decoding=\"async\" width=\"473\" height=\"1024\" src=\"https:\/\/dartproject.eu\/wp-content\/uploads\/2025\/04\/Screenshot_20241227_150452_DART-473x1024.jpg\" alt=\"\" class=\"wp-image-1442\" style=\"width:205px;height:auto\" srcset=\"https:\/\/dartproject.eu\/wp-content\/uploads\/2025\/04\/Screenshot_20241227_150452_DART-473x1024.jpg 473w, https:\/\/dartproject.eu\/wp-content\/uploads\/2025\/04\/Screenshot_20241227_150452_DART-138x300.jpg 138w, https:\/\/dartproject.eu\/wp-content\/uploads\/2025\/04\/Screenshot_20241227_150452_DART-768x1664.jpg 768w, https:\/\/dartproject.eu\/wp-content\/uploads\/2025\/04\/Screenshot_20241227_150452_DART-709x1536.jpg 709w, https:\/\/dartproject.eu\/wp-content\/uploads\/2025\/04\/Screenshot_20241227_150452_DART-945x2048.jpg 945w, https:\/\/dartproject.eu\/wp-content\/uploads\/2025\/04\/Screenshot_20241227_150452_DART-600x1300.jpg 600w, https:\/\/dartproject.eu\/wp-content\/uploads\/2025\/04\/Screenshot_20241227_150452_DART.jpg 1080w\" sizes=\"auto, (max-width: 473px) 100vw, 473px\" \/><\/figure><p><br>Utilizatorul aplica\u021biei poate cre\u0219te digital \u201eArborele vie\u021bii\u201d urm\u00e2nd un program de exerci\u021bii fizice de 30 de zile. \u00cen fiecare zi, dup\u0103 finalizarea unui set de exerci\u021bii propuse de c\u0103tre antrenorul de realitate augmentat\u0103, utilizatorul poate ad\u0103uga o ramur\u0103 \u201eArborele vie\u021bii\u201d s\u0103u digital simboliz\u00e2nd progresul s\u0103u zilnic.<br>Programul zilnic include 5 exerci\u021bii fizice X 30 de zile (maxim 30 min de exerci\u021bii zilnic). Am conceput 50 de exerci\u021bii \u00een total, dar unele dintre ele se repet\u0103 \u00een timpul acestui program de antrenament de 30 de zile. Nivelul de dificultate \u0219i complexitatea cresc pe zi. Nu este nevoie de echipament atletic special, deoarece antrenorul de realitate augmentat\u0103 propune modalit\u0103\u021bi alternative de antrenament folosind obiecte de zi cu zi, de ex. scaune, sticle de ap\u0103, cutii de sup\u0103 etc.<br><br>VIDEO: \u00cen plus, pentru fiecare exerci\u021biu nou ad\u0103ugat, utilizatorul are posibilitatea de a vedea videoclipuri cu persoane reale &#8211; voluntari (copii \u0219i adul\u021bi, pacien\u021bi cu diabet zaharat sau persoane din popula\u021bia general\u0103) care efectueaz\u0103 aceste exerci\u021bii specifice, cu scopul de a ar\u0103ta c\u0103 suntem cu to\u021bii \u00eempreun\u0103 \u00een asta \u0219i nimeni nu poate fi exclus din minunata lume a exerci\u021biilor fizice!<br>Dup\u0103 finalizarea cu succes a programului de 30 de zile, \u201eArborele vie\u021bii\u201d digital poate fi finalizat, iar utilizatorul poate trece la partea 3 a aplica\u021biei. Desigur, utilizatorul poate repeta programul de antrenament de c\u00e2te ori dore\u0219te.<br>Utilizatorul \u00ee\u0219i poate \u00eemp\u0103rt\u0103\u0219i progresul cu parteneriatul nostru \u0219i pentru fiecare \u201eArborele vie\u021bii\u201d digital care este finalizat, parteneriatul va planta un copac adev\u0103rat \u00een natur\u0103, contribuind la eforturile \u201eSalva\u021bi P\u0103m\u00e2ntul\u201d.<\/p><p><\/p><p class=\"has-primary-color has-text-color has-link-color wp-elements-6bc7ad89fad4f434502090d2b5334404\"><strong>PARTEA 3- EXERCI\u021aIU \u00ceN NATUR\u0102<\/strong><\/p><p>A treia parte a APP-ului motiveaz\u0103 utilizatorul s\u0103 \u00eenceap\u0103 activitatea fizic\u0103 \u00een aer liber. Aplica\u021bia ofer\u0103 h\u0103r\u021bi utilizatorului prin tehnologia geofence care vizeaz\u0103 Parcurile care se afl\u0103 \u00een apropierea loca\u021biei sale, unde acesta poate efectua plimb\u0103ri lungi. De asemenea, utilizatorul poate fixa un parc pe care \u00eel sugereaz\u0103 \u00een zona sa \u0219i to\u021bi ceilal\u021bi utilizatori pot vedea sugestia lui.<br><\/p><figure class=\"wp-block-image alignleft size-full is-resized\"><a href=\"https:\/\/play.google.com\/store\/apps\/details?id=com.envysoftworks.dart&amp;pcampaignid=web_share\" target=\"_blank\" rel=\" noreferrer noopener\"><img loading=\"lazy\" decoding=\"async\" width=\"490\" height=\"490\" src=\"https:\/\/dartproject.eu\/wp-content\/uploads\/2025\/04\/DART-APP-GOOGLE-PLAY.png?wsr\" alt=\"\" class=\"wp-image-2930\" style=\"width:140px;height:auto\" srcset=\"https:\/\/dartproject.eu\/wp-content\/uploads\/2025\/04\/DART-APP-GOOGLE-PLAY.png 490w, https:\/\/dartproject.eu\/wp-content\/uploads\/2025\/04\/DART-APP-GOOGLE-PLAY-300x300.png 300w, https:\/\/dartproject.eu\/wp-content\/uploads\/2025\/04\/DART-APP-GOOGLE-PLAY-150x150.png 150w, https:\/\/dartproject.eu\/wp-content\/uploads\/2025\/04\/DART-APP-GOOGLE-PLAY-100x100.png 100w\" sizes=\"auto, (max-width: 490px) 100vw, 490px\" \/><\/a><figcaption class=\"wp-element-caption\">GOOGLE PLAY STORE<\/figcaption><\/figure><figure class=\"wp-block-image alignleft size-full is-resized\"><a href=\"https:\/\/apps.apple.com\/gr\/app\/dart-diabetes-ar-training\/id6740289408?l=en\" target=\"_blank\" rel=\" noreferrer noopener\"><img loading=\"lazy\" decoding=\"async\" width=\"450\" height=\"450\" src=\"https:\/\/dartproject.eu\/wp-content\/uploads\/2025\/04\/DART-APP-APPLE-STORE.png?wsr\" alt=\"\" class=\"wp-image-2937\" style=\"width:143px;height:auto\" srcset=\"https:\/\/dartproject.eu\/wp-content\/uploads\/2025\/04\/DART-APP-APPLE-STORE.png 450w, https:\/\/dartproject.eu\/wp-content\/uploads\/2025\/04\/DART-APP-APPLE-STORE-300x300.png 300w, https:\/\/dartproject.eu\/wp-content\/uploads\/2025\/04\/DART-APP-APPLE-STORE-150x150.png 150w, https:\/\/dartproject.eu\/wp-content\/uploads\/2025\/04\/DART-APP-APPLE-STORE-100x100.png 100w\" sizes=\"auto, (max-width: 450px) 100vw, 450px\" \/><\/a><figcaption class=\"wp-element-caption\">APPLE STORE<\/figcaption><\/figure>","protected":false},"excerpt":{"rendered":"<p>Analiza Proiectului DART Proiectul DART \u00ee\u0219i propune s\u0103 ofere \u201eceva mai mult\u201d pacien\u021bilor cu diabet zaharat de tip I \u0219i II, urm\u00e2nd valurile tehnologiei mobile pentru 2025: un antrenor personal cu realitate augmentat\u0103 care poate fi prezent zilnic \u00een via\u021ba lor, oriunde \u0219i oric\u00e2nd, acas\u0103, la birou, la \u0219coal\u0103 printr-o aplica\u021bie mobil\u0103 inovatoare pentru Android&#8230;<\/p>\n","protected":false},"author":1,"featured_media":0,"parent":0,"menu_order":0,"comment_status":"closed","ping_status":"closed","template":"","meta":{"footnotes":""},"class_list":["post-1049","page","type-page","status-publish","hentry"],"_links":{"self":[{"href":"https:\/\/dartproject.eu\/ro\/wp-json\/wp\/v2\/pages\/1049","targetHints":{"allow":["GET"]}}],"collection":[{"href":"https:\/\/dartproject.eu\/ro\/wp-json\/wp\/v2\/pages"}],"about":[{"href":"https:\/\/dartproject.eu\/ro\/wp-json\/wp\/v2\/types\/page"}],"author":[{"embeddable":true,"href":"https:\/\/dartproject.eu\/ro\/wp-json\/wp\/v2\/users\/1"}],"replies":[{"embeddable":true,"href":"https:\/\/dartproject.eu\/ro\/wp-json\/wp\/v2\/comments?post=1049"}],"version-history":[{"count":6,"href":"https:\/\/dartproject.eu\/ro\/wp-json\/wp\/v2\/pages\/1049\/revisions"}],"predecessor-version":[{"id":3114,"href":"https:\/\/dartproject.eu\/ro\/wp-json\/wp\/v2\/pages\/1049\/revisions\/3114"}],"wp:attachment":[{"href":"https:\/\/dartproject.eu\/ro\/wp-json\/wp\/v2\/media?parent=1049"}],"curies":[{"name":"wp","href":"https:\/\/api.w.org\/{rel}","templated":true}]}}