{"id":1086,"date":"2025-03-28T14:53:58","date_gmt":"2025-03-28T14:53:58","guid":{"rendered":"https:\/\/demo.dartproject.eu\/instructions-for-the-app\/"},"modified":"2025-04-29T21:53:09","modified_gmt":"2025-04-29T21:53:09","slug":"instructions-for-the-app","status":"publish","type":"page","link":"https:\/\/dartproject.eu\/ro\/instructions-for-the-app\/","title":{"rendered":"Utilizarea aplica\u021biei"},"content":{"rendered":"<div class=\"wp-block-cover is-light has-parallax\"><div class=\"wp-block-cover__image-background wp-image-1278 has-parallax\" style=\"background-position:50% 50%;background-image:url(https:\/\/dartproject.eu\/wp-content\/uploads\/2025\/04\/NEW-LOGO2.png)\"><\/div><span aria-hidden=\"true\" class=\"wp-block-cover__background has-background-dim-0 has-background-dim\" style=\"background-color:#9aece9\"><\/span><div class=\"wp-block-cover__inner-container is-layout-constrained wp-block-cover-is-layout-constrained\"><p class=\"has-text-align-center has-large-font-size\"><\/p><\/div><\/div><figure class=\"wp-block-table has-x-large-font-size\"><table class=\"has-light-color-color has-luminous-vivid-orange-background-color has-text-color has-background has-link-color has-fixed-layout\"><tbody><tr><td><img loading=\"lazy\" decoding=\"async\" width=\"150\" height=\"325\" class=\"wp-image-3104\" style=\"width: 150px;\" src=\"https:\/\/dartproject.eu\/wp-content\/uploads\/2025\/04\/Screenshot_20250430_004421_DART.jpg\" alt=\"\" srcset=\"https:\/\/dartproject.eu\/wp-content\/uploads\/2025\/04\/Screenshot_20250430_004421_DART.jpg 1080w, https:\/\/dartproject.eu\/wp-content\/uploads\/2025\/04\/Screenshot_20250430_004421_DART-138x300.jpg 138w, https:\/\/dartproject.eu\/wp-content\/uploads\/2025\/04\/Screenshot_20250430_004421_DART-473x1024.jpg 473w, https:\/\/dartproject.eu\/wp-content\/uploads\/2025\/04\/Screenshot_20250430_004421_DART-768x1664.jpg 768w, https:\/\/dartproject.eu\/wp-content\/uploads\/2025\/04\/Screenshot_20250430_004421_DART-709x1536.jpg 709w, https:\/\/dartproject.eu\/wp-content\/uploads\/2025\/04\/Screenshot_20250430_004421_DART-945x2048.jpg 945w, https:\/\/dartproject.eu\/wp-content\/uploads\/2025\/04\/Screenshot_20250430_004421_DART-600x1300.jpg 600w\" sizes=\"auto, (max-width: 150px) 100vw, 150px\" \/><\/td><td><br><br>Bine a\u021bi venit la proiectul DART!<br><br><br><br><br><br><\/td><\/tr><tr><td><img loading=\"lazy\" decoding=\"async\" width=\"150\" height=\"325\" class=\"wp-image-1551\" style=\"width: 150px;\" src=\"https:\/\/dartproject.eu\/wp-content\/uploads\/2025\/04\/Screenshot_20241227_150430_DART.jpg\" alt=\"\" srcset=\"https:\/\/dartproject.eu\/wp-content\/uploads\/2025\/04\/Screenshot_20241227_150430_DART.jpg 1080w, https:\/\/dartproject.eu\/wp-content\/uploads\/2025\/04\/Screenshot_20241227_150430_DART-138x300.jpg 138w, https:\/\/dartproject.eu\/wp-content\/uploads\/2025\/04\/Screenshot_20241227_150430_DART-473x1024.jpg 473w, https:\/\/dartproject.eu\/wp-content\/uploads\/2025\/04\/Screenshot_20241227_150430_DART-768x1664.jpg 768w, https:\/\/dartproject.eu\/wp-content\/uploads\/2025\/04\/Screenshot_20241227_150430_DART-709x1536.jpg 709w, https:\/\/dartproject.eu\/wp-content\/uploads\/2025\/04\/Screenshot_20241227_150430_DART-945x2048.jpg 945w, https:\/\/dartproject.eu\/wp-content\/uploads\/2025\/04\/Screenshot_20241227_150430_DART-600x1300.jpg 600w\" sizes=\"auto, (max-width: 150px) 100vw, 150px\" \/><\/td><td>Pute\u021bi selecta versiunea de limb\u0103.<\/td><\/tr><tr><td><img loading=\"lazy\" decoding=\"async\" width=\"150\" height=\"325\" class=\"wp-image-1558\" style=\"width: 150px;\" src=\"https:\/\/dartproject.eu\/wp-content\/uploads\/2025\/04\/Screenshot_20241227_150440_DART.jpg\" alt=\"\" srcset=\"https:\/\/dartproject.eu\/wp-content\/uploads\/2025\/04\/Screenshot_20241227_150440_DART.jpg 1080w, https:\/\/dartproject.eu\/wp-content\/uploads\/2025\/04\/Screenshot_20241227_150440_DART-138x300.jpg 138w, https:\/\/dartproject.eu\/wp-content\/uploads\/2025\/04\/Screenshot_20241227_150440_DART-473x1024.jpg 473w, https:\/\/dartproject.eu\/wp-content\/uploads\/2025\/04\/Screenshot_20241227_150440_DART-768x1664.jpg 768w, https:\/\/dartproject.eu\/wp-content\/uploads\/2025\/04\/Screenshot_20241227_150440_DART-709x1536.jpg 709w, https:\/\/dartproject.eu\/wp-content\/uploads\/2025\/04\/Screenshot_20241227_150440_DART-945x2048.jpg 945w, https:\/\/dartproject.eu\/wp-content\/uploads\/2025\/04\/Screenshot_20241227_150440_DART-600x1300.jpg 600w\" sizes=\"auto, (max-width: 150px) 100vw, 150px\" \/><\/td><td>Selecta\u021bi tipul de diabet.<\/td><\/tr><tr><td><img loading=\"lazy\" decoding=\"async\" width=\"150\" height=\"325\" class=\"wp-image-1565\" style=\"width: 150px;\" src=\"https:\/\/dartproject.eu\/wp-content\/uploads\/2025\/04\/Screenshot_20241227_150452_DART-1.jpg\" alt=\"\" srcset=\"https:\/\/dartproject.eu\/wp-content\/uploads\/2025\/04\/Screenshot_20241227_150452_DART-1.jpg 1080w, https:\/\/dartproject.eu\/wp-content\/uploads\/2025\/04\/Screenshot_20241227_150452_DART-1-138x300.jpg 138w, https:\/\/dartproject.eu\/wp-content\/uploads\/2025\/04\/Screenshot_20241227_150452_DART-1-473x1024.jpg 473w, https:\/\/dartproject.eu\/wp-content\/uploads\/2025\/04\/Screenshot_20241227_150452_DART-1-768x1664.jpg 768w, https:\/\/dartproject.eu\/wp-content\/uploads\/2025\/04\/Screenshot_20241227_150452_DART-1-709x1536.jpg 709w, https:\/\/dartproject.eu\/wp-content\/uploads\/2025\/04\/Screenshot_20241227_150452_DART-1-945x2048.jpg 945w, https:\/\/dartproject.eu\/wp-content\/uploads\/2025\/04\/Screenshot_20241227_150452_DART-1-600x1300.jpg 600w\" sizes=\"auto, (max-width: 150px) 100vw, 150px\" \/><\/td><td>Acum pute\u021bi \u00eencepe programul de exerci\u021bii!<\/td><\/tr><tr><td><img loading=\"lazy\" decoding=\"async\" width=\"150\" height=\"325\" class=\"wp-image-1572\" style=\"width: 150px;\" src=\"https:\/\/dartproject.eu\/wp-content\/uploads\/2025\/04\/Screenshot_20250413_022650_DART.jpg\" alt=\"\" srcset=\"https:\/\/dartproject.eu\/wp-content\/uploads\/2025\/04\/Screenshot_20250413_022650_DART.jpg 1080w, https:\/\/dartproject.eu\/wp-content\/uploads\/2025\/04\/Screenshot_20250413_022650_DART-138x300.jpg 138w, https:\/\/dartproject.eu\/wp-content\/uploads\/2025\/04\/Screenshot_20250413_022650_DART-473x1024.jpg 473w, https:\/\/dartproject.eu\/wp-content\/uploads\/2025\/04\/Screenshot_20250413_022650_DART-768x1664.jpg 768w, https:\/\/dartproject.eu\/wp-content\/uploads\/2025\/04\/Screenshot_20250413_022650_DART-709x1536.jpg 709w, https:\/\/dartproject.eu\/wp-content\/uploads\/2025\/04\/Screenshot_20250413_022650_DART-945x2048.jpg 945w, https:\/\/dartproject.eu\/wp-content\/uploads\/2025\/04\/Screenshot_20250413_022650_DART-600x1300.jpg 600w\" sizes=\"auto, (max-width: 150px) 100vw, 150px\" \/><\/td><td>\u00cencepe\u021bi cu nivelul u\u0219or \u0219i exerci\u021biul 1.<br><\/td><\/tr><tr><td><img loading=\"lazy\" decoding=\"async\" width=\"150\" height=\"323\" class=\"wp-image-1579\" style=\"width: 150px;\" src=\"https:\/\/dartproject.eu\/wp-content\/uploads\/2025\/04\/XFCHX.jpg\" alt=\"\" srcset=\"https:\/\/dartproject.eu\/wp-content\/uploads\/2025\/04\/XFCHX.jpg 219w, https:\/\/dartproject.eu\/wp-content\/uploads\/2025\/04\/XFCHX-139x300.jpg 139w\" sizes=\"auto, (max-width: 150px) 100vw, 150px\" \/><\/td><td>Iat\u0103 antrenorul AR care v\u0103 va ajuta s\u0103 efectua\u021bi exerci\u021biul. Este simplu!<br>Pute\u021bi viziona antrenorul AR efectu\u00e2nd exerci\u021biul din toate unghiurile.<br>Nu uita\u021bi s\u0103 citi\u021bi mai \u00eent\u00e2i precau\u021biile!<\/td><\/tr><tr><td><img loading=\"lazy\" decoding=\"async\" width=\"150\" height=\"321\" class=\"wp-image-1586\" style=\"width: 150px;\" src=\"https:\/\/dartproject.eu\/wp-content\/uploads\/2025\/04\/ZXVZSE.jpg\" alt=\"\" srcset=\"https:\/\/dartproject.eu\/wp-content\/uploads\/2025\/04\/ZXVZSE.jpg 214w, https:\/\/dartproject.eu\/wp-content\/uploads\/2025\/04\/ZXVZSE-140x300.jpg 140w\" sizes=\"auto, (max-width: 150px) 100vw, 150px\" \/><\/td><td>Acum ve\u021bi vedea videoclipul voluntarilor care vor efectua acela\u0219i exerci\u021biu.<\/td><\/tr><tr><td><img loading=\"lazy\" decoding=\"async\" width=\"150\" height=\"70\" class=\"wp-image-1593\" style=\"width: 150px;\" src=\"https:\/\/dartproject.eu\/wp-content\/uploads\/2025\/04\/BXCRGZSR.jpg\" alt=\"\" srcset=\"https:\/\/dartproject.eu\/wp-content\/uploads\/2025\/04\/BXCRGZSR.jpg 513w, https:\/\/dartproject.eu\/wp-content\/uploads\/2025\/04\/BXCRGZSR-300x140.jpg 300w\" sizes=\"auto, (max-width: 150px) 100vw, 150px\" \/><\/td><td>Pute\u021bi urm\u0103ri exerci\u021biul at\u00e2t vertical, c\u00e2t \u0219i orizontal.<\/td><\/tr><tr><td><img loading=\"lazy\" decoding=\"async\" width=\"150\" height=\"321\" class=\"wp-image-1600\" style=\"width: 150px;\" src=\"https:\/\/dartproject.eu\/wp-content\/uploads\/2025\/04\/BXCRXRXCHYR.jpg\" alt=\"\" srcset=\"https:\/\/dartproject.eu\/wp-content\/uploads\/2025\/04\/BXCRXRXCHYR.jpg 224w, https:\/\/dartproject.eu\/wp-content\/uploads\/2025\/04\/BXCRXRXCHYR-140x300.jpg 140w\" sizes=\"auto, (max-width: 150px) 100vw, 150px\" \/><\/td><td>S\u0103 vedem cum v\u0103 pute\u021bi organiza medicamentele \u0219i \u00eent\u00e2lnirile medicale.<br><\/td><\/tr><tr><td><img loading=\"lazy\" decoding=\"async\" width=\"150\" height=\"321\" class=\"wp-image-1607\" style=\"width: 150px;\" src=\"https:\/\/dartproject.eu\/wp-content\/uploads\/2025\/04\/CVGJTXCVHGFH.jpg\" alt=\"\" srcset=\"https:\/\/dartproject.eu\/wp-content\/uploads\/2025\/04\/CVGJTXCVHGFH.jpg 224w, https:\/\/dartproject.eu\/wp-content\/uploads\/2025\/04\/CVGJTXCVHGFH-140x300.jpg 140w\" sizes=\"auto, (max-width: 150px) 100vw, 150px\" \/><\/td><td>Ave\u021bi diverse op\u021biuni care v\u0103 vor ajuta cu program\u0103rile \u0219i doza zilnic\u0103.<\/td><\/tr><tr><td><img loading=\"lazy\" decoding=\"async\" width=\"150\" height=\"322\" class=\"wp-image-1614\" style=\"width: 150px;\" src=\"https:\/\/dartproject.eu\/wp-content\/uploads\/2025\/04\/KCGYICGHJTY.jpg\" alt=\"\" srcset=\"https:\/\/dartproject.eu\/wp-content\/uploads\/2025\/04\/KCGYICGHJTY.jpg 218w, https:\/\/dartproject.eu\/wp-content\/uploads\/2025\/04\/KCGYICGHJTY-140x300.jpg 140w\" sizes=\"auto, (max-width: 150px) 100vw, 150px\" \/><\/td><td>Acum este timpul pentru exerci\u021bii \u00een natur\u0103!<br>Pute\u021bi comuta parcurile din apropiere.<\/td><\/tr><tr><td><img loading=\"lazy\" decoding=\"async\" width=\"150\" height=\"321\" class=\"wp-image-1621\" style=\"width: 150px;\" src=\"https:\/\/dartproject.eu\/wp-content\/uploads\/2025\/04\/MCTCTUZZ.jpg\" alt=\"\" srcset=\"https:\/\/dartproject.eu\/wp-content\/uploads\/2025\/04\/MCTCTUZZ.jpg 218w, https:\/\/dartproject.eu\/wp-content\/uploads\/2025\/04\/MCTCTUZZ-140x300.jpg 140w\" sizes=\"auto, (max-width: 150px) 100vw, 150px\" \/><\/td><td>Arunca\u021bi o privire asupra informa\u021biilor proiectului.<\/td><\/tr><tr><td><img loading=\"lazy\" decoding=\"async\" width=\"150\" height=\"323\" class=\"wp-image-1628\" style=\"width: 150px;\" src=\"https:\/\/dartproject.eu\/wp-content\/uploads\/2025\/04\/JKLVUVHJCGY.jpg\" alt=\"\" srcset=\"https:\/\/dartproject.eu\/wp-content\/uploads\/2025\/04\/JKLVUVHJCGY.jpg 226w, https:\/\/dartproject.eu\/wp-content\/uploads\/2025\/04\/JKLVUVHJCGY-140x300.jpg 140w\" sizes=\"auto, (max-width: 150px) 100vw, 150px\" \/><\/td><td>\u0218i nu uita\u021bi s\u0103 consulta\u021bi precau\u021biile pentru ambele tipuri de diabet.<\/td><\/tr><tr><td><img loading=\"lazy\" decoding=\"async\" width=\"150\" height=\"323\" class=\"wp-image-1635\" style=\"width: 150px;\" src=\"https:\/\/dartproject.eu\/wp-content\/uploads\/2025\/04\/BUVYIVGBHKCFT.jpg\" alt=\"\" srcset=\"https:\/\/dartproject.eu\/wp-content\/uploads\/2025\/04\/BUVYIVGBHKCFT.jpg 226w, https:\/\/dartproject.eu\/wp-content\/uploads\/2025\/04\/BUVYIVGBHKCFT-140x300.jpg 140w\" sizes=\"auto, (max-width: 150px) 100vw, 150px\" \/><\/td><td>\u0218i aceasta este echipa noastr\u0103.<br>S\u0103 \u00eencepem!<\/td><\/tr><\/tbody><\/table><\/figure>","protected":false},"excerpt":{"rendered":"<p>Bine a\u021bi venit la proiectul DART! Pute\u021bi selecta versiunea de limb\u0103. Selecta\u021bi tipul de diabet. Acum pute\u021bi \u00eencepe programul de exerci\u021bii! \u00cencepe\u021bi cu nivelul u\u0219or \u0219i exerci\u021biul 1. Iat\u0103 antrenorul AR care v\u0103 va ajuta s\u0103 efectua\u021bi exerci\u021biul. Este simplu!Pute\u021bi viziona antrenorul AR efectu\u00e2nd exerci\u021biul din toate unghiurile.Nu uita\u021bi s\u0103 citi\u021bi mai \u00eent\u00e2i precau\u021biile! Acum&#8230;<\/p>\n","protected":false},"author":1,"featured_media":0,"parent":0,"menu_order":0,"comment_status":"closed","ping_status":"closed","template":"","meta":{"footnotes":""},"class_list":["post-1086","page","type-page","status-publish","hentry"],"_links":{"self":[{"href":"https:\/\/dartproject.eu\/ro\/wp-json\/wp\/v2\/pages\/1086","targetHints":{"allow":["GET"]}}],"collection":[{"href":"https:\/\/dartproject.eu\/ro\/wp-json\/wp\/v2\/pages"}],"about":[{"href":"https:\/\/dartproject.eu\/ro\/wp-json\/wp\/v2\/types\/page"}],"author":[{"embeddable":true,"href":"https:\/\/dartproject.eu\/ro\/wp-json\/wp\/v2\/users\/1"}],"replies":[{"embeddable":true,"href":"https:\/\/dartproject.eu\/ro\/wp-json\/wp\/v2\/comments?post=1086"}],"version-history":[{"count":3,"href":"https:\/\/dartproject.eu\/ro\/wp-json\/wp\/v2\/pages\/1086\/revisions"}],"predecessor-version":[{"id":3116,"href":"https:\/\/dartproject.eu\/ro\/wp-json\/wp\/v2\/pages\/1086\/revisions\/3116"}],"wp:attachment":[{"href":"https:\/\/dartproject.eu\/ro\/wp-json\/wp\/v2\/media?parent=1086"}],"curies":[{"name":"wp","href":"https:\/\/api.w.org\/{rel}","templated":true}]}}