{"id":1098,"date":"2025-03-28T14:50:16","date_gmt":"2025-03-28T14:50:16","guid":{"rendered":"https:\/\/demo.dartproject.eu\/meetings\/"},"modified":"2025-10-02T18:56:15","modified_gmt":"2025-10-02T18:56:15","slug":"meetings","status":"publish","type":"page","link":"https:\/\/dartproject.eu\/ro\/meetings\/","title":{"rendered":"\u00cent\u00e2lniri de lucru"},"content":{"rendered":"<figure class=\"wp-block-gallery has-nested-images columns-default is-cropped wp-block-gallery-1 is-layout-flex wp-block-gallery-is-layout-flex\"><figure class=\"wp-block-image size-large\"><img loading=\"lazy\" decoding=\"async\" width=\"1024\" height=\"768\" data-id=\"1380\" src=\"https:\/\/dartproject.eu\/wp-content\/uploads\/2025\/04\/IMG-20240629-WA0013-1024x768.jpg\" alt=\"\" class=\"wp-image-1380\" srcset=\"https:\/\/dartproject.eu\/wp-content\/uploads\/2025\/04\/IMG-20240629-WA0013-1024x768.jpg 1024w, https:\/\/dartproject.eu\/wp-content\/uploads\/2025\/04\/IMG-20240629-WA0013-300x225.jpg 300w, https:\/\/dartproject.eu\/wp-content\/uploads\/2025\/04\/IMG-20240629-WA0013-768x576.jpg 768w, https:\/\/dartproject.eu\/wp-content\/uploads\/2025\/04\/IMG-20240629-WA0013-1536x1152.jpg 1536w, https:\/\/dartproject.eu\/wp-content\/uploads\/2025\/04\/IMG-20240629-WA0013-600x450.jpg 600w, https:\/\/dartproject.eu\/wp-content\/uploads\/2025\/04\/IMG-20240629-WA0013.jpg 1600w\" sizes=\"auto, (max-width: 1024px) 100vw, 1024px\" \/><figcaption class=\"wp-element-caption\">VALENCIA, SPANIA<\/figcaption><\/figure>\n\n<figure class=\"wp-block-image size-large\"><img loading=\"lazy\" decoding=\"async\" width=\"1024\" height=\"768\" data-id=\"1395\" src=\"https:\/\/dartproject.eu\/wp-content\/uploads\/2025\/04\/20240628_101834-1024x768.jpg\" alt=\"\" class=\"wp-image-1395\" srcset=\"https:\/\/dartproject.eu\/wp-content\/uploads\/2025\/04\/20240628_101834-1024x768.jpg 1024w, https:\/\/dartproject.eu\/wp-content\/uploads\/2025\/04\/20240628_101834-300x225.jpg 300w, https:\/\/dartproject.eu\/wp-content\/uploads\/2025\/04\/20240628_101834-768x576.jpg 768w, https:\/\/dartproject.eu\/wp-content\/uploads\/2025\/04\/20240628_101834-1536x1152.jpg 1536w, https:\/\/dartproject.eu\/wp-content\/uploads\/2025\/04\/20240628_101834-2048x1536.jpg 2048w, https:\/\/dartproject.eu\/wp-content\/uploads\/2025\/04\/20240628_101834-600x450.jpg 600w\" sizes=\"auto, (max-width: 1024px) 100vw, 1024px\" \/><figcaption class=\"wp-element-caption\">VALENCIA, SPANIA<\/figcaption><\/figure>\n\n<figure class=\"wp-block-image size-large\"><img loading=\"lazy\" decoding=\"async\" width=\"1024\" height=\"768\" data-id=\"1402\" src=\"https:\/\/dartproject.eu\/wp-content\/uploads\/2025\/04\/IMG-20240630-WA0003-1024x768.jpg\" alt=\"\" class=\"wp-image-1402\" srcset=\"https:\/\/dartproject.eu\/wp-content\/uploads\/2025\/04\/IMG-20240630-WA0003-1024x768.jpg 1024w, https:\/\/dartproject.eu\/wp-content\/uploads\/2025\/04\/IMG-20240630-WA0003-300x225.jpg 300w, https:\/\/dartproject.eu\/wp-content\/uploads\/2025\/04\/IMG-20240630-WA0003-768x576.jpg 768w, https:\/\/dartproject.eu\/wp-content\/uploads\/2025\/04\/IMG-20240630-WA0003-1536x1152.jpg 1536w, https:\/\/dartproject.eu\/wp-content\/uploads\/2025\/04\/IMG-20240630-WA0003-600x450.jpg 600w, https:\/\/dartproject.eu\/wp-content\/uploads\/2025\/04\/IMG-20240630-WA0003.jpg 2048w\" sizes=\"auto, (max-width: 1024px) 100vw, 1024px\" \/><figcaption class=\"wp-element-caption\">VALENCIA, SPANIA<\/figcaption><\/figure>\n\n<figure class=\"wp-block-image size-large\"><img loading=\"lazy\" decoding=\"async\" width=\"1000\" height=\"750\" data-id=\"3130\" src=\"https:\/\/dartproject.eu\/wp-content\/uploads\/2025\/05\/GREECE1.jpg\" alt=\"\" class=\"wp-image-3130\" srcset=\"https:\/\/dartproject.eu\/wp-content\/uploads\/2025\/05\/GREECE1.jpg 1000w, https:\/\/dartproject.eu\/wp-content\/uploads\/2025\/05\/GREECE1-300x225.jpg 300w, https:\/\/dartproject.eu\/wp-content\/uploads\/2025\/05\/GREECE1-768x576.jpg 768w, https:\/\/dartproject.eu\/wp-content\/uploads\/2025\/05\/GREECE1-600x450.jpg 600w\" sizes=\"auto, (max-width: 1000px) 100vw, 1000px\" \/><figcaption class=\"wp-element-caption\">ATENA, GRECIA<\/figcaption><\/figure>\n\n<figure class=\"wp-block-image size-large\"><img loading=\"lazy\" decoding=\"async\" width=\"1000\" height=\"762\" data-id=\"3137\" src=\"https:\/\/dartproject.eu\/wp-content\/uploads\/2025\/05\/GREECE2.jpg\" alt=\"\" class=\"wp-image-3137\" srcset=\"https:\/\/dartproject.eu\/wp-content\/uploads\/2025\/05\/GREECE2.jpg 1000w, https:\/\/dartproject.eu\/wp-content\/uploads\/2025\/05\/GREECE2-300x229.jpg 300w, https:\/\/dartproject.eu\/wp-content\/uploads\/2025\/05\/GREECE2-768x585.jpg 768w, https:\/\/dartproject.eu\/wp-content\/uploads\/2025\/05\/GREECE2-600x457.jpg 600w\" sizes=\"auto, (max-width: 1000px) 100vw, 1000px\" \/><figcaption class=\"wp-element-caption\">ATENA, GRECIA<\/figcaption><\/figure>\n\n<figure class=\"wp-block-image size-large\"><img loading=\"lazy\" decoding=\"async\" width=\"1000\" height=\"750\" data-id=\"3144\" src=\"https:\/\/dartproject.eu\/wp-content\/uploads\/2025\/05\/GREECE3.jpg\" alt=\"\" class=\"wp-image-3144\" srcset=\"https:\/\/dartproject.eu\/wp-content\/uploads\/2025\/05\/GREECE3.jpg 1000w, https:\/\/dartproject.eu\/wp-content\/uploads\/2025\/05\/GREECE3-300x225.jpg 300w, https:\/\/dartproject.eu\/wp-content\/uploads\/2025\/05\/GREECE3-768x576.jpg 768w, https:\/\/dartproject.eu\/wp-content\/uploads\/2025\/05\/GREECE3-600x450.jpg 600w\" sizes=\"auto, (max-width: 1000px) 100vw, 1000px\" \/><figcaption class=\"wp-element-caption\">ATENA, GRECIA<\/figcaption><\/figure>\n\n<figure class=\"wp-block-image size-large\"><img loading=\"lazy\" decoding=\"async\" width=\"557\" height=\"327\" data-id=\"3253\" src=\"https:\/\/dartproject.eu\/wp-content\/uploads\/2025\/10\/BEST-WEB2.png\" alt=\"\" class=\"wp-image-3253\" srcset=\"https:\/\/dartproject.eu\/wp-content\/uploads\/2025\/10\/BEST-WEB2.png 557w, https:\/\/dartproject.eu\/wp-content\/uploads\/2025\/10\/BEST-WEB2-300x176.png 300w\" sizes=\"auto, (max-width: 557px) 100vw, 557px\" \/><figcaption class=\"wp-element-caption\">TARGU MURES, ROM\u00c2NIA<\/figcaption><\/figure>\n\n<figure class=\"wp-block-image size-large\"><img loading=\"lazy\" decoding=\"async\" width=\"600\" height=\"450\" data-id=\"3261\" src=\"https:\/\/dartproject.eu\/wp-content\/uploads\/2025\/10\/BESTWEB3.png\" alt=\"\" class=\"wp-image-3261\" srcset=\"https:\/\/dartproject.eu\/wp-content\/uploads\/2025\/10\/BESTWEB3.png 600w, https:\/\/dartproject.eu\/wp-content\/uploads\/2025\/10\/BESTWEB3-300x225.png 300w\" sizes=\"auto, (max-width: 600px) 100vw, 600px\" \/><figcaption class=\"wp-element-caption\">TARGU MURES, ROM\u00c2NIA<\/figcaption><\/figure>\n\n<figure class=\"wp-block-image size-large\"><img loading=\"lazy\" decoding=\"async\" width=\"600\" height=\"392\" data-id=\"3268\" src=\"https:\/\/dartproject.eu\/wp-content\/uploads\/2025\/10\/BEST-WEB1.png\" alt=\"\" class=\"wp-image-3268\" srcset=\"https:\/\/dartproject.eu\/wp-content\/uploads\/2025\/10\/BEST-WEB1.png 600w, https:\/\/dartproject.eu\/wp-content\/uploads\/2025\/10\/BEST-WEB1-300x196.png 300w\" sizes=\"auto, (max-width: 600px) 100vw, 600px\" \/><figcaption class=\"wp-element-caption\">TARGU MURES, ROM\u00c2NIA<\/figcaption><\/figure><\/figure>","protected":false},"excerpt":{"rendered":"VALENCIA, SPANIA VALENCIA, SPANIA VALENCIA, SPANIA ATENA, GRECIA ATENA, GRECIA ATENA, GRECIA TARGU MURES, ROM\u00c2NIA TARGU MURES, ROM\u00c2NIA TARGU MURES, ROM\u00c2NIA","protected":false},"author":1,"featured_media":0,"parent":0,"menu_order":0,"comment_status":"closed","ping_status":"closed","template":"","meta":{"footnotes":""},"class_list":["post-1098","page","type-page","status-publish","hentry"],"_links":{"self":[{"href":"https:\/\/dartproject.eu\/ro\/wp-json\/wp\/v2\/pages\/1098","targetHints":{"allow":["GET"]}}],"collection":[{"href":"https:\/\/dartproject.eu\/ro\/wp-json\/wp\/v2\/pages"}],"about":[{"href":"https:\/\/dartproject.eu\/ro\/wp-json\/wp\/v2\/types\/page"}],"author":[{"embeddable":true,"href":"https:\/\/dartproject.eu\/ro\/wp-json\/wp\/v2\/users\/1"}],"replies":[{"embeddable":true,"href":"https:\/\/dartproject.eu\/ro\/wp-json\/wp\/v2\/comments?post=1098"}],"version-history":[{"count":4,"href":"https:\/\/dartproject.eu\/ro\/wp-json\/wp\/v2\/pages\/1098\/revisions"}],"predecessor-version":[{"id":3290,"href":"https:\/\/dartproject.eu\/ro\/wp-json\/wp\/v2\/pages\/1098\/revisions\/3290"}],"wp:attachment":[{"href":"https:\/\/dartproject.eu\/ro\/wp-json\/wp\/v2\/media?parent=1098"}],"curies":[{"name":"wp","href":"https:\/\/api.w.org\/{rel}","templated":true}]}}