{"id":1110,"date":"2025-03-28T14:51:50","date_gmt":"2025-03-28T14:51:50","guid":{"rendered":"https:\/\/demo.dartproject.eu\/moodle-platform\/"},"modified":"2025-04-28T10:47:28","modified_gmt":"2025-04-28T10:47:28","slug":"moodle-platform","status":"publish","type":"page","link":"https:\/\/dartproject.eu\/ro\/moodle-platform\/","title":{"rendered":"Platform\u0103 Moodle"},"content":{"rendered":"<div class=\"wp-block-cover is-light has-parallax\"><div class=\"wp-block-cover__image-background wp-image-1499 has-parallax\" style=\"background-position:50% 50%;background-image:url(https:\/\/dartproject.eu\/wp-content\/uploads\/2025\/04\/platform-photo-scaled.jpg)\"><\/div><span aria-hidden=\"true\" class=\"wp-block-cover__background has-background-dim-0 has-background-dim\" style=\"background-color:#9baaac\"><\/span><div class=\"wp-block-cover__inner-container is-layout-constrained wp-block-cover-is-layout-constrained\"><p class=\"has-text-align-center has-large-font-size\"><\/p><\/div><\/div><p class=\"has-primary-color has-text-color has-link-color wp-elements-d6d755334cda25c003c0866e5f56e274\"><strong>PRODUS INTELECTUAL 2: PLATFORM\u0102 ELECTRONIC\u0102<\/strong><\/p><p>Am dezvoltat o platform\u0103 electronic\u0103 bazat\u0103 pe Moodle pentru a oferi profesorilor de educa\u021bie fizic\u0103 cuno\u0219tin\u021be valoroase legate de nevoile sportivilor lor diabetici.<br><br>Platforma noastr\u0103 electronic\u0103 include dou\u0103 p\u0103r\u021bi:<br><br><strong>A) SITE PROMO\u021aIONAL,<\/strong> versiuni \u00een 7 limbi: Acest site web promo\u021bional include informa\u021bii analitice referitoare la &nbsp;scopurile \u0219i obiectivele proiectului, activit\u0103\u021bile \u0219i rezultatele proiectului, grupurile \u021bint\u0103, parteneriatul, leg\u0103turile utile etc.<\/p><figure class=\"wp-block-image alignright size-large is-resized\"><img loading=\"lazy\" decoding=\"async\" width=\"1024\" height=\"816\" src=\"https:\/\/dartproject.eu\/wp-content\/uploads\/2025\/04\/LIHIY-1024x816.jpg\" alt=\"\" class=\"wp-image-1506\" style=\"width:430px;height:auto\" srcset=\"https:\/\/dartproject.eu\/wp-content\/uploads\/2025\/04\/LIHIY-1024x816.jpg 1024w, https:\/\/dartproject.eu\/wp-content\/uploads\/2025\/04\/LIHIY-300x239.jpg 300w, https:\/\/dartproject.eu\/wp-content\/uploads\/2025\/04\/LIHIY-768x612.jpg 768w, https:\/\/dartproject.eu\/wp-content\/uploads\/2025\/04\/LIHIY-600x478.jpg 600w, https:\/\/dartproject.eu\/wp-content\/uploads\/2025\/04\/LIHIY.jpg 1100w\" sizes=\"auto, (max-width: 1024px) 100vw, 1024px\" \/><\/figure><p><br><br><strong>B) PLATFORM\u0102 electronic\u0103 MOODLE <\/strong>cu acces deschis tuturor, inclusiv:<br>1) 30 de e-Module pentru profesori \u0219i antrenori de educa\u021bie fizic\u0103:<br>&#8211; urm\u0103rind s\u0103 ofere abilit\u0103\u021bi profesorilor \u0219i antrenorilor de educa\u021bie fizic\u0103 pentru a fi capabili s\u0103 fac\u0103 fa\u021b\u0103 oric\u0103rei situa\u021bii medicale de urgen\u021b\u0103 a sportivilor lor diabetici \u0219i<br>&#8211; educarea modului \u00een care pot oferi \u00eencurajare \u0219i sprijin sportivilor lor diabetici pentru a-\u0219i continua eforturile.<br><br>Modulele includ, de asemenea, printre altele:<br>a) informa\u021bii \u0219tiin\u021bifice privind beneficiile pentru s\u0103n\u0103tate legate de exerci\u021bii fizice specifice;<br>b) Strategii de sus\u021binere psihologic\u0103 a tinerilor \u0219i adul\u021bilor care sufer\u0103 de diabet de tip I \u0219i II pentru a-i \u00eencuraja s\u0103 se implice \u00een orele de educa\u021bie fizic\u0103.<br>c) Studii, opinii, ultimele constat\u0103ri referitoare la diabet \u0219i activitatea fizic\u0103, interviuri cu profesioni\u0219ti din domeniul s\u0103n\u0103t\u0103\u021bii \u0219i pove\u0219ti de succes ale pacien\u021bilor diabetici.<br><br><strong>SEC\u021aIA P\u0102RIN\u021aI<\/strong>: O sec\u021biune special\u0103 a platformei E este dedicat\u0103 cre\u0219terii gradului de con\u0219tientizare cu privire la importan\u021ba exerci\u021biilor fizice pentru persoanele cu diabet de tip I \u0219i II. Scopul nostru este de a convinge p\u0103rin\u021bii \u0219i familiile persoanelor care sufer\u0103 de diabet de tip I \u0219i II c\u0103 activitatea fizic\u0103 \u00eembun\u0103t\u0103\u021be\u0219te s\u0103n\u0103tatea; prin urmare trebuie s\u0103-\u0219i sprijine rudele s\u0103 se implice \u00een exerci\u021bii fizice sau sport.<br><br><\/p><div class=\"wp-block-media-text is-stacked-on-mobile\" style=\"grid-template-columns:23% auto\"><figure class=\"wp-block-media-text__media\"><img loading=\"lazy\" decoding=\"async\" width=\"450\" height=\"450\" src=\"https:\/\/dartproject.eu\/wp-content\/uploads\/2025\/04\/MOODLE-QR-CODE.png\" alt=\"\" class=\"wp-image-1508 size-full\" srcset=\"https:\/\/dartproject.eu\/wp-content\/uploads\/2025\/04\/MOODLE-QR-CODE.png 450w, https:\/\/dartproject.eu\/wp-content\/uploads\/2025\/04\/MOODLE-QR-CODE-300x300.png 300w, https:\/\/dartproject.eu\/wp-content\/uploads\/2025\/04\/MOODLE-QR-CODE-150x150.png 150w, https:\/\/dartproject.eu\/wp-content\/uploads\/2025\/04\/MOODLE-QR-CODE-100x100.png 100w\" sizes=\"auto, (max-width: 450px) 100vw, 450px\" \/><\/figure><div class=\"wp-block-media-text__content\"><p class=\"has-large-font-size\"><a href=\"http:\/\/moodle.dartproject.eu\" data-type=\"link\" data-id=\"moodle.dartproject.eu\"><strong>moodle.dartproject.eu<\/strong><\/a><\/p><\/div><\/div>","protected":false},"excerpt":{"rendered":"<p>PRODUS INTELECTUAL 2: PLATFORM\u0102 ELECTRONIC\u0102 Am dezvoltat o platform\u0103 electronic\u0103 bazat\u0103 pe Moodle pentru a oferi profesorilor de educa\u021bie fizic\u0103 cuno\u0219tin\u021be valoroase legate de nevoile sportivilor lor diabetici. Platforma noastr\u0103 electronic\u0103 include dou\u0103 p\u0103r\u021bi: A) SITE PROMO\u021aIONAL, versiuni \u00een 7 limbi: Acest site web promo\u021bional include informa\u021bii analitice referitoare la &nbsp;scopurile \u0219i obiectivele proiectului, activit\u0103\u021bile&#8230;<\/p>\n","protected":false},"author":1,"featured_media":0,"parent":0,"menu_order":0,"comment_status":"closed","ping_status":"closed","template":"","meta":{"footnotes":""},"class_list":["post-1110","page","type-page","status-publish","hentry"],"_links":{"self":[{"href":"https:\/\/dartproject.eu\/ro\/wp-json\/wp\/v2\/pages\/1110","targetHints":{"allow":["GET"]}}],"collection":[{"href":"https:\/\/dartproject.eu\/ro\/wp-json\/wp\/v2\/pages"}],"about":[{"href":"https:\/\/dartproject.eu\/ro\/wp-json\/wp\/v2\/types\/page"}],"author":[{"embeddable":true,"href":"https:\/\/dartproject.eu\/ro\/wp-json\/wp\/v2\/users\/1"}],"replies":[{"embeddable":true,"href":"https:\/\/dartproject.eu\/ro\/wp-json\/wp\/v2\/comments?post=1110"}],"version-history":[{"count":4,"href":"https:\/\/dartproject.eu\/ro\/wp-json\/wp\/v2\/pages\/1110\/revisions"}],"predecessor-version":[{"id":3002,"href":"https:\/\/dartproject.eu\/ro\/wp-json\/wp\/v2\/pages\/1110\/revisions\/3002"}],"wp:attachment":[{"href":"https:\/\/dartproject.eu\/ro\/wp-json\/wp\/v2\/media?parent=1110"}],"curies":[{"name":"wp","href":"https:\/\/api.w.org\/{rel}","templated":true}]}}