{"id":1141,"date":"2025-03-28T16:20:49","date_gmt":"2025-03-28T16:20:49","guid":{"rendered":"https:\/\/demo.dartproject.eu\/podcast-series\/"},"modified":"2025-04-28T21:13:18","modified_gmt":"2025-04-28T21:13:18","slug":"podcast-series","status":"publish","type":"page","link":"https:\/\/dartproject.eu\/ro\/podcast-series\/","title":{"rendered":"Seria de Podcasturi"},"content":{"rendered":"<div class=\"wp-block-cover is-light has-parallax\"><div class=\"wp-block-cover__image-background wp-image-1538 has-parallax\" style=\"background-position:50% 50%;background-image:url(https:\/\/dartproject.eu\/wp-content\/uploads\/2025\/04\/podcasts-photos.jpg)\"><\/div><span aria-hidden=\"true\" class=\"wp-block-cover__background has-background-dim-0 has-background-dim\" style=\"background-color:#c2d9d7\"><\/span><div class=\"wp-block-cover__inner-container is-layout-constrained wp-block-cover-is-layout-constrained\"><p class=\"has-text-align-center has-large-font-size\"><\/p><\/div><\/div><p class=\"has-primary-color has-text-color has-link-color wp-elements-d4c20f0b347cc805678265c1583444c2\"><strong>Seria de Podcasturi:<\/strong> Aceasta este o alt\u0103 inova\u021bie a proiectului nostru. Include o serie de 15 podcasturi care con\u021bin discu\u021bii interesante cu exper\u021bi \u00een domeniile diabetului \u0219i activit\u0103\u021bii fizice sau pove\u0219ti de succes ale pacien\u021bilor diabetici.<br><\/p><figure class=\"wp-block-table\"><table class=\"has-light-color-color has-secondary-shade-1-background-color has-text-color has-background has-link-color has-fixed-layout\"><tbody><tr><td><strong>&nbsp;<\/strong><\/td><td><strong>PODCASTURI<\/strong><\/td><td><strong>TITLU<\/strong><\/td><td><strong>LINK YOUTUBE<\/strong> <strong>&nbsp;<\/strong><\/td><td><strong>PLATFORM\u0102 LINK MOODLE<\/strong><\/td><\/tr><tr><td>1.<img loading=\"lazy\" decoding=\"async\" width=\"150\" height=\"83\" class=\"wp-image-1668\" style=\"width: 150px;\" src=\"https:\/\/dartproject.eu\/wp-content\/uploads\/2025\/04\/podcast-modified.png\" alt=\"\" srcset=\"https:\/\/dartproject.eu\/wp-content\/uploads\/2025\/04\/podcast-modified.png 561w, https:\/\/dartproject.eu\/wp-content\/uploads\/2025\/04\/podcast-modified-300x165.png 300w\" sizes=\"auto, (max-width: 150px) 100vw, 150px\" \/><\/td><td>TR\u0102IND CU DIABETUL DE TIP 1<\/td><td>SFATURI \u0218I KNOW-HOW Interviu cu Dr. Cristina Ferrer Abero \u0219i Isabel Beltran Gil (pacient)<\/td><td><a href=\"https:\/\/youtu.be\/sWAv-o4IwIE\">https:\/\/youtu.be\/sWAv-o4IwIE<\/a> &nbsp;<\/td><td>&nbsp;<a href=\"https:\/\/moodle.dartproject.eu\/course\/section.php?id=347\">https:\/\/moodle.dartproject.eu\/course\/section.php?id=347<\/a><\/td><\/tr><tr><td>2.<img loading=\"lazy\" decoding=\"async\" width=\"150\" height=\"83\" class=\"wp-image-1668\" style=\"width: 150px;\" src=\"https:\/\/dartproject.eu\/wp-content\/uploads\/2025\/04\/podcast-modified.png\" alt=\"\" srcset=\"https:\/\/dartproject.eu\/wp-content\/uploads\/2025\/04\/podcast-modified.png 561w, https:\/\/dartproject.eu\/wp-content\/uploads\/2025\/04\/podcast-modified-300x165.png 300w\" sizes=\"auto, (max-width: 150px) 100vw, 150px\" \/><\/td><td>TR\u0102IND CU DIABETUL DE TIP 2<\/td><td>SFATURI \u0218I&nbsp;KNOW-HOW&nbsp;Interviu cu Dr. Angeliki Gouli, medic endocrinolog<\/td><td><a href=\"https:\/\/youtu.be\/zoxQAgB4GzU\">https:\/\/youtu.be\/zoxQAgB4GzU<\/a> &nbsp;<\/td><td>&nbsp;<a href=\"https:\/\/moodle.dartproject.eu\/course\/section.php?id=347\">https:\/\/moodle.dartproject.eu\/course\/section.php?id=347<\/a><\/td><\/tr><tr><td>3.<img loading=\"lazy\" decoding=\"async\" width=\"150\" height=\"83\" class=\"wp-image-1668\" style=\"width: 150px;\" src=\"https:\/\/dartproject.eu\/wp-content\/uploads\/2025\/04\/podcast-modified.png\" alt=\"\" srcset=\"https:\/\/dartproject.eu\/wp-content\/uploads\/2025\/04\/podcast-modified.png 561w, https:\/\/dartproject.eu\/wp-content\/uploads\/2025\/04\/podcast-modified-300x165.png 300w\" sizes=\"auto, (max-width: 150px) 100vw, 150px\" \/><\/td><td>TR\u0102I\u021aI CU DIABET DE TIP 1<\/td><td>OPINIA EXPER\u021aILOR<br>Interviu cu Dr. Sanja Pavi\u0107, MD<\/td><td>&nbsp;<a href=\"https:\/\/youtu.be\/E6AqpC0P6r0\">https:\/\/youtu.be\/E6AqpC0P6r0<\/a><\/td><td>&nbsp;<a href=\"https:\/\/moodle.dartproject.eu\/course\/section.php?id=334\">https:\/\/moodle.dartproject.eu\/course\/section.php?id=334<\/a><\/td><\/tr><tr><td>4.<img loading=\"lazy\" decoding=\"async\" width=\"150\" height=\"83\" class=\"wp-image-1668\" style=\"width: 150px;\" src=\"https:\/\/dartproject.eu\/wp-content\/uploads\/2025\/04\/podcast-modified.png\" alt=\"\" srcset=\"https:\/\/dartproject.eu\/wp-content\/uploads\/2025\/04\/podcast-modified.png 561w, https:\/\/dartproject.eu\/wp-content\/uploads\/2025\/04\/podcast-modified-300x165.png 300w\" sizes=\"auto, (max-width: 150px) 100vw, 150px\" \/><\/td><td>TR\u0102IND CU DIABETUL DE TIP 2<\/td><td>OPINIA&nbsp;EXPER\u021aILOR<br>Interviu cu Dr. Rui Ramos, medical doctor&nbsp;<\/td><td>&nbsp;<a href=\"https:\/\/youtu.be\/WCtyoplZVZM\">https:\/\/youtu.be\/WCtyoplZVZM<\/a><\/td><td>&nbsp;<a href=\"https:\/\/moodle.dartproject.eu\/course\/section.php?id=335\">https:\/\/moodle.dartproject.eu\/course\/section.php?id=335<\/a><\/td><\/tr><tr><td>5.<img loading=\"lazy\" decoding=\"async\" width=\"150\" height=\"83\" class=\"wp-image-1668\" style=\"width: 150px;\" src=\"https:\/\/dartproject.eu\/wp-content\/uploads\/2025\/04\/podcast-modified.png\" alt=\"\" srcset=\"https:\/\/dartproject.eu\/wp-content\/uploads\/2025\/04\/podcast-modified.png 561w, https:\/\/dartproject.eu\/wp-content\/uploads\/2025\/04\/podcast-modified-300x165.png 300w\" sizes=\"auto, (max-width: 150px) 100vw, 150px\" \/><\/td><td>TR\u0102IND CU DIABETUL DE TIP 1 \u0218I 2<\/td><td>SFATURI MEDICALE Interviu cu Dr. Riccardo Maria Pollis, medic diabetolog<\/td><td><a href=\"https:\/\/youtu.be\/D8dvCYsWDcY\">https:\/\/youtu.be\/D8dvCYsWDcY<\/a> &nbsp;<\/td><td>&nbsp;<a href=\"https:\/\/moodle.dartproject.eu\/course\/section.php?id=336\">https:\/\/moodle.dartproject.eu\/course\/section.php?id=336<\/a><\/td><\/tr><tr><td>6.<img loading=\"lazy\" decoding=\"async\" width=\"150\" height=\"83\" class=\"wp-image-1668\" style=\"width: 150px;\" src=\"https:\/\/dartproject.eu\/wp-content\/uploads\/2025\/04\/podcast-modified.png\" alt=\"\" srcset=\"https:\/\/dartproject.eu\/wp-content\/uploads\/2025\/04\/podcast-modified.png 561w, https:\/\/dartproject.eu\/wp-content\/uploads\/2025\/04\/podcast-modified-300x165.png 300w\" sizes=\"auto, (max-width: 150px) 100vw, 150px\" \/><\/td><td>DIABETUL DE TIP 1 \u015eI EDUCA\u0162IA FIZIC\u0102<\/td><td>IMPACTUL EXERCI\u021aIULUI ASUPRA REZULTATELOR DIABET Interviu Dr. Laura Elvira Macagno (Profesor de \u0218tiin\u021be ale activit\u0103\u021bii fizice \u0219i Sportului) \u0219i Marina Conesa Molina (pacient)&nbsp;<\/td><td><a href=\"https:\/\/youtu.be\/DlK8Qx3bO7Q\">https:\/\/youtu.be\/DlK8Qx3bO7Q<\/a> &nbsp;<\/td><td>&nbsp;<a href=\"https:\/\/moodle.dartproject.eu\/course\/section.php?id=337\">https:\/\/moodle.dartproject.eu\/course\/section.php?id=337<\/a><\/td><\/tr><tr><td>7.<img loading=\"lazy\" decoding=\"async\" width=\"150\" height=\"83\" class=\"wp-image-1668\" style=\"width: 150px;\" src=\"https:\/\/dartproject.eu\/wp-content\/uploads\/2025\/04\/podcast-modified.png\" alt=\"\" srcset=\"https:\/\/dartproject.eu\/wp-content\/uploads\/2025\/04\/podcast-modified.png 561w, https:\/\/dartproject.eu\/wp-content\/uploads\/2025\/04\/podcast-modified-300x165.png 300w\" sizes=\"auto, (max-width: 150px) 100vw, 150px\" \/><\/td><td>DIABETUL DE TIP 2 \u015eI EDUCA\u0162IA FIZIC\u0102<\/td><td>VALOAREA EXERCI\u021aIULUI \u00ceN PREVEN\u021aIE <br>Interviu cu Dr. Marco Vecchiato, medic specialist \u00een medicina sportiv\u0103 \u0219i a exerci\u021biului fizic<\/td><td><a href=\"https:\/\/youtu.be\/T67bBUnsAJ0\">https:\/\/youtu.be\/T67bBUnsAJ0<\/a> &nbsp;<\/td><td>&nbsp;<a href=\"https:\/\/moodle.dartproject.eu\/course\/section.php?id=338\">https:\/\/moodle.dartproject.eu\/course\/section.php?id=338<\/a><\/td><\/tr><tr><td>8.<img loading=\"lazy\" decoding=\"async\" width=\"150\" height=\"83\" class=\"wp-image-1668\" style=\"width: 150px;\" src=\"https:\/\/dartproject.eu\/wp-content\/uploads\/2025\/04\/podcast-modified.png\" alt=\"\" srcset=\"https:\/\/dartproject.eu\/wp-content\/uploads\/2025\/04\/podcast-modified.png 561w, https:\/\/dartproject.eu\/wp-content\/uploads\/2025\/04\/podcast-modified-300x165.png 300w\" sizes=\"auto, (max-width: 150px) 100vw, 150px\" \/><\/td><td>DIABETUL DE TIP 1 \u015eI EDUCA\u0162IA FIZIC\u0102<\/td><td>PRECAU\u021aII&nbsp;<br>Interviu cu Jorge Daniel Martins Branquinho<\/td><td>&nbsp;<a href=\"https:\/\/youtu.be\/NeLEv_83zCc\">https:\/\/youtu.be\/NeLEv_83zCc<\/a><\/td><td>&nbsp;<a href=\"https:\/\/moodle.dartproject.eu\/course\/section.php?id=339\">https:\/\/moodle.dartproject.eu\/course\/section.php?id=339<\/a><\/td><\/tr><tr><td>9<img loading=\"lazy\" decoding=\"async\" width=\"150\" height=\"83\" class=\"wp-image-1668\" style=\"width: 150px;\" src=\"https:\/\/dartproject.eu\/wp-content\/uploads\/2025\/04\/podcast-modified.png\" alt=\"\" srcset=\"https:\/\/dartproject.eu\/wp-content\/uploads\/2025\/04\/podcast-modified.png 561w, https:\/\/dartproject.eu\/wp-content\/uploads\/2025\/04\/podcast-modified-300x165.png 300w\" sizes=\"auto, (max-width: 150px) 100vw, 150px\" \/><\/td><td>DIABETUL DE TIP 2 \u015eI EDUCA\u0162IA FIZIC\u0102<\/td><td>PRECAU\u021aII  Interviu cu Dr. Sanja Pavi\u0107, MD<\/td><td>&nbsp;<a href=\"https:\/\/youtu.be\/gA-2Khi0QHY\">https:\/\/youtu.be\/gA-2Khi0QHY<\/a><\/td><td>&nbsp;<a href=\"https:\/\/moodle.dartproject.eu\/course\/section.php?id=340\">https:\/\/moodle.dartproject.eu\/course\/section.php?id=340<\/a><\/td><\/tr><tr><td>10.<img loading=\"lazy\" decoding=\"async\" width=\"150\" height=\"83\" class=\"wp-image-1668\" style=\"width: 150px;\" src=\"https:\/\/dartproject.eu\/wp-content\/uploads\/2025\/04\/podcast-modified.png\" alt=\"\" srcset=\"https:\/\/dartproject.eu\/wp-content\/uploads\/2025\/04\/podcast-modified.png 561w, https:\/\/dartproject.eu\/wp-content\/uploads\/2025\/04\/podcast-modified-300x165.png 300w\" sizes=\"auto, (max-width: 150px) 100vw, 150px\" \/><\/td><td>ALIMENTE PENTRU DIABETICI&nbsp;<\/td><td>PENTRU DIABETUL DE TIP 1 Interviu cu Dr. Angeliki Gouli, medic endocrinog<\/td><td><a href=\"https:\/\/youtu.be\/KlxyCHPbqn0\">https:\/\/youtu.be\/KlxyCHPbqn0<\/a> &nbsp;<\/td><td>&nbsp;<a href=\"https:\/\/moodle.dartproject.eu\/course\/section.php?id=341\">https:\/\/moodle.dartproject.eu\/course\/section.php?id=341<\/a><\/td><\/tr><tr><td>11.<img loading=\"lazy\" decoding=\"async\" width=\"150\" height=\"83\" class=\"wp-image-1668\" style=\"width: 150px;\" src=\"https:\/\/dartproject.eu\/wp-content\/uploads\/2025\/04\/podcast-modified.png\" alt=\"\" srcset=\"https:\/\/dartproject.eu\/wp-content\/uploads\/2025\/04\/podcast-modified.png 561w, https:\/\/dartproject.eu\/wp-content\/uploads\/2025\/04\/podcast-modified-300x165.png 300w\" sizes=\"auto, (max-width: 150px) 100vw, 150px\" \/><\/td><td>ALIMENTE PENTRU DIABETICI<\/td><td>PENTRU DIABET DE TIP 2, Interviu cu Dr. Angeliki Gouli, medic endocrinolog<\/td><td><a href=\"https:\/\/youtu.be\/iNmt_ikXYPY\">https:\/\/youtu.be\/iNmt_ikXYPY<\/a> &nbsp;<\/td><td>&nbsp;<a href=\"https:\/\/youtu.be\/iNmt_ikXYPY\">https:\/\/youtu.be\/iNmt_ikXYPY<\/a><\/td><\/tr><tr><td>12.<img loading=\"lazy\" decoding=\"async\" width=\"150\" height=\"83\" class=\"wp-image-1668\" style=\"width: 150px;\" src=\"https:\/\/dartproject.eu\/wp-content\/uploads\/2025\/04\/podcast-modified.png\" alt=\"\" srcset=\"https:\/\/dartproject.eu\/wp-content\/uploads\/2025\/04\/podcast-modified.png 561w, https:\/\/dartproject.eu\/wp-content\/uploads\/2025\/04\/podcast-modified-300x165.png 300w\" sizes=\"auto, (max-width: 150px) 100vw, 150px\" \/><\/td><td>POVE\u0218TI DE SUCCES<\/td><td>PACIENTUL 1 Interviu cu Ionu\u021b B\u00e2rsan (pacient)<\/td><td><a href=\"https:\/\/youtu.be\/EfiXaUcHzwQ\">https:\/\/youtu.be\/EfiXaUcHzwQ<\/a> &nbsp;<\/td><td>&nbsp;<a href=\"https:\/\/youtu.be\/EfiXaUcHzwQ\">https:\/\/youtu.be\/EfiXaUcHzwQ<\/a><\/td><\/tr><tr><td>13.<img loading=\"lazy\" decoding=\"async\" width=\"150\" height=\"83\" class=\"wp-image-1668\" style=\"width: 150px;\" src=\"https:\/\/dartproject.eu\/wp-content\/uploads\/2025\/04\/podcast-modified.png\" alt=\"\" srcset=\"https:\/\/dartproject.eu\/wp-content\/uploads\/2025\/04\/podcast-modified.png 561w, https:\/\/dartproject.eu\/wp-content\/uploads\/2025\/04\/podcast-modified-300x165.png 300w\" sizes=\"auto, (max-width: 150px) 100vw, 150px\" \/><\/td><td>POVE\u0218TI DE SUCCES<\/td><td>PACIENTUL 2 Interviu cu Dalea Medve Mihaela (pacient)<\/td><td><a href=\"https:\/\/youtu.be\/42WzJUR4l1A\">https:\/\/youtu.be\/42WzJUR4l1A<\/a> &nbsp;<\/td><td>&nbsp;<a href=\"https:\/\/youtu.be\/42WzJUR4l1A\">https:\/\/youtu.be\/42WzJUR4l1A<\/a><\/td><\/tr><tr><td>14.<img loading=\"lazy\" decoding=\"async\" width=\"150\" height=\"83\" class=\"wp-image-1668\" style=\"width: 150px;\" src=\"https:\/\/dartproject.eu\/wp-content\/uploads\/2025\/04\/podcast-modified.png\" alt=\"\" srcset=\"https:\/\/dartproject.eu\/wp-content\/uploads\/2025\/04\/podcast-modified.png 561w, https:\/\/dartproject.eu\/wp-content\/uploads\/2025\/04\/podcast-modified-300x165.png 300w\" sizes=\"auto, (max-width: 150px) 100vw, 150px\" \/><\/td><td>POVE\u0218TI DE SUCCES<\/td><td>PACIENTUL 3 Interviu cu David Petri\u0219or (pacient)<\/td><td><a href=\"https:\/\/youtu.be\/0yTAuG--jiE\">https:\/\/youtu.be\/0yTAuG&#8211;jiE<\/a> &nbsp;<\/td><td>&nbsp;<a href=\"https:\/\/youtu.be\/0yTAuG--jiE\">https:\/\/youtu.be\/0yTAuG&#8211;jiE<\/a><\/td><\/tr><tr><td>15.<img loading=\"lazy\" decoding=\"async\" width=\"150\" height=\"83\" class=\"wp-image-1668\" style=\"width: 150px;\" src=\"https:\/\/dartproject.eu\/wp-content\/uploads\/2025\/04\/podcast-modified.png\" alt=\"\" srcset=\"https:\/\/dartproject.eu\/wp-content\/uploads\/2025\/04\/podcast-modified.png 561w, https:\/\/dartproject.eu\/wp-content\/uploads\/2025\/04\/podcast-modified-300x165.png 300w\" sizes=\"auto, (max-width: 150px) 100vw, 150px\" \/><\/td><td>POVE\u0218TI DE SUCCES<\/td><td>PACIENTUL 4 Interviu cu Daboczi Matyas (pacient)<\/td><td><a href=\"https:\/\/youtu.be\/xCXLBLDQgP4\">https:\/\/youtu.be\/xCXLBLDQgP4<\/a> &nbsp;<\/td><td>&nbsp;<a href=\"https:\/\/youtu.be\/xCXLBLDQgP4\">https:\/\/youtu.be\/xCXLBLDQgP4<\/a><\/td><\/tr><\/tbody><\/table><\/figure>","protected":false},"excerpt":{"rendered":"<p>Seria de Podcasturi: Aceasta este o alt\u0103 inova\u021bie a proiectului nostru. Include o serie de 15 podcasturi care con\u021bin discu\u021bii interesante cu exper\u021bi \u00een domeniile diabetului \u0219i activit\u0103\u021bii fizice sau pove\u0219ti de succes ale pacien\u021bilor diabetici. &nbsp; PODCASTURI TITLU LINK YOUTUBE &nbsp; PLATFORM\u0102 LINK MOODLE 1. TR\u0102IND CU DIABETUL DE TIP 1 SFATURI \u0218I KNOW-HOW&#8230;<\/p>\n","protected":false},"author":1,"featured_media":0,"parent":0,"menu_order":0,"comment_status":"closed","ping_status":"closed","template":"","meta":{"footnotes":""},"class_list":["post-1141","page","type-page","status-publish","hentry"],"_links":{"self":[{"href":"https:\/\/dartproject.eu\/ro\/wp-json\/wp\/v2\/pages\/1141","targetHints":{"allow":["GET"]}}],"collection":[{"href":"https:\/\/dartproject.eu\/ro\/wp-json\/wp\/v2\/pages"}],"about":[{"href":"https:\/\/dartproject.eu\/ro\/wp-json\/wp\/v2\/types\/page"}],"author":[{"embeddable":true,"href":"https:\/\/dartproject.eu\/ro\/wp-json\/wp\/v2\/users\/1"}],"replies":[{"embeddable":true,"href":"https:\/\/dartproject.eu\/ro\/wp-json\/wp\/v2\/comments?post=1141"}],"version-history":[{"count":8,"href":"https:\/\/dartproject.eu\/ro\/wp-json\/wp\/v2\/pages\/1141\/revisions"}],"predecessor-version":[{"id":3078,"href":"https:\/\/dartproject.eu\/ro\/wp-json\/wp\/v2\/pages\/1141\/revisions\/3078"}],"wp:attachment":[{"href":"https:\/\/dartproject.eu\/ro\/wp-json\/wp\/v2\/media?parent=1141"}],"curies":[{"name":"wp","href":"https:\/\/api.w.org\/{rel}","templated":true}]}}