{"id":1155,"date":"2025-03-28T14:53:11","date_gmt":"2025-03-28T14:53:11","guid":{"rendered":"https:\/\/demo.dartproject.eu\/reports\/"},"modified":"2025-04-13T15:33:09","modified_gmt":"2025-04-13T15:33:09","slug":"reports","status":"publish","type":"page","link":"https:\/\/dartproject.eu\/ro\/reports\/","title":{"rendered":"Rapoarte"},"content":{"rendered":"<div class=\"wp-block-cover is-light has-parallax\"><span aria-hidden=\"true\" class=\"wp-block-cover__background has-background-dim-0 has-background-dim\" style=\"background-color:#32bfcb\"><\/span><div class=\"wp-block-cover__image-background wp-image-1722 has-parallax\" style=\"background-position:50% 50%;background-image:url(https:\/\/dartproject.eu\/wp-content\/uploads\/2025\/04\/composition-medical-objects-with-copyspace-copy.jpg)\"><\/div><div class=\"wp-block-cover__inner-container is-layout-constrained wp-block-cover-is-layout-constrained\"><p class=\"has-text-align-center has-large-font-size\"><\/p><\/div><\/div><p class=\"has-primary-color has-text-color has-link-color wp-elements-8bf10991841c5ae11c7898cc264e62e0\"><strong>REZULTAT INTELECTUAL<\/strong><strong>&nbsp; <\/strong><strong>3: CHESTIONARE<\/strong><\/p><p>Am proiectat \u0219i dezvoltat chestionare \u00een 7 versiuni lingvistice pentru formularele de evaluare a materialelor care sunt distribuite participan\u021bilor \u00eenainte \u0219i dup\u0103 \u00eencheierea perioadei de aplicare-pilot.<br>Dovezile colectate sunt considerate ca un \u00eentreg pentru a puncta indicatorul pe o scar\u0103 de cinci puncte, unde Nivelul 1 este asociat cu cel mai sc\u0103zut nivel de \u00eengrijorare \u0219i Nivelul 5 cu cel mai ridicat.<br>Rezultatele sunt adunate din rezultatele noastre intelectuale digitale: software pentru aplica\u021bii mobile \u0219i platform\u0103 electronic\u0103, precum \u0219i din Multiplicator \u0219i evenimente de streaming live.<\/p><p class=\"has-primary-color has-text-color has-link-color wp-elements-3d09df6796c2fc2a20d18efbb0364d17\"><br><br><strong>RESULTARE INTELECTUAL\u01024: RAPOARTE<\/strong><\/p><p>DART a elaborat \u0219ase rapoarte din toate \u021b\u0103rile participante, inclusiv rezultatele aplic\u0103rii pilot a rezultatelor DART c\u0103tre grupurile noastre \u021bint\u0103.<br>Rapoartele con\u021bin rezultatele evalu\u0103rii din aplicarea pilot a produselor noastre Digital Intellectual:<br><br><strong>a) Aplica\u021bie mobil\u0103 (Programe de antrenament pentru pacien\u021bii diabetici de tip I \u0219i II)<\/strong><br>Din num\u0103rul de \u201earbori ai vie\u021bii\u201d digitale care sunt finaliza\u021bi, am primit informa\u021bii despre c\u00e2\u021bi oameni au finalizat programul de antrenament, c\u00e2\u021bi l-au \u00eentrerupt \u0219i \u00een ce stadiu, tipul de diabet de care sufer\u0103, v\u00e2rst\u0103, sex.<br><br><strong>b) Statistici E-Platform<\/strong><\/p><p>-Rezultate din analiza statistic\u0103 a platformei electronice (num\u0103r de utilizatori care s-au conectat la module, num\u0103r de vizite etc.)<br>&#8211; Colectarea datelor de evaluare adunate de la persoanele care au participat la evenimente online.<\/p><p><strong>c) <\/strong>Rezultatele din formularele de evaluare a Materialelor care sunt distribuite sportivilor diabetici, p\u0103rin\u021bilor \u0219i profesorilor\/antrenorilor dup\u0103 evenimentele Multiplicator.<br><\/p><p class=\"has-primary-color has-text-color has-link-color wp-elements-61be32751ab6fb9b98b13f3ede268e8c\"><strong>ANALIZA REZULTATELOR<\/strong><\/p><p>-Analiza rezultatelor adunate conform Indicatorilor.<\/p><p>-Elaborarea a 6 rapoarte (limba EN), c\u00e2te unul pentru fiecare \u021bar\u0103 participant\u0103.<\/p><p class=\"has-primary-color has-text-color has-link-color wp-elements-846952288518f8d0cba87d045bd38f36\"><br><br><strong>RAPORT FINAL \u0219i Analiz\u0103 statistic\u0103<\/strong><\/p><p>RAPORTUL FINAL include analiza rezultatelor primite din Rapoartele tuturor institu\u021biilor participante conform indicatorilor analiza\u021bi \u00een sec\u021biunea Metodologie.<br>&#8211; ANALIZA STATISTIC\u0102: DART include, de asemenea, Analiza statistic\u0103 a rezultatelor utile pentru investiga\u021bii ulterioare \u00een domeniu \u0219i RECOMAND\u0102RI pentru includerea grupurilor defavorizate care sunt utile pentru factorii de decizie \u00een domeniul sportului.<br>Rapoartele elaborate de rezultatele proiectului nostru sunt foarte<br>utile pentru analiza strategiilor de incluziune pentru grupurile defavorizate \u0219i ar putea ajuta sportul \u0219i factorii de decizie din Europa s\u0103 adune date valoroase pentru studiile lor.<\/p>","protected":false},"excerpt":{"rendered":"<p>REZULTAT INTELECTUAL&nbsp; 3: CHESTIONARE Am proiectat \u0219i dezvoltat chestionare \u00een 7 versiuni lingvistice pentru formularele de evaluare a materialelor care sunt distribuite participan\u021bilor \u00eenainte \u0219i dup\u0103 \u00eencheierea perioadei de aplicare-pilot.Dovezile colectate sunt considerate ca un \u00eentreg pentru a puncta indicatorul pe o scar\u0103 de cinci puncte, unde Nivelul 1 este asociat cu cel mai sc\u0103zut&#8230;<\/p>\n","protected":false},"author":1,"featured_media":0,"parent":0,"menu_order":0,"comment_status":"closed","ping_status":"closed","template":"","meta":{"footnotes":""},"class_list":["post-1155","page","type-page","status-publish","hentry"],"_links":{"self":[{"href":"https:\/\/dartproject.eu\/ro\/wp-json\/wp\/v2\/pages\/1155","targetHints":{"allow":["GET"]}}],"collection":[{"href":"https:\/\/dartproject.eu\/ro\/wp-json\/wp\/v2\/pages"}],"about":[{"href":"https:\/\/dartproject.eu\/ro\/wp-json\/wp\/v2\/types\/page"}],"author":[{"embeddable":true,"href":"https:\/\/dartproject.eu\/ro\/wp-json\/wp\/v2\/users\/1"}],"replies":[{"embeddable":true,"href":"https:\/\/dartproject.eu\/ro\/wp-json\/wp\/v2\/comments?post=1155"}],"version-history":[{"count":4,"href":"https:\/\/dartproject.eu\/ro\/wp-json\/wp\/v2\/pages\/1155\/revisions"}],"predecessor-version":[{"id":1858,"href":"https:\/\/dartproject.eu\/ro\/wp-json\/wp\/v2\/pages\/1155\/revisions\/1858"}],"wp:attachment":[{"href":"https:\/\/dartproject.eu\/ro\/wp-json\/wp\/v2\/media?parent=1155"}],"curies":[{"name":"wp","href":"https:\/\/api.w.org\/{rel}","templated":true}]}}