{"id":860,"date":"2025-03-28T02:07:26","date_gmt":"2025-03-28T02:07:26","guid":{"rendered":"https:\/\/demo.dartproject.eu\/goals\/"},"modified":"2025-04-28T10:41:43","modified_gmt":"2025-04-28T10:41:43","slug":"goals","status":"publish","type":"page","link":"https:\/\/dartproject.eu\/ro\/goals\/","title":{"rendered":"Obiective"},"content":{"rendered":"<div class=\"wp-block-cover is-light has-parallax\"><div class=\"wp-block-cover__image-background wp-image-1344 has-parallax\" style=\"background-position:50% 50%;background-image:url(https:\/\/dartproject.eu\/wp-content\/uploads\/2025\/04\/woman-sitting-playground-with-phone-her-hands-1.jpg)\"><\/div><span aria-hidden=\"true\" class=\"wp-block-cover__background has-background-dim-0 has-background-dim\" style=\"background-color:#6191a4\"><\/span><div class=\"wp-block-cover__inner-container is-layout-constrained wp-block-cover-is-layout-constrained\"><p class=\"has-text-align-center has-large-font-size\"><\/p><\/div><\/div><p class=\"has-primary-color has-text-color has-link-color has-big-font-size wp-elements-19ac8b7eff29ef7c06401c2bb62af6bc\"><strong>Proiectul<\/strong><strong><\/strong><\/p><p>Proiectul DART \u00ee\u0219i propune s\u0103 promoveze sinergiile dintre sport \u0219i s\u0103n\u0103tate, s\u0103 promoveze incluziunea \u00een sport, s\u0103 promoveze activitatea fizic\u0103 de \u00eembun\u0103t\u0103\u021bire a s\u0103n\u0103t\u0103\u021bii pentru persoanele cu diabet zaharat de tip I \u0219i II, s\u0103 \u00eencurajeze stilul de via\u021b\u0103 s\u0103n\u0103tos \u0219i s\u0103 con\u0219tientizeze valoarea ad\u0103ugat\u0103 a sportului \u0219i a activit\u0103\u021bii fizice.<br>Obiectivele DART sunt atinse prin proiectarea \u0219i implementarea unor instrumente digitale inovatoare \u0219i a modulelor electronice de formare.<br><\/p><p>Mai exact, proiectul DART a dezvoltat \u0219i implementat:<br><\/p><p>a) APP: o aplica\u021bie mobil\u0103 inovatoare, distractiv\u0103 \u0219i ecologic\u0103 \u00een 7 versiuni lingvistice, folosind un antrenor personal de realitate augmentat\u0103 care pred\u0103 pacien\u021bilor cu diabet zaharat exerci\u021bii fizice specializate care ajut\u0103 la:<\/p><p>\u2013\u00a0reducerea tensiunii arteriale;<\/p><p>\u2013 sc\u0103derea nivelului de gr\u0103simi din s\u00e2nge;<\/p><p>\u2013 men\u021binerea unei inimi s\u0103n\u0103toase;<\/p><p>\u2013 \u00eembun\u0103t\u0103\u021birea nivelului zah\u0103rului din s\u00e2nge \u0219i previnerea cre\u0219terii \u00een greutate.<\/p><p>De asemenea, aplica\u021bia include tehnologia geofence pentru activit\u0103\u021bi \u00een aer liber, un calendar personalizat pentru introducerea medicamentelor, program\u0103ri la doctor etc. \u0219i un memento al dozei de insulin\u0103;<\/p><p>b) PLATFORM\u0102 MOODLE: 30 de module electronice interactive bazate pe Moodle care vizeaz\u0103 profesorii de educa\u021bie fizic\u0103, inclusiv serii de podcasturi; c) Evenimente de sensibilizare (multiplicator \u0219i streaming live) care vizeaz\u0103 un public mai larg de pacien\u021bi diabetici (tip I \u0219i II) \u0219i familiile acestora din toate \u021b\u0103rile implicate \u0219i mai sus.<br><\/p><p>Obiectivele DART legate de ac\u021biunea SPORT sunt:<br><br>1) s\u0103 \u00eencurajeze un stil de via\u021b\u0103 s\u0103n\u0103tos pentru to\u021bi \u0219i<br>2) s\u0103 promoveze participarea la sport \u0219i activitate fizic\u0103 care \u00eembun\u0103t\u0103\u021be\u0219te s\u0103n\u0103tatea (prioritatea PLANUL DE MUNC\u0102 AL UE PENTRU SPORT 2021-2024)<br><br>\u00cen mod specific, proiectul DART \u00ee\u0219i propune s\u0103:<br>a) promoveze sinergiile \u00eentre sport \u0219i s\u0103n\u0103tate;<br>b) promoveze incluziunea \u00een sport;<br>c) promoveze activitatea fizic\u0103 care \u00eembun\u0103t\u0103\u021be\u0219te s\u0103n\u0103tatea persoanelor cu diabet zaharat de tip I \u0219i II;<br>d) \u00eencurajeze un stil de via\u021b\u0103 s\u0103n\u0103tos;<br>e) ajute la con\u0219tientizarea pacien\u021bilor diabetici \u0219i a familiilor acestora cu privire la valoarea ad\u0103ugat\u0103 a sportului \u0219i a activit\u0103\u021bii fizice;<br>f) educe profesorii \u0219i antrenorii de activitate fizic\u0103 cu privire la problemele legate de activitatea fizic\u0103 \u0219i diabetul;<br>g) foloseasc\u0103 tehnologia digital\u0103 \u0219i, mai precis, tehnologia mobil\u0103 inovatoare de realitate augmentat\u0103 pentru a ne atinge obiectivele \u0219i a oferi o dimensiune digital\u0103.<br><br>Proiectul promoveaz\u0103 cooperarea transna\u021bional\u0103 \u0219i intersectorial\u0103 prin participarea a 7 institu\u021bii din 6 \u021b\u0103ri europene (ES, EL, IT, PT, HR \u0219i RO) cu experien\u021b\u0103 \u00een toate domeniile relevante pentru proiect: sport, educa\u021bie, medicin\u0103 \u0219i tehnologie. De asemenea, DART urmeaz\u0103 o abordare ecologic\u0103 \u00een toate fazele proiectului.<\/p>","protected":false},"excerpt":{"rendered":"<p>Proiectul Proiectul DART \u00ee\u0219i propune s\u0103 promoveze sinergiile dintre sport \u0219i s\u0103n\u0103tate, s\u0103 promoveze incluziunea \u00een sport, s\u0103 promoveze activitatea fizic\u0103 de \u00eembun\u0103t\u0103\u021bire a s\u0103n\u0103t\u0103\u021bii pentru persoanele cu diabet zaharat de tip I \u0219i II, s\u0103 \u00eencurajeze stilul de via\u021b\u0103 s\u0103n\u0103tos \u0219i s\u0103 con\u0219tientizeze valoarea ad\u0103ugat\u0103 a sportului \u0219i a activit\u0103\u021bii fizice.Obiectivele DART sunt atinse&#8230;<\/p>\n","protected":false},"author":1,"featured_media":0,"parent":0,"menu_order":0,"comment_status":"closed","ping_status":"closed","template":"","meta":{"footnotes":""},"class_list":["post-860","page","type-page","status-publish","hentry"],"_links":{"self":[{"href":"https:\/\/dartproject.eu\/ro\/wp-json\/wp\/v2\/pages\/860","targetHints":{"allow":["GET"]}}],"collection":[{"href":"https:\/\/dartproject.eu\/ro\/wp-json\/wp\/v2\/pages"}],"about":[{"href":"https:\/\/dartproject.eu\/ro\/wp-json\/wp\/v2\/types\/page"}],"author":[{"embeddable":true,"href":"https:\/\/dartproject.eu\/ro\/wp-json\/wp\/v2\/users\/1"}],"replies":[{"embeddable":true,"href":"https:\/\/dartproject.eu\/ro\/wp-json\/wp\/v2\/comments?post=860"}],"version-history":[{"count":9,"href":"https:\/\/dartproject.eu\/ro\/wp-json\/wp\/v2\/pages\/860\/revisions"}],"predecessor-version":[{"id":2999,"href":"https:\/\/dartproject.eu\/ro\/wp-json\/wp\/v2\/pages\/860\/revisions\/2999"}],"wp:attachment":[{"href":"https:\/\/dartproject.eu\/ro\/wp-json\/wp\/v2\/media?parent=860"}],"curies":[{"name":"wp","href":"https:\/\/api.w.org\/{rel}","templated":true}]}}