{"id":920,"date":"2025-03-28T02:09:43","date_gmt":"2025-03-28T02:09:43","guid":{"rendered":"https:\/\/demo.dartproject.eu\/policy\/"},"modified":"2025-04-24T20:06:21","modified_gmt":"2025-04-24T20:06:21","slug":"policy","status":"publish","type":"page","link":"https:\/\/dartproject.eu\/ro\/policy\/","title":{"rendered":"Politica"},"content":{"rendered":"<div class=\"wp-block-cover is-light has-parallax\"><div class=\"wp-block-cover__image-background wp-image-1278 size-full has-parallax\" style=\"background-position:50% 50%;background-image:url(https:\/\/dartproject.eu\/wp-content\/uploads\/2025\/04\/NEW-LOGO2.png)\"><\/div><span aria-hidden=\"true\" class=\"wp-block-cover__background has-background-dim-0 has-background-dim\" style=\"background-color:#9aece9\"><\/span><div class=\"wp-block-cover__inner-container is-layout-constrained wp-block-cover-is-layout-constrained\"><p class=\"has-text-align-center has-large-font-size\"><\/p><\/div><\/div><p class=\"has-primary-color has-text-color has-link-color wp-elements-50076dc92d856a3894e90d8a3313706a\"><strong>POLITICA<\/strong><br>\u200bCondi\u021bii de utilizare: Aplica\u021bia DART<br><br><strong>1. Introducere<\/strong><br>Prin prezenta notificare, dorim s\u0103 v\u0103 inform\u0103m despre termenii \u0219i condi\u021biile privind colectarea \u0219i prelucrarea datelor noastre cu caracter personal, desf\u0103\u0219urat\u0103 de DART PARTNERSHIP, format\u0103 din urm\u0103toarele institu\u021bii: FUNDACION UNIVERSIDAD CATOLICA DE VALENCIA SAN VICENTE, MAIANDROS EPE, CENTRO UNIVERSITARIO SPORTIVO \u2013 CUSPADOVA, ASSOCIAB\u00c7OL\u0102 DE BROZAAGANUTE\u00c7A SPORTSKIH UDRUGA GRADA RIJEKE \u201cRIJE\u010cKI SPORTSKI SAVEZ\u201d , ASOCIA\u0162IA COPIILOR SI TINERILOR DIABETICI MURE\u015e \u015fi TOOL LTD. proprietarii aplica\u021biei DART (versiunile \u00een spaniol\u0103, greac\u0103, italian\u0103, portughez\u0103, croat\u0103, rom\u00e2n\u0103 \u0219i englez\u0103) \u0219i controlor al datelor cu caracter personal colectate prin aceast\u0103 aplica\u021bie (denumit \u00een continuare \u201eDART\u201d).<br>DART a luat toate m\u0103surile necesare pentru a asigura o protec\u021bie \u0219i securitate la nivel \u00eenalt pentru aplica\u021bia DART, \u00een conformitate cu cele mai bune practici de afaceri recunoscute.<br>Accesul \u0219i navigarea \u00een aplica\u021bia DART sunt gratuite. Orice copiere sau reproducere \u00een orice mod, publicare, modificare modificare sau folosire \u00een orice alt mod a fotografiilor, videoclipurilor, imaginilor \u0219i siglelor incluse \u00een aplica\u021bia DART este strict interzis\u0103.<br>DART \u00ee\u0219i rezerv\u0103 dreptul de a modifica aceast\u0103 Politic\u0103 \u00een orice moment, f\u0103r\u0103 notificarea prealabil\u0103 a utilizatorilor. Prin urmare, v\u0103 recomand\u0103m s\u0103 o revizui\u021bi \u00een mod regulat atunci c\u00e2nd utiliza\u021bi aplica\u021bia.<br><br><strong>2. Ce date personale colect\u0103m?<\/strong><br>C\u00e2nd utiliza\u021bi aceast\u0103 aplica\u021bie, nu este necesar\u0103 \u00eenregistrarea niciunei date personale.<br><br><strong><u>Respect\u0103m Legea privind protec\u021bia confiden\u021bialit\u0103\u021bii online pentru copii<\/u><\/strong><br><strong>Site-ul nostru web \u0219i aplica\u021biile mobile respect\u0103 Legea privind protec\u021bia confiden\u021bialit\u0103\u021bii online pentru copii (\u201eCOPPA\u201d) \u0219i Regulamentul general al UE privind protec\u021bia datelor (GDPR). Nu colect\u0103m cu bun\u0103 \u0219tiin\u021b\u0103 informa\u021bii personale de la copii sub 13 ani, \u00eenc\u0103lc\u00e2nd COPPA \u0219i, \u00een cazul \u00een care un utilizator se identific\u0103 ca fiind un copil cu v\u00e2rsta sub 13 ani printr-o solicitare de asisten\u021b\u0103, nu vom colecta, stoca sau folosi \u0219i vom \u0219terge \u00eentr-o manier\u0103 sigur\u0103 orice informa\u021bii personale ale unui astfel de utilizator.<\/strong><br><br><strong>3. Care sunt drepturile tale?<\/strong><br>Dac\u0103 considera\u021bi c\u0103 \u00eenc\u0103lc\u0103m legea aplicabil\u0103 pentru protec\u021bia datelor dumneavoastr\u0103 cu caracter personal, ave\u021bi dreptul de a depune o pl\u00e2ngere la Autoritatea pentru Protec\u021bia Datelor cu Caracter Personal, \u00eenregistrat\u0103 \u00een CALLE QUEVEDO 2, VALENCIA 46001, SPANIA.<br><br><strong>4. Limitarea r\u0103spunderii<\/strong><br>Aplica\u021bia DART poate include link-uri c\u0103tre alte site-uri web care nu sunt controlate de parteneriatul DART, ci de c\u0103tre al\u021bi proprietari (persoane fizice sau juridice) c\u0103rora le apar\u021bin site-urile de mai sus. \u00cen niciun caz, parteneriatul DART nu este r\u0103spunz\u0103tor pentru orice prejudiciu pe care utilizatorul \u00eel poate suferi \u00een urma vizitei sale pe alte site-uri, inclusiv pentru orice prelucrare ilegal\u0103 a datelor sale personale din cauza vizitei site-urilor de mai sus.<br><br><strong>5. Cookie-uri<\/strong><br>Cookie-urile sunt fi\u0219iere text mici care con\u021bin informa\u021bii, care sunt trimise de site-ul dartproject.eu \u0219i sunt desc\u0103rcate pe computerul personal sau pe dispozitivul inteligent al utilizatorului-vizitator. Aceste fi\u0219iere pot con\u021bine informa\u021bii despre tipul de browser web utilizat de fiecare utilizator-vizitator, tipul de computer, sistemul de operare, furnizorul de internet \u0219i alte informa\u021bii tehnice.<br>Cookie-urile nu deterioreaz\u0103 computerul sau dispozitivul dumneavoastr\u0103 mobil, sau fi\u0219ierele stocate \u00een acestea \u0219i nu intervin \u00een niciun fel cu niciun document sau fi\u0219ier stocat \u00een computerul dumneavoastr\u0103 atunci c\u00e2nd vizita\u021bi site-ul dartproject.eu. Utilizarea cookie-urilor nu v\u0103 dezv\u0103luie identitatea, dar poate duce la identificarea computerului dumneavoastr\u0103.<br>Site-ul web dartproject.eu poate folosi cookie-uri \u00een urm\u0103toarele scopuri:<br><strong>(a) Google Analytics<\/strong><br>Pentru a efectua sondaje \u00een scopuri statistice \u0219i\/sau pentru a \u00eembun\u0103t\u0103\u021bi con\u021binutul \u0219i serviciile dartproject.eu \u0219i\/sau pentru a m\u0103sura eficacitatea acestuia.<br><strong>(b) Re\u021bele sociale<\/strong><br>Cookie-urile sunt plasate de furnizorii de site-uri de re\u021bele sociale pentru a permite vizitatorului s\u0103 partajeze cu u\u0219urin\u021b\u0103 con\u021binutul dartproject.eu prin aceste site-uri.<br>Majoritatea browserelor web accept\u0103 utilizarea cookie-urilor \u00een mod implicit, dar este posibil s\u0103 seta\u021bi browserul s\u0103 refuze primirea sau s\u0103 accepte selectiv anumite module cookie. Dac\u0103 dezactiva\u021bi primirea cookie-urilor, anumite func\u021bii oferite de site-ul nostru web pot fi indisponibile, \u00een timp ce unele pagini pot s\u0103 nu fie afi\u0219ate corect.<br>Site-ul www.allaboutcookies.org ofer\u0103 instruc\u021biuni bune \u0219i simple despre gestionarea cookie-urilor, folosind diferite tipuri de browsere web.<br><br><br><\/p>","protected":false},"excerpt":{"rendered":"<p>POLITICA\u200bCondi\u021bii de utilizare: Aplica\u021bia DART 1. IntroducerePrin prezenta notificare, dorim s\u0103 v\u0103 inform\u0103m despre termenii \u0219i condi\u021biile privind colectarea \u0219i prelucrarea datelor noastre cu caracter personal, desf\u0103\u0219urat\u0103 de DART PARTNERSHIP, format\u0103 din urm\u0103toarele institu\u021bii: FUNDACION UNIVERSIDAD CATOLICA DE VALENCIA SAN VICENTE, MAIANDROS EPE, CENTRO UNIVERSITARIO SPORTIVO \u2013 CUSPADOVA, ASSOCIAB\u00c7OL\u0102 DE BROZAAGANUTE\u00c7A SPORTSKIH UDRUGA GRADA RIJEKE&#8230;<\/p>\n","protected":false},"author":1,"featured_media":0,"parent":0,"menu_order":0,"comment_status":"closed","ping_status":"closed","template":"","meta":{"footnotes":""},"class_list":["post-920","page","type-page","status-publish","hentry"],"_links":{"self":[{"href":"https:\/\/dartproject.eu\/ro\/wp-json\/wp\/v2\/pages\/920","targetHints":{"allow":["GET"]}}],"collection":[{"href":"https:\/\/dartproject.eu\/ro\/wp-json\/wp\/v2\/pages"}],"about":[{"href":"https:\/\/dartproject.eu\/ro\/wp-json\/wp\/v2\/types\/page"}],"author":[{"embeddable":true,"href":"https:\/\/dartproject.eu\/ro\/wp-json\/wp\/v2\/users\/1"}],"replies":[{"embeddable":true,"href":"https:\/\/dartproject.eu\/ro\/wp-json\/wp\/v2\/comments?post=920"}],"version-history":[{"count":3,"href":"https:\/\/dartproject.eu\/ro\/wp-json\/wp\/v2\/pages\/920\/revisions"}],"predecessor-version":[{"id":2957,"href":"https:\/\/dartproject.eu\/ro\/wp-json\/wp\/v2\/pages\/920\/revisions\/2957"}],"wp:attachment":[{"href":"https:\/\/dartproject.eu\/ro\/wp-json\/wp\/v2\/media?parent=920"}],"curies":[{"name":"wp","href":"https:\/\/api.w.org\/{rel}","templated":true}]}}